{"id":862,"date":"2020-07-03T00:15:46","date_gmt":"2020-07-02T22:15:46","guid":{"rendered":"http:\/\/www1.up.poznan.pl\/kzcid\/?page_id=862"},"modified":"2025-10-03T13:35:30","modified_gmt":"2025-10-03T11:35:30","slug":"pawel-juszczak","status":"publish","type":"page","link":"http:\/\/www1.up.poznan.pl\/kzcid\/pawel-juszczak\/","title":{"rendered":"Pawe\u0142 Juszczak"},"content":{"rendered":"\r\n<div class=\"wp-block-group\">\r\n<div class=\"wp-block-group__inner-container\">\r\n<div class=\"wp-block-image personal-foto\">\r\n<figure class=\"alignleft size-medium\"><a href=\"http:\/\/www1.up.poznan.pl\/kzcid\/wp-content\/uploads\/2020\/07\/Pawe\u0142-Juszczak-Zesp\u00f3\u0142BadawczyDietetykiOg\u00f3lnej-i-DIetetykiSportowej.jpg\"><img loading=\"lazy\" width=\"217\" height=\"300\" class=\"wp-image-858\" src=\"http:\/\/www1.up.poznan.pl\/kzcid\/wp-content\/uploads\/2020\/07\/Pawe\u0142-Juszczak-Zesp\u00f3\u0142BadawczyDietetykiOg\u00f3lnej-i-DIetetykiSportowej-217x300.jpg\" alt=\"\" srcset=\"http:\/\/www1.up.poznan.pl\/kzcid\/wp-content\/uploads\/2020\/07\/Pawe\u0142-Juszczak-Zesp\u00f3\u0142BadawczyDietetykiOg\u00f3lnej-i-DIetetykiSportowej-217x300.jpg 217w, http:\/\/www1.up.poznan.pl\/kzcid\/wp-content\/uploads\/2020\/07\/Pawe\u0142-Juszczak-Zesp\u00f3\u0142BadawczyDietetykiOg\u00f3lnej-i-DIetetykiSportowej-742x1024.jpg 742w, http:\/\/www1.up.poznan.pl\/kzcid\/wp-content\/uploads\/2020\/07\/Pawe\u0142-Juszczak-Zesp\u00f3\u0142BadawczyDietetykiOg\u00f3lnej-i-DIetetykiSportowej-768x1060.jpg 768w, http:\/\/www1.up.poznan.pl\/kzcid\/wp-content\/uploads\/2020\/07\/Pawe\u0142-Juszczak-Zesp\u00f3\u0142BadawczyDietetykiOg\u00f3lnej-i-DIetetykiSportowej-1113x1536.jpg 1113w, http:\/\/www1.up.poznan.pl\/kzcid\/wp-content\/uploads\/2020\/07\/Pawe\u0142-Juszczak-Zesp\u00f3\u0142BadawczyDietetykiOg\u00f3lnej-i-DIetetykiSportowej-196x270.jpg 196w, http:\/\/www1.up.poznan.pl\/kzcid\/wp-content\/uploads\/2020\/07\/Pawe\u0142-Juszczak-Zesp\u00f3\u0142BadawczyDietetykiOg\u00f3lnej-i-DIetetykiSportowej.jpg 1484w\" sizes=\"(max-width: 217px) 100vw, 217px\" \/><\/a><\/figure>\r\n<\/div>\r\n\r\n\r\n\r\n<p><strong>Stopie\u0144\/tytu\u0142: <\/strong>dr n. med.<br \/><strong>Stanowisko:<\/strong> adiunkt<\/p>\r\n\r\n\r\n\r\n<p>&nbsp;<\/p>\r\n\r\n\r\n\r\n<p data-select-like-a-boss=\"1\"><strong>Pok\u00f3j:\u00a0<\/strong>331<br \/><strong>Telefon:<\/strong> +48 61 8487306<br \/><strong>E-mail:<\/strong>\u00a0<a href=\"mailto:pawel.juszczak@up.poznan.pl\">pawel.juszczak@up.poznan.pl<\/a><br \/><strong>Termin konsultacji:<\/strong> poniedzia\u0142ek 15:00-17:00 (po wcze\u015bniejszym um\u00f3wieniu przez email)<\/p>\r\n<\/div>\r\n<\/div>\r\n\r\n\r\n\r\n<h4>Wykszta\u0142cenie<\/h4>\r\n\r\n\r\n\r\n<p><strong>2015<\/strong> specjalizacja urologia dzieci\u0119ca, Uniwersytet Medyczny im. Karola Marcinkowskiego w Poznaniu<\/p>\r\n\r\n\r\n\r\n<p><strong>2005<\/strong> specjalizacja chirurgia dzieci\u0119ca, Uniwersytet Medyczny im. Karola Marcinkowskiego w Poznaniu<\/p>\r\n\r\n\r\n\r\n<p><strong>1995<\/strong> lekarz medycyny, wydzia\u0142 lekarski, Uniwersytet Medyczny im. Karola Marcinkowskiego w Poznaniu<\/p>\r\n\r\n\r\n\r\n<h4><strong>Zainteresowania badawcze<\/strong><\/h4>\r\n\r\n\r\n\r\n<ul>\r\n<li>\u017cywienie kliniczne,<\/li>\r\n<li>leczenie \u017cywieniowe dzieci i m\u0142odzie\u017cy,<\/li>\r\n<li>\u017cywienie szpitalne,<\/li>\r\n<li>zespo\u0142y \u017cywieniowe,<\/li>\r\n<li>\u017cywienie dojelitowe i pozajelitowe u dzieci i m\u0142odzie\u017cy,<\/li>\r\n<li>doustne suplementy pokarmowe (ONS)<\/li>\r\n<\/ul>\r\n\r\n\r\n\r\n<h4><strong>Wybrane publikacje<\/strong><\/h4>\r\n\r\n\r\n\r\n<p>Evaluation of nutritional therapy in paediatric burn injuries By:\u00a0<strong>Noskiewicz,<\/strong> J.; Ma\u0144kowski, P.; <strong>Juszczak, P<\/strong>.. Pediatria Polska, 2019, 94(1):1-5\u00a0<\/p>\r\n\r\n\r\n\r\n<p>Antybiotykoterapia a powik\u0142ania infekcyjne w oparzeniach u dzieci. By:\u00a0Noskiewicz<strong>,<\/strong> Jakub; <strong>Juszczak, Pawe\u0142<\/strong>; Owczarzak, Ma\u0142gorzata Rzanny; Ma\u0144kowski, Przemys\u0142aw.\u00a0Advances in Hygiene &amp; Experimental Medicine \/ Postepy Higieny i Medycyny Doswiadczalnej.<em>\u00a0<\/em>2019, Vol. 73, p332-337.<\/p>\r\n\r\n\r\n\r\n<p>Urazy trzustki u dzieci:\u00a0Noskiewicz J; <strong>Juszczak, P<\/strong>; Sawicki, M; Pietkiewicz, O; Moryci\u0144ski, S; Ma\u0144kowski P.\u00a0Science, Nature, Technologies \/ Nauka, Przyroda, Technologie.<em>\u00a0<\/em>2017, Vol. 11 Issue 4, p415-425<\/p>\r\n\r\n\r\n\r\n<p>Drzyma\u0142a-Czy\u017c S, Szczepanik M, Krzy\u017canowska P, Du\u015b-\u017buchowska M, Pogorzelski A, Sapiejka E, <strong>Juszczak P<\/strong>, Lisowska A, Koletzko B, Walkowiak J.Serum Phospholipid Fatty Acid Composition in Cystic Fibrosis Patients with and without Liver Cirrhosis. Ann Nutr Metab 2017;71:91-98.<\/p>\r\n\r\n\r\n\r\n<p>Kobus-Cisowska J, Flaczyk E, <strong>Juszczak P<\/strong>, Kmiecik D, Kulczy\u0144ski B, Grde\u0144 M, Piechocka J.The Influence of the vegetation period on the content of bilobalide and ginkgolides in ginkgo biloba leaf extracts. Nauka Przyroda Technologie 2017; tom 11; zeszyt 2<\/p>\r\n\r\n\r\n\r\n<p>Kobus-Cisowska J, Flaczyk E, Kmiecik D, Gramza-Micha\u0142owska A, Kulczy\u0144ski B, <strong>Juszczak P.<\/strong>Applicability of asparagus as a component of meatloaf. Nauka Przyroda Technologie 2017; tom 11; zeszyt 1<\/p>\r\n\r\n\r\n\r\n<p>Praca zbiorowa pod redakcj\u0105 Janusza Ksi\u0105zyka.Standardy leczenia \u017cywieniowego w pediatrii 2017, Wydawnictwo lekarskie PZWL 2017,wydanie I.<\/p>\r\n\r\n\r\n\r\n<p>Praca zbiorowa pod redakcj\u0105 Ma\u0142gorzaty Grze\u015bkowiak. Repetytorium z medycyny ratunkowej.Wydawnictwo Naukowe Uniwersytetu Medycznego im. Karola Marcinkowskiego w Poznaniu 2017.<\/p>\r\n","protected":false},"excerpt":{"rendered":"<p>Wykszta\u0142cenie 2015 specjalizacja urologia dzieci\u0119ca, Uniwersytet Medyczny im. Karola Marcinkowskiego w Poznaniu 2005 specjalizacja chirurgia dzieci\u0119ca, Uniwersytet Medyczny im. Karola Marcinkowskiego w Poznaniu 1995 lekarz medycyny, wydzia\u0142 lekarski, Uniwersytet Medyczny im. Karola Marcinkowskiego w Poznaniu Zainteresowania badawcze \u017cywienie kliniczne, leczenie&hellip;&nbsp;<a href=\"http:\/\/www1.up.poznan.pl\/kzcid\/pawel-juszczak\/\" class=\"more-link\">Czytaj dalej<\/a><\/p>\n","protected":false},"author":1,"featured_media":0,"parent":0,"menu_order":0,"comment_status":"closed","ping_status":"closed","template":"","meta":[],"_links":{"self":[{"href":"http:\/\/www1.up.poznan.pl\/kzcid\/wp-json\/wp\/v2\/pages\/862"}],"collection":[{"href":"http:\/\/www1.up.poznan.pl\/kzcid\/wp-json\/wp\/v2\/pages"}],"about":[{"href":"http:\/\/www1.up.poznan.pl\/kzcid\/wp-json\/wp\/v2\/types\/page"}],"author":[{"embeddable":true,"href":"http:\/\/www1.up.poznan.pl\/kzcid\/wp-json\/wp\/v2\/users\/1"}],"replies":[{"embeddable":true,"href":"http:\/\/www1.up.poznan.pl\/kzcid\/wp-json\/wp\/v2\/comments?post=862"}],"version-history":[{"count":6,"href":"http:\/\/www1.up.poznan.pl\/kzcid\/wp-json\/wp\/v2\/pages\/862\/revisions"}],"predecessor-version":[{"id":2172,"href":"http:\/\/www1.up.poznan.pl\/kzcid\/wp-json\/wp\/v2\/pages\/862\/revisions\/2172"}],"wp:attachment":[{"href":"http:\/\/www1.up.poznan.pl\/kzcid\/wp-json\/wp\/v2\/media?parent=862"}],"curies":[{"name":"wp","href":"https:\/\/api.w.org\/{rel}","templated":true}]}}