{"id":843,"date":"2020-06-26T00:02:47","date_gmt":"2020-06-25T22:02:47","guid":{"rendered":"http:\/\/www1.up.poznan.pl\/kzcid\/?page_id=843"},"modified":"2025-10-03T10:40:25","modified_gmt":"2025-10-03T08:40:25","slug":"agata-muzsik","status":"publish","type":"page","link":"http:\/\/www1.up.poznan.pl\/kzcid\/agata-muzsik\/","title":{"rendered":"Agata Muzsik-Kazimierska"},"content":{"rendered":"\r\n<div class=\"wp-block-group\">\r\n<div class=\"wp-block-group__inner-container\">\r\n<div class=\"wp-block-image personal-foto\">\r\n<figure class=\"alignleft size-medium\"><a href=\"http:\/\/www1.up.poznan.pl\/kzcid\/wp-content\/uploads\/2020\/06\/Agata-Muzsik.jpg\"><img loading=\"lazy\" width=\"237\" height=\"300\" class=\"wp-image-690\" src=\"http:\/\/www1.up.poznan.pl\/kzcid\/wp-content\/uploads\/2020\/06\/Agata-Muzsik-237x300.jpg\" alt=\"\" srcset=\"http:\/\/www1.up.poznan.pl\/kzcid\/wp-content\/uploads\/2020\/06\/Agata-Muzsik-237x300.jpg 237w, http:\/\/www1.up.poznan.pl\/kzcid\/wp-content\/uploads\/2020\/06\/Agata-Muzsik-811x1024.jpg 811w, http:\/\/www1.up.poznan.pl\/kzcid\/wp-content\/uploads\/2020\/06\/Agata-Muzsik-768x970.jpg 768w, http:\/\/www1.up.poznan.pl\/kzcid\/wp-content\/uploads\/2020\/06\/Agata-Muzsik-1216x1536.jpg 1216w, http:\/\/www1.up.poznan.pl\/kzcid\/wp-content\/uploads\/2020\/06\/Agata-Muzsik-214x270.jpg 214w, http:\/\/www1.up.poznan.pl\/kzcid\/wp-content\/uploads\/2020\/06\/Agata-Muzsik.jpg 1621w\" sizes=\"(max-width: 237px) 100vw, 237px\" \/><\/a><\/figure>\r\n<\/div>\r\n\r\n\r\n\r\n<p><strong>Stopie\u0144\/tytu\u0142: <\/strong>dr<br \/><strong>Stanowisko:<\/strong> adiunkt<\/p>\r\n\r\n\r\n\r\n<p>&nbsp;<\/p>\r\n\r\n\r\n\r\n<p><strong>Pok\u00f3j:\u00a0<\/strong>229.2<br \/><strong>Telefon:<\/strong> +48 618487333<br \/><strong>E-mail:<\/strong>\u00a0<a href=\"mailto:agata.muzsik@up.poznan.pl\">agata.muzsik@up.poznan.pl<\/a><br \/><strong>Termin konsultacji:<\/strong> \u015broda\u00a010:00-11:00<\/p>\r\n<\/div>\r\n<\/div>\r\n\r\n\r\n\r\n<h4>Wykszta\u0142cenie<\/h4>\r\n<p><strong>2020<\/strong> doktor, dyscyplina: technologia \u017cywno\u015bci i \u017cywienia, Uniwersytet Przyrodniczy w Poznaniu<\/p>\r\n\r\n\r\n\r\n<p><strong>2014-2020<\/strong>\u00a0studia doktoranckie; Wydzia\u0142 Nauk o \u017bywno\u015bci i \u017bywieniu, Uniwersytet Przyrodniczy w Poznaniu<\/p>\r\n\r\n\r\n\r\n<p><strong>2014<\/strong> mgr dietetyki, Uniwersytet Przyrodniczy w Poznaniu<\/p>\r\n\r\n\r\n\r\n<p><strong>2012<\/strong> dietetyka, licencjat, Uniwersytet Przyrodniczy w Poznaniu<\/p>\r\n\r\n\r\n\r\n<h4><strong>Zainteresowania badawcze<\/strong><\/h4>\r\n\r\n\r\n\r\n<ul>\r\n<li>\u017cywienie kobiet po menopauzie,<\/li>\r\n<li>genetyczne i \u017cywieniowe uwarunkowania grup jednow\u0119glowych,<\/li>\r\n<li>czynniki \u017cywieniowe i genetyczne wp\u0142ywaj\u0105ce na endogenn\u0105 syntez\u0119 kwas\u00f3w t\u0142uszczowych,<\/li>\r\n<li>\u017cywienie w niealkoholowej st\u0142uszczeniowej chorobie w\u0105troby<\/li>\r\n<\/ul>\r\n\r\n\r\n\r\n<h4><strong>Wybrane publikacje<\/strong><\/h4>\r\n\r\n\r\n\r\n<p>Chmurzynska A, Muzsik A, Bajerska J, Jele\u0144 H, Walkowiak J, Krzy\u017canowska-Jankowska P, Bajerska J. PPARG and FTO polymorphism can modulate the outcomes of a central European diet and a Mediterranean diet in centrally obese postmenopausal women. Nutrition Research<br \/><br \/>Muzsik A, Bajerska J, Jele\u0144 H, Walkowiak J, Krzy\u017canowska-Jankowska P, Chmurzynska A. FADS1 and FADS2 polymorphism are associated with changes in fatty acid concentrations after calorie-restricted Central European and Mediterranean diets. Menopause: September 16, 2019 &#8211; Volume Publish Ahead of Print &#8211; Issue &#8211; p<br \/><br \/>Chmurzynska A, Muzsik A, Krzy\u017canowska-Jankowska P, Walkowiak J, Bajerska J. The Effect of Habitual Fat Intake, IL6 Polymorphism, and Different Diet Strategies on Inflammation in Postmenopausal Women with Central Obesity. Nutrients. 2019 Jul 10;11(7). pii: E1557.<br \/><br \/>Muzsik A, Bajerska J, Jele\u0144 HH, Gaca A, Chmurzynska A. Associations between Fatty Acid Intake and Status, Desaturase Activities, and FADS Gene Polymorphism in Centrally Obese Postmenopausal Polish Women. Nutrients. 2018 Aug 10;10(8)<br \/><br \/>Bajerska J, Chmurzynska A, Muzsik A, Krzyzanowska P, Madry E, Malinowska AM, Walkowiak J. Weight loss and metabolic health effects from energy-restricted Mediterranean and Central-European diets in postmenopausal women: A randomized controlled trial. Scientific Reports volume 8, 11170 (2018)<\/p>\r\n\r\n\r\n\r\n<p>&nbsp;<\/p>\r\n","protected":false},"excerpt":{"rendered":"<p>Wykszta\u0142cenie 2020 doktor, dyscyplina: technologia \u017cywno\u015bci i \u017cywienia, Uniwersytet Przyrodniczy w Poznaniu 2014-2020\u00a0studia doktoranckie; Wydzia\u0142 Nauk o \u017bywno\u015bci i \u017bywieniu, Uniwersytet Przyrodniczy w Poznaniu 2014 mgr dietetyki, Uniwersytet Przyrodniczy w Poznaniu 2012 dietetyka, licencjat, Uniwersytet Przyrodniczy w Poznaniu Zainteresowania badawcze&hellip;&nbsp;<a href=\"http:\/\/www1.up.poznan.pl\/kzcid\/agata-muzsik\/\" class=\"more-link\">Czytaj dalej<\/a><\/p>\n","protected":false},"author":1,"featured_media":0,"parent":0,"menu_order":0,"comment_status":"closed","ping_status":"closed","template":"","meta":[],"_links":{"self":[{"href":"http:\/\/www1.up.poznan.pl\/kzcid\/wp-json\/wp\/v2\/pages\/843"}],"collection":[{"href":"http:\/\/www1.up.poznan.pl\/kzcid\/wp-json\/wp\/v2\/pages"}],"about":[{"href":"http:\/\/www1.up.poznan.pl\/kzcid\/wp-json\/wp\/v2\/types\/page"}],"author":[{"embeddable":true,"href":"http:\/\/www1.up.poznan.pl\/kzcid\/wp-json\/wp\/v2\/users\/1"}],"replies":[{"embeddable":true,"href":"http:\/\/www1.up.poznan.pl\/kzcid\/wp-json\/wp\/v2\/comments?post=843"}],"version-history":[{"count":12,"href":"http:\/\/www1.up.poznan.pl\/kzcid\/wp-json\/wp\/v2\/pages\/843\/revisions"}],"predecessor-version":[{"id":2483,"href":"http:\/\/www1.up.poznan.pl\/kzcid\/wp-json\/wp\/v2\/pages\/843\/revisions\/2483"}],"wp:attachment":[{"href":"http:\/\/www1.up.poznan.pl\/kzcid\/wp-json\/wp\/v2\/media?parent=843"}],"curies":[{"name":"wp","href":"https:\/\/api.w.org\/{rel}","templated":true}]}}