{"id":777,"date":"2020-06-22T22:31:01","date_gmt":"2020-06-22T20:31:01","guid":{"rendered":"http:\/\/www1.up.poznan.pl\/kzcid\/?page_id=777"},"modified":"2025-10-03T11:16:46","modified_gmt":"2025-10-03T09:16:46","slug":"karolina-lagowska","status":"publish","type":"page","link":"http:\/\/www1.up.poznan.pl\/kzcid\/karolina-lagowska\/","title":{"rendered":"Karolina \u0141agowska"},"content":{"rendered":"\r\n<div class=\"wp-block-group\">\r\n<div class=\"wp-block-group__inner-container\">\r\n<div class=\"wp-block-image personal-foto\">\r\n<figure class=\"alignleft size-medium\"><a href=\"http:\/\/www1.up.poznan.pl\/kzcid\/wp-content\/uploads\/2020\/06\/Karolina-\u0141agowska.jpg\"><img loading=\"lazy\" class=\"aligncenter wp-image-795 size-thumbnail\" src=\"http:\/\/www1.up.poznan.pl\/kzcid\/wp-content\/uploads\/2020\/06\/Karolina-\u0141agowska-200x250.jpg\" alt=\"\" width=\"200\" height=\"250\" \/><\/a><\/figure>\r\n<\/div>\r\n\r\n\r\n\r\n<p><strong>Stopie\u0144\/tytu\u0142: <\/strong>dr hab. in\u017c.<br \/><strong>Stanowisko:<\/strong> adiunkt<\/p>\r\n\r\n\r\n\r\n<p><br \/><strong>Pok\u00f3j:\u00a0<\/strong>238<br \/><strong>Telefon:<\/strong> +48 61 846 6056<br \/><strong>E-mail:<\/strong>\u00a0<a href=\"mailto:karolina.lagowska@up.poznan.pl\">karolina.lagowska@up.poznan.pl<\/a><br \/><strong>Termin konsultacji: <\/strong>\u015broda 11:30-12:30<\/p>\r\n<\/div>\r\n<\/div>\r\n\r\n\r\n\r\n<h4>Wykszta\u0142cenie<\/h4>\r\n<p><strong>2023 <\/strong>doktor habilitowany nauk rolniczych, Uniwersytet Przyrodniczy w Poznaniu<\/p>\r\n\r\n\r\n\r\n<p><strong>2012<\/strong> doktor nauk rolniczych, \u017cywienie cz\u0142owieka, Uniwersytet Przyrodniczy w Poznaniu<\/p>\r\n\r\n\r\n\r\n<p><strong>2008<\/strong> mgr in\u017c. dietetyka, \u017cywienie cz\u0142owieka , Uniwersytet Przyrodniczy w Poznaniu<\/p>\r\n\r\n\r\n\r\n<h4><strong>Zainteresowania badawcze<\/strong><\/h4>\r\n\r\n\r\n\r\n<ul>\r\n<li>wp\u0142yw stanu od\u017cywienia, sposobu \u017cywienia i poziomu aktywno\u015bci fizycznej na gospodark\u0119 hormonaln\u0105 kobiet zwi\u0105zan\u0105 z przebiegiem cyklu miesi\u0105czkowego,<\/li>\r\n<li>wp\u0142yw sposobu \u017cywienia i stanu od\u017cywienia na sk\u0142ad jako\u015bciowy i ilo\u015bciowy mikroflory jelitowej,<\/li>\r\n<li>wp\u0142yw interwencji \u017cywieniowej, jako alternatywnego obok terapii farmakologicznej, sposobu leczenia zespo\u0142u policystycznych jajnik\u00f3w<\/li>\r\n<\/ul>\r\n\r\n\r\n\r\n<h4><strong>Wybrane publikacje<\/strong><\/h4>\r\n\r\n\r\n\r\n<p>\u0141agowska K, Kapczuk K, Friebe Z, Bajerska J. Effects of dietary intervention in young female athletes with menstrual disorders. J Int Soc Sports Nutr. 2014;11:21.<br \/><br \/>\u0141agowska K, Kapczuk K, Friebe Z, Jeszka J. Nine\u2013month nutritional intervention improves restoration of menses in young female athletes and ballet dancers with menstrual disorders. J Int Soc Sports Nutr. 2014; 11:52 .<br \/><br \/>\u0141agowska K., Kapczuk K. Testosterone concentrations in female athletes and ballet dancers with menstrual disorders. European Journal of Sport Sciences 2016;16(4):490-7.<br \/><br \/>\u0141agowska K, Podg\u00f3rski T, Celi\u0144ska E, Wiertel \u0141, Kry\u015bciak J. A. Comparison of the Effectiveness of Commercial and Natural Carbohydrate\u2013Electrolyte Drinks: A Preliminary Study. Science &amp; Sports 2017; 32l 3: 160-164.<br \/><br \/>\u0141agowska K, Kazimierczak D, Szymczak K. Comparision of anthropometrical parameters and dietary habits of young women with and without menstrual disorders. Nutrition &amp; Dietetics. 2018; 75(2):176-181. doi: 10.1111\/1747-0080.12394<br \/><br \/>\u0141agowska K. Does improving hematological iron status restore the menstrual cycle in female athletes? Science &amp; Sports 2018, 33, 118 &#8211; 122. doi.org\/10.1016\/j.scispo.2017.09.006<br \/><br \/>\u0141agowska K. The Relationship between Vitamin D Status and the Menstrual Cycle in Young Women: A Preliminary Study. Nutrients. 2018 Nov 11;10(11). pii: E1729.<br \/><br \/>\u0141agowska K, Bajerska J, Jamka M. The Role of Vitamin D Oral Supplementation in Insulin Resistance in Women with Polycystic Ovary Syndrome: A Systematic Review and Meta-Analysis of Randomized Controlled Trials. Nutrients. 2018 Nov 2;10(11). pii: E1637.<br \/><br \/>\u0141agowska K, Kapczuk K. 2020. Effects of nutritional intervention with or without metformin on insulin resistance in adolescents with polycystic ovary syndrome: A preliminary study. Progress in Nutrition. 23, 1 (May 2020). DOI:https:\/\/doi.org\/10.23751\/pn.v23i1.9163.<\/p>\r\n\r\n\r\n\r\n<p>&nbsp;<\/p>\r\n","protected":false},"excerpt":{"rendered":"<p>Wykszta\u0142cenie 2023 doktor habilitowany nauk rolniczych, Uniwersytet Przyrodniczy w Poznaniu 2012 doktor nauk rolniczych, \u017cywienie cz\u0142owieka, Uniwersytet Przyrodniczy w Poznaniu 2008 mgr in\u017c. dietetyka, \u017cywienie cz\u0142owieka , Uniwersytet Przyrodniczy w Poznaniu Zainteresowania badawcze wp\u0142yw stanu od\u017cywienia, sposobu \u017cywienia i poziomu&hellip;&nbsp;<a href=\"http:\/\/www1.up.poznan.pl\/kzcid\/karolina-lagowska\/\" class=\"more-link\">Czytaj dalej<\/a><\/p>\n","protected":false},"author":1,"featured_media":0,"parent":0,"menu_order":0,"comment_status":"closed","ping_status":"closed","template":"","meta":[],"_links":{"self":[{"href":"http:\/\/www1.up.poznan.pl\/kzcid\/wp-json\/wp\/v2\/pages\/777"}],"collection":[{"href":"http:\/\/www1.up.poznan.pl\/kzcid\/wp-json\/wp\/v2\/pages"}],"about":[{"href":"http:\/\/www1.up.poznan.pl\/kzcid\/wp-json\/wp\/v2\/types\/page"}],"author":[{"embeddable":true,"href":"http:\/\/www1.up.poznan.pl\/kzcid\/wp-json\/wp\/v2\/users\/1"}],"replies":[{"embeddable":true,"href":"http:\/\/www1.up.poznan.pl\/kzcid\/wp-json\/wp\/v2\/comments?post=777"}],"version-history":[{"count":13,"href":"http:\/\/www1.up.poznan.pl\/kzcid\/wp-json\/wp\/v2\/pages\/777\/revisions"}],"predecessor-version":[{"id":2486,"href":"http:\/\/www1.up.poznan.pl\/kzcid\/wp-json\/wp\/v2\/pages\/777\/revisions\/2486"}],"wp:attachment":[{"href":"http:\/\/www1.up.poznan.pl\/kzcid\/wp-json\/wp\/v2\/media?parent=777"}],"curies":[{"name":"wp","href":"https:\/\/api.w.org\/{rel}","templated":true}]}}