{"id":754,"date":"2020-06-22T21:17:12","date_gmt":"2020-06-22T19:17:12","guid":{"rendered":"http:\/\/www1.up.poznan.pl\/kzcid\/?page_id=754"},"modified":"2023-02-23T14:15:17","modified_gmt":"2023-02-23T13:15:17","slug":"jolanta-czarnocinska","status":"publish","type":"page","link":"http:\/\/www1.up.poznan.pl\/kzcid\/jolanta-czarnocinska\/","title":{"rendered":"Jolanta Czarnoci\u0144ska"},"content":{"rendered":"\r\n<div class=\"wp-block-group\">\r\n<div class=\"wp-block-group__inner-container\">\r\n<div class=\"wp-block-image personal-foto\">\r\n<figure class=\"alignleft size-medium\"><a href=\"http:\/\/www1.up.poznan.pl\/kzcid\/wp-content\/uploads\/2020\/06\/Jolanta-Czarnoci\u0144ska.jpg\"><img loading=\"lazy\" width=\"243\" height=\"300\" class=\"wp-image-699\" src=\"http:\/\/www1.up.poznan.pl\/kzcid\/wp-content\/uploads\/2020\/06\/Jolanta-Czarnoci\u0144ska-243x300.jpg\" alt=\"\" srcset=\"http:\/\/www1.up.poznan.pl\/kzcid\/wp-content\/uploads\/2020\/06\/Jolanta-Czarnoci\u0144ska-243x300.jpg 243w, http:\/\/www1.up.poznan.pl\/kzcid\/wp-content\/uploads\/2020\/06\/Jolanta-Czarnoci\u0144ska-828x1024.jpg 828w, http:\/\/www1.up.poznan.pl\/kzcid\/wp-content\/uploads\/2020\/06\/Jolanta-Czarnoci\u0144ska-768x950.jpg 768w, http:\/\/www1.up.poznan.pl\/kzcid\/wp-content\/uploads\/2020\/06\/Jolanta-Czarnoci\u0144ska-1242x1536.jpg 1242w, http:\/\/www1.up.poznan.pl\/kzcid\/wp-content\/uploads\/2020\/06\/Jolanta-Czarnoci\u0144ska-218x270.jpg 218w, http:\/\/www1.up.poznan.pl\/kzcid\/wp-content\/uploads\/2020\/06\/Jolanta-Czarnoci\u0144ska.jpg 1656w\" sizes=\"(max-width: 243px) 100vw, 243px\" \/><\/a><\/figure>\r\n<\/div>\r\n\r\n\r\n\r\n<p><strong>Stopie\u0144\/tytu\u0142: <\/strong>dr hab<strong>.<br \/>Stanowisko: <\/strong>profesor UPP<\/p>\r\n\r\n\r\n\r\n<p><br \/><strong>Pok\u00f3j:\u00a0<\/strong>236<br \/><strong>Telefon:<\/strong>\u00a061-8487337<br \/><strong>E-mail:<\/strong>\u00a0<a href=\"mailto:jolanta.czarnocinska@up.poznan.pl\">jolanta.czarnocinska@up.poznan.pl<\/a><br \/><br \/><\/p>\r\n<\/div>\r\n<\/div>\r\n\r\n\r\n\r\n<h4>Wykszta\u0142cenie<\/h4>\r\n\r\n\r\n\r\n<p><strong>2009<\/strong> doktor habilitowany nauk rolniczych, \u017cywienie cz\u0142owieka, Uniwersytet Przyrodniczy w Poznaniu<\/p>\r\n\r\n\r\n\r\n<h4><strong>Zainteresowania badawcze<\/strong><\/h4>\r\n\r\n\r\n\r\n<ul>\r\n<li>analiza wsp\u00f3\u0142zale\u017cno\u015bci pomi\u0119dzy preferencjami a zagro\u017ceniami zdrowotnymi,<\/li>\r\n<li>okre\u015blenie zwi\u0105zku pomi\u0119dzy zachowaniami \u017cywieniowymi niesprzyjaj\u0105cymi zdrowiu a zaburzeniami masy cia\u0142a i czynnikami socjoekonomicznymi oraz postawami wzgl\u0119dem zdrowia i od\u017cywiania<\/li>\r\n<\/ul>\r\n\r\n\r\n\r\n<h4><strong>Wybrane publikacje<\/strong><\/h4>\r\n\r\n\r\n\r\n<p><strong>Czarnocinska J<\/strong>, Wadolowska L, Lonnie M, Kowalkowska J, Jezewska-Zychowicz M, Babicz-Zielinska E. Regional and Socioeconomic Variations in Dietary Patterns in a Representative Sample of Young Polish Females: A Cross-Sectional Study (GEBaHealth Project). Nutr J. 2020 Apr 3;19(1):26.<\/p>\r\n\r\n\r\n\r\n<p><strong>Czarnoci\u0144ska J.,<\/strong> Je\u017cewska-Zychowicz M., Babicz-Zieli\u0144ska E., Kowalkowska J., W\u0105do\u0142owska L.: Postawy wzgl\u0119dem \u017cywno\u015bci, \u017cywienia i zdrowia a zachowania \u017cywieniowe dziewcz\u0105t i m\u0142odych kobiet w Polsce. Wyd. UWM, 1-113, Olsztyn 2013.<\/p>\r\n\r\n\r\n\r\n<p>Wadolowska L., Kowalkowska J., Lonnie M., <strong>Czarnocinska J<\/strong>., Jezewska-Zychowicz M., Babicz-Zielinska E.: Associations between physical activity patterns and dietary patterns in a representative sample of Polish girls aged 13-21 years: a cross-sectional study (GEBaHealth Project). BMC Public Health, 16, 698 (14 pages), 2016.<\/p>\r\n\r\n\r\n\r\n<p>Jezewska-Zychowicz M., Wadolowska L., Kowalkowska J., Lonnie M., <strong>Czarnocinska J.,<\/strong> Babicz-Zielinska E.: Perceived health and nutrition concerns as predictors of dietary patterns among Polish females aged 13\u201321 Years (GEBaHealth Project). Nutrients, 9, 6, art. no. 613, 2017.<br \/><br \/>Wadolowska L., Kowalkowska J., <strong>Czarnocinska J<\/strong>., Jezewska-Zychowicz M., Babicz-Zielinska E.: Comparing dietary patterns derived by two methods and their associations with obesity in Polish girls aged 13\u201321 years: the cross-sectional GEBaHealth study. Perspect. Public Health, 137, 3, 182-189, 2017.<\/p>\r\n","protected":false},"excerpt":{"rendered":"<p>Wykszta\u0142cenie 2009 doktor habilitowany nauk rolniczych, \u017cywienie cz\u0142owieka, Uniwersytet Przyrodniczy w Poznaniu Zainteresowania badawcze analiza wsp\u00f3\u0142zale\u017cno\u015bci pomi\u0119dzy preferencjami a zagro\u017ceniami zdrowotnymi, okre\u015blenie zwi\u0105zku pomi\u0119dzy zachowaniami \u017cywieniowymi niesprzyjaj\u0105cymi zdrowiu a zaburzeniami masy cia\u0142a i czynnikami socjoekonomicznymi oraz postawami wzgl\u0119dem zdrowia i&hellip;&nbsp;<a href=\"http:\/\/www1.up.poznan.pl\/kzcid\/jolanta-czarnocinska\/\" class=\"more-link\">Czytaj dalej<\/a><\/p>\n","protected":false},"author":1,"featured_media":0,"parent":0,"menu_order":0,"comment_status":"closed","ping_status":"closed","template":"","meta":[],"_links":{"self":[{"href":"http:\/\/www1.up.poznan.pl\/kzcid\/wp-json\/wp\/v2\/pages\/754"}],"collection":[{"href":"http:\/\/www1.up.poznan.pl\/kzcid\/wp-json\/wp\/v2\/pages"}],"about":[{"href":"http:\/\/www1.up.poznan.pl\/kzcid\/wp-json\/wp\/v2\/types\/page"}],"author":[{"embeddable":true,"href":"http:\/\/www1.up.poznan.pl\/kzcid\/wp-json\/wp\/v2\/users\/1"}],"replies":[{"embeddable":true,"href":"http:\/\/www1.up.poznan.pl\/kzcid\/wp-json\/wp\/v2\/comments?post=754"}],"version-history":[{"count":3,"href":"http:\/\/www1.up.poznan.pl\/kzcid\/wp-json\/wp\/v2\/pages\/754\/revisions"}],"predecessor-version":[{"id":1583,"href":"http:\/\/www1.up.poznan.pl\/kzcid\/wp-json\/wp\/v2\/pages\/754\/revisions\/1583"}],"wp:attachment":[{"href":"http:\/\/www1.up.poznan.pl\/kzcid\/wp-json\/wp\/v2\/media?parent=754"}],"curies":[{"name":"wp","href":"https:\/\/api.w.org\/{rel}","templated":true}]}}