{"id":423,"date":"2020-05-11T20:34:59","date_gmt":"2020-05-11T18:34:59","guid":{"rendered":"http:\/\/www1.up.poznan.pl\/kzcid\/?page_id=423"},"modified":"2025-10-30T10:41:56","modified_gmt":"2025-10-30T09:41:56","slug":"kierownik-katedry","status":"publish","type":"page","link":"http:\/\/www1.up.poznan.pl\/kzcid\/kierownik-katedry\/","title":{"rendered":"Kierownik Katedry"},"content":{"rendered":"\r\n<div>Kierownikiem Katedry jest<\/div>\r\n<div>prof. dr hab. n. med. i n. o zdr. Joanna Suliburska<br \/>tel. +48 61 848 7260\u00a0<br \/>e-mail: <a href=\"mailto:joanna.suliburska@up.poznan.pl\">joanna.suliburska@up.poznan.pl<\/a><\/div>\r\n<div data-select-like-a-boss=\"1\">\u00a0<\/div>\r\n<div data-select-like-a-boss=\"1\">\u00a0<\/div>\r\n<div data-select-like-a-boss=\"1\">\r\n<h1 class=\"page-title\" style=\"text-align: center;\">Certyfikat Doskona\u0142o\u015bci Kszta\u0142cenia dla kierunku Dietetyka<\/h1>\r\n<\/div>\r\n<div><img loading=\"lazy\" class=\"aligncenter wp-image-1994 size-full\" src=\"http:\/\/www1.up.poznan.pl\/kzcid\/wp-content\/uploads\/2024\/06\/1718784196016-scaled.jpg\" alt=\"\" width=\"1817\" height=\"2560\" srcset=\"http:\/\/www1.up.poznan.pl\/kzcid\/wp-content\/uploads\/2024\/06\/1718784196016-scaled.jpg 1817w, http:\/\/www1.up.poznan.pl\/kzcid\/wp-content\/uploads\/2024\/06\/1718784196016-213x300.jpg 213w, http:\/\/www1.up.poznan.pl\/kzcid\/wp-content\/uploads\/2024\/06\/1718784196016-727x1024.jpg 727w, http:\/\/www1.up.poznan.pl\/kzcid\/wp-content\/uploads\/2024\/06\/1718784196016-768x1082.jpg 768w, http:\/\/www1.up.poznan.pl\/kzcid\/wp-content\/uploads\/2024\/06\/1718784196016-1090x1536.jpg 1090w, http:\/\/www1.up.poznan.pl\/kzcid\/wp-content\/uploads\/2024\/06\/1718784196016-1453x2048.jpg 1453w, http:\/\/www1.up.poznan.pl\/kzcid\/wp-content\/uploads\/2024\/06\/1718784196016-192x270.jpg 192w\" sizes=\"(max-width: 1817px) 100vw, 1817px\" \/><\/div>\r\n<div>\u00a0\u00a0<\/div>\r\n","protected":false},"excerpt":{"rendered":"<p>Kierownikiem Katedry jest prof. dr hab. n. med. i n. o zdr. Joanna Suliburskatel. +48 61 848 7260\u00a0e-mail: joanna.suliburska@up.poznan.pl \u00a0 \u00a0 Certyfikat Doskona\u0142o\u015bci Kszta\u0142cenia dla kierunku Dietetyka \u00a0\u00a0<\/p>\n","protected":false},"author":1,"featured_media":0,"parent":0,"menu_order":0,"comment_status":"closed","ping_status":"closed","template":"","meta":[],"_links":{"self":[{"href":"http:\/\/www1.up.poznan.pl\/kzcid\/wp-json\/wp\/v2\/pages\/423"}],"collection":[{"href":"http:\/\/www1.up.poznan.pl\/kzcid\/wp-json\/wp\/v2\/pages"}],"about":[{"href":"http:\/\/www1.up.poznan.pl\/kzcid\/wp-json\/wp\/v2\/types\/page"}],"author":[{"embeddable":true,"href":"http:\/\/www1.up.poznan.pl\/kzcid\/wp-json\/wp\/v2\/users\/1"}],"replies":[{"embeddable":true,"href":"http:\/\/www1.up.poznan.pl\/kzcid\/wp-json\/wp\/v2\/comments?post=423"}],"version-history":[{"count":27,"href":"http:\/\/www1.up.poznan.pl\/kzcid\/wp-json\/wp\/v2\/pages\/423\/revisions"}],"predecessor-version":[{"id":2567,"href":"http:\/\/www1.up.poznan.pl\/kzcid\/wp-json\/wp\/v2\/pages\/423\/revisions\/2567"}],"wp:attachment":[{"href":"http:\/\/www1.up.poznan.pl\/kzcid\/wp-json\/wp\/v2\/media?parent=423"}],"curies":[{"name":"wp","href":"https:\/\/api.w.org\/{rel}","templated":true}]}}