{"id":399,"date":"2020-05-11T19:48:56","date_gmt":"2020-05-11T17:48:56","guid":{"rendered":"http:\/\/www1.up.poznan.pl\/kzcid\/?page_id=399"},"modified":"2025-10-30T15:31:51","modified_gmt":"2025-10-30T14:31:51","slug":"projekty","status":"publish","type":"page","link":"http:\/\/www1.up.poznan.pl\/kzcid\/projekty\/","title":{"rendered":"Projekty"},"content":{"rendered":"<p>&nbsp;<\/p>\n<table class=\"page-projects\" style=\"width: 99.119%;\">\n<tbody>\n<tr>\n<td style=\"width: 730px;\"><strong>TYTU\u0141 PROJEKTU<br \/>\n<\/strong><\/td>\n<td style=\"width: 150px;\"><strong>KIEROWNIK<\/strong><\/td>\n<td style=\"width: 224px;\"><strong>RODZAJ<\/strong><\/td>\n<td style=\"width: 128px;\"><strong>LATA REALIZACJI<\/strong><\/td>\n<\/tr>\n<tr>\n<td style=\"width: 730px;\">Ocena zale\u017cno\u015bci pomi\u0119dzy ekspozycj\u0105 na BPA z \u017cywno\u015bci a wyst\u0119powaniem stanu zapalnego w grupie kobiet po menopauzie \u2013 badania przekrojowe<\/td>\n<td style=\"width: 150px;\">Aleksandra Bykowska-Derda<\/td>\n<td style=\"width: 224px;\"><span class=\"x193iq5w xeuugli x13faqbe x1vvkbs x1xmvt09 x1lliihq x1s928wv xhkezso x1gmr53x x1cpjm7i x1fgarty x1943h6x xudqn12 x3x7a5m x6prxxf xvq8zen xo1l8bm xzsf02u x1yc453h\" dir=\"auto\">MINIATURA NCN<\/span><\/td>\n<td style=\"width: 128px;\">2025-2026<\/td>\n<\/tr>\n<tr>\n<td style=\"width: 730px;\">Badanie indeksu glikemicznego dw\u00f3ch rodzaj\u00f3w chleba<\/td>\n<td style=\"width: 150px;\">Agata Chmurzy\u0144ska<\/td>\n<td style=\"width: 224px;\"><span class=\"x193iq5w xeuugli x13faqbe x1vvkbs x1xmvt09 x1lliihq x1s928wv xhkezso x1gmr53x x1cpjm7i x1fgarty x1943h6x xudqn12 x3x7a5m x6prxxf xvq8zen xo1l8bm xzsf02u x1yc453h\" dir=\"auto\">badanie zlecone<\/span><\/td>\n<td style=\"width: 128px;\">2025<\/td>\n<\/tr>\n<tr>\n<td style=\"width: 730px;\">Ocena wp\u0142ywu suplementacji aktywatorami sirtuin na parametry kom\u00f3rkowe, metaboliczne i antropometryczne u kobiet<\/td>\n<td style=\"width: 150px;\">Agata Chmurzy\u0144ska<\/td>\n<td style=\"width: 224px;\"><span class=\"x193iq5w xeuugli x13faqbe x1vvkbs x1xmvt09 x1lliihq x1s928wv xhkezso x1gmr53x x1cpjm7i x1fgarty x1943h6x xudqn12 x3x7a5m x6prxxf xvq8zen xo1l8bm xzsf02u x1yc453h\" dir=\"auto\">badanie zlecone<\/span><\/td>\n<td style=\"width: 128px;\"><span class=\"x193iq5w xeuugli x13faqbe x1vvkbs x1xmvt09 x1lliihq x1s928wv xhkezso x1gmr53x x1cpjm7i x1fgarty x1943h6x xudqn12 x3x7a5m x6prxxf xvq8zen xo1l8bm xzsf02u x1yc453h\" dir=\"auto\">2025-2026<\/span><\/td>\n<\/tr>\n<tr>\n<td style=\"width: 730px;\">Mikrobiota jelitowa i jej neuroaktywne metabolity w rozwoju zaburze\u0144 nastroju u kobiet z PCOS. Wp\u0142yw czynnik\u00f3w \u017cywieniowych na wyst\u0119powanie tej zale\u017cno\u015bci<\/td>\n<td style=\"width: 150px;\">Joanna Pieczy\u0144ska-Zaj\u0105c<\/td>\n<td style=\"width: 224px;\"><span class=\"x193iq5w xeuugli x13faqbe x1vvkbs x1xmvt09 x1lliihq x1s928wv xhkezso x1gmr53x x1cpjm7i x1fgarty x1943h6x xudqn12 x3x7a5m x6prxxf xvq8zen xo1l8bm xzsf02u x1yc453h\" dir=\"auto\">PRELUDIUM NCN<\/span><\/td>\n<td style=\"width: 128px;\">2024-2026<\/td>\n<\/tr>\n<tr>\n<td style=\"width: 730px;\">Innowacyjna m\u0105czka na bazie owad\u00f3w jadalnych biofortyfikowanych jodem<\/td>\n<td style=\"width: 150px;\">Jakub Kurek<\/td>\n<td style=\"width: 224px;\"><span class=\"x193iq5w xeuugli x13faqbe x1vvkbs x1xmvt09 x1lliihq x1s928wv xhkezso x1gmr53x x1cpjm7i x1fgarty x1943h6x xudqn12 x3x7a5m x6prxxf xvq8zen xo1l8bm xzsf02u x1yc453h\" dir=\"auto\">MINIATURA NCN<\/span><\/td>\n<td style=\"width: 128px;\">2024-2025<\/td>\n<\/tr>\n<tr>\n<td style=\"width: 730px;\">Badanie spo\u017cycia kofeiny i wyst\u0119powania subiektywnych odczu\u0107 po spo\u017cyciu kofeiny u m\u0142odzie\u017cy &#8211; badanie pilota\u017cowe<\/td>\n<td style=\"width: 150px;\">Ewa Bulczak<\/td>\n<td style=\"width: 224px;\"><span class=\"x193iq5w xeuugli x13faqbe x1vvkbs x1xmvt09 x1lliihq x1s928wv xhkezso x1gmr53x x1cpjm7i x1fgarty x1943h6x xudqn12 x3x7a5m x6prxxf xvq8zen xo1l8bm xzsf02u x1yc453h\" dir=\"auto\">MINIATURA NCN<br \/>\n<\/span><\/td>\n<td style=\"width: 128px;\">2024-2025<\/td>\n<\/tr>\n<tr>\n<td style=\"width: 730px;\">Roczna fluktuacja stanu od\u017cywienia witamin\u0105 D student\u00f3w i jego powi\u0105zanie z wyst\u0119powaniem stanu zapalnego, stan\u00f3w depresyjnych i zdolno\u015bciami poznawczymi<\/td>\n<td style=\"width: 150px;\">Emilia <span class=\"markolr618202\" data-markjs=\"true\" data-ogac=\"\" data-ogab=\"\" data-ogsc=\"\" data-ogsb=\"\">Zawieja<\/span><\/td>\n<td style=\"width: 224px;\"><span class=\"x193iq5w xeuugli x13faqbe x1vvkbs x1xmvt09 x1lliihq x1s928wv xhkezso x1gmr53x x1cpjm7i x1fgarty x1943h6x xudqn12 x3x7a5m x6prxxf xvq8zen xo1l8bm xzsf02u x1yc453h\" dir=\"auto\">konkurs \u201eStudenckie ko\u0142a naukowe tworz\u0105 innowacje\u201d, MNiSW<br \/>\n<\/span><\/td>\n<td style=\"width: 128px;\">2024-2025<\/td>\n<\/tr>\n<tr>\n<td style=\"width: 730px;\">\u017bywieniowe \u017ar\u00f3d\u0142a salicylan\u00f3w a zaburzenia angiogenezy \u0142o\u017cyska w preeklampsji<\/td>\n<td style=\"width: 150px;\">Joanna Suliburska<\/td>\n<td style=\"width: 224px;\">OPUS NCN<\/td>\n<td style=\"width: 128px;\">2022-2026<\/td>\n<\/tr>\n<tr>\n<td style=\"width: 730px;\">Ocena wp\u0142ywu equolu na gospodark\u0119 wapnia u szczur\u00f3w owariektomizowanych<\/td>\n<td style=\"width: 150px;\">Natalia Wawrzyniak<\/td>\n<td style=\"width: 224px;\">PRELUDIUM NCN<\/td>\n<td style=\"width: 128px;\">2022-2025<\/td>\n<\/tr>\n<tr>\n<td style=\"width: 730px;\">Badanie roli niedoboru choliny w diecie w br\u0105zowieniu tkanki t\u0142uszczowej<\/td>\n<td style=\"width: 150px;\">Anna Maria Radziejewska<\/td>\n<td style=\"width: 224px;\">PRELUDIUM NCN<\/td>\n<td style=\"width: 128px;\">2022-2025<\/td>\n<\/tr>\n<tr>\n<td style=\"width: 730px;\">&#8220;DOBRY &#8211; [D]aidzein and pr[OB]iotic fo[R] health[Y]\u201d Po\u0142\u0105czenie daidzeiny i Lactobacillus acidophilus w celu poprawy gospodarki wapnia i zdrowia ko\u015bci<\/td>\n<td style=\"width: 150px;\">Iskandar Azmy Harahap<\/td>\n<td style=\"width: 224px;\">PRELUDUM NCN<\/td>\n<td style=\"width: 128px;\">2022-2025<\/td>\n<\/tr>\n<tr>\n<td style=\"width: 730px;\">Analiza mechanizm\u00f3w wp\u0142ywu betainy na metabolizm lipid\u00f3w i sk\u0142ad cia\u0142a<\/td>\n<td style=\"width: 150px;\">\u00a0Agata Chmurzy\u0144ska<\/td>\n<td style=\"width: 224px;\">OPUS NCN<\/td>\n<td style=\"width: 128px;\">2021-2025<\/td>\n<\/tr>\n<tr>\n<td style=\"width: 730px;\">Interakcyjny wp\u0142yw suplementacji Cr(III) przy zr\u00f3\u017cnicowanym poziomie cynku w diecie na organizm i wybrane parametry behawioralne u szczur\u00f3w<\/td>\n<td style=\"width: 150px;\">Halina Staniek<\/td>\n<td style=\"width: 224px;\">MINIATURA NCN<\/td>\n<td style=\"width: 128px;\">2020-2021<\/td>\n<\/tr>\n<tr>\n<td style=\"width: 730px;\">EQVEGAN \u2013 European Qualifications &amp; Competences for the Vegan Food Industry<\/td>\n<td style=\"width: 150px;\">Zbigniew Krejpcio<\/td>\n<td style=\"width: 224px;\">Project EU<\/td>\n<td style=\"width: 128px;\">2020-2023<\/td>\n<\/tr>\n<tr>\n<td style=\"width: 730px;\">Wp\u0142yw suplementacji Colostrum Bovinum na cz\u0119sto\u015b\u0107 zaka\u017ce\u0144 g\u00f3rnych dr\u00f3g oddechowych i wybranych biomarker\u00f3w immunologicznych u wytrenowanych sportowc\u00f3w: randomizowane, kontrolowane placebo badania krzy\u017cowe, z podw\u00f3jnie \u015blep\u0105 pr\u00f3b\u0105<\/td>\n<td style=\"width: 150px;\">Krzysztof Durkalec-Michalski<\/td>\n<td style=\"width: 224px;\">Nutricia<\/td>\n<td style=\"width: 128px;\">2020-2022<\/td>\n<\/tr>\n<tr>\n<td style=\"width: 730px;\">Badanie wp\u0142ywu Lactobacillus plantarum ATCC14917 na gospodark\u0119 \u017celaza u szczur\u00f3w na diecie wysokot\u0142uszczowej<\/td>\n<td style=\"width: 150px;\">Katarzyna Skrypnik<\/td>\n<td style=\"width: 224px;\">PRELUDIUM NCN<\/td>\n<td style=\"width: 128px;\">2020-2023<\/td>\n<\/tr>\n<tr>\n<td style=\"width: 730px;\">Badania nad wp\u0142ywem fitoestrogen\u00f3w sojowych na regulacj\u0119 endogennej syntezy choliny i gromadzenia lipid\u00f3w w w\u0105trobie<\/td>\n<td style=\"width: 150px;\">Ewelina \u017buk<\/td>\n<td style=\"width: 224px;\">PRELUDIUM NCN<\/td>\n<td style=\"width: 128px;\">2019-2022<\/td>\n<\/tr>\n<tr>\n<td style=\"width: 730px;\">Ocena aktywno\u015bci enzymatycznej mikrobiomu jelitowego oty\u0142ych kobiet z Zespo\u0142em Policystycznych Jajnik\u00f3w<\/td>\n<td style=\"width: 150px;\">Karolina \u0141agowska<\/td>\n<td style=\"width: 224px;\">MINIATURA NCN<\/td>\n<td style=\"width: 128px;\">2020<\/td>\n<\/tr>\n<tr>\n<td style=\"width: 730px;\">Zwi\u0105zek pomi\u0119dzy wzorami podjadania i wyborem po\u017cywienia a zdrowiem metabolicznym kobiet w okresie oko\u0142omenopauzalnym i po menopauzie<\/td>\n<td style=\"width: 150px;\">Aleksandra Skoczek-Rubi\u0144ska<\/td>\n<td style=\"width: 224px;\">PRELUDIUM NCN<\/td>\n<td style=\"width: 128px;\">2019-2022<\/td>\n<\/tr>\n<tr>\n<td style=\"width: 730px;\">Ocena skojarzonego dzia\u0142ania ekstraktu z li\u015bci mi\u0142orz\u0119bu japo\u0144skiego i cynku na zaburzenia metaboliczne towarzysz\u0105ce cukrzycy (54\/2019\/MINIATURA)<\/td>\n<td style=\"width: 150px;\">Ewelina Kr\u00f3l<\/td>\n<td style=\"width: 224px;\">MINIATURA NCN<\/td>\n<td style=\"width: 128px;\">2019-2020<\/td>\n<\/tr>\n<tr>\n<td style=\"width: 730px;\">Kinetyka zmian potencja\u0142u buforuj\u0105cego i st\u0119\u017cenia diagnostycznie istotnych wska\u017anik\u00f3w biochemicznych we krwi 2018\/02\/X\/NZ7\/03217<\/td>\n<td style=\"width: 150px;\">Krzysztof Durkalec-Michalski<\/td>\n<td style=\"width: 224px;\">MINIATURA NCN<\/td>\n<td style=\"width: 128px;\">2019-2020<\/td>\n<\/tr>\n<tr>\n<td style=\"width: 730px;\">Ocena wp\u0142ywu bod\u017ac\u00f3w wysi\u0142kowych \/ stresowych na mechanizmy i skuteczno\u015b\u0107 dzia\u0142ania kwasu beta-hydroksy-beta-metylomas\u0142owego (HMB) u os\u00f3b wytrenowanych i niedo\u017cywionych 2018\/31\/D\/NZ7\/00803<\/td>\n<td style=\"width: 150px;\">Krzysztof Durkalec-Michalski<\/td>\n<td style=\"width: 224px;\">SONATA NCN<\/td>\n<td style=\"width: 128px;\">2019-2022<\/td>\n<\/tr>\n<tr>\n<td style=\"width: 730px;\">Opracowanie metod efektywnej i bezpiecznej przedstartowej regulacji masy cia\u0142a oraz szybkiej odnowy \u017cywieniowej w dyscyplinach, w kt\u00f3rych obowi\u0105zuj\u0105 kategorie wagowe.<\/td>\n<td style=\"width: 150px;\">Emilia Zawieja<\/td>\n<td style=\"width: 224px;\">PRELUDIUM NCN<\/td>\n<td style=\"width: 128px;\">2018-2021<\/td>\n<\/tr>\n<tr>\n<td style=\"width: 730px;\">Badania nad mechanizmami przeciwcukrzycowych w\u0142a\u015bciwo\u015bci glikozyd\u00f3w stewiolowych (indywidualnie i w po\u0142\u0105czeniu z L-arginin\u0105 i chromem(III)) \u2013 w poszukiwaniu formu\u0142y preparatu dla os\u00f3b chorych na cukrzyc\u0119<\/td>\n<td style=\"width: 150px;\">Zbigniew Krejpcio<\/td>\n<td style=\"width: 224px;\">NCN<\/td>\n<td style=\"width: 128px;\">2018-2021<\/td>\n<\/tr>\n<tr>\n<td style=\"width: 730px;\">Wp\u0142yw spo\u017cycia choliny i niealkoholowego st\u0142uszczenia w\u0105troby u matek w czasie ci\u0105\u017cy i laktacji na rozw\u00f3j i funkcjonowanie trzustki u potomstwa<\/td>\n<td style=\"width: 150px;\">Joanna Miko\u0142ajczyk-Stecyna<\/td>\n<td style=\"width: 224px;\">SONATA NCN<\/td>\n<td style=\"width: 128px;\">2017-2020<\/td>\n<\/tr>\n<tr>\n<td style=\"width: 730px;\">Metabolizm grup jednow\u0119glowych u os\u00f3b z nadwag\u0105 i oty\u0142o\u015bci\u0105<\/td>\n<td style=\"width: 150px;\">Monika M\u0142odzik<\/td>\n<td style=\"width: 224px;\">PRELUDIUM NCN<\/td>\n<td style=\"width: 128px;\">2017-2020<\/td>\n<\/tr>\n<tr>\n<td style=\"width: 730px;\">Mikroflora przewodu pokarmowego jako ogniwo pomi\u0119dzy wzorami \u017cywieniowymi a metabolizmem cz\u0142owieka<\/td>\n<td style=\"width: 150px;\">Anna Malinowska<\/td>\n<td style=\"width: 224px;\">SONATA<\/td>\n<td style=\"width: 128px;\">2016-2020<\/td>\n<\/tr>\n<tr>\n<td style=\"width: 730px;\">Badanie wp\u0142ywu jelitowych i kom\u00f3rkowych transporter\u00f3w \u017celaza i folian\u00f3w na biodost\u0119pno\u015b\u0107 tych mikrosk\u0142adnik\u00f3w w organizmie<\/td>\n<td style=\"width: 150px;\">Joanna Suliburska<\/td>\n<td style=\"width: 224px;\">OPUS<\/td>\n<td style=\"width: 128px;\">2016-2019<\/td>\n<\/tr>\n<tr>\n<td style=\"width: 730px;\">Metabolizm grup jednow\u0119glowych u kobiet w wieku postmenopauzalnym z zespo\u0142em metabolicznym<\/td>\n<td style=\"width: 150px;\">Agata Muzsik-Kazimierska<\/td>\n<td style=\"width: 224px;\">PRELUDIUM NCN<\/td>\n<td style=\"width: 128px;\">2016-2020<\/td>\n<\/tr>\n<tr>\n<td style=\"width: 730px;\">Zwi\u0105zek pomi\u0119dzy wra\u017cliwo\u015bci\u0105 na zawarto\u015b\u0107 t\u0142uszczu w pokarmie, cz\u0119sto\u015bci\u0105 spo\u017cycia produkt\u00f3w wysokot\u0142uszczowych i polimorfizmem gen\u00f3w &#8211; determinacja masy cia\u0142a i metabolizmu lipid\u00f3w<\/td>\n<td style=\"width: 150px;\">Agata Chmurzy\u0144ska<\/td>\n<td style=\"width: 224px;\">OPUS<\/td>\n<td style=\"width: 128px;\">2015-2019<\/td>\n<\/tr>\n<\/tbody>\n<\/table>\n<p>&nbsp;<\/p>\n","protected":false},"excerpt":{"rendered":"<p>&nbsp; TYTU\u0141 PROJEKTU KIEROWNIK RODZAJ LATA REALIZACJI Ocena zale\u017cno\u015bci pomi\u0119dzy ekspozycj\u0105 na BPA z \u017cywno\u015bci a wyst\u0119powaniem stanu zapalnego w grupie kobiet po menopauzie \u2013 badania przekrojowe Aleksandra Bykowska-Derda MINIATURA NCN 2025-2026 Badanie indeksu glikemicznego dw\u00f3ch rodzaj\u00f3w chleba Agata Chmurzy\u0144ska&hellip;&nbsp;<a href=\"http:\/\/www1.up.poznan.pl\/kzcid\/projekty\/\" class=\"more-link\">Czytaj dalej<\/a><\/p>\n","protected":false},"author":1,"featured_media":0,"parent":0,"menu_order":0,"comment_status":"closed","ping_status":"closed","template":"","meta":[],"_links":{"self":[{"href":"http:\/\/www1.up.poznan.pl\/kzcid\/wp-json\/wp\/v2\/pages\/399"}],"collection":[{"href":"http:\/\/www1.up.poznan.pl\/kzcid\/wp-json\/wp\/v2\/pages"}],"about":[{"href":"http:\/\/www1.up.poznan.pl\/kzcid\/wp-json\/wp\/v2\/types\/page"}],"author":[{"embeddable":true,"href":"http:\/\/www1.up.poznan.pl\/kzcid\/wp-json\/wp\/v2\/users\/1"}],"replies":[{"embeddable":true,"href":"http:\/\/www1.up.poznan.pl\/kzcid\/wp-json\/wp\/v2\/comments?post=399"}],"version-history":[{"count":22,"href":"http:\/\/www1.up.poznan.pl\/kzcid\/wp-json\/wp\/v2\/pages\/399\/revisions"}],"predecessor-version":[{"id":2572,"href":"http:\/\/www1.up.poznan.pl\/kzcid\/wp-json\/wp\/v2\/pages\/399\/revisions\/2572"}],"wp:attachment":[{"href":"http:\/\/www1.up.poznan.pl\/kzcid\/wp-json\/wp\/v2\/media?parent=399"}],"curies":[{"name":"wp","href":"https:\/\/api.w.org\/{rel}","templated":true}]}}