{"id":1567,"date":"2023-02-23T13:50:00","date_gmt":"2023-02-23T12:50:00","guid":{"rendered":"http:\/\/www1.up.poznan.pl\/kzcid\/?page_id=1567"},"modified":"2025-01-08T12:36:19","modified_gmt":"2025-01-08T11:36:19","slug":"emilia-zawieja-2","status":"publish","type":"page","link":"http:\/\/www1.up.poznan.pl\/kzcid\/emilia-zawieja-2\/","title":{"rendered":"Emilia Zawieja"},"content":{"rendered":"\r\n<div class=\"wp-block-group\">\r\n<div class=\"wp-block-group__inner-container\">\r\n<div class=\"wp-block-image personal-foto\"><a href=\"http:\/\/www1.up.poznan.pl\/kzcid\/wp-content\/uploads\/2020\/06\/Emilia-Zawieja.jpg\"><img loading=\"lazy\" class=\"size-thumbnail wp-image-694 alignleft\" src=\"http:\/\/www1.up.poznan.pl\/kzcid\/wp-content\/uploads\/2020\/06\/Emilia-Zawieja-200x250.jpg\" alt=\"\" width=\"200\" height=\"250\" \/><\/a>\r\n<figure class=\"alignleft size-medium\"><\/figure>\r\n<\/div>\r\n\r\n\r\n\r\n<p>&nbsp;<\/p>\r\n<p>Dr, adiunkt<\/p>\r\n\r\n\r\n\r\n<p>&nbsp;<\/p>\r\n\r\n\r\n\r\n<p><br \/><strong>Pok\u00f3j:<\/strong> 330<br \/><strong>Telefon:<\/strong> +48 618466151<br \/><strong>E-mail:<\/strong><a href=\"mailto:emilia.zawieja@up.poznan.pl\"> emilia.zawieja@up.poznan.pl<\/a><br \/><strong>Termin konsultacji:<\/strong> Wtorek 10:00-11:00<\/p>\r\n<p>&nbsp;<\/p>\r\n<\/div>\r\n<\/div>\r\n\r\n\r\n\r\n<h4>Edukacja<\/h4>\r\n\r\n\r\n\r\n<div>2022\u00a0 Doktor nauk rolniczych w dyscyplinie Technologia \u017cywno\u015bci i \u017cywienia<\/div>\r\n<div>2017\u00a0 Magister dietetyki, Uniwersytet Przyrodniczy w Poznaniu<\/div>\r\n<div>\u00a0<\/div>\r\n<div><strong>Zainteresowania badawcze<\/strong><\/div>\r\n<div><br \/>metody \u017cywieniowego wspomagania wysi\u0142ku fizycznego<br \/>suplementacja w sporcie<br \/>personalizowane \u017cywienie sportowc\u00f3w<br \/>fizjologia wysi\u0142ku fizycznego<\/div>\r\n<div>\u00a0<\/div>\r\n\r\n\r\n\r\n<h4>Publikacje<\/h4>\r\n\r\n\r\n\r\n<p>Zawieja E, Durkalec-Michalski K, Muzsik-Kazimierska A, Chmurzynska A. The Effect of 3-Week Betaine Supplementation on Blood Biomarkers of Cardiometabolic Health in Young Physically Active Males. Metabolites. 2022 Aug 7;12(8):731.<br \/>Machek SB, Zawieja EE, Heileson JL, Harris DR, Wilburn DT, Fletcher EA, Cholewa JM, Szwengiel A, Chmurzynska A, Willoughby DS. Human Serum Betaine and Associated Biomarker Concentrations Following a 14 Day Supplemental Betaine Loading Protocol and during a 28 Day Washout Period: A Pilot Investigation. Nutrients. 2022 Jan 24;14(3):498. <br \/>Machek SB, Harris DR, Zawieja EE, Heileson JL, Wilburn DT, Radziejewska A, Chmurzynska A, Cholewa JM, Willoughby DS. The Impacts of Combined Blood Flow Restriction Training and Betaine Supplementation on One-Leg Press Muscular Endurance, Exercise-Associated Lactate Concentrations, Serum Metabolic Biomarkers, and Hypoxia-Inducible Factor-1\u03b1 Gene Expression. Nutrients. 2022 Nov 27;14(23):5040.<br \/>Durkalec-Michalski K, Zawieja EE, Zawieja BE, Podg\u00f3rski T. Evaluation of the repeatability and reliability of the cross-training specific Fight Gone Bad workout and its relation to aerobic fitness. Sci Rep. 2021 Mar 31;11(1):7263. <br \/>Durkalec-Michalski K, Zawieja EE, Podg\u00f3rski T, Zawieja BE, Micha\u0142owska P, \u0141oniewski I, Jeszka J. The Effect of a New Sodium Bicarbonate Loading Regimen on Anaerobic Capacity and Wrestling Performance. Nutrients. 2018 May 30;10(6):697.<\/p>\r\n","protected":false},"excerpt":{"rendered":"<p>Edukacja 2022\u00a0 Doktor nauk rolniczych w dyscyplinie Technologia \u017cywno\u015bci i \u017cywienia 2017\u00a0 Magister dietetyki, Uniwersytet Przyrodniczy w Poznaniu \u00a0 Zainteresowania badawcze metody \u017cywieniowego wspomagania wysi\u0142ku fizycznegosuplementacja w sporciepersonalizowane \u017cywienie sportowc\u00f3wfizjologia wysi\u0142ku fizycznego \u00a0 Publikacje Zawieja E, Durkalec-Michalski K, Muzsik-Kazimierska A,&hellip;&nbsp;<a href=\"http:\/\/www1.up.poznan.pl\/kzcid\/emilia-zawieja-2\/\" class=\"more-link\">Czytaj dalej<\/a><\/p>\n","protected":false},"author":1,"featured_media":0,"parent":0,"menu_order":0,"comment_status":"closed","ping_status":"closed","template":"","meta":[],"_links":{"self":[{"href":"http:\/\/www1.up.poznan.pl\/kzcid\/wp-json\/wp\/v2\/pages\/1567"}],"collection":[{"href":"http:\/\/www1.up.poznan.pl\/kzcid\/wp-json\/wp\/v2\/pages"}],"about":[{"href":"http:\/\/www1.up.poznan.pl\/kzcid\/wp-json\/wp\/v2\/types\/page"}],"author":[{"embeddable":true,"href":"http:\/\/www1.up.poznan.pl\/kzcid\/wp-json\/wp\/v2\/users\/1"}],"replies":[{"embeddable":true,"href":"http:\/\/www1.up.poznan.pl\/kzcid\/wp-json\/wp\/v2\/comments?post=1567"}],"version-history":[{"count":8,"href":"http:\/\/www1.up.poznan.pl\/kzcid\/wp-json\/wp\/v2\/pages\/1567\/revisions"}],"predecessor-version":[{"id":2289,"href":"http:\/\/www1.up.poznan.pl\/kzcid\/wp-json\/wp\/v2\/pages\/1567\/revisions\/2289"}],"wp:attachment":[{"href":"http:\/\/www1.up.poznan.pl\/kzcid\/wp-json\/wp\/v2\/media?parent=1567"}],"curies":[{"name":"wp","href":"https:\/\/api.w.org\/{rel}","templated":true}]}}