{"id":1496,"date":"2023-02-15T10:38:03","date_gmt":"2023-02-15T09:38:03","guid":{"rendered":"http:\/\/www1.up.poznan.pl\/kzcid\/?page_id=1496"},"modified":"2025-01-08T12:36:38","modified_gmt":"2025-01-08T11:36:38","slug":"emilia-zawieja","status":"publish","type":"page","link":"http:\/\/www1.up.poznan.pl\/kzcid\/en\/emilia-zawieja\/","title":{"rendered":"Emilia Zawieja"},"content":{"rendered":"\r\n<div class=\"wp-block-group\">\r\n<div class=\"wp-block-group__inner-container\">\r\n<div class=\"wp-block-image personal-foto\"><a href=\"http:\/\/www1.up.poznan.pl\/kzcid\/wp-content\/uploads\/2020\/06\/Emilia-Zawieja.jpg\"><img loading=\"lazy\" class=\"size-thumbnail wp-image-694 alignleft\" src=\"http:\/\/www1.up.poznan.pl\/kzcid\/wp-content\/uploads\/2020\/06\/Emilia-Zawieja-200x250.jpg\" alt=\"\" width=\"200\" height=\"250\" \/><\/a>\r\n<figure class=\"alignleft size-medium\"><\/figure>\r\n<\/div>\r\n\r\n\r\n\r\n<p>&nbsp;<\/p>\r\n<p>PhD, Assistant Professor<\/p>\r\n\r\n\r\n\r\n<p>&nbsp;<\/p>\r\n\r\n\r\n\r\n<p><br \/><strong>Room:<\/strong> 330<br \/><strong>Phone:<\/strong> +48 61846 6151<br \/><strong>E-mail:<\/strong><a href=\"mailto:emilia.zawieja@up.poznan.pl\"> emilia.zawieja@up.poznan.pl<\/a><br \/><strong>Consultations:<\/strong> Tuesday 10:00-11:00<\/p>\r\n<p>&nbsp;<\/p>\r\n<\/div>\r\n<\/div>\r\n\r\n\r\n\r\n<h4>Education<\/h4>\r\n\r\n\r\n\r\n<div>2022 PhD, Poznan University of Life Sciences, discipline: food technology and nutrition<\/div>\r\n<div>2017 M.Sc. in dietetics, Poznan University of Life Sciences<\/div>\r\n\r\n\r\n\r\n<div>\u00a0<\/div>\r\n<div><strong>Research interests<\/strong><\/div>\r\n<div>\u00a0<\/div>\r\n<div>nutrition for athletic performance<\/div>\r\n<div>supplementation in sport<\/div>\r\n<div>personalized nutrition for athletes<\/div>\r\n<div>sport physiology<\/div>\r\n\r\n\r\n\r\n<h4>Selected publications<\/h4>\r\n\r\n\r\n\r\n<p>Zawieja E, Durkalec-Michalski K, Muzsik-Kazimierska A, Chmurzynska A. The Effect of 3-Week Betaine Supplementation on Blood Biomarkers of Cardiometabolic Health in Young Physically Active Males. Metabolites. 2022 Aug 7;12(8):731.<br \/>Machek SB, Zawieja EE, Heileson JL, Harris DR, Wilburn DT, Fletcher EA, Cholewa JM, Szwengiel A, Chmurzynska A, Willoughby DS. Human Serum Betaine and Associated Biomarker Concentrations Following a 14 Day Supplemental Betaine Loading Protocol and during a 28 Day Washout Period: A Pilot Investigation. Nutrients. 2022 Jan 24;14(3):498. <br \/>Machek SB, Harris DR, Zawieja EE, Heileson JL, Wilburn DT, Radziejewska A, Chmurzynska A, Cholewa JM, Willoughby DS. The Impacts of Combined Blood Flow Restriction Training and Betaine Supplementation on One-Leg Press Muscular Endurance, Exercise-Associated Lactate Concentrations, Serum Metabolic Biomarkers, and Hypoxia-Inducible Factor-1\u03b1 Gene Expression. Nutrients. 2022 Nov 27;14(23):5040.<br \/>Durkalec-Michalski K, Zawieja EE, Zawieja BE, Podg\u00f3rski T. Evaluation of the repeatability and reliability of the cross-training specific Fight Gone Bad workout and its relation to aerobic fitness. Sci Rep. 2021 Mar 31;11(1):7263. <br \/>Durkalec-Michalski K, Zawieja EE, Podg\u00f3rski T, Zawieja BE, Micha\u0142owska P, \u0141oniewski I, Jeszka J. The Effect of a New Sodium Bicarbonate Loading Regimen on Anaerobic Capacity and Wrestling Performance. Nutrients. 2018 May 30;10(6):697.<\/p>\r\n","protected":false},"excerpt":{"rendered":"<p>Education 2022 PhD, Poznan University of Life Sciences, discipline: food technology and nutrition 2017 M.Sc. in dietetics, Poznan University of Life Sciences \u00a0 Research interests \u00a0 nutrition for athletic performance supplementation in sport personalized nutrition for athletes sport physiology Selected&hellip;&nbsp;<a href=\"http:\/\/www1.up.poznan.pl\/kzcid\/en\/emilia-zawieja\/\" class=\"more-link\">Czytaj dalej<\/a><\/p>\n","protected":false},"author":1,"featured_media":0,"parent":0,"menu_order":0,"comment_status":"closed","ping_status":"closed","template":"","meta":[],"_links":{"self":[{"href":"http:\/\/www1.up.poznan.pl\/kzcid\/wp-json\/wp\/v2\/pages\/1496"}],"collection":[{"href":"http:\/\/www1.up.poznan.pl\/kzcid\/wp-json\/wp\/v2\/pages"}],"about":[{"href":"http:\/\/www1.up.poznan.pl\/kzcid\/wp-json\/wp\/v2\/types\/page"}],"author":[{"embeddable":true,"href":"http:\/\/www1.up.poznan.pl\/kzcid\/wp-json\/wp\/v2\/users\/1"}],"replies":[{"embeddable":true,"href":"http:\/\/www1.up.poznan.pl\/kzcid\/wp-json\/wp\/v2\/comments?post=1496"}],"version-history":[{"count":11,"href":"http:\/\/www1.up.poznan.pl\/kzcid\/wp-json\/wp\/v2\/pages\/1496\/revisions"}],"predecessor-version":[{"id":2290,"href":"http:\/\/www1.up.poznan.pl\/kzcid\/wp-json\/wp\/v2\/pages\/1496\/revisions\/2290"}],"wp:attachment":[{"href":"http:\/\/www1.up.poznan.pl\/kzcid\/wp-json\/wp\/v2\/media?parent=1496"}],"curies":[{"name":"wp","href":"https:\/\/api.w.org\/{rel}","templated":true}]}}