{"id":1369,"date":"2022-02-04T11:38:54","date_gmt":"2022-02-04T10:38:54","guid":{"rendered":"http:\/\/www1.up.poznan.pl\/kzcid\/?page_id=1369"},"modified":"2025-10-03T13:41:32","modified_gmt":"2025-10-03T11:41:32","slug":"uczelniana-poradnia-dietetyczna","status":"publish","type":"page","link":"http:\/\/www1.up.poznan.pl\/kzcid\/uczelniana-poradnia-dietetyczna\/","title":{"rendered":"Uczelniana Poradnia Dietetyczna"},"content":{"rendered":"<p>Uczelniana Poradnia Dietetyczna zaprasza na indywidualne konsultacje z zakresu dietetyki dotycz\u0105ce zdrowego stylu \u017cycia i kszta\u0142towania zdrowych nawyk\u00f3w \u017cywieniowych jak i r\u00f3\u017cnych dieto-zale\u017cnych jednostkach chorobowych. Nasza poradnia posiada nowoczesny sprz\u0119t do pomiar\u00f3w sk\u0142adu cia\u0142a (Nutrilab, Tanita v-scan, Bodymetrix).<\/p>\n<p>Je\u015bli jeste\u015b zainteresowany\/a konsultacj\u0105 dietetyczn\u0105, prosimy o kontakt na email: poradnia.dietetyczna@up.poznan.pl<\/p>\n<p>Oferujemy indywidualne podej\u015bcie do ka\u017cdego pacjenta.<br \/>\n\u0141\u0105czymy wiedz\u0119 naukow\u0105 z wiedz\u0105 praktyczn\u0105 dotycz\u0105c\u0105 dietetyki.<br \/>\nDu\u017cy nacisk k\u0142adziemy na edukacj\u0119 \u017cywieniow\u0105.<br \/>\nJeste\u015bmy otwarci na wszelk\u0105 wsp\u00f3\u0142prac\u0119. Zach\u0119camy student\u00f3w do kontaktu.<br \/>\nOpiekunem Poradni jest Pani dietetyk mgr Aleksandra Bykowska-Derda.<\/p>\n<p>Porada dietetyczna z badaniem sk\u0142adu cia\u0142a:<br \/>\nPracownicy i studenci UPP &#8211; us\u0142uga darmowa.<br \/>\nOsoby spoza UPP &#8211; 100 z\u0142<\/p>\n<p>Indywidualny jad\u0142ospis tygodniowy:<br \/>\nPracownicy i studenci UPP &#8211; us\u0142uga darmowa.<br \/>\nOsoby spoza UPP &#8211; 150 z\u0142<\/p>\n<p>ul. Wojska Polskiego 42,<br \/>\n60-624 Pozna\u0144<br \/>\nCentrum Wsparcia i Rozwoju<br \/>\npok\u00f3j 425<\/p>\n<p>poradnia.dietetyczna@up.poznan.pl<br \/>\n+48 61 846 6702<\/p>\n<p><a href=\"https:\/\/www.facebook.com\/profile.php?id=100087591634468\">https:\/\/www.facebook.com\/profile.php?id=100087591634468<\/a><\/p>\n<p><a href=\"http:\/\/www1.up.poznan.pl\/kzcid\/wp-content\/uploads\/2022\/02\/MicrosoftTeams-image-1.jpg\"><img loading=\"lazy\" class=\"size-thumbnail wp-image-1375 alignleft\" src=\"http:\/\/www1.up.poznan.pl\/kzcid\/wp-content\/uploads\/2022\/02\/MicrosoftTeams-image-1-200x250.jpg\" alt=\"\" width=\"200\" height=\"250\" \/><\/a><a href=\"http:\/\/www1.up.poznan.pl\/kzcid\/wp-content\/uploads\/2022\/02\/MicrosoftTeams-image-2.jpg\"><img loading=\"lazy\" class=\"size-thumbnail wp-image-1374 alignleft\" src=\"http:\/\/www1.up.poznan.pl\/kzcid\/wp-content\/uploads\/2022\/02\/MicrosoftTeams-image-2-200x250.jpg\" alt=\"\" width=\"200\" height=\"250\" \/><\/a><br \/>\n<!--nextpage--><\/p>\n","protected":false},"excerpt":{"rendered":"<p>Uczelniana Poradnia Dietetyczna zaprasza na indywidualne konsultacje z zakresu dietetyki dotycz\u0105ce zdrowego stylu \u017cycia i kszta\u0142towania zdrowych nawyk\u00f3w \u017cywieniowych jak i r\u00f3\u017cnych dieto-zale\u017cnych jednostkach chorobowych. Nasza poradnia posiada nowoczesny sprz\u0119t do pomiar\u00f3w sk\u0142adu cia\u0142a (Nutrilab, Tanita v-scan, Bodymetrix). Je\u015bli jeste\u015b&hellip;&nbsp;<a href=\"http:\/\/www1.up.poznan.pl\/kzcid\/uczelniana-poradnia-dietetyczna\/\" class=\"more-link\">Czytaj dalej<\/a><\/p>\n","protected":false},"author":1,"featured_media":0,"parent":0,"menu_order":0,"comment_status":"closed","ping_status":"closed","template":"","meta":[],"_links":{"self":[{"href":"http:\/\/www1.up.poznan.pl\/kzcid\/wp-json\/wp\/v2\/pages\/1369"}],"collection":[{"href":"http:\/\/www1.up.poznan.pl\/kzcid\/wp-json\/wp\/v2\/pages"}],"about":[{"href":"http:\/\/www1.up.poznan.pl\/kzcid\/wp-json\/wp\/v2\/types\/page"}],"author":[{"embeddable":true,"href":"http:\/\/www1.up.poznan.pl\/kzcid\/wp-json\/wp\/v2\/users\/1"}],"replies":[{"embeddable":true,"href":"http:\/\/www1.up.poznan.pl\/kzcid\/wp-json\/wp\/v2\/comments?post=1369"}],"version-history":[{"count":12,"href":"http:\/\/www1.up.poznan.pl\/kzcid\/wp-json\/wp\/v2\/pages\/1369\/revisions"}],"predecessor-version":[{"id":2514,"href":"http:\/\/www1.up.poznan.pl\/kzcid\/wp-json\/wp\/v2\/pages\/1369\/revisions\/2514"}],"wp:attachment":[{"href":"http:\/\/www1.up.poznan.pl\/kzcid\/wp-json\/wp\/v2\/media?parent=1369"}],"curies":[{"name":"wp","href":"https:\/\/api.w.org\/{rel}","templated":true}]}}