{"id":1122,"date":"2020-10-29T22:59:04","date_gmt":"2020-10-29T21:59:04","guid":{"rendered":"http:\/\/www1.up.poznan.pl\/kzcid\/?page_id=1122"},"modified":"2025-10-30T15:25:32","modified_gmt":"2025-10-30T14:25:32","slug":"projects","status":"publish","type":"page","link":"http:\/\/www1.up.poznan.pl\/kzcid\/en\/projects\/","title":{"rendered":"Projects"},"content":{"rendered":"<p>&nbsp;<\/p>\n<table class=\"page-projects\" style=\"width: 99.1995%;\">\n<tbody>\n<tr>\n<td style=\"width: 888px;\"><strong>Title<\/strong><\/td>\n<td style=\"width: 202px;\"><strong style=\"white-space: nowrap;\">Principal investigator<\/strong><\/td>\n<td style=\"width: 143px;\"><strong style=\"white-space: nowrap;\">Project start-end<\/strong><\/td>\n<\/tr>\n<tr>\n<td style=\"width: 888px;\">Ocena zale\u017cno\u015bci pomi\u0119dzy ekspozycj\u0105 na BPA z \u017cywno\u015bci a wyst\u0119powaniem stanu zapalnego w grupie kobiet po menopauzie \u2013 badania przekrojowe<\/td>\n<td style=\"width: 202px;\">Aleksandra Bykowska-Derda<\/td>\n<td style=\"width: 143px;\">2025-2026<\/td>\n<\/tr>\n<tr>\n<td style=\"width: 888px;\">Badanie indeksu glikemicznego dw\u00f3ch rodzaj\u00f3w chleba<\/td>\n<td style=\"width: 202px;\">Agata Chmurzy\u0144ska<\/td>\n<td style=\"width: 143px;\">2025<\/td>\n<\/tr>\n<tr>\n<td style=\"width: 888px;\">Ocena wp\u0142ywu suplementacji aktywatorami sirtuin na parametry kom\u00f3rkowe, metaboliczne i antropometryczne u kobiet<\/td>\n<td style=\"width: 202px;\">Agata Chmurzy\u0144ska<\/td>\n<td style=\"width: 143px;\">2025-2026<\/td>\n<\/tr>\n<tr>\n<td style=\"width: 888px;\">Mikrobiota jelitowa i jej neuroaktywne metabolity w rozwoju zaburze\u0144 nastroju u kobiet z PCOS. Wp\u0142yw czynnik\u00f3w \u017cywieniowych na wyst\u0119powanie tej zale\u017cno\u015bci<\/td>\n<td style=\"width: 202px;\">Joanna Pieczy\u0144ska-Zaj\u0105c<\/td>\n<td style=\"width: 143px;\">2024-2026<\/td>\n<\/tr>\n<tr>\n<td style=\"width: 888px;\">Innowacyjna m\u0105czka na bazie owad\u00f3w jadalnych biofortyfikowanych jodem &#8211; badania wst\u0119pne\/pilota\u017cowe, wyjazd konsultacyjny<\/td>\n<td style=\"width: 202px;\">Jakub Kurek<\/td>\n<td style=\"width: 143px;\">2024-2025<\/td>\n<\/tr>\n<tr>\n<td style=\"width: 888px;\">Badanie spo\u017cycia kofeiny i wyst\u0119powania subiektywnych odczu\u0107 po spo\u017cyciu kofeiny u m\u0142odzie\u017cy \u2013 badanie pilota\u017cowe<\/td>\n<td style=\"width: 202px;\">Ewa Bulczak<\/td>\n<td style=\"width: 143px;\">2024-2025<\/td>\n<\/tr>\n<tr>\n<td style=\"width: 888px;\">Roczna fluktuacja stanu od\u017cywienia witamin\u0105 D student\u00f3w i jego powi\u0105zanie z wyst\u0119powaniem stanu zapalnego, stan\u00f3w depresyjnych i zdolno\u015bciami poznawczymi<\/td>\n<td style=\"width: 202px;\">Emilia <span class=\"markolr618202\" data-markjs=\"true\" data-ogac=\"\" data-ogab=\"\" data-ogsc=\"\" data-ogsb=\"\">Zawieja<\/span><\/td>\n<td style=\"width: 143px;\">2024-2025<\/td>\n<\/tr>\n<tr>\n<td style=\"width: 888px;\">\u017bywieniowe \u017ar\u00f3d\u0142a salicylan\u00f3w a zaburzenia angiogenezy \u0142o\u017cyska w preeklampsji<\/td>\n<td style=\"width: 202px;\">Joanna Suliburska<\/td>\n<td style=\"width: 143px;\">2022-2026<\/td>\n<\/tr>\n<tr>\n<td style=\"width: 888px;\">Ocena wp\u0142ywu equolu na gospodark\u0119 wapnia u szczur\u00f3w owariektomizowanych<\/td>\n<td style=\"width: 202px;\">Natalia Wawrzyniak<\/td>\n<td style=\"width: 143px;\">2022-2025<\/td>\n<\/tr>\n<tr>\n<td style=\"width: 888px;\">Badanie roli niedoboru choliny w diecie w br\u0105zowieniu tkanki t\u0142uszczowej<\/td>\n<td style=\"width: 202px;\">Anna Maria Radziejewska<\/td>\n<td style=\"width: 143px;\">2022-2025<\/td>\n<\/tr>\n<tr>\n<td style=\"width: 888px;\">\u201cDOBRY \u2013 [D]aidzein and pr[OB]iotic fo[R] health[Y]\u201d Po\u0142\u0105czenie daidzeiny i Lactobacillus acidophilus w celu poprawy gospodarki wapnia i zdrowia ko\u015bci<\/td>\n<td style=\"width: 202px;\">Iskandar Azmy Harahap<\/td>\n<td style=\"width: 143px;\">2022-2025<\/td>\n<\/tr>\n<tr>\n<td style=\"width: 888px;\">Analiza mechanizm\u00f3w wp\u0142ywu betainy na metabolizm lipid\u00f3w i sk\u0142ad cia\u0142a<\/td>\n<td style=\"width: 202px;\">Agata Chmurzy\u0144ska<\/td>\n<td style=\"width: 143px;\">2021-2025<\/td>\n<\/tr>\n<tr>\n<td style=\"width: 888px;\">The interactive effect Cr(III) supplementation and diversified Zn content in the diet on the organism and selected behavioral parameters in rats<\/td>\n<td style=\"width: 202px;\">Halina Staniek<\/td>\n<td style=\"width: 143px;\">2020-2021<\/td>\n<\/tr>\n<tr>\n<td style=\"width: 888px;\">EQVEGAN \u2013 European Qualifications &amp; Competences for the Vegan Food Industry<\/td>\n<td style=\"width: 202px;\">Zbigniew Krejpcio<\/td>\n<td style=\"width: 143px;\">2020-2023<\/td>\n<\/tr>\n<tr>\n<td style=\"width: 888px;\">The effect of Colostrum Bovinum supplementation on upper respiratory tract infections rate and selected immunological biomarkers in trained athletes: a randomized, crossover, placebo-controlled, double-blind trial<\/td>\n<td style=\"width: 202px;\">Krzysztof Durkalec-Michalski<\/td>\n<td style=\"width: 143px;\">2020-2022<\/td>\n<\/tr>\n<tr>\n<td style=\"width: 888px;\">Study of the effect of Lactobacillus plantarum ATCC14917 on an iron metabolism in rats on a high fat diet<\/td>\n<td style=\"width: 202px;\">Katarzyna Skrypnik<\/td>\n<td style=\"width: 143px;\">2020-2023<\/td>\n<\/tr>\n<tr>\n<td style=\"width: 888px;\">Research on influence of soy phytoestrogens on regulation of endogenous choline synthesis and accumulation of lipids in the liver<\/td>\n<td style=\"width: 202px;\">Ewelina \u017buk<\/td>\n<td style=\"width: 143px;\">2019-2022<\/td>\n<\/tr>\n<tr>\n<td style=\"width: 888px;\">Assessment of the enzymatic activity of the gut microbiome of obese women with Polycystic Ovarian Syndrome<\/td>\n<td style=\"width: 202px;\">Karolina \u0141agowska<\/td>\n<td style=\"width: 143px;\">2020<\/td>\n<\/tr>\n<tr>\n<td style=\"width: 888px;\">Association between snacking patterns, food choices and metabolic health among peri- and postmenopausal women<\/td>\n<td style=\"width: 202px;\">Aleksandra Skoczek-Rubi\u0144ska<\/td>\n<td style=\"width: 143px;\">2019-2022<\/td>\n<\/tr>\n<tr>\n<td style=\"width: 888px;\">Assessment of combined effect of Ginkgo biloba leaf extract and zinc supplementation on metabolic disorders associated with diabetes<\/td>\n<td style=\"width: 202px;\">Ewelina Kr\u00f3l<\/td>\n<td style=\"width: 143px;\">2019-2020<\/td>\n<\/tr>\n<tr>\n<td style=\"width: 888px;\">Kinetics of changes in buffering potential and concentration of diagnostically significant biochemical indicators in the blood in terms of the level of exercise adaptation of athletes supplemented with sodium bicarbonate<\/td>\n<td style=\"width: 202px;\">Durkalec-Michalski<\/td>\n<td style=\"width: 143px;\">2019-2022<\/td>\n<\/tr>\n<tr>\n<td style=\"width: 888px;\">Evaluation of the impact of exercise\/stress stimuli on the mechanisms and efficacy of beta-hydroxy-beta-methylbutyric acid (HMB) in trained and malnourished subjects<\/td>\n<td style=\"width: 202px;\">Durkalec-Michalski<\/td>\n<td style=\"width: 143px;\">2019-2020<\/td>\n<\/tr>\n<tr>\n<td style=\"width: 888px;\">Effects of betaine supplementation on body composition and sport performance in male speed-strenght trained athlets<\/td>\n<td style=\"width: 202px;\">Emilia Zawieja<\/td>\n<td style=\"width: 143px;\">2018-2021<\/td>\n<\/tr>\n<tr>\n<td style=\"width: 888px;\">Study on the mechanisms of antidiabetic properties of <em>steviol glucosides <\/em>(alone and combined with L-arginine and chromium(III) &#8211; in search for a supplementary formula for diabetics<\/td>\n<td style=\"width: 202px;\">Zbigniew Krejpcio<\/td>\n<td style=\"width: 143px;\">2018-2021<\/td>\n<\/tr>\n<tr>\n<td style=\"width: 888px;\">Influence of maternal choline intake and nonalcoholic fatty liver disease during pregnancy and lactation on endocrine pancreas development in the offspring<\/td>\n<td style=\"width: 202px;\">Joanna Miko\u0142ajczyk-Stecyna<\/td>\n<td style=\"width: 143px;\">2017-2020<\/td>\n<\/tr>\n<tr>\n<td style=\"width: 888px;\">One-carbon metabolism in overweight and obese individuals<\/td>\n<td style=\"width: 202px;\">Monika M\u0142odzik<\/td>\n<td style=\"width: 143px;\">2017-2020<\/td>\n<\/tr>\n<tr>\n<td style=\"width: 888px;\">Gut microbiota as the link between dietary patterns and human metabolism<\/td>\n<td style=\"width: 202px;\">Anna Malinowska<\/td>\n<td style=\"width: 143px;\">2016-2020<\/td>\n<\/tr>\n<tr>\n<td style=\"width: 888px;\">The study of the influence of intestinal and cellular iron and foliate transporters on bioavailability of these mincronutrients in the organism<\/td>\n<td style=\"width: 202px;\">Joanna Suliburska<\/td>\n<td style=\"width: 143px;\">2016-2019<\/td>\n<\/tr>\n<tr>\n<td style=\"width: 888px;\">One-carbon metabolism in postmenopausal women with metabolic syndrome<\/td>\n<td style=\"width: 202px;\">Agata Muzsik-Kazimierska<\/td>\n<td style=\"width: 143px;\">2016-2020<\/td>\n<\/tr>\n<tr>\n<td style=\"width: 888px;\">Relationships between fat discrimination, frequency of eating high-fat foods, and gene polymorphism &#8211; determination of body weight and lipid metabolism<\/td>\n<td style=\"width: 202px;\">Agata Chmurzy\u0144ska<\/td>\n<td style=\"width: 143px;\">2015-2019<\/td>\n<\/tr>\n<\/tbody>\n<\/table>\n<p>&nbsp;<\/p>\n","protected":false},"excerpt":{"rendered":"<p>&nbsp; Title Principal investigator Project start-end Ocena zale\u017cno\u015bci pomi\u0119dzy ekspozycj\u0105 na BPA z \u017cywno\u015bci a wyst\u0119powaniem stanu zapalnego w grupie kobiet po menopauzie \u2013 badania przekrojowe Aleksandra Bykowska-Derda 2025-2026 Badanie indeksu glikemicznego dw\u00f3ch rodzaj\u00f3w chleba Agata Chmurzy\u0144ska 2025 Ocena wp\u0142ywu&hellip;&nbsp;<a href=\"http:\/\/www1.up.poznan.pl\/kzcid\/en\/projects\/\" class=\"more-link\">Czytaj dalej<\/a><\/p>\n","protected":false},"author":1,"featured_media":0,"parent":0,"menu_order":0,"comment_status":"closed","ping_status":"closed","template":"","meta":[],"_links":{"self":[{"href":"http:\/\/www1.up.poznan.pl\/kzcid\/wp-json\/wp\/v2\/pages\/1122"}],"collection":[{"href":"http:\/\/www1.up.poznan.pl\/kzcid\/wp-json\/wp\/v2\/pages"}],"about":[{"href":"http:\/\/www1.up.poznan.pl\/kzcid\/wp-json\/wp\/v2\/types\/page"}],"author":[{"embeddable":true,"href":"http:\/\/www1.up.poznan.pl\/kzcid\/wp-json\/wp\/v2\/users\/1"}],"replies":[{"embeddable":true,"href":"http:\/\/www1.up.poznan.pl\/kzcid\/wp-json\/wp\/v2\/comments?post=1122"}],"version-history":[{"count":16,"href":"http:\/\/www1.up.poznan.pl\/kzcid\/wp-json\/wp\/v2\/pages\/1122\/revisions"}],"predecessor-version":[{"id":2573,"href":"http:\/\/www1.up.poznan.pl\/kzcid\/wp-json\/wp\/v2\/pages\/1122\/revisions\/2573"}],"wp:attachment":[{"href":"http:\/\/www1.up.poznan.pl\/kzcid\/wp-json\/wp\/v2\/media?parent=1122"}],"curies":[{"name":"wp","href":"https:\/\/api.w.org\/{rel}","templated":true}]}}