{"id":1089,"date":"2020-09-29T23:37:00","date_gmt":"2020-09-29T21:37:00","guid":{"rendered":"http:\/\/www1.up.poznan.pl\/kzcid\/?page_id=1089"},"modified":"2025-01-08T12:40:49","modified_gmt":"2025-01-08T11:40:49","slug":"boguslaw-stelcer-en","status":"publish","type":"page","link":"http:\/\/www1.up.poznan.pl\/kzcid\/en\/boguslaw-stelcer-en\/","title":{"rendered":"Bogus\u0142aw Stelcer"},"content":{"rendered":"\r\n<div class=\"wp-block-group\">\r\n<div class=\"wp-block-group__inner-container\">\r\n<div class=\"wp-block-image personal-foto\">\r\n<figure class=\"alignleft size-medium\"><a href=\"http:\/\/www1.up.poznan.pl\/kzcid\/wp-content\/uploads\/2020\/06\/Bogus\u0142aw-Stelcer.jpg\"><img loading=\"lazy\" width=\"231\" height=\"300\" class=\"wp-image-785\" src=\"http:\/\/www1.up.poznan.pl\/kzcid\/wp-content\/uploads\/2020\/06\/Bogus\u0142aw-Stelcer-231x300.jpg\" alt=\"\" srcset=\"http:\/\/www1.up.poznan.pl\/kzcid\/wp-content\/uploads\/2020\/06\/Bogus\u0142aw-Stelcer-231x300.jpg 231w, http:\/\/www1.up.poznan.pl\/kzcid\/wp-content\/uploads\/2020\/06\/Bogus\u0142aw-Stelcer-787x1024.jpg 787w, http:\/\/www1.up.poznan.pl\/kzcid\/wp-content\/uploads\/2020\/06\/Bogus\u0142aw-Stelcer-768x999.jpg 768w, http:\/\/www1.up.poznan.pl\/kzcid\/wp-content\/uploads\/2020\/06\/Bogus\u0142aw-Stelcer-1181x1536.jpg 1181w, http:\/\/www1.up.poznan.pl\/kzcid\/wp-content\/uploads\/2020\/06\/Bogus\u0142aw-Stelcer-208x270.jpg 208w, http:\/\/www1.up.poznan.pl\/kzcid\/wp-content\/uploads\/2020\/06\/Bogus\u0142aw-Stelcer.jpg 1574w\" sizes=\"(max-width: 231px) 100vw, 231px\" \/><\/a><\/figure>\r\n<\/div>\r\n\r\n\r\n\r\n<p>PhD, Research assistant<\/p>\r\n\r\n\r\n\r\n<p>&nbsp;<\/p>\r\n\r\n\r\n\r\n<p><strong>Room:<\/strong> 330<br \/><strong>Phone:<\/strong> +48 61 8466151<br \/><strong>E-mail:<\/strong> <a href=\"mailto:stelcer@up.poznan.pl\" data-rich-text-format-boundary=\"true\">stelcer@up.poznan.pl<\/a><br \/><strong>Consultations:<\/strong> Tuesday 09:00-10:00<\/p>\r\n<\/div>\r\n<\/div>\r\n\r\n\r\n\r\n<h4>Education<\/h4>\r\n\r\n\r\n\r\n<p><strong>2000<\/strong> Ph.D in biology, University of Medical Sciences in Poznan<\/p>\r\n<p><strong>1990<\/strong> M.Sc.in psychology, Adam Mickiewicz Univrsity in Poznan<\/p>\r\n\r\n\r\n\r\n<h4>Research interests<\/h4>\r\n\r\n\r\n\r\n<ul>\r\n<li>research and determinants of health and quality of life in the life cycle,<\/li>\r\n<li>psychological correlates of health promoting behaviors,<\/li>\r\n<li>psychological health resources<\/li>\r\n<\/ul>\r\n\r\n\r\n\r\n<h4>Selected publications<\/h4>\r\n\r\n\r\n\r\n<p>Stelcer B. Personality development and elements of spiritual care at the end of life (in Polish). W: Porozmawiajmy o staro\u015bci&#8230; Pod red.: Beaty Antoszewskiej, Urszuli Bartnikowskiej, Katarzyny \u0106wirynka\u0142o, 2015 Wydawnictwo Uniwersytetu Warmi\u0144sko-Mazurskiego w Olsztynie<\/p>\r\n<p>Stelcer B. Successful aging &#8211; in search of the determinants of life satisfaction among elderly people (in Polish)., 2013 W: Wydawnictwo Naukowe Uniwersytetu Medycznego im. Karola Marcinkowskiego w Poznaniu<\/p>\r\n<p>Stelcer B. Albert Schweitzer&amp;#39;s and Erich Fromm&amp;#39;s vision of healthy man and society. (in Polish), (red.) Stelcer B., Strzelecki W., Cybulski M., Pawlak P.,2013 Wydawnictwo Uniwersytetu Medycznego im. Karola Marcinkowskiego w Poznaniu<\/p>\r\n<p>Stelcer B. Determinants of satisfaction in life and wellbeing in late adult life (in Polish), W: Psychosomatyka, Problemy i kierunki bada\u0144. (red.), Basi\u0144ska M.A., Ratajska A., 2010Wydawnictwo Tekst. Bydgoszcz. Str. 47-70<\/p>\r\n<p>Stelcer, B. Health and old age in Asia &#8211; selected aspects (in Polish),2006 Polski Przegl\u0105d Nauk o Zdrowiu, 3 (8) , 187-190.<\/p>\r\n\r\n\r\n\r\n<p>&nbsp;<\/p>\r\n","protected":false},"excerpt":{"rendered":"<p>Education 2000 Ph.D in biology, University of Medical Sciences in Poznan 1990 M.Sc.in psychology, Adam Mickiewicz Univrsity in Poznan Research interests research and determinants of health and quality of life in the life cycle, psychological correlates of health promoting behaviors,&hellip;&nbsp;<a href=\"http:\/\/www1.up.poznan.pl\/kzcid\/en\/boguslaw-stelcer-en\/\" class=\"more-link\">Czytaj dalej<\/a><\/p>\n","protected":false},"author":1,"featured_media":0,"parent":0,"menu_order":0,"comment_status":"closed","ping_status":"closed","template":"","meta":[],"_links":{"self":[{"href":"http:\/\/www1.up.poznan.pl\/kzcid\/wp-json\/wp\/v2\/pages\/1089"}],"collection":[{"href":"http:\/\/www1.up.poznan.pl\/kzcid\/wp-json\/wp\/v2\/pages"}],"about":[{"href":"http:\/\/www1.up.poznan.pl\/kzcid\/wp-json\/wp\/v2\/types\/page"}],"author":[{"embeddable":true,"href":"http:\/\/www1.up.poznan.pl\/kzcid\/wp-json\/wp\/v2\/users\/1"}],"replies":[{"embeddable":true,"href":"http:\/\/www1.up.poznan.pl\/kzcid\/wp-json\/wp\/v2\/comments?post=1089"}],"version-history":[{"count":5,"href":"http:\/\/www1.up.poznan.pl\/kzcid\/wp-json\/wp\/v2\/pages\/1089\/revisions"}],"predecessor-version":[{"id":2294,"href":"http:\/\/www1.up.poznan.pl\/kzcid\/wp-json\/wp\/v2\/pages\/1089\/revisions\/2294"}],"wp:attachment":[{"href":"http:\/\/www1.up.poznan.pl\/kzcid\/wp-json\/wp\/v2\/media?parent=1089"}],"curies":[{"name":"wp","href":"https:\/\/api.w.org\/{rel}","templated":true}]}}