{"id":1070,"date":"2020-09-29T23:06:23","date_gmt":"2020-09-29T21:06:23","guid":{"rendered":"http:\/\/www1.up.poznan.pl\/kzcid\/?page_id=1070"},"modified":"2025-10-03T13:37:35","modified_gmt":"2025-10-03T11:37:35","slug":"malgorzata-wozniewicz-en","status":"publish","type":"page","link":"http:\/\/www1.up.poznan.pl\/kzcid\/en\/malgorzata-wozniewicz-en\/","title":{"rendered":"Ma\u0142gorzata Wo\u017aniewicz"},"content":{"rendered":"\r\n<div class=\"wp-block-group\">\r\n<div class=\"wp-block-group__inner-container\">\r\n<div class=\"wp-block-image personal-foto\">\r\n<figure class=\"alignleft size-medium\"><a href=\"http:\/\/www1.up.poznan.pl\/kzcid\/wp-content\/uploads\/2020\/06\/Ma\u0142gorzata-Wo\u017aniewicz.jpg\"><img loading=\"lazy\" width=\"248\" height=\"300\" class=\"wp-image-799\" src=\"http:\/\/www1.up.poznan.pl\/kzcid\/wp-content\/uploads\/2020\/06\/Ma\u0142gorzata-Wo\u017aniewicz-248x300.jpg\" alt=\"\" srcset=\"http:\/\/www1.up.poznan.pl\/kzcid\/wp-content\/uploads\/2020\/06\/Ma\u0142gorzata-Wo\u017aniewicz-248x300.jpg 248w, http:\/\/www1.up.poznan.pl\/kzcid\/wp-content\/uploads\/2020\/06\/Ma\u0142gorzata-Wo\u017aniewicz-846x1024.jpg 846w, http:\/\/www1.up.poznan.pl\/kzcid\/wp-content\/uploads\/2020\/06\/Ma\u0142gorzata-Wo\u017aniewicz-768x930.jpg 768w, http:\/\/www1.up.poznan.pl\/kzcid\/wp-content\/uploads\/2020\/06\/Ma\u0142gorzata-Wo\u017aniewicz-1269x1536.jpg 1269w, http:\/\/www1.up.poznan.pl\/kzcid\/wp-content\/uploads\/2020\/06\/Ma\u0142gorzata-Wo\u017aniewicz-223x270.jpg 223w, http:\/\/www1.up.poznan.pl\/kzcid\/wp-content\/uploads\/2020\/06\/Ma\u0142gorzata-Wo\u017aniewicz.jpg 1692w\" sizes=\"(max-width: 248px) 100vw, 248px\" \/><\/a><\/figure>\r\n<\/div>\r\n\r\n\r\n\r\n<p>PhD, Professor assistant, Head of team<\/p>\r\n\r\n\r\n\r\n\r\n\r\n<p data-select-like-a-boss=\"1\">\u00a0<\/p>\r\n<p data-select-like-a-boss=\"1\"><strong>Room:<\/strong> 237<br \/><strong>Phone:<\/strong> +48 61 8487338<br \/><strong>E-mail:<\/strong> <a href=\"mailto:malgorzata.wozniewicz@up.poznan.pl\" data-rich-text-format-boundary=\"true\">malgorzata.wozniewicz@up.poznan.pl<\/a><br \/><strong>Consultations:<\/strong> date to be arranged individually<\/p>\r\n<p data-select-like-a-boss=\"1\">\u00a0<\/p>\r\n<\/div>\r\n<\/div>\r\n\r\n\r\n\r\n<h4>Education<\/h4>\r\n\r\n\r\n\r\n<p><strong>2014<\/strong> habilitation in agricultural sciences, majoring in human nutrition, Poznan University of Life Sciences<\/p>\r\n<p><strong>2000<\/strong> PhD in agricultural sciences, majoring in human nutrition, Agricultural University of Poznan<\/p>\r\n<p><strong>1992<\/strong> MSc food technology and human nutrition, Agricultural University of Poznan<\/p>\r\n\r\n\r\n\r\n<h4>Research interests<\/h4>\r\n\r\n\r\n\r\n<ul>\r\n<li>nutritional habits of the elderly, including dietary patterns, and their relationship with nutritional status, biochemical and clinical indicators, as well as motor skills and cognitive performance;<\/li>\r\n<li>the impact of psychological and physiological stress on, nutritional habits, excessive body weight and markers of inflammation;<\/li>\r\n<li>assessment of the effectiveness of bioactive ingredients, when used as food supplements or as a food components in the context of supporting dietotherapy of various diseases and in immunonutrition for individuals with increased physical activity;<\/li>\r\n<li>assessment of the risk of dehydration in various population groups and its impact on functional, biochemical and clinical outcomes.<\/li>\r\n<\/ul>\r\n\r\n\r\n\r\n<h4>Selected publication<\/h4>\r\n\r\n\r\n\r\n<p>Jamka M., Wo\u017aniewicz M., Walkowiak J., Bogda\u0144ski P., Jeszka J., Stelmach-Mardas M. The effect of vitamin D supplementation on selected inflammatory biomarkers in obese and overweight subjects: a systematic review with meta-analysis. Eur J Nutr. 2015; (Epub ahead of print; DOI 10.1007\/s00394-015-1089-5).<br \/>Jamka M., Wo\u017aniewicz M., Jeszka J., Mardas M., Bogda\u0144ski P., Stelmach- Mardas M. The effect of vitamin D supplementation on insulin and glucose metabolism in overweight and obese individuals: systematic review with metaanalysis. Sci Rep. 2015; 5: 16142.<br \/>Bajerska J., Wo\u017aniewicz M., Suwalska A., Jeszka J. Eating patterns are associated with cognitive function in the elderly from rural areas at risk of metabolic syndrome. Eur Rev Med Pharmacol Sci. 2014; 18 (21): 3234-3245.<br \/>Morinaka T., Wo\u017aniewicz M., Jeszka J., Bajerska J., Nowaczyk P., Sone Y. Westernization of dietary patterns among young Japanese and Polish females \u2013 a comparison study. Ann Agr Env Med. 2013; 20 (1): 122-130.<br \/>Bajerska J., Wo\u017aniewicz M., Jeszka J., Drzyma\u0142a-Czy\u017c S., Walkowiak J. Green tea aqueous extract reduces visceral fat and decreases protein availability in rats fed with a high-fat diet. Nutr Res. 2011; 31 (2): 157-164.<\/p>\r\n\r\n<div id=\"gtx-trans\" style=\"position: absolute; left: 141px; top: 555.328px;\">\r\n<div class=\"gtx-trans-icon\">\u00a0<\/div>\r\n<\/div>","protected":false},"excerpt":{"rendered":"<p>Education 2014 habilitation in agricultural sciences, majoring in human nutrition, Poznan University of Life Sciences 2000 PhD in agricultural sciences, majoring in human nutrition, Agricultural University of Poznan 1992 MSc food technology and human nutrition, Agricultural University of Poznan Research&hellip;&nbsp;<a href=\"http:\/\/www1.up.poznan.pl\/kzcid\/en\/malgorzata-wozniewicz-en\/\" class=\"more-link\">Czytaj dalej<\/a><\/p>\n","protected":false},"author":1,"featured_media":0,"parent":0,"menu_order":0,"comment_status":"closed","ping_status":"closed","template":"","meta":[],"_links":{"self":[{"href":"http:\/\/www1.up.poznan.pl\/kzcid\/wp-json\/wp\/v2\/pages\/1070"}],"collection":[{"href":"http:\/\/www1.up.poznan.pl\/kzcid\/wp-json\/wp\/v2\/pages"}],"about":[{"href":"http:\/\/www1.up.poznan.pl\/kzcid\/wp-json\/wp\/v2\/types\/page"}],"author":[{"embeddable":true,"href":"http:\/\/www1.up.poznan.pl\/kzcid\/wp-json\/wp\/v2\/users\/1"}],"replies":[{"embeddable":true,"href":"http:\/\/www1.up.poznan.pl\/kzcid\/wp-json\/wp\/v2\/comments?post=1070"}],"version-history":[{"count":5,"href":"http:\/\/www1.up.poznan.pl\/kzcid\/wp-json\/wp\/v2\/pages\/1070\/revisions"}],"predecessor-version":[{"id":2509,"href":"http:\/\/www1.up.poznan.pl\/kzcid\/wp-json\/wp\/v2\/pages\/1070\/revisions\/2509"}],"wp:attachment":[{"href":"http:\/\/www1.up.poznan.pl\/kzcid\/wp-json\/wp\/v2\/media?parent=1070"}],"curies":[{"name":"wp","href":"https:\/\/api.w.org\/{rel}","templated":true}]}}