{"id":1048,"date":"2020-09-29T22:08:45","date_gmt":"2020-09-29T20:08:45","guid":{"rendered":"http:\/\/www1.up.poznan.pl\/kzcid\/?page_id=1048"},"modified":"2025-10-03T10:41:23","modified_gmt":"2025-10-03T08:41:23","slug":"agata-muzsik-en","status":"publish","type":"page","link":"http:\/\/www1.up.poznan.pl\/kzcid\/en\/agata-muzsik-en\/","title":{"rendered":"Agata Muzsik-Kazimierska"},"content":{"rendered":"\r\n<div class=\"wp-block-group\">\r\n<div class=\"wp-block-group__inner-container\">\r\n<div class=\"wp-block-image personal-foto\">\r\n<figure class=\"alignleft size-medium\"><a href=\"http:\/\/www1.up.poznan.pl\/kzcid\/wp-content\/uploads\/2020\/06\/Agata-Muzsik.jpg\"><img loading=\"lazy\" width=\"237\" height=\"300\" class=\"wp-image-690\" src=\"http:\/\/www1.up.poznan.pl\/kzcid\/wp-content\/uploads\/2020\/06\/Agata-Muzsik-237x300.jpg\" alt=\"\" srcset=\"http:\/\/www1.up.poznan.pl\/kzcid\/wp-content\/uploads\/2020\/06\/Agata-Muzsik-237x300.jpg 237w, http:\/\/www1.up.poznan.pl\/kzcid\/wp-content\/uploads\/2020\/06\/Agata-Muzsik-811x1024.jpg 811w, http:\/\/www1.up.poznan.pl\/kzcid\/wp-content\/uploads\/2020\/06\/Agata-Muzsik-768x970.jpg 768w, http:\/\/www1.up.poznan.pl\/kzcid\/wp-content\/uploads\/2020\/06\/Agata-Muzsik-1216x1536.jpg 1216w, http:\/\/www1.up.poznan.pl\/kzcid\/wp-content\/uploads\/2020\/06\/Agata-Muzsik-214x270.jpg 214w, http:\/\/www1.up.poznan.pl\/kzcid\/wp-content\/uploads\/2020\/06\/Agata-Muzsik.jpg 1621w\" sizes=\"(max-width: 237px) 100vw, 237px\" \/><\/a><\/figure>\r\n<\/div>\r\n\r\n\r\n\r\n<p>PhD, Assistant Professor<\/p>\r\n\r\n\r\n\r\n<p>&nbsp;<\/p>\r\n\r\n\r\n\r\n<p><strong>Room: <\/strong>229.2<br \/><strong>Phone:<\/strong> +48 618487333<br \/><strong>E-mail:<\/strong>\u00a0<a href=\"mailto:agata.muzsik@up.poznan.pl\">agata.muzsik@up.poznan.pl<\/a><br \/><strong>Consultations:<\/strong> Wednesday 10:00-11:00<br \/><br \/><\/p>\r\n<\/div>\r\n<\/div>\r\n\r\n\r\n\r\n<h4>Education<\/h4>\r\n\r\n\r\n\r\n<p><strong>2014-2020 <\/strong>Pozna\u0144 University of Life Sciences<\/p>\r\n\r\n\r\n\r\n<p><strong>2014<\/strong> dietetics, Pozna\u0144 University of Life Sciences<\/p>\r\n\r\n\r\n\r\n<p><strong>2012<\/strong> dietetics, Pozna\u0144 University of Life Sciences<\/p>\r\n\r\n\r\n\r\n<h4 data-select-like-a-boss=\"1\">Selected publications<\/h4>\r\n\r\n\r\n\r\n<p>Chmurzynska A, Muzsik A, Bajerska J, Jele\u0144 H, Walkowiak J, Krzy\u017canowska-Jankowska P, Bajerska J. PPARG and FTO polymorphism can modulate the outcomes of a central European diet and a Mediterranean diet in centrally obese postmenopausal women. Nutrition Research<br \/><br \/>Muzsik A, Bajerska J, Jele\u0144 H, Walkowiak J, Krzy\u017canowska-Jankowska P, Chmurzynska A. FADS1 and FADS2 polymorphism are associated with changes in fatty acid concentrations after calorie-restricted Central European and Mediterranean diets. Menopause: September 16, 2019 &#8211; Volume Publish Ahead of Print &#8211; Issue &#8211; p<br \/><br \/>Chmurzynska A, Muzsik A, Krzy\u017canowska-Jankowska P, Walkowiak J, Bajerska J. The Effect of Habitual Fat Intake, IL6 Polymorphism, and Different Diet Strategies on Inflammation in Postmenopausal Women with Central Obesity. Nutrients. 2019 Jul 10;11(7). pii: E1557.<br \/><br \/>Muzsik A, Bajerska J, Jele\u0144 HH, Gaca A, Chmurzynska A. Associations between Fatty Acid Intake and Status, Desaturase Activities, and FADS Gene Polymorphism in Centrally Obese Postmenopausal Polish Women. Nutrients. 2018 Aug 10;10(8)<br \/><br \/>Bajerska J, Chmurzynska A, Muzsik A, Krzyzanowska P, Madry E, Malinowska AM, Walkowiak J. Weight loss and metabolic health effects from energy-restricted Mediterranean and Central-European diets in postmenopausal women: A randomized controlled trial. Scientific Reports volume 8, 11170 (2018)<\/p>\r\n\r\n\r\n\r\n<p>&nbsp;<\/p>\r\n","protected":false},"excerpt":{"rendered":"<p>Education 2014-2020 Pozna\u0144 University of Life Sciences 2014 dietetics, Pozna\u0144 University of Life Sciences 2012 dietetics, Pozna\u0144 University of Life Sciences Selected publications Chmurzynska A, Muzsik A, Bajerska J, Jele\u0144 H, Walkowiak J, Krzy\u017canowska-Jankowska P, Bajerska J. PPARG and FTO&hellip;&nbsp;<a href=\"http:\/\/www1.up.poznan.pl\/kzcid\/en\/agata-muzsik-en\/\" class=\"more-link\">Czytaj dalej<\/a><\/p>\n","protected":false},"author":1,"featured_media":0,"parent":0,"menu_order":0,"comment_status":"closed","ping_status":"closed","template":"","meta":[],"_links":{"self":[{"href":"http:\/\/www1.up.poznan.pl\/kzcid\/wp-json\/wp\/v2\/pages\/1048"}],"collection":[{"href":"http:\/\/www1.up.poznan.pl\/kzcid\/wp-json\/wp\/v2\/pages"}],"about":[{"href":"http:\/\/www1.up.poznan.pl\/kzcid\/wp-json\/wp\/v2\/types\/page"}],"author":[{"embeddable":true,"href":"http:\/\/www1.up.poznan.pl\/kzcid\/wp-json\/wp\/v2\/users\/1"}],"replies":[{"embeddable":true,"href":"http:\/\/www1.up.poznan.pl\/kzcid\/wp-json\/wp\/v2\/comments?post=1048"}],"version-history":[{"count":11,"href":"http:\/\/www1.up.poznan.pl\/kzcid\/wp-json\/wp\/v2\/pages\/1048\/revisions"}],"predecessor-version":[{"id":2484,"href":"http:\/\/www1.up.poznan.pl\/kzcid\/wp-json\/wp\/v2\/pages\/1048\/revisions\/2484"}],"wp:attachment":[{"href":"http:\/\/www1.up.poznan.pl\/kzcid\/wp-json\/wp\/v2\/media?parent=1048"}],"curies":[{"name":"wp","href":"https:\/\/api.w.org\/{rel}","templated":true}]}}