{"id":1036,"date":"2020-09-29T21:48:13","date_gmt":"2020-09-29T19:48:13","guid":{"rendered":"http:\/\/www1.up.poznan.pl\/kzcid\/?page_id=1036"},"modified":"2025-10-03T10:37:23","modified_gmt":"2025-10-03T08:37:23","slug":"jacek-t-aniola-en","status":"publish","type":"page","link":"http:\/\/www1.up.poznan.pl\/kzcid\/en\/jacek-t-aniola-en\/","title":{"rendered":"Jacek T. Anio\u0142a"},"content":{"rendered":"\r\n<div class=\"wp-block-group\">\r\n<div class=\"wp-block-group__inner-container\">\r\n<div class=\"wp-block-image personal-foto\">\r\n<figure class=\"alignleft size-medium\"><a href=\"http:\/\/www1.up.poznan.pl\/kzcid\/wp-content\/uploads\/2020\/06\/Jacek-Anio\u0142a.jpg\"><img loading=\"lazy\" width=\"237\" height=\"300\" class=\"wp-image-704\" src=\"http:\/\/www1.up.poznan.pl\/kzcid\/wp-content\/uploads\/2020\/06\/Jacek-Anio\u0142a-237x300.jpg\" alt=\"\" srcset=\"http:\/\/www1.up.poznan.pl\/kzcid\/wp-content\/uploads\/2020\/06\/Jacek-Anio\u0142a-237x300.jpg 237w, http:\/\/www1.up.poznan.pl\/kzcid\/wp-content\/uploads\/2020\/06\/Jacek-Anio\u0142a-808x1024.jpg 808w, http:\/\/www1.up.poznan.pl\/kzcid\/wp-content\/uploads\/2020\/06\/Jacek-Anio\u0142a-768x974.jpg 768w, http:\/\/www1.up.poznan.pl\/kzcid\/wp-content\/uploads\/2020\/06\/Jacek-Anio\u0142a-1211x1536.jpg 1211w, http:\/\/www1.up.poznan.pl\/kzcid\/wp-content\/uploads\/2020\/06\/Jacek-Anio\u0142a-213x270.jpg 213w, http:\/\/www1.up.poznan.pl\/kzcid\/wp-content\/uploads\/2020\/06\/Jacek-Anio\u0142a.jpg 1615w\" sizes=\"(max-width: 237px) 100vw, 237px\" \/><\/a><\/figure>\r\n<\/div>\r\n\r\n\r\n\r\n<p>PhD, Assistant Professor<\/p>\r\n\r\n\r\n\r\n<p><br \/><strong>Room: <\/strong>229<br \/><strong>Phone:<\/strong> +48 61 848 7873<br \/><strong>E-mail:<\/strong>\u00a0<a href=\"mailto:jacek.aniola@up.poznan.pl\">jacek.aniola@up.poznan.pl<\/a><br \/><strong>Consultations: <\/strong>Friday 11:30-13:00<\/p>\r\n<\/div>\r\n<\/div>\r\n\r\n\r\n\r\n<h4>Education<\/h4>\r\n\r\n\r\n\r\n<p><strong>2015<\/strong>\u00a0habilitation in agricultural sciences, majoring in human nutrition, Pozna\u0144 University of<br \/>Life Sciences<br \/><strong>1997<\/strong> Ph.D. in food and nutrition technology, majoring in human nutrition, Agricultural<br \/>University of Poznan<\/p>\r\n\r\n\r\n\r\n<h4>Research interests<\/h4>\r\n\r\n\r\n\r\n<ul>\r\n<li>dietary fiber,<\/li>\r\n<li>tocopherols,<\/li>\r\n<li>photodynamic therapy (PDT),<\/li>\r\n<li>cancer,<\/li>\r\n<li>food preferences,<\/li>\r\n<li>phytomelatonin<\/li>\r\n<\/ul>\r\n\r\n\r\n\r\n<h4>Selected publications<\/h4>\r\n\r\n\r\n\r\n<p>Kiryluk J., Kawka A., Gasiorowski H., Chalcarz A., <strong>Aniola J<\/strong>.: Milling of barley to obtain \u03b2-glucan enriched. Nahrung 2000, 44(4): 238-241.\u00a0<\/p>\r\n\r\n\r\n\r\n<p><strong>Aniola J<\/strong>., Selman S.H., Lilge L., Keck R., Jankun J.: Spatial distribution of liposome encapsulated tin etiopurpurin dichloride (SnET2) in the canine prostate: Implications for computer simulation of photodynamic therapy. Int. J Molec. Med., 2003, 11: 287-291.\u00a0<\/p>\r\n\r\n\r\n\r\n<p>\u00a0Jankun J., Selman S. H, <strong>Aniola J<\/strong>., Skrzypczak-Jankun E.: Nutraceutical inhibitors of urokinase: potential applications in prostate cancer prevention and treatment. Oncology reports, 2006, 16 (2): 341-6.<\/p>\r\n\r\n\r\n\r\n<p>\u00a0Le Thanh Blicharz J. (30%), <strong>Anio\u0142a J<\/strong>. (20%), Kowalczewski P. (10%), Przygo\u0144ski K. (10%), Zaborowska Z. (10%) Lewandowicz G. (20%),: Type IV resistant starch increases cecum short chain fatty acids level in rats. Acta Biochimica Polonica, 2014, 61 (1), 109-114.\u00a0<\/p>\r\n\r\n\r\n\r\n<p><strong>Anio\u0142a J.:<\/strong> Badania nad fizykochemicznymi i biologicznymi w\u0142a\u015bciwo\u015bciami mikronizowanych preparat\u00f3w wysokob\u0142onnikowych w aspekcie ich zastosowania w leczeniu oraz profilaktyce chor\u00f3b dietozale\u017cnych. Rozpr. Nauk. 476, UP Pozna\u0144 2014.<\/p>\r\n","protected":false},"excerpt":{"rendered":"<p>Education 2015\u00a0habilitation in agricultural sciences, majoring in human nutrition, Pozna\u0144 University ofLife Sciences1997 Ph.D. in food and nutrition technology, majoring in human nutrition, AgriculturalUniversity of Poznan Research interests dietary fiber, tocopherols, photodynamic therapy (PDT), cancer, food preferences, phytomelatonin Selected publications&hellip;&nbsp;<a href=\"http:\/\/www1.up.poznan.pl\/kzcid\/en\/jacek-t-aniola-en\/\" class=\"more-link\">Czytaj dalej<\/a><\/p>\n","protected":false},"author":1,"featured_media":0,"parent":0,"menu_order":0,"comment_status":"closed","ping_status":"closed","template":"","meta":[],"_links":{"self":[{"href":"http:\/\/www1.up.poznan.pl\/kzcid\/wp-json\/wp\/v2\/pages\/1036"}],"collection":[{"href":"http:\/\/www1.up.poznan.pl\/kzcid\/wp-json\/wp\/v2\/pages"}],"about":[{"href":"http:\/\/www1.up.poznan.pl\/kzcid\/wp-json\/wp\/v2\/types\/page"}],"author":[{"embeddable":true,"href":"http:\/\/www1.up.poznan.pl\/kzcid\/wp-json\/wp\/v2\/users\/1"}],"replies":[{"embeddable":true,"href":"http:\/\/www1.up.poznan.pl\/kzcid\/wp-json\/wp\/v2\/comments?post=1036"}],"version-history":[{"count":9,"href":"http:\/\/www1.up.poznan.pl\/kzcid\/wp-json\/wp\/v2\/pages\/1036\/revisions"}],"predecessor-version":[{"id":2480,"href":"http:\/\/www1.up.poznan.pl\/kzcid\/wp-json\/wp\/v2\/pages\/1036\/revisions\/2480"}],"wp:attachment":[{"href":"http:\/\/www1.up.poznan.pl\/kzcid\/wp-json\/wp\/v2\/media?parent=1036"}],"curies":[{"name":"wp","href":"https:\/\/api.w.org\/{rel}","templated":true}]}}