{"id":1033,"date":"2020-09-29T21:44:24","date_gmt":"2020-09-29T19:44:24","guid":{"rendered":"http:\/\/www1.up.poznan.pl\/kzcid\/?page_id=1033"},"modified":"2023-02-23T14:14:52","modified_gmt":"2023-02-23T13:14:52","slug":"jolanta-czarnocinska-en","status":"publish","type":"page","link":"http:\/\/www1.up.poznan.pl\/kzcid\/en\/jolanta-czarnocinska-en\/","title":{"rendered":"Jolanta Czarnoci\u0144ska"},"content":{"rendered":"\r\n<div class=\"wp-block-group\">\r\n<div class=\"wp-block-group__inner-container\">\r\n<div class=\"wp-block-image personal-foto\">\r\n<figure class=\"alignleft size-medium\"><a href=\"http:\/\/www1.up.poznan.pl\/kzcid\/wp-content\/uploads\/2020\/06\/Jolanta-Czarnoci\u0144ska.jpg\"><img loading=\"lazy\" width=\"243\" height=\"300\" class=\"wp-image-699\" src=\"http:\/\/www1.up.poznan.pl\/kzcid\/wp-content\/uploads\/2020\/06\/Jolanta-Czarnoci\u0144ska-243x300.jpg\" alt=\"\" srcset=\"http:\/\/www1.up.poznan.pl\/kzcid\/wp-content\/uploads\/2020\/06\/Jolanta-Czarnoci\u0144ska-243x300.jpg 243w, http:\/\/www1.up.poznan.pl\/kzcid\/wp-content\/uploads\/2020\/06\/Jolanta-Czarnoci\u0144ska-828x1024.jpg 828w, http:\/\/www1.up.poznan.pl\/kzcid\/wp-content\/uploads\/2020\/06\/Jolanta-Czarnoci\u0144ska-768x950.jpg 768w, http:\/\/www1.up.poznan.pl\/kzcid\/wp-content\/uploads\/2020\/06\/Jolanta-Czarnoci\u0144ska-1242x1536.jpg 1242w, http:\/\/www1.up.poznan.pl\/kzcid\/wp-content\/uploads\/2020\/06\/Jolanta-Czarnoci\u0144ska-218x270.jpg 218w, http:\/\/www1.up.poznan.pl\/kzcid\/wp-content\/uploads\/2020\/06\/Jolanta-Czarnoci\u0144ska.jpg 1656w\" sizes=\"(max-width: 243px) 100vw, 243px\" \/><\/a><\/figure>\r\n<\/div>\r\n\r\n\r\n\r\n<p>PhD, Professor associate<\/p>\r\n\r\n\r\n\r\n<p><br \/><strong>Room: <\/strong>236<br \/><strong>Phone:<\/strong>\u00a0 +48 61 8487337<br \/><strong>E-mail:<\/strong>\u00a0<a href=\"mailto:jolanta.czarnocinska@up.poznan.pl\">jolanta.czarnocinska@up.poznan.pl<\/a><br \/><br \/><\/p>\r\n<\/div>\r\n<\/div>\r\n\r\n\r\n\r\n<h4 data-select-like-a-boss=\"1\">Education<\/h4>\r\n\r\n\r\n\r\n<p><strong>2009<\/strong>\u00a0Habilitation in agricultural sciences, majoring in human nutrition, Poznan University of Life Scinces<\/p>\r\n\r\n\r\n\r\n<h4 data-select-like-a-boss=\"1\">Research interests<\/h4>\r\n\r\n\r\n\r\n<ul>\r\n<li>relations between food preference and health,<\/li>\r\n<li>relations between nutritional behavior and body mass, attitude to health and nutrition<\/li>\r\n<\/ul>\r\n\r\n\r\n\r\n<h4 data-select-like-a-boss=\"1\">Selected publications<\/h4>\r\n\r\n\r\n\r\n<p><strong>Czarnocinska J<\/strong>, Wadolowska L, Lonnie M, Kowalkowska J, Jezewska-Zychowicz M, Babicz-Zielinska E. Regional and Socioeconomic Variations in Dietary Patterns in a Representative Sample of Young Polish Females: A Cross-Sectional Study (GEBaHealth Project). Nutr J. 2020 Apr 3;19(1):26.<\/p>\r\n\r\n\r\n\r\n<p><strong>Czarnoci\u0144ska J.,<\/strong> Je\u017cewska-Zychowicz M., Babicz-Zieli\u0144ska E., Kowalkowska J., W\u0105do\u0142owska L.: Postawy wzgl\u0119dem \u017cywno\u015bci, \u017cywienia i zdrowia a zachowania \u017cywieniowe dziewcz\u0105t i m\u0142odych kobiet w Polsce. Wyd. UWM, 1-113, Olsztyn 2013.<\/p>\r\n\r\n\r\n\r\n<p>Wadolowska L., Kowalkowska J., Lonnie M., <strong>Czarnocinska J<\/strong>., Jezewska-Zychowicz M., Babicz-Zielinska E.: Associations between physical activity patterns and dietary patterns in a representative sample of Polish girls aged 13-21 years: a cross-sectional study (GEBaHealth Project). BMC Public Health, 16, 698 (14 pages), 2016.<\/p>\r\n\r\n\r\n\r\n<p>Jezewska-Zychowicz M., Wadolowska L., Kowalkowska J., Lonnie M., <strong>Czarnocinska J.,<\/strong> Babicz-Zielinska E.: Perceived health and nutrition concerns as predictors of dietary patterns among Polish females aged 13\u201321 Years (GEBaHealth Project). Nutrients, 9, 6, art. no. 613, 2017.<br \/><br \/>Wadolowska L., Kowalkowska J., <strong>Czarnocinska J<\/strong>., Jezewska-Zychowicz M., Babicz-Zielinska E.: Comparing dietary patterns derived by two methods and their associations with obesity in Polish girls aged 13\u201321 years: the cross-sectional GEBaHealth study. Perspect. Public Health, 137, 3, 182-189, 2017.<\/p>\r\n","protected":false},"excerpt":{"rendered":"<p>Education 2009\u00a0Habilitation in agricultural sciences, majoring in human nutrition, Poznan University of Life Scinces Research interests relations between food preference and health, relations between nutritional behavior and body mass, attitude to health and nutrition Selected publications Czarnocinska J, Wadolowska L,&hellip;&nbsp;<a href=\"http:\/\/www1.up.poznan.pl\/kzcid\/en\/jolanta-czarnocinska-en\/\" class=\"more-link\">Czytaj dalej<\/a><\/p>\n","protected":false},"author":1,"featured_media":0,"parent":0,"menu_order":0,"comment_status":"closed","ping_status":"closed","template":"","meta":[],"_links":{"self":[{"href":"http:\/\/www1.up.poznan.pl\/kzcid\/wp-json\/wp\/v2\/pages\/1033"}],"collection":[{"href":"http:\/\/www1.up.poznan.pl\/kzcid\/wp-json\/wp\/v2\/pages"}],"about":[{"href":"http:\/\/www1.up.poznan.pl\/kzcid\/wp-json\/wp\/v2\/types\/page"}],"author":[{"embeddable":true,"href":"http:\/\/www1.up.poznan.pl\/kzcid\/wp-json\/wp\/v2\/users\/1"}],"replies":[{"embeddable":true,"href":"http:\/\/www1.up.poznan.pl\/kzcid\/wp-json\/wp\/v2\/comments?post=1033"}],"version-history":[{"count":3,"href":"http:\/\/www1.up.poznan.pl\/kzcid\/wp-json\/wp\/v2\/pages\/1033\/revisions"}],"predecessor-version":[{"id":1582,"href":"http:\/\/www1.up.poznan.pl\/kzcid\/wp-json\/wp\/v2\/pages\/1033\/revisions\/1582"}],"wp:attachment":[{"href":"http:\/\/www1.up.poznan.pl\/kzcid\/wp-json\/wp\/v2\/media?parent=1033"}],"curies":[{"name":"wp","href":"https:\/\/api.w.org\/{rel}","templated":true}]}}