{"id":1013,"date":"2020-09-05T22:54:38","date_gmt":"2020-09-05T20:54:38","guid":{"rendered":"http:\/\/www1.up.poznan.pl\/kzcid\/?page_id=1013"},"modified":"2026-04-01T15:02:01","modified_gmt":"2026-04-01T13:02:01","slug":"nutrition-and-nutrigenomics-team","status":"publish","type":"page","link":"http:\/\/www1.up.poznan.pl\/kzcid\/en\/nutrition-and-nutrigenomics-team\/","title":{"rendered":"Nutrition and Nutrigenomics Team"},"content":{"rendered":"<table class=\"team-table\" style=\"width: 569px;\">\n<tbody>\n<tr>\n<td style=\"width: 205px;\" rowspan=\"2\"><a class=\"hoverZoomLink\" href=\"http:\/\/www1.up.poznan.pl\/kzcid\/wp-content\/uploads\/2020\/06\/Agata-Chmurzy\u0144ska.jpg\"><img loading=\"lazy\" class=\"hoverZoomLink wp-image-689 size-thumbnail aligncenter\" src=\"http:\/\/www1.up.poznan.pl\/kzcid\/wp-content\/uploads\/2020\/06\/Agata-Chmurzy\u0144ska-200x250.jpg\" alt=\"\" width=\"200\" height=\"250\" srcset=\"http:\/\/www1.up.poznan.pl\/kzcid\/wp-content\/uploads\/2020\/06\/Agata-Chmurzy\u0144ska-200x250.jpg 200w, http:\/\/www1.up.poznan.pl\/kzcid\/wp-content\/uploads\/2020\/06\/Agata-Chmurzy\u0144ska-240x300.jpg 240w, http:\/\/www1.up.poznan.pl\/kzcid\/wp-content\/uploads\/2020\/06\/Agata-Chmurzy\u0144ska-820x1024.jpg 820w, http:\/\/www1.up.poznan.pl\/kzcid\/wp-content\/uploads\/2020\/06\/Agata-Chmurzy\u0144ska-768x959.jpg 768w, http:\/\/www1.up.poznan.pl\/kzcid\/wp-content\/uploads\/2020\/06\/Agata-Chmurzy\u0144ska-1230x1536.jpg 1230w, http:\/\/www1.up.poznan.pl\/kzcid\/wp-content\/uploads\/2020\/06\/Agata-Chmurzy\u0144ska-216x270.jpg 216w, http:\/\/www1.up.poznan.pl\/kzcid\/wp-content\/uploads\/2020\/06\/Agata-Chmurzy\u0144ska.jpg 1640w\" sizes=\"(max-width: 200px) 100vw, 200px\" \/><\/a><\/td>\n<td class=\"person-name\" style=\"width: 364px;\"><strong>Agata Chmurzy\u0144ska<\/strong><\/td>\n<\/tr>\n<tr>\n<td class=\"person-desc\" style=\"width: 364px;\">Full Professor, Head of Team<\/p>\n<p><strong><span style=\"font-family: inherit; font-size: inherit;\">Room<\/span><\/strong><span style=\"font-family: inherit; font-size: inherit; font-weight: inherit;\"><strong>:<\/strong> 236<br \/>\n<\/span><strong><span style=\"font-family: inherit; font-size: inherit;\">Phone<\/span><\/strong><span style=\"font-family: inherit; font-size: inherit; font-weight: inherit;\">: +48 61 846 6181<br \/>\n<\/span><strong><span style=\"font-family: inherit; font-size: inherit;\">E-mail<\/span><\/strong><span style=\"font-family: inherit; font-size: inherit; font-weight: inherit;\"><strong>:<\/strong> <a href=\"mailto:agata.chmurzynska@up.poznan.pl\">agata.chmurzynska@up.poznan.pl<\/a><br \/>\n<\/span><strong><span style=\"font-family: inherit; font-size: inherit;\">Consultations:<\/span><\/strong><span style=\"font-family: inherit; font-size: inherit; font-weight: inherit;\"> Mondays 10:00-11:00<br \/>\n<\/span><a href=\"http:\/\/www1.up.poznan.pl\/kzcid\/en\/agata-chmurzynska-en\/\">more&#8230;<\/a><\/td>\n<\/tr>\n<tr>\n<td style=\"width: 569px;\" colspan=\"2\">\n<hr \/>\n<\/td>\n<\/tr>\n<tr>\n<td style=\"width: 205px;\" rowspan=\"2\"><a class=\"hoverZoomLink\" href=\"http:\/\/www1.up.poznan.pl\/kzcid\/wp-content\/uploads\/2020\/06\/prof_gawecki.jpg\"><img loading=\"lazy\" class=\"wp-image-557 size-thumbnail hoverZoomLink aligncenter\" src=\"http:\/\/www1.up.poznan.pl\/kzcid\/wp-content\/uploads\/2020\/06\/prof_gawecki-200x250.jpg\" alt=\"\" width=\"200\" height=\"250\" \/><\/a><\/td>\n<td class=\"person-name\" style=\"width: 364px;\"><strong>Jan Gaw\u0119cki<\/strong><\/td>\n<\/tr>\n<tr>\n<td class=\"person-desc\" style=\"width: 364px;\">Full Professor<\/p>\n<p><strong>E-mail:<\/strong> <a href=\"mailto:jan.gawecki@up.poznan.pl\">jan.gawecki@up.poznan.pl<\/a><\/td>\n<\/tr>\n<tr>\n<td style=\"width: 569px;\" colspan=\"2\">\n<hr \/>\n<\/td>\n<\/tr>\n<tr>\n<td style=\"width: 205px;\" rowspan=\"2\"><a class=\"hoverZoomLink\" href=\"http:\/\/www1.up.poznan.pl\/kzcid\/wp-content\/uploads\/2020\/06\/Jolanta-Czarnoci\u0144ska.jpg\"><img loading=\"lazy\" class=\"hoverZoomLink wp-image-699 size-thumbnail aligncenter\" src=\"http:\/\/www1.up.poznan.pl\/kzcid\/wp-content\/uploads\/2020\/06\/Jolanta-Czarnoci\u0144ska-200x250.jpg\" alt=\"\" width=\"200\" height=\"250\" \/><\/a><\/td>\n<td class=\"person-name\" style=\"width: 364px;\"><strong>Jolanta Czarnoci\u0144ska<\/strong><\/td>\n<\/tr>\n<tr>\n<td class=\"person-desc\" style=\"width: 364px;\">Professor associate<\/p>\n<p><strong>E-mail:<\/strong> <a href=\"mailto:jolanta.czarnocinska@up.poznan.pl\">jolanta.czarnocinska@up.poznan.pl<\/a><br \/>\n<a href=\"http:\/\/www1.up.poznan.pl\/kzcid\/en\/jolanta-czarnocinska-en\/\">more&#8230;<\/a><\/td>\n<\/tr>\n<tr>\n<td style=\"width: 569px;\" colspan=\"2\">\n<hr \/>\n<\/td>\n<\/tr>\n<tr>\n<td style=\"width: 205px;\" rowspan=\"2\"><strong><a class=\"hoverZoomLink\" href=\"http:\/\/www1.up.poznan.pl\/kzcid\/wp-content\/uploads\/2020\/06\/Jacek-Anio\u0142a.jpg\"><img loading=\"lazy\" class=\"hoverZoomLink wp-image-704 size-thumbnail aligncenter\" src=\"http:\/\/www1.up.poznan.pl\/kzcid\/wp-content\/uploads\/2020\/06\/Jacek-Anio\u0142a-200x250.jpg\" alt=\"\" width=\"200\" height=\"250\" \/><\/a><\/strong><\/td>\n<td class=\"person-name\" style=\"width: 364px;\"><strong>Jacek Anio\u0142a<\/strong><\/td>\n<\/tr>\n<tr>\n<td class=\"person-desc\" style=\"width: 364px;\">PhD, Assistant Professor<\/p>\n<p><strong>Room:<\/strong> 229<br \/>\n<strong>Phone:<\/strong> +48 61 8487873<br \/>\n<strong>E-mail:<\/strong> <a href=\"mailto:jacek.aniola@up.poznan.pl\">jacek.aniola@up.poznan.pl<\/a><br \/>\n<strong>Consultations:<\/strong> Friday 11:30-13:00<br \/>\n<a href=\"http:\/\/www1.up.poznan.pl\/kzcid\/en\/jacek-t-aniola-en\/\">more&#8230;<\/a><\/td>\n<\/tr>\n<tr>\n<td style=\"width: 569px;\" colspan=\"2\">\n<hr \/>\n<\/td>\n<\/tr>\n<tr>\n<td style=\"width: 205px;\" rowspan=\"2\"><a class=\"hoverZoomLink\" href=\"http:\/\/www1.up.poznan.pl\/kzcid\/wp-content\/uploads\/2020\/06\/Joanna-Stecyna.jpg\"><img loading=\"lazy\" class=\"hoverZoomLink aligncenter wp-image-698 size-thumbnail\" src=\"http:\/\/www1.up.poznan.pl\/kzcid\/wp-content\/uploads\/2020\/06\/Joanna-Stecyna-200x250.jpg\" alt=\"\" width=\"200\" height=\"250\" \/><\/a><\/td>\n<td class=\"person-name\" style=\"width: 364px;\"><b>Joanna Miko\u0142ajczyk-Stecyna<\/b><\/td>\n<\/tr>\n<tr>\n<td class=\"person-desc\" style=\"width: 364px;\">PhD, Assistant Professor<\/p>\n<p><strong>Room:<\/strong> 238<br \/>\n<strong>Phone:<\/strong> +48 61 848 7337<br \/>\n<strong>E-mail:<\/strong> <a href=\"mailto:joanna.stecyna@up.poznan.pl\"><span style=\"font-weight: 400;\">joanna.stecyna@up.poznan.pl<\/span><\/a><br \/>\n<strong>Consultations:<\/strong> Wednesday<span style=\"font-weight: 400;\"> 10:00-11:00<\/span><br \/>\n<a href=\"http:\/\/www1.up.poznan.pl\/kzcid\/en\/joanna-mikolajczyk-stecyna-en\/\">more&#8230;<\/a><\/td>\n<\/tr>\n<tr>\n<td style=\"width: 569px;\" colspan=\"2\">\n<hr \/>\n<\/td>\n<\/tr>\n<tr>\n<td style=\"width: 205px;\" rowspan=\"2\"><strong><a class=\"hoverZoomLink\" href=\"http:\/\/www1.up.poznan.pl\/kzcid\/wp-content\/uploads\/2020\/06\/Agata-Muzsik.jpg\"><img loading=\"lazy\" class=\"hoverZoomLink wp-image-690 size-thumbnail aligncenter\" src=\"http:\/\/www1.up.poznan.pl\/kzcid\/wp-content\/uploads\/2020\/06\/Agata-Muzsik-200x250.jpg\" alt=\"\" width=\"200\" height=\"250\" \/><\/a><\/strong><\/td>\n<td class=\"person-name\" style=\"width: 364px;\"><strong>Agata Muzsik-Kazimierska<\/strong><\/td>\n<\/tr>\n<tr>\n<td class=\"person-desc\" style=\"width: 364px;\">PhD, Assistant Professor<\/p>\n<p><strong>Room:<\/strong> 229.2<br \/>\n<strong>Phone:<\/strong> +48 61 848 7333<br \/>\n<strong>E-mail:<\/strong> <a href=\"mailto:agata.muzsik@up.poznan.pl\" data-rich-text-format-boundary=\"true\">agata.muzsik@up.poznan.pl<\/a><br \/>\n<strong>Consultations:<\/strong> Wednesday<span style=\"font-weight: 400;\"> 10:00-11:00<\/span><br \/>\n<a href=\"http:\/\/www1.up.poznan.pl\/kzcid\/en\/agata-muzsik-en\/\" data-select-like-a-boss=\"1\">more&#8230;<\/a><\/td>\n<\/tr>\n<tr>\n<td style=\"width: 569px;\" colspan=\"2\">\n<hr \/>\n<\/td>\n<\/tr>\n<tr>\n<td style=\"width: 205px;\" rowspan=\"2\"><strong><a class=\"hoverZoomLink\" href=\"http:\/\/www1.up.poznan.pl\/kzcid\/wp-content\/uploads\/2020\/06\/Monika-M\u0142odzik.jpg\"><img loading=\"lazy\" class=\"hoverZoomLink aligncenter wp-image-701 size-thumbnail\" src=\"http:\/\/www1.up.poznan.pl\/kzcid\/wp-content\/uploads\/2020\/06\/Monika-M\u0142odzik-200x250.jpg\" alt=\"\" width=\"200\" height=\"250\" srcset=\"http:\/\/www1.up.poznan.pl\/kzcid\/wp-content\/uploads\/2020\/06\/Monika-M\u0142odzik-200x250.jpg 200w, http:\/\/www1.up.poznan.pl\/kzcid\/wp-content\/uploads\/2020\/06\/Monika-M\u0142odzik-240x300.jpg 240w, http:\/\/www1.up.poznan.pl\/kzcid\/wp-content\/uploads\/2020\/06\/Monika-M\u0142odzik-818x1024.jpg 818w, http:\/\/www1.up.poznan.pl\/kzcid\/wp-content\/uploads\/2020\/06\/Monika-M\u0142odzik-768x962.jpg 768w, http:\/\/www1.up.poznan.pl\/kzcid\/wp-content\/uploads\/2020\/06\/Monika-M\u0142odzik-1226x1536.jpg 1226w, http:\/\/www1.up.poznan.pl\/kzcid\/wp-content\/uploads\/2020\/06\/Monika-M\u0142odzik-216x270.jpg 216w, http:\/\/www1.up.poznan.pl\/kzcid\/wp-content\/uploads\/2020\/06\/Monika-M\u0142odzik.jpg 1635w\" sizes=\"(max-width: 200px) 100vw, 200px\" \/><\/a><\/strong><\/td>\n<td class=\"person-name\" style=\"width: 364px;\"><strong>Monika M\u0142odzik-Czy\u017cewska<\/strong><\/td>\n<\/tr>\n<tr>\n<td class=\"person-desc\" style=\"width: 364px;\">PhD, Assistant Professor<\/p>\n<p>&nbsp;<\/p>\n<p><strong>Room: <\/strong>238<br \/>\n<strong>Phone: <\/strong>+48 61 848 7337<br \/>\n<strong>E-mail:\u00a0<\/strong><a href=\"mailto:monika.mlodzik@up.poznan.pl\">monika.mlodzik@up.poznan.pl<\/a><br \/>\n<strong>Consultations:<\/strong> Wednesday 10:00-11:00<\/td>\n<\/tr>\n<tr>\n<td style=\"width: 205px;\" colspan=\"2\">\n<hr \/>\n<\/td>\n<\/tr>\n<tr>\n<td style=\"width: 205px;\" rowspan=\"2\"><strong><a class=\"hoverZoomLink\" href=\"http:\/\/www1.up.poznan.pl\/kzcid\/wp-content\/uploads\/2020\/06\/Ma\u0142gorzata-Tubacka.jpg\"><img loading=\"lazy\" class=\"hoverZoomLink aligncenter wp-image-700 size-thumbnail\" src=\"http:\/\/www1.up.poznan.pl\/kzcid\/wp-content\/uploads\/2020\/06\/Ma\u0142gorzata-Tubacka-200x250.jpg\" alt=\"\" width=\"200\" height=\"250\" \/><\/a><\/strong><\/td>\n<td class=\"person-name\" style=\"width: 364px;\"><strong>Ma\u0142gorzata Tubacka<\/strong><\/td>\n<\/tr>\n<tr>\n<td class=\"person-desc\" style=\"width: 364px;\">MSc, Technical staff<\/p>\n<p>&nbsp;<\/p>\n<p><strong>Room:\u00a0<\/strong>229<br \/>\n<strong>Phone: <\/strong>+48 61 848 7873<br \/>\n<strong>E-mail:\u00a0<\/strong><a href=\"mailto:malgorzata.tubacka@up.poznan.pl\">malgorzata.tubacka@up.poznan.pl<\/a><\/td>\n<\/tr>\n<tr>\n<td style=\"width: 569px;\" colspan=\"2\">\n<hr \/>\n<\/td>\n<\/tr>\n<tr>\n<td style=\"width: 205px;\" rowspan=\"2\"><strong><a class=\"hoverZoomLink\" href=\"http:\/\/www1.up.poznan.pl\/kzcid\/wp-content\/uploads\/2020\/06\/Anna-Makuch.jpg\"><img loading=\"lazy\" class=\"hoverZoomLink aligncenter wp-image-692 size-thumbnail\" src=\"http:\/\/www1.up.poznan.pl\/kzcid\/wp-content\/uploads\/2020\/06\/Anna-Makuch-200x250.jpg\" alt=\"\" width=\"200\" height=\"250\" \/><\/a><\/strong><\/td>\n<td class=\"person-name\" style=\"width: 364px;\"><strong>Anna Makuch<\/strong><\/td>\n<\/tr>\n<tr>\n<td style=\"width: 364px;\">MSc, Technical staff<\/p>\n<p>&nbsp;<\/p>\n<p><strong>Room<\/strong>: 111.2, 228<br \/>\n<strong>Phone<\/strong>: +48 61 846 6057 or +48 61 848 7332<br \/>\n<strong>E-mail<\/strong>: anna.makuch@up.poznan.pl<\/td>\n<\/tr>\n<tr>\n<td style=\"width: 569px;\" colspan=\"2\">\n<hr \/>\n<\/td>\n<\/tr>\n<tr>\n<td style=\"width: 205px;\" rowspan=\"2\"><strong><a class=\"hoverZoomLink\" href=\"http:\/\/www1.up.poznan.pl\/kzcid\/wp-content\/uploads\/2021\/04\/DSC_0446.jpg\"><img loading=\"lazy\" class=\"hoverZoomLink aligncenter wp-image-701 size-thumbnail\" src=\"http:\/\/www1.up.poznan.pl\/kzcid\/wp-content\/uploads\/2021\/04\/DSC_0446.jpg\" alt=\"\" width=\"200\" height=\"250\" \/><\/a><\/strong><\/td>\n<td class=\"person-name\" style=\"width: 364px;\"><strong>Grzegorz Nikrandt<\/strong><\/td>\n<\/tr>\n<tr>\n<td style=\"width: 364px;\">MSc, Research assistant, PhD student<\/p>\n<p>&nbsp;<\/p>\n<p><strong>Room: <\/strong>306<br \/>\n<strong>Phone: <\/strong>+48 61 846 6179<br \/>\n<strong>E-mail:\u00a0<\/strong><a href=\"grzegorz.nikrandt@up.poznan.pl\">grzegorz.nikrandt@up.poznan.pl<\/a><\/td>\n<\/tr>\n<tr>\n<td style=\"width: 569px;\" colspan=\"2\">\n<hr \/>\n<\/td>\n<\/tr>\n<tr>\n<td style=\"width: 205px;\" rowspan=\"2\"><strong><a class=\"hoverZoomLink\" href=\"http:\/\/www1.up.poznan.pl\/kzcid\/wp-content\/uploads\/2021\/10\/DSC_0785-2.jpg\"><img loading=\"lazy\" class=\"hoverZoomLink aligncenter wp-image-701 size-thumbnail\" src=\"http:\/\/www1.up.poznan.pl\/kzcid\/wp-content\/uploads\/2021\/10\/DSC_0785-2.jpg\" alt=\"\" width=\"200\" height=\"250\" \/><\/a><\/strong><\/td>\n<td class=\"person-name\" style=\"width: 364px;\"><strong>Marcin Sadowski<\/strong><\/td>\n<\/tr>\n<tr>\n<td style=\"width: 364px;\">MSc, Research assistant, PhD student<\/p>\n<p>&nbsp;<\/p>\n<p><strong>Room: <\/strong>306<br \/>\n<strong>Phone: <\/strong>+48 61 846 6179<br \/>\n<strong>E-mail:\u00a0<\/strong><a href=\"http:\/\/marcin.sadowski@up.poznan.pl\">marcin.sadowski@up.poznan.pl<\/a><br \/>\n<strong>Consultations:<\/strong> Monday 9:00-10:00<\/td>\n<\/tr>\n<tr>\n<td style=\"width: 569px;\" colspan=\"2\">\n<hr \/>\n<\/td>\n<\/tr>\n<tr>\n<td style=\"width: 205px;\" rowspan=\"2\"><img loading=\"lazy\" class=\"size-medium wp-image-2669 aligncenter\" src=\"http:\/\/www1.up.poznan.pl\/kzcid\/wp-content\/uploads\/2026\/04\/shared-image-e1775048331199-238x300.jpg\" alt=\"\" width=\"238\" height=\"300\" srcset=\"http:\/\/www1.up.poznan.pl\/kzcid\/wp-content\/uploads\/2026\/04\/shared-image-e1775048331199-238x300.jpg 238w, http:\/\/www1.up.poznan.pl\/kzcid\/wp-content\/uploads\/2026\/04\/shared-image-e1775048331199-214x270.jpg 214w, http:\/\/www1.up.poznan.pl\/kzcid\/wp-content\/uploads\/2026\/04\/shared-image-e1775048331199.jpg 671w\" sizes=\"(max-width: 238px) 100vw, 238px\" \/><\/td>\n<td class=\"person-name\" style=\"width: 364px;\">Agnieszka Brzozowska<\/td>\n<\/tr>\n<tr>\n<td style=\"width: 364px;\">MSc, Technical staff<\/p>\n<p>&nbsp;<\/p>\n<p><strong>Pok\u00f3j:\u00a0<\/strong>111.2<br \/>\n<strong>Telefon: <\/strong>+48 61 846 6057<br \/>\n<strong>E-mail: <\/strong><a href=\"mailto:agnieszka.brzozowska@up.poznan.pl\">agnieszka.brzozowska@up.poznan.pl<\/a><\/td>\n<\/tr>\n<\/tbody>\n<\/table>\n","protected":false},"excerpt":{"rendered":"<p>Agata Chmurzy\u0144ska Full Professor, Head of Team Room: 236 Phone: +48 61 846 6181 E-mail: agata.chmurzynska@up.poznan.pl Consultations: Mondays 10:00-11:00 more&#8230; Jan Gaw\u0119cki Full Professor E-mail: jan.gawecki@up.poznan.pl Jolanta Czarnoci\u0144ska Professor associate E-mail: jolanta.czarnocinska@up.poznan.pl more&#8230; Jacek Anio\u0142a PhD, Assistant Professor Room: 229&hellip;&nbsp;<a href=\"http:\/\/www1.up.poznan.pl\/kzcid\/en\/nutrition-and-nutrigenomics-team\/\" class=\"more-link\">Czytaj dalej<\/a><\/p>\n","protected":false},"author":1,"featured_media":0,"parent":0,"menu_order":0,"comment_status":"closed","ping_status":"closed","template":"","meta":[],"_links":{"self":[{"href":"http:\/\/www1.up.poznan.pl\/kzcid\/wp-json\/wp\/v2\/pages\/1013"}],"collection":[{"href":"http:\/\/www1.up.poznan.pl\/kzcid\/wp-json\/wp\/v2\/pages"}],"about":[{"href":"http:\/\/www1.up.poznan.pl\/kzcid\/wp-json\/wp\/v2\/types\/page"}],"author":[{"embeddable":true,"href":"http:\/\/www1.up.poznan.pl\/kzcid\/wp-json\/wp\/v2\/users\/1"}],"replies":[{"embeddable":true,"href":"http:\/\/www1.up.poznan.pl\/kzcid\/wp-json\/wp\/v2\/comments?post=1013"}],"version-history":[{"count":50,"href":"http:\/\/www1.up.poznan.pl\/kzcid\/wp-json\/wp\/v2\/pages\/1013\/revisions"}],"predecessor-version":[{"id":2672,"href":"http:\/\/www1.up.poznan.pl\/kzcid\/wp-json\/wp\/v2\/pages\/1013\/revisions\/2672"}],"wp:attachment":[{"href":"http:\/\/www1.up.poznan.pl\/kzcid\/wp-json\/wp\/v2\/media?parent=1013"}],"curies":[{"name":"wp","href":"https:\/\/api.w.org\/{rel}","templated":true}]}}