{"id":70,"date":"2017-03-29T23:20:17","date_gmt":"2017-03-29T21:20:17","guid":{"rendered":"http:\/\/www1.up.poznan.pl\/kntz\/?page_id=70"},"modified":"2019-01-04T13:38:52","modified_gmt":"2019-01-04T12:38:52","slug":"czlonkostwie-kola","status":"publish","type":"page","link":"http:\/\/www1.up.poznan.pl\/kntz\/o-kntz\/czlonkostwie-kola\/","title":{"rendered":"Cz\u0142onkowie ko\u0142a"},"content":{"rendered":"<h6>Adamczak Julia<br \/>\nBartczak Olga<br \/>\nBare\u0142kowska Patrycja<br \/>\nBrowarczyk Aleksandra<br \/>\nChe\u0142mi\u0144ska Paulina<br \/>\nCiesielski Mariusz<br \/>\nCio\u0142ek Adrian<br \/>\nDobraniecka Aleksandra<br \/>\nDuda Adamina<br \/>\nDziedzi\u0144ski Marcin<br \/>\nGaszczy\u0144ska Patrycja<br \/>\nGu\u017aniczak Marta<br \/>\nIdziak Magdalena<br \/>\nJankowska Patrycja<br \/>\nJuszkiewicz Justyna<br \/>\nKrenz Zuzanna<br \/>\n\u0141apacz Marcelina<br \/>\nMilachowska Patrycja<br \/>\nPietrzak Ewelina<br \/>\nPolzin Karina<br \/>\nSakowska Julia<br \/>\nSarbak Paulina<br \/>\nSmarzy\u0144ski Krzysztof<br \/>\nSmolarek Anna<br \/>\nSobczak Magdalena<br \/>\nSuchora Amanda<br \/>\nSztucki Wojciech<br \/>\nSzymczak Aleksandra<br \/>\nDamian Zi\u00f3\u0142kowski<\/h6>\n","protected":false},"excerpt":{"rendered":"<p>Adamczak Julia Bartczak Olga Bare\u0142kowska Patrycja Browarczyk Aleksandra Che\u0142mi\u0144ska Paulina Ciesielski Mariusz Cio\u0142ek Adrian Dobraniecka Aleksandra Duda Adamina Dziedzi\u0144ski Marcin Gaszczy\u0144ska Patrycja Gu\u017aniczak Marta Idziak Magdalena Jankowska Patrycja Juszkiewicz Justyna [&hellip;]<\/p>\n","protected":false},"author":1,"featured_media":0,"parent":21,"menu_order":0,"comment_status":"closed","ping_status":"closed","template":"","meta":[],"_links":{"self":[{"href":"http:\/\/www1.up.poznan.pl\/kntz\/wp-json\/wp\/v2\/pages\/70"}],"collection":[{"href":"http:\/\/www1.up.poznan.pl\/kntz\/wp-json\/wp\/v2\/pages"}],"about":[{"href":"http:\/\/www1.up.poznan.pl\/kntz\/wp-json\/wp\/v2\/types\/page"}],"author":[{"embeddable":true,"href":"http:\/\/www1.up.poznan.pl\/kntz\/wp-json\/wp\/v2\/users\/1"}],"replies":[{"embeddable":true,"href":"http:\/\/www1.up.poznan.pl\/kntz\/wp-json\/wp\/v2\/comments?post=70"}],"version-history":[{"count":18,"href":"http:\/\/www1.up.poznan.pl\/kntz\/wp-json\/wp\/v2\/pages\/70\/revisions"}],"predecessor-version":[{"id":461,"href":"http:\/\/www1.up.poznan.pl\/kntz\/wp-json\/wp\/v2\/pages\/70\/revisions\/461"}],"up":[{"embeddable":true,"href":"http:\/\/www1.up.poznan.pl\/kntz\/wp-json\/wp\/v2\/pages\/21"}],"wp:attachment":[{"href":"http:\/\/www1.up.poznan.pl\/kntz\/wp-json\/wp\/v2\/media?parent=70"}],"curies":[{"name":"wp","href":"https:\/\/api.w.org\/{rel}","templated":true}]}}