{"id":56,"date":"2017-03-29T22:50:25","date_gmt":"2017-03-29T20:50:25","guid":{"rendered":"http:\/\/www1.up.poznan.pl\/kntz\/?page_id=56"},"modified":"2019-03-03T12:33:06","modified_gmt":"2019-03-03T11:33:06","slug":"dolacz-do-kntz","status":"publish","type":"page","link":"http:\/\/www1.up.poznan.pl\/kntz\/o-kntz\/dolacz-do-kntz\/","title":{"rendered":"Do\u0142\u0105cz do KNT\u017b"},"content":{"rendered":"<h2 style=\"text-align: center;\">Chcesz do\u0142\u0105czy\u0107 do KNT\u017b? Nic prostszego!<\/h2>\n<h5 style=\"text-align: center;\">Wype\u0142nij poni\u017csz\u0105 deklaracj\u0119. Po zatwierdzeniu otrzymasz stosownego maila z dalszymi instrukcjami.<\/h5>\n<h3 style=\"text-align: center;\">Deklaracja cz\u0142onkowska KNT\u017b<\/h3>\n<p style=\"text-align: center;\">\n<div class=\"wpcf7 no-js\" id=\"wpcf7-f366-o1\" lang=\"pl-PL\" dir=\"ltr\">\n<div class=\"screen-reader-response\"><p role=\"status\" aria-live=\"polite\" aria-atomic=\"true\"><\/p> <ul><\/ul><\/div>\n<form action=\"\/kntz\/wp-json\/wp\/v2\/pages\/56#wpcf7-f366-o1\" method=\"post\" class=\"wpcf7-form init\" aria-label=\"Formularz kontaktowy\" novalidate=\"novalidate\" data-status=\"init\">\n<div style=\"display: none;\">\n<input type=\"hidden\" name=\"_wpcf7\" value=\"366\" \/>\n<input type=\"hidden\" name=\"_wpcf7_version\" value=\"5.7.7\" \/>\n<input type=\"hidden\" name=\"_wpcf7_locale\" value=\"pl_PL\" \/>\n<input type=\"hidden\" name=\"_wpcf7_unit_tag\" value=\"wpcf7-f366-o1\" \/>\n<input type=\"hidden\" name=\"_wpcf7_container_post\" value=\"0\" \/>\n<input type=\"hidden\" name=\"_wpcf7_posted_data_hash\" value=\"\" \/>\n<\/div>\n<p><label> Imi\u0119 i nazwisko<br \/>\n<span class=\"wpcf7-form-control-wrap\" data-name=\"your-name\"><input size=\"40\" class=\"wpcf7-form-control wpcf7-text wpcf7-validates-as-required\" aria-required=\"true\" aria-invalid=\"false\" value=\"\" type=\"text\" name=\"your-name\" \/><\/span> <\/label>\n<\/p>\n<p><label> Adres email<br \/>\n<span class=\"wpcf7-form-control-wrap\" data-name=\"your-email\"><input size=\"40\" class=\"wpcf7-form-control wpcf7-text wpcf7-email wpcf7-validates-as-required wpcf7-validates-as-email\" aria-required=\"true\" aria-invalid=\"false\" value=\"\" type=\"email\" name=\"your-email\" \/><\/span> <\/label>\n<\/p>\n<p><label> Numer telefonu<br \/>\n<span class=\"wpcf7-form-control-wrap\" data-name=\"telefon\"><input size=\"40\" class=\"wpcf7-form-control wpcf7-text wpcf7-validates-as-required\" aria-required=\"true\" aria-invalid=\"false\" value=\"\" type=\"text\" name=\"telefon\" \/><\/span> <\/label>\n<\/p>\n<p><label> Numer albumu<br \/>\n<span class=\"wpcf7-form-control-wrap\" data-name=\"album\"><input size=\"40\" class=\"wpcf7-form-control wpcf7-text wpcf7-validates-as-required\" aria-required=\"true\" aria-invalid=\"false\" value=\"\" type=\"text\" name=\"album\" \/><\/span> <\/label>\n<\/p>\n<p><label> Kierunek studi\u00f3w<br \/>\n<span class=\"wpcf7-form-control-wrap\" data-name=\"kierunek\"><select class=\"wpcf7-form-control wpcf7-select wpcf7-validates-as-required\" aria-required=\"true\" aria-invalid=\"false\" name=\"kierunek\"><option value=\"\">&#8212;Prosz\u0119 wybra\u0107 opcj\u0119&#8212;<\/option><option value=\"Analityka \u017cywno\u015bci\">Analityka \u017cywno\u015bci<\/option><option value=\"Dietetyka\">Dietetyka<\/option><option value=\"Jako\u015b\u0107 i bezpiecze\u0144stwo \u017cywno\u015bci\">Jako\u015b\u0107 i bezpiecze\u0144stwo \u017cywno\u015bci<\/option><option value=\"Technologia \u017cywno\u015bci i \u017cywienie cz\u0142owieka\">Technologia \u017cywno\u015bci i \u017cywienie cz\u0142owieka<\/option><\/select><\/span> <\/label>\n<\/p>\n<p><label> Tryb studi\u00f3w<br \/>\n<span class=\"wpcf7-form-control-wrap\" data-name=\"tryb\"><select class=\"wpcf7-form-control wpcf7-select\" aria-invalid=\"false\" name=\"tryb\"><option value=\"\">&#8212;Prosz\u0119 wybra\u0107 opcj\u0119&#8212;<\/option><option value=\"Stacjonarne\">Stacjonarne<\/option><option value=\"Niestacjonarne\">Niestacjonarne<\/option><\/select><\/span> <\/label>\n<\/p>\n<p><label> Wyra\u017cam zgod\u0119 na przetwarzanie moich danych osobowych w celu rekrutacji zgodnie z art. 6 ust. 1 lit. a Rozporz\u0105dzenia Parlamentu Europejskiego i Rady (UE) 2016\/679 z dnia 27 kwietnia 2016 r. w sprawie ochrony os\u00f3b fizycznych w zwi\u0105zku z przetwarzaniem danych osobowych i w sprawie swobodnego przep\u0142ywu takich danych oraz uchylenia dyrektywy 95\/46\/WE (og\u00f3lne rozporz\u0105dzenie o ochronie danych) <span class=\"wpcf7-form-control-wrap\" data-name=\"Zgoda\"><span class=\"wpcf7-form-control wpcf7-acceptance\"><span class=\"wpcf7-list-item\"><input type=\"checkbox\" name=\"Zgoda\" value=\"1\" aria-invalid=\"false\" \/><\/span><\/span><\/span> <\/label>\n<\/p>\n<p><input class=\"wpcf7-form-control has-spinner wpcf7-submit\" type=\"submit\" value=\"Wy\u015blij\" \/>\n<\/p><div class=\"wpcf7-response-output\" aria-hidden=\"true\"><\/div>\n<\/form>\n<\/div>\n<\/p>\n","protected":false},"excerpt":{"rendered":"<p>Chcesz do\u0142\u0105czy\u0107 do KNT\u017b? Nic prostszego! Wype\u0142nij poni\u017csz\u0105 deklaracj\u0119. Po zatwierdzeniu otrzymasz stosownego maila z dalszymi instrukcjami. Deklaracja cz\u0142onkowska KNT\u017b<\/p>\n","protected":false},"author":1,"featured_media":0,"parent":21,"menu_order":0,"comment_status":"closed","ping_status":"closed","template":"","meta":[],"_links":{"self":[{"href":"http:\/\/www1.up.poznan.pl\/kntz\/wp-json\/wp\/v2\/pages\/56"}],"collection":[{"href":"http:\/\/www1.up.poznan.pl\/kntz\/wp-json\/wp\/v2\/pages"}],"about":[{"href":"http:\/\/www1.up.poznan.pl\/kntz\/wp-json\/wp\/v2\/types\/page"}],"author":[{"embeddable":true,"href":"http:\/\/www1.up.poznan.pl\/kntz\/wp-json\/wp\/v2\/users\/1"}],"replies":[{"embeddable":true,"href":"http:\/\/www1.up.poznan.pl\/kntz\/wp-json\/wp\/v2\/comments?post=56"}],"version-history":[{"count":7,"href":"http:\/\/www1.up.poznan.pl\/kntz\/wp-json\/wp\/v2\/pages\/56\/revisions"}],"predecessor-version":[{"id":367,"href":"http:\/\/www1.up.poznan.pl\/kntz\/wp-json\/wp\/v2\/pages\/56\/revisions\/367"}],"up":[{"embeddable":true,"href":"http:\/\/www1.up.poznan.pl\/kntz\/wp-json\/wp\/v2\/pages\/21"}],"wp:attachment":[{"href":"http:\/\/www1.up.poznan.pl\/kntz\/wp-json\/wp\/v2\/media?parent=56"}],"curies":[{"name":"wp","href":"https:\/\/api.w.org\/{rel}","templated":true}]}}