{"id":126,"date":"2017-04-06T11:01:17","date_gmt":"2017-04-06T09:01:17","guid":{"rendered":"http:\/\/www1.up.poznan.pl\/kntz\/?page_id=126"},"modified":"2019-01-23T00:37:53","modified_gmt":"2019-01-22T23:37:53","slug":"eventy-i-imprezy","status":"publish","type":"page","link":"http:\/\/www1.up.poznan.pl\/kntz\/dzialalnosc\/eventy-i-imprezy\/","title":{"rendered":"Eventy i imprezy"},"content":{"rendered":"\n<figure class=\"wp-block-image\"><img loading=\"lazy\" width=\"900\" height=\"600\" src=\"http:\/\/www1.up.poznan.pl\/kntz\/wp-content\/uploads\/2019\/01\/1.jpg\" alt=\"\" class=\"wp-image-327\" srcset=\"http:\/\/www1.up.poznan.pl\/kntz\/wp-content\/uploads\/2019\/01\/1.jpg 900w, http:\/\/www1.up.poznan.pl\/kntz\/wp-content\/uploads\/2019\/01\/1-300x200.jpg 300w, http:\/\/www1.up.poznan.pl\/kntz\/wp-content\/uploads\/2019\/01\/1-768x512.jpg 768w\" sizes=\"(max-width: 900px) 100vw, 900px\" \/><figcaption><br>Dnia 19 grudnia br. w Kolegium Rungego podczas posiedzenia Senatu zosta\u0142y wr\u0119czone z r\u0105k Jego Magnificencji Rektora Uniwersytetu Przyrodniczego w Poznaniu, prof. dr hab. Jana Pikula, nagrody dla najlepszych student\u00f3w 2018 roku wyr\u00f3\u017cniaj\u0105cych si\u0119 szczeg\u00f3lnym zaanga\u017cowaniem na rzecz Uniwersytetu. W\u015br\u00f3d nagrodzonych znalaz\u0142o si\u0119 troje dzia\u0142aczy naszego ko\u0142a: Paulina Sarbak, Dorota Zarzecka i Krzysztof Smarzy\u0144ski. Nagrodzonym gratulujemy i \u017cyczymy dalszych sukces\u00f3w.<br><\/figcaption><\/figure>\n\n\n\n<p><br><\/p>\n","protected":false},"excerpt":{"rendered":"","protected":false},"author":1,"featured_media":0,"parent":25,"menu_order":0,"comment_status":"closed","ping_status":"closed","template":"","meta":[],"_links":{"self":[{"href":"http:\/\/www1.up.poznan.pl\/kntz\/wp-json\/wp\/v2\/pages\/126"}],"collection":[{"href":"http:\/\/www1.up.poznan.pl\/kntz\/wp-json\/wp\/v2\/pages"}],"about":[{"href":"http:\/\/www1.up.poznan.pl\/kntz\/wp-json\/wp\/v2\/types\/page"}],"author":[{"embeddable":true,"href":"http:\/\/www1.up.poznan.pl\/kntz\/wp-json\/wp\/v2\/users\/1"}],"replies":[{"embeddable":true,"href":"http:\/\/www1.up.poznan.pl\/kntz\/wp-json\/wp\/v2\/comments?post=126"}],"version-history":[{"count":3,"href":"http:\/\/www1.up.poznan.pl\/kntz\/wp-json\/wp\/v2\/pages\/126\/revisions"}],"predecessor-version":[{"id":338,"href":"http:\/\/www1.up.poznan.pl\/kntz\/wp-json\/wp\/v2\/pages\/126\/revisions\/338"}],"up":[{"embeddable":true,"href":"http:\/\/www1.up.poznan.pl\/kntz\/wp-json\/wp\/v2\/pages\/25"}],"wp:attachment":[{"href":"http:\/\/www1.up.poznan.pl\/kntz\/wp-json\/wp\/v2\/media?parent=126"}],"curies":[{"name":"wp","href":"https:\/\/api.w.org\/{rel}","templated":true}]}}