{"id":57,"date":"2018-09-08T11:05:00","date_gmt":"2018-09-08T09:05:00","guid":{"rendered":"http:\/\/www1.up.poznan.pl\/agrifoodlogistics?page_id=57"},"modified":"2021-05-13T15:03:04","modified_gmt":"2021-05-13T14:03:04","slug":"wazne-terminy","status":"publish","type":"page","link":"http:\/\/www1.up.poznan.pl\/agrifoodlogistics\/o-konferencji\/wazne-informacje\/wazne-terminy\/","title":{"rendered":"Terminy"},"content":{"rendered":"<p><span style=\"color: #ff0000;\"><strong>do 31 maja 2021<\/strong> \u2013 nades\u0142anie streszczenia<\/span><br \/><span style=\"color: #ff0000;\"><strong>do 31 maja 2021<\/strong> \u2013 informacja o akceptacji streszczenia<\/span><br \/><strong>do 30 kwietnia 2021<\/strong> \u2013 wniesienie op\u0142aty konferencyjnej &#8211; preferencyjnej<br \/><strong>po 30 kwietnia 2021<\/strong> \u2013 wniesienie op\u0142aty konferencyjnej<br \/><strong>23-24 czerwca 2021<\/strong> \u2013 obrady Forum<br \/><strong>do 15 lipca 2021<\/strong> \u2013 termin nades\u0142ania pe\u0142nej wersji artyku\u0142u (zgodnie z wymogami wybranego czasopisma)<\/p>\n\n\n<p>&nbsp;<\/p>\n","protected":false},"excerpt":{"rendered":"<p>do 31 maja 2021 \u2013 nades\u0142anie streszczeniado 31 maja 2021 \u2013 informacja o akceptacji streszczeniado 30 kwietnia 2021 \u2013 wniesienie op\u0142aty konferencyjnej &#8211; preferencyjnejpo 30 kwietnia 2021 \u2013 wniesienie op\u0142aty konferencyjnej23-24 czerwca 2021 \u2013 obrady Forumdo 15 lipca 2021 \u2013 termin nades\u0142ania pe\u0142nej wersji artyku\u0142u (zgodnie z wymogami wybranego czasopisma) &nbsp;<\/p>\n","protected":false},"author":1,"featured_media":0,"parent":1135,"menu_order":1,"comment_status":"closed","ping_status":"closed","template":"","meta":{"_links_to":"","_links_to_target":""},"_links":{"self":[{"href":"http:\/\/www1.up.poznan.pl\/agrifoodlogistics\/wp-json\/wp\/v2\/pages\/57"}],"collection":[{"href":"http:\/\/www1.up.poznan.pl\/agrifoodlogistics\/wp-json\/wp\/v2\/pages"}],"about":[{"href":"http:\/\/www1.up.poznan.pl\/agrifoodlogistics\/wp-json\/wp\/v2\/types\/page"}],"author":[{"embeddable":true,"href":"http:\/\/www1.up.poznan.pl\/agrifoodlogistics\/wp-json\/wp\/v2\/users\/1"}],"replies":[{"embeddable":true,"href":"http:\/\/www1.up.poznan.pl\/agrifoodlogistics\/wp-json\/wp\/v2\/comments?post=57"}],"version-history":[{"count":13,"href":"http:\/\/www1.up.poznan.pl\/agrifoodlogistics\/wp-json\/wp\/v2\/pages\/57\/revisions"}],"predecessor-version":[{"id":1607,"href":"http:\/\/www1.up.poznan.pl\/agrifoodlogistics\/wp-json\/wp\/v2\/pages\/57\/revisions\/1607"}],"up":[{"embeddable":true,"href":"http:\/\/www1.up.poznan.pl\/agrifoodlogistics\/wp-json\/wp\/v2\/pages\/1135"}],"wp:attachment":[{"href":"http:\/\/www1.up.poznan.pl\/agrifoodlogistics\/wp-json\/wp\/v2\/media?parent=57"}],"curies":[{"name":"wp","href":"https:\/\/api.w.org\/{rel}","templated":true}]}}