{"id":47,"date":"2018-09-08T11:03:09","date_gmt":"2018-09-08T10:03:09","guid":{"rendered":"http:\/\/www1.up.poznan.pl\/agrifoodlogistics?page_id=47"},"modified":"2021-04-15T08:17:31","modified_gmt":"2021-04-15T07:17:31","slug":"platnosci","status":"publish","type":"page","link":"http:\/\/www1.up.poznan.pl\/agrifoodlogistics\/platnosci\/","title":{"rendered":"P\u0142atno\u015bci"},"content":{"rendered":"<p><b>OP\u0141ATY REJESTRACYJNE<\/b><\/p>\n<table style=\"height: 447px;\" width=\"579\">\n<tbody>\n<tr>\n<td>\n<p style=\"text-align: center;\"><span style=\"font-weight: 400;\">Rodzaj rejestracji<\/span><\/p>\n<\/td>\n<td style=\"text-align: center;\"><span style=\"font-weight: 400;\">Op\u0142ata do 15.05.2021<\/span><\/td>\n<td style=\"text-align: center;\">Op\u0142ata po 15.05.2021<\/td>\n<\/tr>\n<tr>\n<td>\n<p style=\"text-align: center;\"><span style=\"font-weight: 400;\">Op\u0142ata za udzia\u0142 aktywny online*<\/span><\/p>\n<\/td>\n<td>\n<p style=\"text-align: center;\"><span style=\"font-weight: 400;\">200 PLN<\/span><\/p>\n<\/td>\n<td>\n<p style=\"text-align: center;\"><span style=\"font-weight: 400;\">250 PLN<\/span><\/p>\n<\/td>\n<\/tr>\n<tr>\n<td>\n<p style=\"text-align: center;\"><span style=\"font-weight: 400;\">Op\u0142ata za udzia\u0142 aktywny online dla student\u00f3w\/doktorant\u00f3w**<\/span><\/p>\n<\/td>\n<td>\n<p style=\"text-align: center;\"><span style=\"font-weight: 400;\">100 PLN<\/span><\/p>\n<\/td>\n<td>\n<p style=\"text-align: center;\"><span style=\"font-weight: 400;\">125 PLN<\/span><\/p>\n<\/td>\n<\/tr>\n<tr>\n<td style=\"text-align: center;\"><span style=\"font-weight: 400;\">Udzia\u0142 bierny online \u2013 bez op\u0142at***<\/span><\/td>\n<td style=\"text-align: center;\"><span style=\"font-weight: 400;\">&#8211;<\/span><\/td>\n<td>\n<p style=\"text-align: center;\"><span style=\"font-weight: 400;\">&#8211;<\/span><\/p>\n<\/td>\n<\/tr>\n<\/tbody>\n<\/table>\n<p><b>*Op\u0142ata za uczestnictwo online zawiera:<\/b><\/p>\n<ul>\n<li style=\"font-weight: 400;\" aria-level=\"1\"><span style=\"font-weight: 400;\">uczestnictwo w sesjach naukowych z mo\u017cliwo\u015bci\u0105 wyg\u0142oszenia referatu,\u00a0<\/span><\/li>\n<li style=\"font-weight: 400;\" aria-level=\"1\"><span style=\"font-weight: 400;\">program, materia\u0142y promocyjne<\/span><\/li>\n<li style=\"font-weight: 400;\" aria-level=\"1\"><span style=\"font-weight: 400;\">ksi\u0105\u017cka ze streszczeniami artyku\u0142\u00f3w i poster\u00f3w w wersji elektronicznej<\/span><\/li>\n<li style=\"font-weight: 400;\" aria-level=\"1\"><span style=\"font-weight: 400;\">imienny certyfikat uczestnictwa i wyg\u0142oszenia referatu (do pobrania on-line)<\/span><\/li>\n<\/ul>\n<p><strong>** Op\u0142ata za uczestnictwo online dla student\u00f3w\/doktorant\u00f3w zawiera:<\/strong><\/p>\n<ul>\n<li style=\"font-weight: 400;\" aria-level=\"1\"><span style=\"font-weight: 400;\">uczestnictwo w sesjach naukowych z mo\u017cliwo\u015bci\u0105 wyg\u0142oszenia referatu,\u00a0<\/span><\/li>\n<li style=\"font-weight: 400;\" aria-level=\"1\"><span style=\"font-weight: 400;\">program, materia\u0142y promocyjne<\/span><\/li>\n<li style=\"font-weight: 400;\" aria-level=\"1\"><span style=\"font-weight: 400;\">ksi\u0105\u017cka ze streszczeniami artyku\u0142\u00f3w i poster\u00f3w w wersji elektronicznej<\/span><\/li>\n<li style=\"font-weight: 400;\" aria-level=\"1\"><span style=\"font-weight: 400;\">imienny certyfikat uczestnictwa i wyg\u0142oszenia referatu (do pobrania on-line)<\/span><\/li>\n<\/ul>\n<p><span style=\"font-weight: 400;\">Uwaga!!! Konieczne jest okazanie\/przes\u0142anie skanu dokumentu potwierdzaj\u0105cego status studenta\/doktoranta\u00a0<\/span><\/p>\n<p><strong>*** Bez op\u0142at za uczestnictwo online &#8211; udzia\u0142 bierny, zawiera:\u00a0<\/strong><\/p>\n<ul>\n<li style=\"font-weight: 400;\" aria-level=\"1\"><span style=\"font-weight: 400;\">uczestnictwo w sesjach naukowych bez wyg\u0142oszenia referatu,\u00a0<\/span><\/li>\n<li style=\"font-weight: 400;\" aria-level=\"1\"><span style=\"font-weight: 400;\">imienny certyfikat uczestnictwa (do pobrania on-line)<\/span><\/li>\n<\/ul>\n<p><b style=\"font-size: inherit;\">P\u0141ATNO\u015aCI<\/b><\/p>\n<p><span style=\"font-weight: 400;\">P\u0142atno\u015bci prosimy dokonywa\u0107 na konto* Uniwersytetu Przyrodniczego w Poznaniu:<\/span><\/p>\n<p><strong>Uniwersytet Przyrodniczy w Poznaniu<br \/>\n<span style=\"font-size: 1rem;\">Wojska Polskiego 28,\u00a0<\/span>60-637 Pozna\u0144<\/strong><\/p>\n<p style=\"font-weight: 400;\"><strong>Nazwa banku i adres:<\/strong><\/p>\n<p style=\"font-weight: 400;\"><strong>Santander Bank Polska S.A.<\/strong><br \/>\n<strong>6 Oddzia\u0142 w Poznaniu<\/strong><br \/>\n<strong>Pl. Wolnosci 15, 61-739 Poznan, Poland<\/strong><\/p>\n<p style=\"font-weight: 400;\"><strong>SWIFT code: WBKPPLPPXXX<br \/>\n<\/strong><\/p>\n<p style=\"font-weight: 400;\"><strong>Numer konta (IBAN):<br \/>\n<\/strong><strong>PL 29 1090 1362 0000 0000 3601 7894<\/strong><\/p>\n<p><span style=\"font-weight: 400;\">Z dopiskiem:\u00a0<strong>Imi\u0119 i Nazwisko, Agri-Food Logistics Forum, 293.01.082<\/strong><\/span><\/p>\n<p><span style=\"font-weight: 400;\">*wszelkie op\u0142aty dodatkowe zwi\u0105zane z przelewem ponosi wp\u0142acaj\u0105cy<\/span><\/p>\n<p><b>POTWIERDZENIE REJESTRACJI<\/b><\/p>\n<p><span style=\"font-weight: 400;\">Proces rejestracji b\u0119dzie zako\u0144czony kiedy zostan\u0105 dokonane wszelkie p\u0142atno\u015bci w wysoko\u015bci wynikaj\u0105cej z formularza rejestracyjnego. Potwierdzenie p\u0142atno\u015bci zostanie wys\u0142ane po zaksi\u0119gowaniu przelewu na koncie Uniwersytetu Przyrodniczego w Poznaniu<\/span><\/p>\n","protected":false},"excerpt":{"rendered":"<p>OP\u0141ATY REJESTRACYJNE Rodzaj rejestracji Op\u0142ata do 15.05.2021 Op\u0142ata po 15.05.2021 Op\u0142ata za udzia\u0142 aktywny online* 200 PLN 250 PLN Op\u0142ata za udzia\u0142 aktywny online dla student\u00f3w\/doktorant\u00f3w** 100 PLN 125 PLN Udzia\u0142 bierny online \u2013 bez op\u0142at*** &#8211; &#8211; *Op\u0142ata za uczestnictwo online zawiera: uczestnictwo w sesjach naukowych z mo\u017cliwo\u015bci\u0105 wyg\u0142oszenia referatu,\u00a0 program, materia\u0142y promocyjne ksi\u0105\u017cka [&hellip;]<\/p>\n","protected":false},"author":1,"featured_media":0,"parent":0,"menu_order":4,"comment_status":"closed","ping_status":"closed","template":"","meta":{"_links_to":"","_links_to_target":""},"_links":{"self":[{"href":"http:\/\/www1.up.poznan.pl\/agrifoodlogistics\/wp-json\/wp\/v2\/pages\/47"}],"collection":[{"href":"http:\/\/www1.up.poznan.pl\/agrifoodlogistics\/wp-json\/wp\/v2\/pages"}],"about":[{"href":"http:\/\/www1.up.poznan.pl\/agrifoodlogistics\/wp-json\/wp\/v2\/types\/page"}],"author":[{"embeddable":true,"href":"http:\/\/www1.up.poznan.pl\/agrifoodlogistics\/wp-json\/wp\/v2\/users\/1"}],"replies":[{"embeddable":true,"href":"http:\/\/www1.up.poznan.pl\/agrifoodlogistics\/wp-json\/wp\/v2\/comments?post=47"}],"version-history":[{"count":25,"href":"http:\/\/www1.up.poznan.pl\/agrifoodlogistics\/wp-json\/wp\/v2\/pages\/47\/revisions"}],"predecessor-version":[{"id":1578,"href":"http:\/\/www1.up.poznan.pl\/agrifoodlogistics\/wp-json\/wp\/v2\/pages\/47\/revisions\/1578"}],"wp:attachment":[{"href":"http:\/\/www1.up.poznan.pl\/agrifoodlogistics\/wp-json\/wp\/v2\/media?parent=47"}],"curies":[{"name":"wp","href":"https:\/\/api.w.org\/{rel}","templated":true}]}}