{"id":377,"date":"2018-12-29T21:43:41","date_gmt":"2018-12-29T20:43:41","guid":{"rendered":"http:\/\/www1.up.poznan.pl\/agrifoodlogistics\/?page_id=377"},"modified":"2021-03-03T13:15:29","modified_gmt":"2021-03-03T12:15:29","slug":"intercathedra","status":"publish","type":"page","link":"http:\/\/www1.up.poznan.pl\/agrifoodlogistics\/publikacja\/intercathedra\/","title":{"rendered":"Intercathedra"},"content":{"rendered":"<p><b>INTERCATHEDRA: \u00a0\u00a0\u00a0\u00a0\u00a0<\/b>http:\/\/www.intercathedra.pl<\/p>\n<p><b>DLA AUTOR\u00d3W<\/b><\/p>\n<p><b>Informacje og\u00f3lne\u00a0\u00a0<\/b><\/p>\n<p>W Kwartalniku Naukowym INTERCATHEDRA publikowane s\u0105 oryginalne prace naukowe w j\u0119zyku angielskim (preferowane) i polskim.<\/p>\n<p><b>ZAPORA GHOSTWRITING I GUEST AUTHORSHIP\u00a0<\/b><\/p>\n<p>Redakcja prowadzi dzia\u0142ania maj\u0105ce na celu wyeliminowanie zjawiska (praktyk) ghostwriting\u201d, \u201eguest authorship\u201d. Wszelkie wykryte przypadki b\u0119d\u0105 demaskowane, w\u0142\u0105cznie z mo\u017cliwo\u015bci\u0105 powiadomieniem odpowiednich podmiot\u00f3w (instytucje zatrudniaj\u0105ce autor\u00f3w, towarzystwa naukowe, stowarzyszenia edytor\u00f3w naukowych itp.). Redakcja dokumentuje r\u00f3wnie\u017c wszelkie przejawy \u0142amania i naruszania zasad etyki obowi\u0105zuj\u0105cych w nauce.<\/p>\n<p>\u201eGhostwriting\u201d ma miejsce w\u00f3wczas, gdy osoba wnosz\u0105ca istotny wk\u0142ad w powstanie publikacji, nie ujawni\u0142a swojego udzia\u0142u jako jeden z autor\u00f3w lub nie zosta\u0142a wymieniona jej rola w podzi\u0119kowaniach zamieszczonych w publikacji.<\/p>\n<p>\u201eGuest authorship\u201d (\u201ehonorary authorship\u201d) ma miejsce w\u00f3wczas, gdy udzia\u0142 autora lub wsp\u00f3\u0142autora w powstaniu publikacji jest znikomy lub w og\u00f3le nie mia\u0142 miejsca.<\/p>\n<p>Aby unikn\u0105\u0107 tego rodzaju przypadk\u00f3w Redakcja wymaga ujawnienia wk\u0142adu poszczeg\u00f3lnych autor\u00f3w w powstanie pracy (z podaniem ich afiliacji oraz kontrybucji, tj. informacji kto jest autorem koncepcji, za\u0142o\u017ce\u0144, metod, protoko\u0142u itp. wykorzystywanych przy przygotowaniu publikacji), przy czym g\u0142\u00f3wn\u0105 odpowiedzialno\u015b\u0107 ponosi autor zg\u0142aszaj\u0105cy.<\/p>\n<p>W przypadku finansowania publikacji przez instytucje naukowo-badawcze, stowarzyszenia i inne podmioty wymagane jest wskazanie \u017ar\u00f3d\u0142a pochodzenia \u015brodk\u00f3w (\u201efinancial disclosure\u201d).<\/p>\n<h3><b><i>Wymagania edycyjne dla artyku\u0142\u00f3w przeznaczonych do opublikowania w Kwartalniku Naukowym INTERCATHEDRA<\/i><\/b><b>\u00a0<\/b><\/h3>\n<p><b>Wymagania podstawowe<\/b><\/p>\n<p>Do publikacji b\u0119d\u0105 akceptowane oryginalne prace naukowe, wcze\u015bniej nie publikowane.<\/p>\n<p>Obj\u0119to\u015b\u0107 artyku\u0142u nie mo\u017ce przekroczy\u0107 12 stron maszynopisu formatu A-4, \u0142\u0105cznie z rysunkami i tabelami. Tekst pracy nale\u017cy przygotowa\u0107 w formacie doc lub docx.<br \/>\nNale\u017cy stosowa\u0107 czcionk\u0119 typu Times New Roman 12 pkt. oraz interlini\u0119 1.5. W tek\u015bcie mog\u0105 by\u0107 u\u017cywane wyr\u00f3\u017cnienia za pomoc\u0105 kursywy lub pogrubienia.<\/p>\n<p>Rysunki oraz tabele nale\u017cy numerowa\u0107 kolejno i umieszcza\u0107 blisko ich powo\u0142ania w tek\u015bcie lub w oddzielnych plikach, wskazuj\u0105c miejsca po\u0142o\u017cenia. Rozmiary rysunku nie mog\u0105 przekroczy\u0107 formatu B5 (12,5 \u00d7 19,5 cm). Rysunki i tabele powinny by\u0107 przygotowane w kolorach czarno-bia\u0142ych.<\/p>\n<p>&nbsp;<\/p>\n<p><b>Uk\u0142ad artyku\u0142u:<\/b><\/p>\n<ul>\n<li><b>Tytu\u0142 artyku\u0142u\u00a0w j\u0119zyku polskim i angielskim<\/b><\/li>\n<li><b>Imi\u0119 i nazwisko autora<\/b>\u00a0(autor\u00f3w)<\/li>\n<li><b>Nazwa jednostki naukowej<\/b>\u00a0(afiliacja)<\/li>\n<li><b>Abstrakt\u00a0w j\u0119zyku polskim i angielskim<\/b>\u00a0(od 100 do\u00a0250 wyraz\u00f3w) \u2013 stosowany jest abstrakt strukturyzowany. Znajduj\u0105 si\u0119 w nim odniesienia do wszystkich\u00a0 cz\u0119\u015bci artyku\u0142u, tj. kolejno do wst\u0119pu, zastosowanych w artykule materia\u0142\u00f3w i metod badawczych oraz najwa\u017cniejszych wynik\u00f3w bada\u0144 i wniosk\u00f3w.<\/li>\n<li><b>Kod JEL<\/b>\u00a0&#8211;\u00a0<a href=\"https:\/\/www.aeaweb.org\/econlit\/jelCodes.php\">link<\/a><\/li>\n<li><b>S\u0142owa kluczowe<\/b>\u00a0w j\u0119zyku polskim i angielskim\u00a0(maksymalnie 6)<\/li>\n<li><b>Tekst g\u0142\u00f3wny<\/b>\u00a0&#8211; Wst\u0119p, Materia\u0142y i metody, Przegl\u0105d literatury, Wyniki, Dyskusja, Konkluzje<\/li>\n<li><b>Literatura<\/b>\u00a0(nie mniej ni\u017c 20 pozycji, o ile to mo\u017cliwe prosimy o cytowanie artyku\u0142\u00f3w notowanych w Web of Science i wcze\u015bniejszych numerach Kwartalnika Naukowego INTERCATHEDRA)<\/li>\n<li><b>Adres\u00a0do\u00a0korespondencji<\/b>\u00a0\u2013 wed\u0142ug wzoru: stopie\u0144 naukowy, imi\u0119 i nazwisko, nazwa jednostki naukowej (katedra, wydzia\u0142, uczelnia), adres uczelni, e-mail autora, telefon<\/li>\n<\/ul>\n<p>Dla ka\u017cdego artyku\u0142 napisanego w j\u0119zyku angielskim nale\u017cy dostarczy\u0107 r\u00f3wnie\u017c wersj\u0119\u00a0po polsku.<\/p>\n<p><b>Literatura:<\/b><\/p>\n<p>Powo\u0142uj\u0105c si\u0119 w tek\u015bcie artyku\u0142u na publikacje innych autor\u00f3w, nale\u017cy podawa\u0107 w nawiasie nazwisko i rok w uk\u0142adzie chronologicznym (Kowalski 2005, Nowak 2007) lub \u2026 zdaniem Kowalskiego (2005).<\/p>\n<p>Wykaz literatury nale\u017cy zestawi\u0107 w porz\u0105dku alfabetycznym stosuj\u0105c standardy APA (http:\/\/www.apastyle.org)<\/p>\n<ul>\n<li><i>Publikacja zwarta<\/i><\/li>\n<\/ul>\n<p>Bartkowiak, N., Poczta, W. (2012). Czynniki rozwoju obszar\u00f3w wiejskich w Wielkopolsce. Pozna\u0144: Wyd. UP.<\/p>\n<p>Preferowane jest \u00a0podanie\u00a0zakresu stron: Bartkowiak, N., Poczta, W. (2012). Czynniki rozwoju obszar\u00f3w wiejskich w Wielkopolsce (s. 15-30). Pozna\u0144: Wyd. UP.<\/p>\n<ul>\n<li><i>Praca zbiorowa pod redakcj\u0105<\/i><\/li>\n<\/ul>\n<p>Doma\u0144ska-Baer, A., Sucho\u0144, A. (red.). (2014). Ochrona w\u0142asno\u015bci intelektualnej. Wybrane zagadnienia prawne. Pozna\u0144: Wyd. UP.<\/p>\n<p>Preferowane jest\u00a0\u00a0podanie\u00a0zakresu stron: Doma\u0144ska-Baer, A., Sucho\u0144, A. (red.). (2014). Ochrona w\u0142asno\u015bci intelektualnej. Wybrane zagadnienia prawne (s. 15-30). Pozna\u0144: Wyd. UP.<\/p>\n<ul>\n<li><i>Rozdzia\u0142 w pracy zbiorowej<\/i><\/li>\n<\/ul>\n<p>Nazwisko, I. (2014). Tytu\u0142. W: A. Doma\u0144ska-Baer, A. Sucho\u0144 (red.), Ochrona w\u0142asno\u015bci intelektualnej. Wybrane zagadnienia prawne. Pozna\u0144: Wyd. UP.<\/p>\n<p>Preferowane jest\u00a0\u00a0podanie\u00a0zakresu stron: Nazwisko, I. (2014). Tytu\u0142. W: A. Doma\u0144ska-Baer, A. Sucho\u0144 (red.), Ochrona w\u0142asno\u015bci intelektualnej. Wybrane zagadnienia prawne (s. 15-30). Pozna\u0144: Wyd. UP.<\/p>\n<ul>\n<li><i>Artyku\u0142 w czasopi\u015bmie<\/i><\/li>\n<\/ul>\n<p>Sucho\u0144, A. (2014).\u00a0Perpetual usufruct of agricultural lands \u2013 selected legal and financial issues.\u00a0J. Agribus. Rural Dev., 4(34), 159-171.<\/p>\n<ul>\n<li><i>Materia\u0142 ze strony internetowej<\/i><\/li>\n<\/ul>\n<p>gdy nie ma autora: Biotechnologia (2011). Pobrane 20 maja 2015 z: https:\/\/pl.wikipedia.org\/wiki\/Biotechnologia<\/p>\n<p>gdy autor jest znany: Nazwisko, I. (2015). Tytu\u0142 materia\u0142u. Pobrane 20 maja 2015 z: www.stronainternetowa.pl<\/p>\n<ul>\n<li><i>Akt prawny<\/i><\/li>\n<\/ul>\n<p>Ustawa z dnia 29 maja 2015 r. o zmianie ustawy o lasach oraz niekt\u00f3rych innych ustaw (2011). Dz.U. poz. 671.<\/p>\n<p>Rozporz\u0105dzenie Rady (WE) nr 1258\/99 z dnia 17 maja 1999 r. w sprawie finansowania wsp\u00f3lnej polityki rolnej (1999). Dz. Urz. WE L 160 z 26.6.1999, s. 103-112.<\/p>\n<p>&nbsp;<\/p>\n<p>Uwaga!\u00a0Je\u015bli autorzy wskazuj\u0105 \u017ar\u00f3d\u0142a finansowania wynik\u00f3w bada\u0144 publikowanych w kwartalniku, Redakcja zamieszcza takie informacje.<\/p>\n<p>&nbsp;<\/p>\n<p>Razem z artyku\u0142em nale\u017cy przes\u0142a\u0107 na ten adres\u00a0wype\u0142nione\u00a0i\u00a0w\u0142asnor\u0119cznie podpisane,<br \/>\na nast\u0119pnie\u00a0zeskanowane\u00a0poni\u017csze o\u015bwiadczenie i zobowi\u0105zanie do uiszczenia op\u0142aty.<\/p>\n<p>&nbsp;<\/p>\n<p><b>Przesy\u0142anie artyku\u0142\u00f3w: \u00a0<\/b><\/p>\n<p>Zg\u0142aszane artyku\u0142y prosimy przesy\u0142a\u0107\u00a0drog\u0105 elektroniczn\u0105\u00a0na adres:<\/p>\n<p><b>ifal@up.poznan.pl<\/b><\/p>\n<p>&nbsp;<\/p>\n<p>lub drog\u0105 listown\u0105\u00a0na adres:<\/p>\n<p>&nbsp;<\/p>\n<p>Katedra Prawa i Organizacji Przedsi\u0119biorstw w Agrobiznesie<br \/>\nUniwersytet Przyrodniczy w Poznaniu<br \/>\nul. Wojska Polskiego 28<br \/>\n60-637 Pozna\u0144<\/p>\n<p>z dopiskiem na kopercie \u201eINTERCATHEDRA\u201d<br \/>\nwraz z wype\u0142nionym i podpisanym o\u015bwiadczeniem autora o oryginalno\u015bci przesy\u0142anego artyku\u0142u.<\/p>\n<p>&nbsp;<\/p>\n<p><a href=\"http:\/\/www1.up.poznan.pl\/intercathedra\/files\/Deklaracja_autora_PL.doc\">Deklaracja_autora_PL.doc<\/a> \u00a0\u00a0\u00a0\u00a0\u00a0(<a href=\"http:\/\/www1.up.poznan.pl\/intercathedra\/?pl_dla-autorow,3\">http:\/\/www1.up.poznan.pl\/intercathedra\/?pl_dla-autorow,3<\/a>)<\/p>\n<p><a href=\"http:\/\/www1.up.poznan.pl\/intercathedra\/files\/Declaration_author_ENG.doc\">Declaration_author_ENG.doc<\/a> \u00a0 (http:\/\/www1.up.poznan.pl\/intercathedra\/?en_instructions-for-authors,3)<\/p>\n<p>&nbsp;<\/p>\n<p><b>Op\u0142ata za publikacj\u0119: \u00a0<\/b><\/p>\n<p>Op\u0142ata za publikacj\u0119 pracy naukowej w czasopi\u015bmie INTERCATHEDRA wynosi 400 PLN + VAT (23%)<\/p>\n<p><span style=\"color: #ff0000;\"><b>Uwaga, op\u0142ata za publikacj\u0119 nie jest uj\u0119ta w op\u0142acie konferencyjnej!<\/b><\/span><\/p>\n<p>&nbsp;<\/p>\n<p><b>Termin <\/b>nades\u0142ania artyku\u0142u oraz wniesienia op\u0142aty up\u0142ywa <b>15.07.2021<\/b>.<\/p>\n<p>Konto:<\/p>\n<p><b>Uniwersytet Przyrodniczy w Poznaniu<\/b><\/p>\n<p><b>Wojska Polskiego 28<\/b><\/p>\n<p><b>60-637 Pozna\u0144<\/b><\/p>\n<p><strong>Nr rachunku:\u00a029 1090 1362 0000 0000 3601 7894<\/strong><\/p>\n<p>Z koniecznym dopiskiem: <strong>Imi\u0119 i Nazwisko, Agri-Food Logistics Forum, subkonto:<\/strong><br \/>\n<strong>293.01.509, op\u0142ata za publikacj\u0119 w Intercathedra<\/strong><\/p>\n<p>&nbsp;<\/p>\n<p>&nbsp;<\/p>\n","protected":false},"excerpt":{"rendered":"<p>INTERCATHEDRA: \u00a0\u00a0\u00a0\u00a0\u00a0http:\/\/www.intercathedra.pl DLA AUTOR\u00d3W Informacje og\u00f3lne\u00a0\u00a0 W Kwartalniku Naukowym INTERCATHEDRA publikowane s\u0105 oryginalne prace naukowe w j\u0119zyku angielskim (preferowane) i polskim. ZAPORA GHOSTWRITING I GUEST AUTHORSHIP\u00a0 Redakcja prowadzi dzia\u0142ania maj\u0105ce na celu wyeliminowanie zjawiska (praktyk) ghostwriting\u201d, \u201eguest authorship\u201d. Wszelkie wykryte przypadki b\u0119d\u0105 demaskowane, w\u0142\u0105cznie z mo\u017cliwo\u015bci\u0105 powiadomieniem odpowiednich podmiot\u00f3w (instytucje zatrudniaj\u0105ce autor\u00f3w, towarzystwa naukowe, stowarzyszenia [&hellip;]<\/p>\n","protected":false},"author":1,"featured_media":0,"parent":19,"menu_order":7,"comment_status":"closed","ping_status":"closed","template":"","meta":{"_links_to":"","_links_to_target":""},"_links":{"self":[{"href":"http:\/\/www1.up.poznan.pl\/agrifoodlogistics\/wp-json\/wp\/v2\/pages\/377"}],"collection":[{"href":"http:\/\/www1.up.poznan.pl\/agrifoodlogistics\/wp-json\/wp\/v2\/pages"}],"about":[{"href":"http:\/\/www1.up.poznan.pl\/agrifoodlogistics\/wp-json\/wp\/v2\/types\/page"}],"author":[{"embeddable":true,"href":"http:\/\/www1.up.poznan.pl\/agrifoodlogistics\/wp-json\/wp\/v2\/users\/1"}],"replies":[{"embeddable":true,"href":"http:\/\/www1.up.poznan.pl\/agrifoodlogistics\/wp-json\/wp\/v2\/comments?post=377"}],"version-history":[{"count":13,"href":"http:\/\/www1.up.poznan.pl\/agrifoodlogistics\/wp-json\/wp\/v2\/pages\/377\/revisions"}],"predecessor-version":[{"id":1258,"href":"http:\/\/www1.up.poznan.pl\/agrifoodlogistics\/wp-json\/wp\/v2\/pages\/377\/revisions\/1258"}],"up":[{"embeddable":true,"href":"http:\/\/www1.up.poznan.pl\/agrifoodlogistics\/wp-json\/wp\/v2\/pages\/19"}],"wp:attachment":[{"href":"http:\/\/www1.up.poznan.pl\/agrifoodlogistics\/wp-json\/wp\/v2\/media?parent=377"}],"curies":[{"name":"wp","href":"https:\/\/api.w.org\/{rel}","templated":true}]}}