{"id":17,"date":"2018-09-08T10:35:58","date_gmt":"2018-09-08T09:35:58","guid":{"rendered":"http:\/\/www1.up.poznan.pl\/agrifoodlogistics?page_id=17"},"modified":"2020-11-23T08:52:45","modified_gmt":"2020-11-23T07:52:45","slug":"rejestracja","status":"publish","type":"page","link":"http:\/\/www1.up.poznan.pl\/agrifoodlogistics\/rejestracja\/","title":{"rendered":"Rejestracja"},"content":{"rendered":"<div role=\"form\" class=\"wpcf7\" id=\"wpcf7-f252-o1\" lang=\"pl-PL\" dir=\"ltr\">\n<div class=\"screen-reader-response\"><p role=\"status\" aria-live=\"polite\" aria-atomic=\"true\"><\/p> <ul><\/ul><\/div>\n<form action=\"\/agrifoodlogistics\/wp-json\/wp\/v2\/pages\/17#wpcf7-f252-o1\" method=\"post\" class=\"wpcf7-form init\" novalidate=\"novalidate\" data-status=\"init\">\n<div style=\"display: none;\">\n<input type=\"hidden\" name=\"_wpcf7\" value=\"252\" \/>\n<input type=\"hidden\" name=\"_wpcf7_version\" value=\"5.3\" \/>\n<input type=\"hidden\" name=\"_wpcf7_locale\" value=\"pl_PL\" \/>\n<input type=\"hidden\" name=\"_wpcf7_unit_tag\" value=\"wpcf7-f252-o1\" \/>\n<input type=\"hidden\" name=\"_wpcf7_container_post\" value=\"0\" \/>\n<input type=\"hidden\" name=\"_wpcf7_posted_data_hash\" value=\"\" \/>\n<\/div>\n<div class=\"row\">\n<div class=\"col-lg-4 col-sm-12\">\n<div class=\"form-group\">\n<div class=\"form-group wpcf7-form-control wpcf7-radio panpani\"><div class=\"radio\"><label><input name=\"panpani\" type=\"radio\" value=\"Pan\" checked aria-invalid=\"false\" aria-required=\"true\" required>Pan<\/label><\/div><div class=\"radio\"><label><input name=\"panpani\" type=\"radio\" value=\"Pani\" aria-invalid=\"false\" aria-required=\"true\" required>Pani<\/label><\/div><\/div>\n<label>Imi\u0119*<\/label>\n<div class=\"form-group imie\"><input class=\"wpcf7-form-control wpcf7-text wpcf7-validates-as-required form-control\" name=\"imie\" type=\"text\" value=\"\" aria-invalid=\"false\" aria-required=\"true\" required><\/div> \n<label>Drugie imi\u0119<\/label>\n<div class=\"form-group secname\"><input class=\"wpcf7-form-control wpcf7-text form-control\" name=\"secname\" type=\"text\" value=\"\" aria-invalid=\"false\"><\/div> \n<label>Nazwisko*<\/label>\n<div class=\"form-group surname\"><input class=\"wpcf7-form-control wpcf7-text wpcf7-validates-as-required form-control\" name=\"surname\" type=\"text\" value=\"\" aria-invalid=\"false\" aria-required=\"true\" required><\/div> \n<label>Tytu\u0142\/stopie\u0144*<\/label>\n<div class=\"form-group degree\"><select class=\"wpcf7-form-control wpcf7-select wpcf7-validates-as-required form-control\" name=\"degree\" aria-invalid=\"false\" aria-required=\"true\" required><option value=\"Profesor\">Profesor<\/option><option value=\"Doktor\">Doktor<\/option><option value=\"Magister\">Magister<\/option><option value=\"In\u017cynier\">In\u017cynier<\/option><option value=\"Student\">Student<\/option><option value=\"Inny\">Inny<\/option><\/select><\/div> \n<label>Pa\u0144stwo*<\/label>\n<div class=\"form-group country\"><select class=\"wpcf7-form-control wpcf7-select wpcf7-validates-as-required form-control\" name=\"country\" aria-invalid=\"false\" aria-required=\"true\" required><option value=\"\" selected>---<\/option><option value=\"Afghanistan\">Afghanistan<\/option><option value=\"Albania\">Albania<\/option><option value=\"Algeria\">Algeria<\/option><option value=\"American Samoa\">American Samoa<\/option><option value=\"Andorra\">Andorra<\/option><option value=\"Angola\">Angola<\/option><option value=\"Anguilla\">Anguilla<\/option><option value=\"Antigua Barbuda\">Antigua Barbuda<\/option><option value=\"Argentina\">Argentina<\/option><option value=\"Armenia\">Armenia<\/option><option value=\"Aruba\">Aruba<\/option><option value=\"Australia\">Australia<\/option><option value=\"Austria\">Austria<\/option><option value=\"Azerbaijan\">Azerbaijan<\/option><option value=\"Bahamas\">Bahamas<\/option><option value=\"Bahrain\">Bahrain<\/option><option value=\"Bangladesh\">Bangladesh<\/option><option value=\"Barbados\">Barbados<\/option><option value=\"Belarus\">Belarus<\/option><option value=\"Belgium\">Belgium<\/option><option value=\"Belize\">Belize<\/option><option value=\"Benin\">Benin<\/option><option value=\"Bermuda\">Bermuda<\/option><option value=\"Bhutan\">Bhutan<\/option><option value=\"Bolivia\">Bolivia<\/option><option value=\"Bosnia and Herzegovina\">Bosnia and Herzegovina<\/option><option value=\"Botswana\">Botswana<\/option><option value=\"Brazil\">Brazil<\/option><option value=\"British Virgin Is\">British Virgin Is<\/option><option value=\"Brunei\">Brunei<\/option><option value=\"Bulgaria\">Bulgaria<\/option><option value=\"Burkina Faso\">Burkina Faso<\/option><option value=\"Burma\">Burma<\/option><option value=\"Burundi\">Burundi<\/option><option value=\"Cambodia\">Cambodia<\/option><option value=\"Cameroon\">Cameroon<\/option><option value=\"Canada\">Canada<\/option><option value=\"Cape Verde\">Cape Verde<\/option><option value=\"Cayman Islands\">Cayman Islands<\/option><option value=\"Central African Rep\">Central African Rep<\/option><option value=\"Chad\">Chad<\/option><option value=\"Chile\">Chile<\/option><option value=\"China\">China<\/option><option value=\"Colombia\">Colombia<\/option><option value=\"Comoros\">Comoros<\/option><option value=\"Congo Dem Rep\">Congo Dem Rep<\/option><option value=\"Cook Islands\">Cook Islands<\/option><option value=\"Costa Rica\">Costa Rica<\/option><option value=\"Cote dIvoire\">Cote dIvoire<\/option><option value=\"Croatia\">Croatia<\/option><option value=\"Cuba\">Cuba<\/option><option value=\"Cyprus\">Cyprus<\/option><option value=\"Czech Republic\">Czech Republic<\/option><option value=\"Denmark\">Denmark<\/option><option value=\"Djibouti\">Djibouti<\/option><option value=\"Dominica\">Dominica<\/option><option value=\"Dominican Republic\">Dominican Republic<\/option><option value=\"East Timor\">East Timor<\/option><option value=\"Ecuador\">Ecuador<\/option><option value=\"Egypt\">Egypt<\/option><option value=\"El Salvador\">El Salvador<\/option><option value=\"Equatorial Guinea\">Equatorial Guinea<\/option><option value=\"Eritrea\">Eritrea<\/option><option value=\"Estonia\">Estonia<\/option><option value=\"Ethiopia\">Ethiopia<\/option><option value=\"Faroe Islands\">Faroe Islands<\/option><option value=\"Fiji\">Fiji<\/option><option value=\"Finland\">Finland<\/option><option value=\"France\">France<\/option><option value=\"French Guiana\">French Guiana<\/option><option value=\"French Polynesia\">French Polynesia<\/option><option value=\"Gabon\">Gabon<\/option><option value=\"Gambia\">Gambia<\/option><option value=\"Gaza Strip\">Gaza Strip<\/option><option value=\"Georgia\">Georgia<\/option><option value=\"Germany\">Germany<\/option><option value=\"Ghana\">Ghana<\/option><option value=\"Gibraltar\">Gibraltar<\/option><option value=\"Greece\">Greece<\/option><option value=\"Greenland\">Greenland<\/option><option value=\"Grenada\">Grenada<\/option><option value=\"Guadeloupe\">Guadeloupe<\/option><option value=\"Guam\">Guam<\/option><option value=\"Guatemala\">Guatemala<\/option><option value=\"Guernsey\">Guernsey<\/option><option value=\"Guinea\">Guinea<\/option><option value=\"Guinea-Bissau\">Guinea-Bissau<\/option><option value=\"Guyana\">Guyana<\/option><option value=\"Haiti\">Haiti<\/option><option value=\"Honduras\">Honduras<\/option><option value=\"Hong Kong\">Hong Kong<\/option><option value=\"Hungary\">Hungary<\/option><option value=\"Iceland\">Iceland<\/option><option value=\"India\">India<\/option><option value=\"Indonesia\">Indonesia<\/option><option value=\"Iran\">Iran<\/option><option value=\"Iraq\">Iraq<\/option><option value=\"Ireland\">Ireland<\/option><option value=\"Isle of Man\">Isle of Man<\/option><option value=\"Israel\">Israel<\/option><option value=\"Italy\">Italy<\/option><option value=\"Jamaica\">Jamaica<\/option><option value=\"Japan\">Japan<\/option><option value=\"Jersey\">Jersey<\/option><option value=\"Jordan\">Jordan<\/option><option value=\"Kazakhstan\">Kazakhstan<\/option><option value=\"Kenya\">Kenya<\/option><option value=\"Kiribati\">Kiribati<\/option><option value=\"North Korea\">North Korea<\/option><option value=\"South Korea\">South Korea<\/option><option value=\"Kuwait\">Kuwait<\/option><option value=\"Kyrgyzstan\">Kyrgyzstan<\/option><option value=\"Laos\">Laos<\/option><option value=\"Latvia\">Latvia<\/option><option value=\"Lebanon\">Lebanon<\/option><option value=\"Lesotho\">Lesotho<\/option><option value=\"Liberia\">Liberia<\/option><option value=\"Libya\">Libya<\/option><option value=\"Liechtenstein\">Liechtenstein<\/option><option value=\"Lithuania\">Lithuania<\/option><option value=\"Luxembourg\">Luxembourg<\/option><option value=\"Macau\">Macau<\/option><option value=\"Macedonia\">Macedonia<\/option><option value=\"Madagascar\">Madagascar<\/option><option value=\"Malawi\">Malawi<\/option><option value=\"Malaysia\">Malaysia<\/option><option value=\"Maldives\">Maldives<\/option><option value=\"Mali\">Mali<\/option><option value=\"Malta\">Malta<\/option><option value=\"Marshall Islands\">Marshall Islands<\/option><option value=\"Martinique\">Martinique<\/option><option value=\"Mauritania\">Mauritania<\/option><option value=\"Mauritius\">Mauritius<\/option><option value=\"Mayotte\">Mayotte<\/option><option value=\"Mexico\">Mexico<\/option><option value=\"Micronesia Fed St\">Micronesia Fed St<\/option><option value=\"Moldova\">Moldova<\/option><option value=\"Monaco\">Monaco<\/option><option value=\"Mongolia\">Mongolia<\/option><option value=\"Montserrat\">Montserrat<\/option><option value=\"Morocco\">Morocco<\/option><option value=\"Mozambique\">Mozambique<\/option><option value=\"Namibia\">Namibia<\/option><option value=\"Nauru\">Nauru<\/option><option value=\"Nepal\">Nepal<\/option><option value=\"Netherlands\">Netherlands<\/option><option value=\"New Caledonia\">New Caledonia<\/option><option value=\"New Zealand\">New Zealand<\/option><option value=\"Nicaragua\">Nicaragua<\/option><option value=\"Niger\">Niger<\/option><option value=\"Nigeria\">Nigeria<\/option><option value=\"Mariana Islands\">Mariana Islands<\/option><option value=\"Norway\">Norway<\/option><option value=\"Oman\">Oman<\/option><option value=\"Pakistan\">Pakistan<\/option><option value=\"Palau\">Palau<\/option><option value=\"Panama\">Panama<\/option><option value=\"Papua New Guinea\">Papua New Guinea<\/option><option value=\"Paraguay\">Paraguay<\/option><option value=\"Peru\">Peru<\/option><option value=\"Philippines\">Philippines<\/option><option value=\"Poland\">Poland<\/option><option value=\"Portugal\">Portugal<\/option><option value=\"Puerto Rico\">Puerto Rico<\/option><option value=\"Qatar\">Qatar<\/option><option value=\"Reunion\">Reunion<\/option><option value=\"Romania\">Romania<\/option><option value=\"Russia\">Russia<\/option><option value=\"Rwanda\">Rwanda<\/option><option value=\"Saint Helena\">Saint Helena<\/option><option value=\"Saint Kitts Nevis\">Saint Kitts Nevis<\/option><option value=\"Saint Lucia\">Saint Lucia<\/option><option value=\"St Pierre Miquelon\">St Pierre Miquelon<\/option><option value=\"Saint Vincent and the Grenadines\">Saint Vincent and the Grenadines<\/option><option value=\"Samoa\">Samoa<\/option><option value=\"San Marino\">San Marino<\/option><option value=\"Sao Tome Principe\">Sao Tome Principe<\/option><option value=\"Saudi Arabia\">Saudi Arabia<\/option><option value=\"Senegal\">Senegal<\/option><option value=\"Serbia\">Serbia<\/option><option value=\"Seychelles\">Seychelles<\/option><option value=\"Sierra Leone\">Sierra Leone<\/option><option value=\"Singapore\">Singapore<\/option><option value=\"Slovakia\">Slovakia<\/option><option value=\"Slovenia\">Slovenia<\/option><option value=\"Solomon Islands\">Solomon Islands<\/option><option value=\"Somalia\">Somalia<\/option><option value=\"South Africa\">South Africa<\/option><option value=\"Spain\">Spain<\/option><option value=\"Sri Lanka\">Sri Lanka<\/option><option value=\"Sudan\">Sudan<\/option><option value=\"Suriname\">Suriname<\/option><option value=\"Swaziland\">Swaziland<\/option><option value=\"Sweden\">Sweden<\/option><option value=\"Switzerland\">Switzerland<\/option><option value=\"Syria\">Syria<\/option><option value=\"Taiwan\">Taiwan<\/option><option value=\"Tajikistan\">Tajikistan<\/option><option value=\"Tanzania\">Tanzania<\/option><option value=\"Thailand\">Thailand<\/option><option value=\"Togo\">Togo<\/option><option value=\"Tonga\">Tonga<\/option><option value=\"Trinidad Tobago\">Trinidad Tobago<\/option><option value=\"Tunisia\">Tunisia<\/option><option value=\"Turkey\">Turkey<\/option><option value=\"Turkmenistan\">Turkmenistan<\/option><option value=\"Turks Caicos Is\">Turks Caicos Is<\/option><option value=\"Tuvalu\">Tuvalu<\/option><option value=\"Uganda\">Uganda<\/option><option value=\"Ukraine\">Ukraine<\/option><option value=\"United Arab Emirates\">United Arab Emirates<\/option><option value=\"United Kingdom\">United Kingdom<\/option><option value=\"United States\">United States<\/option><option value=\"Uruguay\">Uruguay<\/option><option value=\"Uzbekistan\">Uzbekistan<\/option><option value=\"Vanuatu\">Vanuatu<\/option><option value=\"Venezuela\">Venezuela<\/option><option value=\"Vietnam\">Vietnam<\/option><option value=\"Virgin Islands\">Virgin Islands<\/option><option value=\"Wallis and Futuna\">Wallis and Futuna<\/option><option value=\"West Bank\">West Bank<\/option><option value=\"Western Sahara\">Western Sahara<\/option><option value=\"Yemen\">Yemen<\/option><option value=\"Zambia\">Zambia<\/option><option value=\"Zimbabwe\">Zimbabwe<\/option><\/select><\/div>\n\n<label>Instytucja\/firma*<\/label>\n<div class=\"form-group company\"><input class=\"wpcf7-form-control wpcf7-text wpcf7-validates-as-required form-control\" name=\"company\" type=\"text\" value=\"\" aria-invalid=\"false\" aria-required=\"true\" required><\/div>\n<label>Adres*<\/label>\n<div class=\"form-group adress\"><input class=\"wpcf7-form-control wpcf7-text wpcf7-validates-as-required form-control\" name=\"adress\" type=\"text\" value=\"\" aria-invalid=\"false\" aria-required=\"true\" required><\/div>\n<label>Kod pocztowy*<\/label>\n<div class=\"form-group code\"><input class=\"wpcf7-form-control wpcf7-text wpcf7-validates-as-required form-control\" name=\"code\" type=\"text\" value=\"\" aria-invalid=\"false\" aria-required=\"true\" required><\/div>\n<label>Miejscowo\u015b\u0107*<\/label>\n<div class=\"form-group city\"><input class=\"wpcf7-form-control wpcf7-text wpcf7-validates-as-required form-control\" name=\"city\" type=\"text\" value=\"\" aria-invalid=\"false\" aria-required=\"true\" required><\/div>\n<label>e-mail*<\/label>\n<div class=\"form-group email\"><input class=\"wpcf7-form-control wpcf7-text wpcf7-email wpcf7-validates-as-required wpcf7-validates-as-email form-control\" name=\"email\" type=\"email\" value=\"\" aria-invalid=\"false\" aria-required=\"true\" required><\/div>\n<label>Telefon*<\/label>\n<div class=\"form-group phone\"><input class=\"wpcf7-form-control wpcf7-text wpcf7-tel wpcf7-validates-as-required wpcf7-validates-as-tel form-control\" name=\"phone\" type=\"tel\" value=\"\" aria-invalid=\"false\" aria-required=\"true\" required><\/div>\n<label>Fax<\/label>\n<div class=\"form-group fax\"><input class=\"wpcf7-form-control wpcf7-text wpcf7-tel wpcf7-validates-as-tel form-control\" name=\"fax\" type=\"tel\" value=\"\" aria-invalid=\"false\"><\/div>\n<br>\n*pola obowi\u0105zkowe\n<br>\n**nale\u017cy przygotowa\u0107 abstrakt, kt\u00f3ry zostanie zamieszczony w materia\u0142ach konferencyjnych\n<\/div>\n<\/div>\n<div class=\"col-lg-4 col-sm-12\">\n<div class=\"form-group\">\n<label>Rodzaj udzia\u0142u w Forum\/Konferencji*<\/label>\n<div class=\"form-group wpcf7-form-control wpcf7-radio participation\"><div class=\"radio\"><label><input name=\"participation\" type=\"radio\" value=\"Uczestnictwo online z referatem**\" checked aria-invalid=\"false\" aria-required=\"true\" required>Uczestnictwo online z referatem**<\/label><\/div><div class=\"radio\"><label><input name=\"participation\" type=\"radio\" value=\"Uczestnictwo online bez referatu\" aria-invalid=\"false\" aria-required=\"true\" required>Uczestnictwo online bez referatu<\/label><\/div><\/div>\n<small>**nale\u017cy przygotowa\u0107 abstrakt, kt\u00f3ry zostanie zamieszczony w materia\u0142ach konferencyjnych.<\/small><br><br>\n<label>Deklaracja publikacyjna*<\/label>\n<div class=\"form-group wpcf7-form-control wpcf7-radio publication\"><div class=\"radio\"><label><input name=\"publication\" type=\"radio\" value=\"Czasopismo ENERGIES\" checked aria-invalid=\"false\" aria-required=\"true\" required>Czasopismo ENERGIES<\/label><\/div><div class=\"radio\"><label><input name=\"publication\" type=\"radio\" value=\"Czasopismo AGRICULTURE\" aria-invalid=\"false\" aria-required=\"true\" required>Czasopismo AGRICULTURE<\/label><\/div><div class=\"radio\"><label><input name=\"publication\" type=\"radio\" value=\"Czasopismo Ekonomika i Organizacja Logistyki\" aria-invalid=\"false\" aria-required=\"true\" required>Czasopismo Ekonomika i Organizacja Logistyki<\/label><\/div><div class=\"radio\"><label><input name=\"publication\" type=\"radio\" value=\"Czasopismo INTERCATHEDRA\" aria-invalid=\"false\" aria-required=\"true\" required>Czasopismo INTERCATHEDRA<\/label><\/div><div class=\"radio\"><label><input name=\"publication\" type=\"radio\" value=\"Czasopismo Journal of Agribusiness and Rural Development\" aria-invalid=\"false\" aria-required=\"true\" required>Czasopismo Journal of Agribusiness and Rural Development<\/label><\/div><div class=\"radio\"><label><input name=\"publication\" type=\"radio\" value=\"Czasopismo Sustainability\" aria-invalid=\"false\" aria-required=\"true\" required>Czasopismo Sustainability<\/label><\/div><div class=\"radio\"><label><input name=\"publication\" type=\"radio\" value=\"Rozdzia\u0142 w monografii Contemporary challenge of a sustainable food supply chain (publikacja i t\u0142umaczenie bez op\u0142at).\" aria-invalid=\"false\" aria-required=\"true\" required>Rozdzia\u0142 w monografii Contemporary challenge of a sustainable food supply chain (publikacja i t\u0142umaczenie bez op\u0142at).<\/label><\/div><div class=\"radio\"><label><input name=\"publication\" type=\"radio\" value=\"Uczestnictwo bez publikacji\" aria-invalid=\"false\" aria-required=\"true\" required>Uczestnictwo bez publikacji<\/label><\/div><\/div>\n<\/div>\n<\/div>  \n<div class=\"col-lg-4 col-sm-12\">\n<div class=\"form-group\">\n<label>Dane do faktury*<\/label>\n<div class=\"form-group faktura\"><textarea class=\"wpcf7-form-control wpcf7-textarea wpcf7-validates-as-required form-control\" name=\"faktura\" rows=\"10\" aria-invalid=\"false\" aria-required=\"true\" required><\/textarea><\/div>\n<small>RODO - prosz\u0119 zaznaczy\u0107 zgod\u0119 na poni\u017csze warunki przetwarzania danych oraz kontaktu drog\u0105 elektroniczn\u0105 w zwi\u0105zku z Konferencj\u0105:<br>\n\nZgodnie z art. 13 Rozporz\u0105dzenia Parlamentu Europejskiego i Rady (UE) 2016\/679 z dnia 27 kwietnia 2016 r. w sprawie ochrony os\u00f3b fizycznych w zwi\u0105zku z przetwarzaniem danych osobowych (\u2026) (\u201eRozporz\u0105dzenie Og\u00f3lne\u201d), dalej jako \u201eRODO\u201d Uniwersytet Przyrodniczy w Poznaniu informuje, \u017ce:<br>\n\n1.\tAdministratorem Pani\/Pana danych osobowych jest Uniwersytet Przyrodniczy w Poznaniu, ul. Wojska Polskiego 28, 60-637 Pozna\u0144.<br>\n2.\tW Uniwersytecie wyznaczony zosta\u0142 Inspektor Ochrony Danych mgr in\u017c. Tomasz Napiera\u0142a, Biuro ds. Ochrony Danych Osobowych i Informacji Niejawnych, ul. Wojska Polskiego 28, 60-637 Pozna\u0144, pok\u00f3j nr 22, kontakt z Inspektorem od poniedzia\u0142ku do pi\u0105tku w godzinach od 8:00 \u2013 16:00, lub przez mail: tomasz.napierala@up.poznan.pl lub pod numerem telefonu: +48 (61) 848-7799<br>\n3.\tPani\/Pana dane osobowe przetwarzane b\u0119d\u0105 w celu realizacji umowy, kt\u00f3rej przedmiotem jest udzia\u0142 w 4th International Forum on Agri-Food Logistics, Pozna\u0144, Poland, June 23-25, 2021 a tak\u017ce poprzedzaj\u0105ca j\u0105 rejestracja, tj. na podstawie art. 6 ust. 1it.<br>\n4.\tPodanie przez Pani\u0105\/Pana danych jest warunkiem zawarcia i realizacji umowy, czyli dokonania  rejestracji oraz udzia\u0142u w ww. Konferencji,<br>\n5.\tPani \/Pana dane osobowe b\u0119d\u0105 udost\u0119pnione\/nie b\u0119d\u0105 udost\u0119pnione firmom informatycznym obs\u0142uguj\u0105cym ww. Konferencj\u0119 na podstawie zawartych przez Uniwersytet um\u00f3w powierzenia danych.<br>\n6.\tPani\/Pana dane osobowe nie b\u0119d\u0105\/b\u0119d\u0105 przekazywane do pa\u0144stw trzecich (poza Europejski Obszar Gospodarczy) ani do organizacji mi\u0119dzynarodowych.<br>\n7.\tPani\/Pana dane przechowywane b\u0119d\u0105 przez okres organizacji Konferencji oraz do czasu dokonania ostatecznego rozliczenia i zamkni\u0119cia Konferencji, a tak\u017ce do czasu przedawnienia roszcze\u0144 mog\u0105cych wynikn\u0105\u0107 z realizacji umowy, o kt\u00f3rej mowa w pkt. 3 lit. a)<br>\n8.\tPosiada Pani\/Pan prawo do: dost\u0119pu do tre\u015bci swoich danych oraz ich sprostowania, usuni\u0119cia (chyba \u017ce dalsze przetwarzanie jest konieczne dla wykonania obowi\u0105zku prawnego albo w celu ustalenia, dochodzenia lub obrony roszcze\u0144), ograniczenia przetwarzania, przenoszenia danych, wniesienia sprzeciwu wobec przetwarzania,<br>\n9.\tPani\/Pana dane osobowe nie b\u0119d\u0105 przedmiotem automatycznego podejmowania decyzji ani profilowania,<br>\n10.\tPosiada Pan\/Pani prawo do wniesienia skargi do Prezesa Urz\u0119du Ochrony Danych Osobowych gdy uzna Pani\/Pan, \u017ce przetwarzanie Pani\/Pana danych osobowych odbywa si\u0119 z naruszeniem przepis\u00f3w Rozporz\u0105dzenia Og\u00f3lnego.<br>\n\nJednocze\u015bnie wyra\u017ca Pan\/Pani zgod\u0119 na otrzymywanie informacji drog\u0105 elektroniczn\u0105 (poczta elektroniczna oraz telefonia kom\u00f3rkowa) od Organizator\u00f3w zgodnie z ustaw\u0105 o \u015bwiadczeniu us\u0142ug drog\u0105 elektroniczn\u0105 (Dz. U. 2016 poz. 1030).<br>\n<\/small><br>\n<div class=\"form-group wpcf7-form-control wpcf7-acceptance acceptance-531\"><div class=\"checkbox wpcf7-form-control wpcf7-acceptance acceptance-531\"><label ><input name=\"acceptance-531\" type=\"checkbox\" value=\"1\" aria-invalid=\"false\">WYRA\u017bAM ZGOD\u0118<\/label><\/div><\/div>\n<div class=\"form-group\"><div><input class=\"wpcf7-form-control wpcf7-submit btn btn-primary\" type=\"submit\" value=\"Wy\u015blij\"><\/div><\/div>\n<div class=\"wpcf7-response-output alert alert-warning\"><\/div>\n<\/div>\n<\/div>  \n<\/div><\/form><\/div>\n","protected":false},"excerpt":{"rendered":"","protected":false},"author":1,"featured_media":0,"parent":0,"menu_order":4,"comment_status":"closed","ping_status":"closed","template":"","meta":{"_links_to":"","_links_to_target":""},"_links":{"self":[{"href":"http:\/\/www1.up.poznan.pl\/agrifoodlogistics\/wp-json\/wp\/v2\/pages\/17"}],"collection":[{"href":"http:\/\/www1.up.poznan.pl\/agrifoodlogistics\/wp-json\/wp\/v2\/pages"}],"about":[{"href":"http:\/\/www1.up.poznan.pl\/agrifoodlogistics\/wp-json\/wp\/v2\/types\/page"}],"author":[{"embeddable":true,"href":"http:\/\/www1.up.poznan.pl\/agrifoodlogistics\/wp-json\/wp\/v2\/users\/1"}],"replies":[{"embeddable":true,"href":"http:\/\/www1.up.poznan.pl\/agrifoodlogistics\/wp-json\/wp\/v2\/comments?post=17"}],"version-history":[{"count":3,"href":"http:\/\/www1.up.poznan.pl\/agrifoodlogistics\/wp-json\/wp\/v2\/pages\/17\/revisions"}],"predecessor-version":[{"id":254,"href":"http:\/\/www1.up.poznan.pl\/agrifoodlogistics\/wp-json\/wp\/v2\/pages\/17\/revisions\/254"}],"wp:attachment":[{"href":"http:\/\/www1.up.poznan.pl\/agrifoodlogistics\/wp-json\/wp\/v2\/media?parent=17"}],"curies":[{"name":"wp","href":"https:\/\/api.w.org\/{rel}","templated":true}]}}