{"id":1359,"date":"2020-12-04T12:54:29","date_gmt":"2020-12-04T11:54:29","guid":{"rendered":"http:\/\/www1.up.poznan.pl\/agrifoodlogistics\/?page_id=1359"},"modified":"2020-12-15T15:51:57","modified_gmt":"2020-12-15T14:51:57","slug":"historia-forum","status":"publish","type":"page","link":"http:\/\/www1.up.poznan.pl\/agrifoodlogistics\/o-konferencji\/historia-forum\/","title":{"rendered":"Historia Forum"},"content":{"rendered":"\n<p>Mi\u0119dzynarodowe Forum Logistyki w Gospodarce \u017bywno\u015bciowej od lat jest platform\u0105 wsp\u00f3\u0142pracy naukowc\u00f3w i praktyk\u00f3w, umo\u017cliwiaj\u0105c\u0105 zar\u00f3wno prezentacj\u0119 wynik\u00f3w bada\u0144 naukowych, jak i dyskusj\u0119 na cyklicznych konferencjach oraz wymian\u0119 do\u015bwiadcze\u0144. Forum to tak\u017ce miejsce nawi\u0105zywania kontakt\u00f3w naukowych i biznesowych.<\/p>\n\n\n\n<p>Forum Mi\u0119dzynarodowe jest kontynuacj\u0105 Og\u00f3lnopolskiej Konferencji \u201eAGROLOGISTYKA 2012\u201d, kt\u00f3ra odby\u0142a si\u0119 w Poznaniu w 2012 roku. Tematem konferencji by\u0142 <strong><em>Agrobiznes &#8211; wyzwanie dla logistyki<\/em><\/strong>, a jej celem by\u0142o om\u00f3wienie wsp\u00f3\u0142czesnych trend\u00f3w w rozwoju \u0142a\u0144cuch\u00f3w dostaw w Polsce, gospodarka \u017cywno\u015bciowa, w tym strategie odpowiedzialno\u015bci spo\u0142ecznej. Konferencja po\u015bwi\u0119cona by\u0142a zagadnieniom teorii i praktyki logistyki w przemy\u015ble spo\u017cywczym. By\u0142a to pierwsza konferencja na ten temat w Polsce.<\/p>\n\n\n\n<p>Bior\u0105c pod uwag\u0119 fakt, i\u017c wsp\u00f3\u0142czesne \u0142a\u0144cuchy \u017cywno\u015bciowe maj\u0105 charakter globalny, postanowili\u015bmy zorganizowa\u0107 Mi\u0119dzynarodowe Forum po\u015bwi\u0119cone tej tematyce. Tak wi\u0119c tematem przewodnim pierwszej edycji w 2014 r. by\u0142a: <strong><em>Sprawna logistyka szans\u0105 efektywnej obs\u0142ugi klienta&nbsp; w gospodarce \u017cywno\u015bciowej<\/em><\/strong>, podczas kt\u00f3rej dyskutowali\u015bmy o roli zaufania i identyfikowalno\u015bci jako warunk\u00f3w dla zr\u00f3wnowa\u017conego rozwoju \u0142a\u0144cucha dostaw.<\/p>\n\n\n\n<p>W 2017 roku zorganizowali\u015bmy II Forum pod has\u0142em: <strong><em>Logistyka wobec wyzwa\u0144 bezpiecze\u0144stwa \u017cywno\u015bciowego i ochrony \u015brodowiska.<\/em><\/strong> Om\u00f3wili\u015bmy zagro\u017cenia \u015brodowiskowe, marnotrawienie \u017cywno\u015bci i niepewno\u015b\u0107 w burzliwym globalnym \u015bwiecie jako wyzwania dla zr\u00f3wnowa\u017cenia \u0142a\u0144cuch\u00f3w dostaw \u017cywno\u015bci.<\/p>\n\n\n\n<p>Tematem III Forum, kt\u00f3re odby\u0142o si\u0119 w 2019 roku, by\u0142o: <strong><em>W kierunku zr\u00f3wnowa\u017cenia logistyki w \u0142a\u0144cuchach dostaw \u017cywno\u015bci<\/em><\/strong>. Niekt\u00f3re z g\u0142\u00f3wnych kwestii, kt\u00f3re poruszyli\u015bmy na forum, to mo\u017cliwo\u015bci redukcji emisji CO2 i innych szkodliwych substancji, identyfikacja oraz rozw\u00f3j system\u00f3w i standard\u00f3w jako\u015bci w \u0141D\u017b.<\/p>\n\n\n\n<p>Od 2012 roku Forum go\u015bci\u0142o oko\u0142o 230 go\u015bci z niemal wszystkich kontynent\u00f3w z ca\u0142ego \u015bwiata, tj. Europy, Azji, Ameryki P\u00f3\u0142nocnej i Po\u0142udniowej, Afryki, kt\u00f3rzy reprezentuj\u0105 wiod\u0105ce o\u015brodki naukowe logistyki i \u0142a\u0144cuch\u00f3w dostaw, m.in .:<\/p>\n\n\n\n<ul><li>Organisation for Economic Co-operation and Development (OECD);<\/li><li>Cranfield School of Management, UK;<\/li><li>International Centre for Advanced Mediterranean Agronomic Studies (CIHEAM-Bari), Italy;<\/li><li>Universidad Polit\u00e9cnica de Madrid (UPM), Spain;<\/li><li>Moscow State University of Technology (STANKIN), Moscow, Russia;<\/li><li>Faculty of Economics and Business, Department of Research Methodology and Statistics, University of Debrecen, Hungary;<\/li><li>IMED Business School, Brazil;<\/li><li>Federal University of Mato Grosso do Sul, Brazil;&nbsp;<\/li><li>Vytautas Magnus University Kaunas, Lithuania;<\/li><li>Universidad T\u00e9cnica de Machala, Ecuador;<\/li><li>Universidad del Zulia, Venezuela;<\/li><li>Uniwersytet Leona Ko\u017ami\u0144skiego, Warszawa, Polska.<\/li><li><a href=\"https:\/\/nauka-polska.pl\/#\/profile\/institution?id=228795\">\u0141ukasiewicz Research Network &#8211; Institute of Logistics and Warehousing<\/a>, Pozna\u0144, Poland.<\/li><\/ul>\n\n\n\n<p>Od samego pocz\u0105tku g\u0142\u00f3wn\u0105 ide\u0105 Forum, odbywaj\u0105cego si\u0119 co dwa lata, by\u0142 zr\u00f3wnowa\u017cony rozw\u00f3j \u0141D\u017b oraz budowa platformy gromadz\u0105cej wielu ekspert\u00f3w z ca\u0142ego \u015bwiata zajmuj\u0105cych si\u0119 t\u0105 problematyk\u0105..&nbsp;<\/p>\n\n\n\n<p>Dlatego <strong>w 2021 roku zapraszamy do dyskusji na temat innowacji i technologii s\u0142u\u017c\u0105cych zr\u00f3wnowa\u017conemu rozwojowi \u0141D\u017b funkcjonuj\u0105cych coraz cz\u0119\u015bciej w warunkach niepewno\u015bci, zw\u0142aszcza w obliczu ostatnich okoliczno\u015bci pandemii COVID-19.<\/strong><\/p>\n\n\n\n<p>Mamy nadziej\u0119, \u017ce IV Forum przyczyni si\u0119 nie tylko do skuteczniejszej realizacji cel\u00f3w zr\u00f3wnowa\u017conego rozwoju, ale tak\u017ce do przygotowania propozycji realizacji za\u0142o\u017ce\u0144 Agendy na rzecz Zr\u00f3wnowa\u017conego Rozwoju 2030 pod has\u0142ami: Ludzie, Planeta, Dobrobyt, Pok\u00f3j i Partnerstwo.<\/p>\n","protected":false},"excerpt":{"rendered":"<p>Mi\u0119dzynarodowe Forum Logistyki w Gospodarce \u017bywno\u015bciowej od lat jest platform\u0105 wsp\u00f3\u0142pracy naukowc\u00f3w i praktyk\u00f3w, umo\u017cliwiaj\u0105c\u0105 zar\u00f3wno prezentacj\u0119 wynik\u00f3w bada\u0144 naukowych, jak i dyskusj\u0119 na cyklicznych konferencjach oraz wymian\u0119 do\u015bwiadcze\u0144. Forum to tak\u017ce miejsce nawi\u0105zywania kontakt\u00f3w naukowych i biznesowych. Forum Mi\u0119dzynarodowe jest kontynuacj\u0105 Og\u00f3lnopolskiej Konferencji \u201eAGROLOGISTYKA 2012\u201d, kt\u00f3ra odby\u0142a si\u0119 w Poznaniu w 2012 roku. Tematem [&hellip;]<\/p>\n","protected":false},"author":1,"featured_media":0,"parent":11,"menu_order":1,"comment_status":"closed","ping_status":"closed","template":"","meta":{"_links_to":"","_links_to_target":""},"_links":{"self":[{"href":"http:\/\/www1.up.poznan.pl\/agrifoodlogistics\/wp-json\/wp\/v2\/pages\/1359"}],"collection":[{"href":"http:\/\/www1.up.poznan.pl\/agrifoodlogistics\/wp-json\/wp\/v2\/pages"}],"about":[{"href":"http:\/\/www1.up.poznan.pl\/agrifoodlogistics\/wp-json\/wp\/v2\/types\/page"}],"author":[{"embeddable":true,"href":"http:\/\/www1.up.poznan.pl\/agrifoodlogistics\/wp-json\/wp\/v2\/users\/1"}],"replies":[{"embeddable":true,"href":"http:\/\/www1.up.poznan.pl\/agrifoodlogistics\/wp-json\/wp\/v2\/comments?post=1359"}],"version-history":[{"count":2,"href":"http:\/\/www1.up.poznan.pl\/agrifoodlogistics\/wp-json\/wp\/v2\/pages\/1359\/revisions"}],"predecessor-version":[{"id":1361,"href":"http:\/\/www1.up.poznan.pl\/agrifoodlogistics\/wp-json\/wp\/v2\/pages\/1359\/revisions\/1361"}],"up":[{"embeddable":true,"href":"http:\/\/www1.up.poznan.pl\/agrifoodlogistics\/wp-json\/wp\/v2\/pages\/11"}],"wp:attachment":[{"href":"http:\/\/www1.up.poznan.pl\/agrifoodlogistics\/wp-json\/wp\/v2\/media?parent=1359"}],"curies":[{"name":"wp","href":"https:\/\/api.w.org\/{rel}","templated":true}]}}