{"id":1228,"date":"2020-10-14T07:37:04","date_gmt":"2020-10-14T06:37:04","guid":{"rendered":"http:\/\/www1.up.poznan.pl\/agrifoodlogistics\/?page_id=1228"},"modified":"2021-05-27T09:09:33","modified_gmt":"2021-05-27T08:09:33","slug":"abstrakt","status":"publish","type":"page","link":"http:\/\/www1.up.poznan.pl\/agrifoodlogistics\/publikacja\/abstrakt\/","title":{"rendered":"Abstrakt"},"content":{"rendered":"<h2><span style=\"font-weight: 400;\">Wytyczne dla abstraktu<\/span><\/h2>\n<p><span style=\"font-weight: 400;\"><br \/>\nSzanowni Pa\u0144stwo,<\/span><\/p>\n<p>Wszystkie zg\u0142oszone i zaakceptowane streszczenia zostan\u0105 opublikowane w materia\u0142ach konferencyjnych (wersja drukowana z numerem ISBN) oraz w wersji online na stronie internetowej konferencji.<\/p>\n<p><span style=\"font-weight: 400;\">Termin nades\u0142ania streszczenia up\u0142ywa\u00a0<\/span><b>31 maja 2021. \u00a0<\/b><span style=\"font-weight: 400;\">Informacj\u0119 o akceptacji streszczenia otrzymacie Pa\u0144stwo do <\/span><strong>31\u00a0maja 2021<\/strong>.<\/p>\n<p><span style=\"font-weight: 400;\"> Prosimy o u\u017cycie szablonu Microsoft Word do przygotowania abstraktu (<a href=\"http:\/\/www1.up.poznan.pl\/agrifoodlogistics\/wp-content\/uploads\/2021\/02\/abstract-template.docx\" target=\"_blank\" rel=\"noopener\">POBIERZ SZABLON<\/a>)<\/span><\/p>\n<p style=\"font-weight: 400;\"><strong>Prosz\u0119 o przesy\u0142anie abstraktu, zgodnie z wymogami na adres mailowy:\u00a0<a href=\"mailto:ifal@up.poznan.pl\">ifal@up.poznan.pl<\/a><\/strong><\/p>\n<p style=\"font-weight: 400;\"><strong>Po zg\u0142oszeniu abstraktu, odpowied\u017a o akceptacji zostanie przes\u0142ana w ci\u0105gu tygodnia.<\/strong><\/p>\n<p><span style=\"font-weight: 400;\">\u00a0<\/span><\/p>\n","protected":false},"excerpt":{"rendered":"<p>Wytyczne dla abstraktu Szanowni Pa\u0144stwo, Wszystkie zg\u0142oszone i zaakceptowane streszczenia zostan\u0105 opublikowane w materia\u0142ach konferencyjnych (wersja drukowana z numerem ISBN) oraz w wersji online na stronie internetowej konferencji. Termin nades\u0142ania streszczenia up\u0142ywa\u00a031 maja 2021. \u00a0Informacj\u0119 o akceptacji streszczenia otrzymacie Pa\u0144stwo do 31\u00a0maja 2021. Prosimy o u\u017cycie szablonu Microsoft Word do przygotowania abstraktu (POBIERZ SZABLON) Prosz\u0119 [&hellip;]<\/p>\n","protected":false},"author":1,"featured_media":0,"parent":19,"menu_order":1,"comment_status":"closed","ping_status":"closed","template":"","meta":{"_links_to":"","_links_to_target":""},"_links":{"self":[{"href":"http:\/\/www1.up.poznan.pl\/agrifoodlogistics\/wp-json\/wp\/v2\/pages\/1228"}],"collection":[{"href":"http:\/\/www1.up.poznan.pl\/agrifoodlogistics\/wp-json\/wp\/v2\/pages"}],"about":[{"href":"http:\/\/www1.up.poznan.pl\/agrifoodlogistics\/wp-json\/wp\/v2\/types\/page"}],"author":[{"embeddable":true,"href":"http:\/\/www1.up.poznan.pl\/agrifoodlogistics\/wp-json\/wp\/v2\/users\/1"}],"replies":[{"embeddable":true,"href":"http:\/\/www1.up.poznan.pl\/agrifoodlogistics\/wp-json\/wp\/v2\/comments?post=1228"}],"version-history":[{"count":18,"href":"http:\/\/www1.up.poznan.pl\/agrifoodlogistics\/wp-json\/wp\/v2\/pages\/1228\/revisions"}],"predecessor-version":[{"id":1649,"href":"http:\/\/www1.up.poznan.pl\/agrifoodlogistics\/wp-json\/wp\/v2\/pages\/1228\/revisions\/1649"}],"up":[{"embeddable":true,"href":"http:\/\/www1.up.poznan.pl\/agrifoodlogistics\/wp-json\/wp\/v2\/pages\/19"}],"wp:attachment":[{"href":"http:\/\/www1.up.poznan.pl\/agrifoodlogistics\/wp-json\/wp\/v2\/media?parent=1228"}],"curies":[{"name":"wp","href":"https:\/\/api.w.org\/{rel}","templated":true}]}}