{"id":1114,"date":"2020-09-09T08:53:34","date_gmt":"2020-09-09T07:53:34","guid":{"rendered":"http:\/\/www1.up.poznan.pl\/agrifoodlogistics\/?page_id=1114"},"modified":"2020-10-28T20:46:02","modified_gmt":"2020-10-28T19:46:02","slug":"ifal-2019","status":"publish","type":"page","link":"http:\/\/www1.up.poznan.pl\/agrifoodlogistics\/archiwum\/historia-i-przyszlosc\/ifal-2019\/","title":{"rendered":"IFAL 2019"},"content":{"rendered":"\n<p><strong>IV Og\u00f3lnopolska Konferencja AGROLOGISTYKA<\/strong> oraz <strong>III Mi\u0119dzynarodowe Forum Logistyki w Gospodarce \u017bywno\u015bciowe<\/strong> odby\u0142a si\u0119 w Poznaniu w dniach 26-28 czerwca. Jej has\u0142em przewodnim by\u0142o:<\/p>\n\n\n\n<p><br><em>W kierunku zr\u00f3wnowa\u017conego rozwoju logistyki w \u0142a\u0144cuchach dostawach produkt\u00f3w rolno-spo\u017cywczych<\/em><br><\/p>\n\n\n\n<p>G\u0142\u00f3wne obszary tematyczne obejmowa\u0142y:<\/p>\n\n\n\n<ol><li>Zr\u00f3wnowa\u017cone \u0142a\u0144cuchy dostaw \u017cywno\u015bci \u2013 cele i zasady funkcjonowania<\/li><li>Mo\u017cliwo\u015bci redukcji emisji CO2 i innych szkodliwych substancji w \u0141D\u017b<\/li><li>Metody pomiaru i oceny zr\u00f3wnowa\u017cenia logistyki w \u0141D\u017b<\/li><li>Straty i marnotrawstwo \u017cywno\u015bci w sektorze rolno-spo\u017cywczym<\/li><li>Identyfikowalno\u015b\u0107 w \u0142a\u0144cuchach dostaw \u017cywno\u015bci<\/li><li>Inteligentne opakowania, w tym zmodyfikowana atmosfera<\/li><li>Sposoby przechowywania a utrata jako\u015bci produktu<\/li><li>Technika i technologia a bezpiecze\u0144stwo \u017cywno\u015bci<\/li><li>Rozw\u00f3j system\u00f3w i standard\u00f3w jako\u015bci w logistyce \u017cywno\u015bci<\/li><li>Rozw\u00f3j system\u00f3w informatycznych wspomagaj\u0105cych zarz\u0105dzanie i bezpiecze\u0144stwo w<br>\u0141D\u017b<\/li><li>Zarz\u0105dzanie ryzykiem w \u0141D\u017b \u2013 uj\u0119cie regionalne i globalne<\/li><li>Aspekty prawne funkcjonowania \u0141D\u017b<\/li><li>Rozw\u00f3j koncepcji CSR i LSR dla potrzeb \u0142a\u0144cucha dostaw \u017cywno\u015bci<\/li><li>Efekty zewn\u0119trzne produkcji rolniczej i ich skutki dla \u0141D\u017b<\/li><li>Problemy, wyzwania i trendy oraz inne zagadnienia zwi\u0105zane z funkcjonowaniem zr\u00f3wnowa\u017conego \u0141D\u017b<\/li><\/ol>\n\n\n\n<p><\/p>\n","protected":false},"excerpt":{"rendered":"<p>IV Og\u00f3lnopolska Konferencja AGROLOGISTYKA oraz III Mi\u0119dzynarodowe Forum Logistyki w Gospodarce \u017bywno\u015bciowe odby\u0142a si\u0119 w Poznaniu w dniach 26-28 czerwca. Jej has\u0142em przewodnim by\u0142o: W kierunku zr\u00f3wnowa\u017conego rozwoju logistyki w \u0142a\u0144cuchach dostawach produkt\u00f3w rolno-spo\u017cywczych G\u0142\u00f3wne obszary tematyczne obejmowa\u0142y: Zr\u00f3wnowa\u017cone \u0142a\u0144cuchy dostaw \u017cywno\u015bci \u2013 cele i zasady funkcjonowania Mo\u017cliwo\u015bci redukcji emisji CO2 i innych szkodliwych substancji [&hellip;]<\/p>\n","protected":false},"author":1,"featured_media":0,"parent":23,"menu_order":1,"comment_status":"closed","ping_status":"closed","template":"","meta":{"_links_to":"","_links_to_target":""},"_links":{"self":[{"href":"http:\/\/www1.up.poznan.pl\/agrifoodlogistics\/wp-json\/wp\/v2\/pages\/1114"}],"collection":[{"href":"http:\/\/www1.up.poznan.pl\/agrifoodlogistics\/wp-json\/wp\/v2\/pages"}],"about":[{"href":"http:\/\/www1.up.poznan.pl\/agrifoodlogistics\/wp-json\/wp\/v2\/types\/page"}],"author":[{"embeddable":true,"href":"http:\/\/www1.up.poznan.pl\/agrifoodlogistics\/wp-json\/wp\/v2\/users\/1"}],"replies":[{"embeddable":true,"href":"http:\/\/www1.up.poznan.pl\/agrifoodlogistics\/wp-json\/wp\/v2\/comments?post=1114"}],"version-history":[{"count":4,"href":"http:\/\/www1.up.poznan.pl\/agrifoodlogistics\/wp-json\/wp\/v2\/pages\/1114\/revisions"}],"predecessor-version":[{"id":1273,"href":"http:\/\/www1.up.poznan.pl\/agrifoodlogistics\/wp-json\/wp\/v2\/pages\/1114\/revisions\/1273"}],"up":[{"embeddable":true,"href":"http:\/\/www1.up.poznan.pl\/agrifoodlogistics\/wp-json\/wp\/v2\/pages\/23"}],"wp:attachment":[{"href":"http:\/\/www1.up.poznan.pl\/agrifoodlogistics\/wp-json\/wp\/v2\/media?parent=1114"}],"curies":[{"name":"wp","href":"https:\/\/api.w.org\/{rel}","templated":true}]}}