{"id":11,"date":"2018-09-08T10:35:14","date_gmt":"2018-09-08T08:35:14","guid":{"rendered":"http:\/\/www1.up.poznan.pl\/agrifoodlogistics?page_id=11"},"modified":"2020-10-12T19:00:34","modified_gmt":"2020-10-12T18:00:34","slug":"o-konferencji","status":"publish","type":"page","link":"http:\/\/www1.up.poznan.pl\/agrifoodlogistics\/o-konferencji\/","title":{"rendered":"O forum"},"content":{"rendered":"<p><em><a href=\"http:\/\/www1.up.poznan.pl\/agrifoodlogistics\/o-konferencji\/temat-i-zakres-forum\/\">AGROLOGISTYKA &gt; Temat i zakres forum<\/a><\/em><\/p>\n<p><em><a href=\"http:\/\/www1.up.poznan.pl\/agrifoodlogistics\/o-konferencji\/glowni-prelegenci\/\">AGROLOGISTYKA &gt; G\u0142\u00f3wni prelegenci<\/a><\/em><\/p>\n<p><em><a href=\"http:\/\/www1.up.poznan.pl\/agrifoodlogistics\/o-konferencji\/platnosci\/\">AGROLOGISTYKA &gt; P\u0142atno\u015bci<\/a><\/em><\/p>\n<p><em><a href=\"http:\/\/www1.up.poznan.pl\/agrifoodlogistics\/o-konferencji\/program-forum\/\">AGROLOGISTYKA &gt; Program Forum<\/a><\/em><\/p>\n<p><em><a href=\"http:\/\/www1.up.poznan.pl\/agrifoodlogistics\/o-konferencji\/wazne-terminy\/\">AGROLOGISTYKA &gt; Wa\u017cne terminy<\/a><\/em><\/p>\n<p><em><a href=\"http:\/\/www1.up.poznan.pl\/agrifoodlogistics\/o-konferencji\/wyjazd-studyjny\/\">AGROLOGISTYKA &gt; Wyjazd studyjny<\/a><\/em><\/p>\n<p><em><a href=\"http:\/\/www1.up.poznan.pl\/agrifoodlogistics\/o-konferencji\/program-dodatkowy\/\">AGROLOGISTYKA &gt; Program dodatkowy<\/a><\/em><\/p>\n<p><em><a href=\"http:\/\/www1.up.poznan.pl\/agrifoodlogistics\/o-konferencji\/galeria-zdjec\/\">AGROLOGISTYKA &gt; Galeria zdj\u0119\u0107<\/a><\/em><\/p>\n","protected":false},"excerpt":{"rendered":"<p>AGROLOGISTYKA &gt; Temat i zakres forum AGROLOGISTYKA &gt; G\u0142\u00f3wni prelegenci AGROLOGISTYKA &gt; P\u0142atno\u015bci AGROLOGISTYKA &gt; Program Forum AGROLOGISTYKA &gt; Wa\u017cne terminy AGROLOGISTYKA &gt; Wyjazd studyjny AGROLOGISTYKA &gt; Program dodatkowy AGROLOGISTYKA &gt; Galeria zdj\u0119\u0107<\/p>\n","protected":false},"author":1,"featured_media":0,"parent":0,"menu_order":3,"comment_status":"closed","ping_status":"closed","template":"","meta":{"_links_to":"","_links_to_target":""},"_links":{"self":[{"href":"http:\/\/www1.up.poznan.pl\/agrifoodlogistics\/wp-json\/wp\/v2\/pages\/11"}],"collection":[{"href":"http:\/\/www1.up.poznan.pl\/agrifoodlogistics\/wp-json\/wp\/v2\/pages"}],"about":[{"href":"http:\/\/www1.up.poznan.pl\/agrifoodlogistics\/wp-json\/wp\/v2\/types\/page"}],"author":[{"embeddable":true,"href":"http:\/\/www1.up.poznan.pl\/agrifoodlogistics\/wp-json\/wp\/v2\/users\/1"}],"replies":[{"embeddable":true,"href":"http:\/\/www1.up.poznan.pl\/agrifoodlogistics\/wp-json\/wp\/v2\/comments?post=11"}],"version-history":[{"count":4,"href":"http:\/\/www1.up.poznan.pl\/agrifoodlogistics\/wp-json\/wp\/v2\/pages\/11\/revisions"}],"predecessor-version":[{"id":1107,"href":"http:\/\/www1.up.poznan.pl\/agrifoodlogistics\/wp-json\/wp\/v2\/pages\/11\/revisions\/1107"}],"wp:attachment":[{"href":"http:\/\/www1.up.poznan.pl\/agrifoodlogistics\/wp-json\/wp\/v2\/media?parent=11"}],"curies":[{"name":"wp","href":"https:\/\/api.w.org\/{rel}","templated":true}]}}