{"id":107,"date":"2018-09-22T10:41:37","date_gmt":"2018-09-22T08:41:37","guid":{"rendered":"http:\/\/www1.up.poznan.pl\/agrifoodlogistics?page_id=107"},"modified":"2021-03-18T09:57:12","modified_gmt":"2021-03-18T08:57:12","slug":"komitet-naukowy","status":"publish","type":"page","link":"http:\/\/www1.up.poznan.pl\/agrifoodlogistics\/o-konferencji\/komitety\/komitet-naukowy\/","title":{"rendered":"Komitet naukowy"},"content":{"rendered":"<ul>\n<li><strong>Prof. dr hab. Bogdan Klepacki<\/strong> &#8211; Przewodnicz\u0105cy, Szko\u0142a G\u0142\u00f3wna Gospodarstwa Wiejskiego w Warszawie, Polska<\/li>\n<li><strong>Dr Alfonz Antoni,<\/strong> Vice President of European Logistics Association, W\u0119gry<\/li>\n<li><strong>Prof. Luis Miguel Albisu,<\/strong>\u00a0Agro-Food Research and Technology Center of Arag\u00f3n (CITA), Zaragoza, Hiszpania<\/li>\n<li><strong>Prof. Richard R. Barichello,<\/strong> University of British Columbia, Vancouver, Kanada<\/li>\n<li><strong>Prof. UPP dr hab. Rafa\u0142 Baum,<\/strong> Uniwersytet Przyrodniczy w Poznaniu, Polska<\/li>\n<li><strong>Dr Hamid El Bilali,<\/strong> CIHEAM- Mediterranean Agronomic Institute of Bari (CIHEAM Bari), W\u0142ochy<\/li>\n<li><strong>Prof. Michael Bourlakis,<\/strong> Cranfield School of Management, Wielka Brytania<\/li>\n<li><strong>Prof. dr hab. Roman Budzinowski,<\/strong> Adam Mickiewicz University Pozna\u0144<\/li>\n<li><strong>Prof. PSL dr hab. Piotr Cyplik,<\/strong> Wy\u017csza Szko\u0142a Logistyki w Poznaniu, Polska<\/li>\n<li><strong>Prof. Anatoliy Dibr\u043eva,<\/strong> National University of Life and Environmental Sciences of Ukraine, Kij\u00f3w, Ukraina<\/li>\n<li><strong>Prof. dr. Noureddin Driouech,<\/strong> CIHEAM \u2013 Mediterranean Agronomic Institute of Bari (CIHEAM Bari), W\u0142ochy<\/li>\n<li><strong>Prof. Roberto Fanfani,<\/strong> University of Bologna, W\u0142ochy<\/li>\n<li><strong>Prof. dr Christian Fischer,<\/strong> Free University of Bozen-Bolzano, W\u0142ochy<\/li>\n<li><strong>Prof. dr hab. Micha\u0142 Jerzak,<\/strong> Pozna\u0144 University of Life Sciences, Poznan, Poland<\/li>\n<li><strong>Prof. dr Markus Hanisch,<\/strong> Humboldt University of Berlin, Niemcy<\/li>\n<li><strong>Prof. dr hab. Danuta Kisperska-Moro\u0144,<\/strong> Uniwersytet Ekonomiczny w Katowicach, Polska<\/li>\n<li><strong>Prof. dr Ren\u00e9 de Koster,<\/strong> Rotterdam School of Management, Erasmus University, Rotterdam, Holandia<\/li>\n<li><strong>Prof. UPP dr hab. Izabela Lipi\u0144ska,<\/strong> Pozna\u0144 University of Life Sciences, Poznan, Poland<\/li>\n<li><strong>Prof. UPP dr hab. Magdalena Kozera-Kowalska,<\/strong> Uniwersytet Przyrodniczy w Poznaniu, Polska<\/li>\n<li><strong>Prof. ILW dr in\u017c. Stanis\u0142aw Krzy\u017caniak,<\/strong> Wy\u017csza Szko\u0142a Logistyki w Poznaniu, Polska<\/li>\n<li><strong>Prof. Nelson Marmiroli,<\/strong> University of Parma, W\u0142ochy<\/li>\n<li><strong>Prof. Esther Muniz Espada,<\/strong> Vice president of CEDR, Valladolid University, Spain<\/li>\n<li><strong>Prof. UPP dr hab. Karolina Pawlak,<\/strong> Uniwersytet Przyrodniczy w Poznaniu, Polska<\/li>\n<li><strong>Prof. UPP dr hab. Dariusz Pie\u0144kowski,<\/strong> Pozna\u0144 University of Life Sciences, Poznan, Poland<\/li>\n<li><strong>Prof. dr hab.Walenty Poczta,<\/strong> Uniwersytet Przyrodniczy w Poznaniu, Polska<\/li>\n<li><strong>Dr Raffaello Prugger,<\/strong> Tecnoalimenti S.C.p.A., Milan, W\u0142ochy<\/li>\n<li><b>dr in\u017c. Piotr Prus, prof. uczelni,\u00a0<\/b> UTP University of Science and Technology, Bydgoszcz, Poland<\/li>\n<li><strong>Prof. Gerhard Schiefer,<\/strong> Center for Food Chain and Network Research, University of Bonn, Niemcy<\/li>\n<li><strong>Prof. dr. Yasushi Sembokuya,<\/strong> Obihiro University of Agriculture and Veterinary Medicine, Obihiro, Japonia<\/li>\n<li><strong>Prof. dr hab. Maciej Szymczak,<\/strong> Uniwersytet Ekonomiczny w Poznaniu, Polska<\/li>\n<li><strong>Prof. WSL dr hab. Bogus\u0142aw \u015aliwczy\u0144ski,<\/strong> Poznan School of Logistics, Poland<\/li>\n<li><strong>Prof.dr.ir. J.G.A.J. (Jack) van der Vorst,<\/strong> Wageningen University &amp; Research Centre, Wageningen, Holandia<\/li>\n<li><strong>Dr in\u017c. Karol Wajszczuk,<\/strong> Uniwersytet Przyrodniczy w Poznaniu, Polska<\/li>\n<li><strong>Prof. dr. Justus Wesseler,<\/strong> Agricultural Economics and Rural Policy Group, Wageningen University, Holandia<\/li>\n<li><strong>Prof. dr. dr. h.c. Harald von Witzke,<\/strong> Humboldt University of Berlin, Holandia<\/li>\n<li><strong>Prof. UPP dr hab. Joanna Wi\u015bniewska-Paluszak,<\/strong> Uniwersytet Przyrodniczy w Poznaniu, Polska<\/li>\n<li><strong>Prof. PUT dr hab. Jacek \u017bak,<\/strong> Politechnika Pozna\u0144ska, Pozna\u0144, Polska<\/li>\n<\/ul>\n","protected":false},"excerpt":{"rendered":"<p>Prof. dr hab. Bogdan Klepacki &#8211; Przewodnicz\u0105cy, Szko\u0142a G\u0142\u00f3wna Gospodarstwa Wiejskiego w Warszawie, Polska Dr Alfonz Antoni, Vice President of European Logistics Association, W\u0119gry Prof. Luis Miguel Albisu,\u00a0Agro-Food Research and Technology Center of Arag\u00f3n (CITA), Zaragoza, Hiszpania Prof. Richard R. Barichello, University of British Columbia, Vancouver, Kanada Prof. UPP dr hab. Rafa\u0142 Baum, Uniwersytet Przyrodniczy [&hellip;]<\/p>\n","protected":false},"author":1,"featured_media":0,"parent":15,"menu_order":0,"comment_status":"closed","ping_status":"closed","template":"","meta":{"_links_to":"","_links_to_target":""},"_links":{"self":[{"href":"http:\/\/www1.up.poznan.pl\/agrifoodlogistics\/wp-json\/wp\/v2\/pages\/107"}],"collection":[{"href":"http:\/\/www1.up.poznan.pl\/agrifoodlogistics\/wp-json\/wp\/v2\/pages"}],"about":[{"href":"http:\/\/www1.up.poznan.pl\/agrifoodlogistics\/wp-json\/wp\/v2\/types\/page"}],"author":[{"embeddable":true,"href":"http:\/\/www1.up.poznan.pl\/agrifoodlogistics\/wp-json\/wp\/v2\/users\/1"}],"replies":[{"embeddable":true,"href":"http:\/\/www1.up.poznan.pl\/agrifoodlogistics\/wp-json\/wp\/v2\/comments?post=107"}],"version-history":[{"count":13,"href":"http:\/\/www1.up.poznan.pl\/agrifoodlogistics\/wp-json\/wp\/v2\/pages\/107\/revisions"}],"predecessor-version":[{"id":1554,"href":"http:\/\/www1.up.poznan.pl\/agrifoodlogistics\/wp-json\/wp\/v2\/pages\/107\/revisions\/1554"}],"up":[{"embeddable":true,"href":"http:\/\/www1.up.poznan.pl\/agrifoodlogistics\/wp-json\/wp\/v2\/pages\/15"}],"wp:attachment":[{"href":"http:\/\/www1.up.poznan.pl\/agrifoodlogistics\/wp-json\/wp\/v2\/media?parent=107"}],"curies":[{"name":"wp","href":"https:\/\/api.w.org\/{rel}","templated":true}]}}