{"id":102,"date":"2018-09-22T10:40:38","date_gmt":"2018-09-22T08:40:38","guid":{"rendered":"http:\/\/www1.up.poznan.pl\/agrifoodlogistics?page_id=102"},"modified":"2019-05-24T12:54:15","modified_gmt":"2019-05-24T11:54:15","slug":"informacje-o-dojezdzie","status":"publish","type":"page","link":"http:\/\/www1.up.poznan.pl\/agrifoodlogistics\/o-konferencji\/wazne-informacje\/lokalizacja-forum\/informacje-o-dojezdzie\/","title":{"rendered":"Informacja o doje\u017adzie"},"content":{"rendered":"<p style=\"text-align: center;\"><strong>Lotnisko Pozna\u0144 \u0141awica &gt; Uniwersytet Przyrodniczy w Poznaniu<\/strong><br \/>\n<iframe style=\"border: 0;\" src=\"https:\/\/www.google.com\/maps\/embed?pb=!1m28!1m12!1m3!1d19467.787985532712!2d16.850514726087955!3d52.41621775685217!2m3!1f0!2f0!3f0!3m2!1i1024!2i768!4f13.1!4m13!3e3!4m5!1s0x470444451b2bf501%3A0xca22d4546a9c4cb4!2sPort+Lotniczy+Pozna%C5%84-%C5%81awica+im.+Henryka+Wieniawskiego%2C+Bukowska+285%2C+60-189+Pozna%C5%84!3m2!1d52.419950799999995!2d16.828615799999998!4m5!1s0x470444a588e195ab%3A0x659f270afce714c8!2sUniwersytet+Przyrodniczy+Collegium+Maximum%2C+Wojska+Polskiego%2C+Pozna%C5%84!3m2!1d52.4266807!2d16.904541899999998!5e0!3m2!1spl!2spl!4v1558694060165!5m2!1spl!2spl\" width=\"800\" height=\"600\" frameborder=\"0\" allowfullscreen=\"allowfullscreen\"><\/iframe><\/p>\n<p style=\"text-align: center;\"><strong>Dworzec G\u0142\u00f3wny PKP\/PKS Pozna\u0144 &gt; Uniwersytet Przyrodniczy w Poznaniu<\/strong><br \/>\n<iframe style=\"border: 0;\" src=\"https:\/\/www.google.com\/maps\/embed?pb=!1m28!1m12!1m3!1d19468.440578928607!2d16.89355272608582!3d52.4147395068345!2m3!1f0!2f0!3f0!3m2!1i1024!2i768!4f13.1!4m13!3e3!4m5!1s0x47045b32375b0867%3A0x8c15e54e386c0908!2zUG96bmHFhCBHxYLDs3dueSwgUG96bmHFhA!3m2!1d52.4024794!2d16.912180499999998!4m5!1s0x470444a588e195ab%3A0x659f270afce714c8!2sUniwersytet+Przyrodniczy+Collegium+Maximum%2C+Wojska+Polskiego%2C+Pozna%C5%84!3m2!1d52.4266807!2d16.904541899999998!5e0!3m2!1spl!2spl!4v1558694271613!5m2!1spl!2spl\" width=\"800\" height=\"600\" frameborder=\"0\" allowfullscreen=\"allowfullscreen\"><\/iframe><\/p>\n<p style=\"text-align: center;\">\n","protected":false},"excerpt":{"rendered":"<p>Lotnisko Pozna\u0144 \u0141awica &gt; Uniwersytet Przyrodniczy w Poznaniu Dworzec G\u0142\u00f3wny PKP\/PKS Pozna\u0144 &gt; Uniwersytet Przyrodniczy w Poznaniu<\/p>\n","protected":false},"author":1,"featured_media":0,"parent":13,"menu_order":2,"comment_status":"closed","ping_status":"closed","template":"","meta":{"_links_to":"","_links_to_target":""},"_links":{"self":[{"href":"http:\/\/www1.up.poznan.pl\/agrifoodlogistics\/wp-json\/wp\/v2\/pages\/102"}],"collection":[{"href":"http:\/\/www1.up.poznan.pl\/agrifoodlogistics\/wp-json\/wp\/v2\/pages"}],"about":[{"href":"http:\/\/www1.up.poznan.pl\/agrifoodlogistics\/wp-json\/wp\/v2\/types\/page"}],"author":[{"embeddable":true,"href":"http:\/\/www1.up.poznan.pl\/agrifoodlogistics\/wp-json\/wp\/v2\/users\/1"}],"replies":[{"embeddable":true,"href":"http:\/\/www1.up.poznan.pl\/agrifoodlogistics\/wp-json\/wp\/v2\/comments?post=102"}],"version-history":[{"count":9,"href":"http:\/\/www1.up.poznan.pl\/agrifoodlogistics\/wp-json\/wp\/v2\/pages\/102\/revisions"}],"predecessor-version":[{"id":742,"href":"http:\/\/www1.up.poznan.pl\/agrifoodlogistics\/wp-json\/wp\/v2\/pages\/102\/revisions\/742"}],"up":[{"embeddable":true,"href":"http:\/\/www1.up.poznan.pl\/agrifoodlogistics\/wp-json\/wp\/v2\/pages\/13"}],"wp:attachment":[{"href":"http:\/\/www1.up.poznan.pl\/agrifoodlogistics\/wp-json\/wp\/v2\/media?parent=102"}],"curies":[{"name":"wp","href":"https:\/\/api.w.org\/{rel}","templated":true}]}}