{"id":100,"date":"2018-09-22T10:40:24","date_gmt":"2018-09-22T08:40:24","guid":{"rendered":"http:\/\/www1.up.poznan.pl\/agrifoodlogistics?page_id=100"},"modified":"2019-06-03T14:04:01","modified_gmt":"2019-06-03T13:04:01","slug":"zakwaterowanie","status":"publish","type":"page","link":"http:\/\/www1.up.poznan.pl\/agrifoodlogistics\/o-konferencji\/wazne-informacje\/lokalizacja-forum\/zakwaterowanie\/","title":{"rendered":"Zakwaterowanie"},"content":{"rendered":"<p><strong>Wykaz hoteli<\/strong><\/p>\n<table>\n<tbody>\n<tr style=\"height: 91px;\">\n<td style=\"height: 91px;\">\n<p style=\"text-align: center;\"><strong>Hotel<\/strong><\/p>\n<\/td>\n<td style=\"height: 91px;\">\n<p style=\"text-align: center;\"><strong>Adres, dane do rezerwacji<\/strong><\/p>\n<\/td>\n<td style=\"height: 91px;\">\n<p style=\"text-align: center;\"><strong>Odleg\u0142o\u015b\u0107 <\/strong><strong>od miejsca konferencji\/czas dojazdu (o 9.00)<\/strong><\/p>\n<\/td>\n<td style=\"height: 91px;\">\n<p style=\"text-align: center;\"><strong>Cena za pok\u00f3j <\/strong><strong>1-os.<\/strong><\/p>\n<\/td>\n<td style=\"height: 91px;\">\n<p style=\"text-align: center;\"><strong>Cena za pok\u00f3j <\/strong><strong>2-os.<\/strong><\/p>\n<\/td>\n<td style=\"height: 91px;\">\n<p style=\"text-align: center;\"><strong>Ocena <\/strong> <strong>w Booking<\/strong><\/p>\n<\/td>\n<\/tr>\n<tr style=\"height: 101px;\">\n<td style=\"height: 101px;\">\n<p style=\"text-align: center;\"><strong><strong>Sheraton Pozna\u0144 *****<\/strong><\/strong><\/p>\n<\/td>\n<td style=\"height: 101px;\">\u00a0ul. Bukowska 3\/9 60-809 Pozna\u0144<br \/>\ntel.: +48\u00a0<a href=\"https:\/\/www.google.com\/search?ei=230rXIWOOdL5kwWv67CYAg&amp;hotel_occupancy=&amp;q=hotel+sheraton+pozna%C5%84&amp;oq=hotel+sheraton+pozna%C5%84&amp;gs_l=psy-ab.3..0l5j0i22i30l5.15066.17548..18212...0.0..0.94.599.7......0....1..gws-wiz.......0i71j0i203.bL9KzAOPWlU\">61 655 20 00<\/a><br \/>\nemail:reservation.poznan@sheraton.com<br \/>\n<a href=\"https:\/\/www.sheratonpoznan.pl\/\" target=\"_blank\" rel=\"noopener\">https:\/\/www.sheratonpoznan.pl\/<\/a><br \/>\n<span style=\"color: #993300;\"><strong>Rezerwacje &#8211; promocyjna cena:<\/strong><\/span>\u00a0<a href=\"https:\/\/www.marriott.com\/event-reservations\/reservation-link.mi?id=1559202083129&amp;key=GRP&amp;app=resvlink\" target=\"_blank\" rel=\"noopener\">https:\/\/www.marriott.com\/event-reservations\/reservation-link.mi?id=1559202083129&amp;key=GRP&amp;app=resvlink<\/a><\/td>\n<td style=\"text-align: center; height: 101px;\">\u00a03,3 km\/13 min<\/td>\n<td style=\"height: 101px;\">Specjalne ceny dla uczestnik\u00f3w Konferencji<\/td>\n<td style=\"height: 101px;\">Specjalne ceny dla uczestnik\u00f3w Konferencji<\/td>\n<td style=\"height: 101px;\">\u00a08,9<\/td>\n<\/tr>\n<tr style=\"height: 101px;\">\n<td style=\"height: 101px;\">\n<p style=\"text-align: center;\"><strong><strong><strong>Vivaldi ****<\/strong><\/strong><\/strong><\/p>\n<\/td>\n<td style=\"height: 101px;\">\u00a0Winogrady 9 61-663 Pozna\u0144<br \/>\ntel.:\u00a0+48\u00a0<a href=\"https:\/\/www.google.com\/search?ei=pH0rXNCfJoSWaci4kYgM&amp;hotel_occupancy=&amp;q=hotel+vivaldi&amp;oq=hotel+vivaldi&amp;gs_l=psy-ab.3..0l3j0i203j0j0i10j0j0i10j0l2.21828.24111..25412...0.0..0.91.573.7......0....1..gws-wiz.......0i71j0i131.EPsMWCeG3iY\">61 858 81 00<\/a><br \/>\nemail:\u00a0<a href=\"mailto:poznan@vivaldi.pl\">poznan@vivaldi.pl<\/a><br \/>\n<a href=\"https:\/\/www.vivaldi.pl\/poznan\" target=\"_blank\" rel=\"noopener\">https:\/\/www.vivaldi.pl\/poznan<\/a><\/td>\n<td style=\"text-align: center; height: 101px;\">\u00a02,7 km\/10 min<\/td>\n<td style=\"height: 101px;\">\u00a0265 PLN + 45 PLN \u015bniadanie<\/td>\n<td style=\"height: 101px;\">\u00a0305 PLN\/pok\u00f3j + 45 PLN \u015bniadanie\/1 os.<\/td>\n<td style=\"height: 101px;\">8,8<\/td>\n<\/tr>\n<tr style=\"height: 101px;\">\n<td style=\"height: 101px;\">\n<p style=\"text-align: center;\"><strong><strong><strong><strong>Orange ***<\/strong><\/strong><\/strong><\/strong><\/p>\n<\/td>\n<td style=\"height: 101px;\">\u00a0ul. Pozna\u0144ska 41a 62-081 Prze\u017amierowo<br \/>\ntel.: +48\u00a0<a href=\"https:\/\/www.google.com\/search?ei=fX0rXPnRGMXQaOjZifAP&amp;hotel_occupancy=&amp;q=hotel+orange+prze%C5%BAmierowo&amp;oq=hotel+orange&amp;gs_l=psy-ab.1.0.35i39j0l9.32357.34627..37516...0.0..0.105.519.5j1....2..0....1..gws-wiz.......0i71j0i131j0i10.DmWZX4z-eD8\">61 651 86 00<\/a><br \/>\nemail:hotel@hotelorange.pl<br \/>\n<a href=\"https:\/\/hotelorange.pl\/\" target=\"_blank\" rel=\"noopener\">https:\/\/hotelorange.pl\/<\/a><\/td>\n<td style=\"text-align: center; height: 101px;\">11 km\/14 min<\/td>\n<td style=\"height: 101px;\">\u00a0179 PLN + 29 PLN \u015bniadanie<\/td>\n<td style=\"height: 101px;\">\u00a0179 PLN\/pok\u00f3j + 29 PLN \u015bniadanie\/1 os<\/td>\n<td style=\"height: 101px;\">\u00a08,4<\/td>\n<\/tr>\n<tr style=\"height: 81px;\">\n<td style=\"height: 81px;\">\n<p style=\"text-align: center;\"><strong><strong><strong><strong><strong>Ikar ***<\/strong><\/strong><\/strong><\/strong><\/strong><\/p>\n<\/td>\n<td style=\"height: 81px;\">\u00a0ul. Solna 18 61-736 Pozna\u0144<br \/>\ntel.: +48<a href=\"https:\/\/www.google.com\/search?q=hotel+ikar+pozna%C5%84&amp;oq=hotel+ikar+pozna%C5%84&amp;aqs=chrome..69i57j69i60l3j0l2.5073j1j4&amp;sourceid=chrome&amp;ie=UTF-8\">61 658 71 05<\/a><br \/>\nemail:<a href=\"about:blank\">ikar@amwhotele.pl\u00a0<\/a><br \/>\n<a href=\"https:\/\/amwhotele.pl\/hotele\/poznan-hotel-ikar\/\" target=\"_blank\" rel=\"noopener\">https:\/\/amwhotele.pl\/hotele\/poznan-hotel-ikar\/<\/a><\/td>\n<td style=\"text-align: center; height: 81px;\">&nbsp;<\/p>\n<p style=\"text-align: center;\">3,8 km\/13 min<\/p>\n<\/td>\n<td style=\"height: 81px;\">\u00a0od 160-220 PLN (\u015bniadanie w cenie)<\/td>\n<td style=\"height: 81px;\">240-330 PLN\/pok\u00f3j (\u015bniadanie w cenie)<\/td>\n<td style=\"height: 81px;\">7,6<\/td>\n<\/tr>\n<tr style=\"height: 81px;\">\n<td style=\"height: 81px;\">\n<p style=\"text-align: center;\"><strong><strong><strong><strong><strong><strong>Campanile Pozna\u0144 **<\/strong><\/strong><\/strong><\/strong><\/strong><\/strong><\/p>\n<\/td>\n<td style=\"height: 81px;\">\u00a0ul. \u015aw. Wawrzy\u0144ca 96 60-541 Pozna\u0144<br \/>\ntel.: +48 223 072\u00a0337<br \/>\nemail:<a href=\"mailto:poznan@campanile.com\">poznan@campanile.com<\/a><br \/>\n<a href=\"http:\/\/www.campanile-poznan.pl\/pl\" target=\"_blank\" rel=\"noopener\">http:\/\/www.campanile-poznan.pl\/pl<\/a><\/td>\n<td style=\"text-align: center; height: 81px;\">2,5 km\/5 min<\/td>\n<td style=\"height: 81px;\">\u00a0133 PLN + 36 PLN \u015bniadanie<\/td>\n<td style=\"height: 81px;\">\u00a0133 PLN\/pok\u00f3j + 36 PLN \u015bniadanie\/1 os.<\/td>\n<td style=\"height: 81px;\">\u00a07,7<\/td>\n<\/tr>\n<tr style=\"height: 81px;\">\n<td style=\"height: 81px;\">\n<p style=\"text-align: center;\"><strong><strong><strong><strong><strong><strong><strong>Pokoje\u00a0<\/strong><strong>w akademiku DS Jurand<\/strong><strong>1)<\/strong><\/strong><\/strong><\/strong><\/strong><\/strong><\/strong><\/p>\n<\/td>\n<td style=\"height: 81px;\">\u00a0ul. Pi\u0105tkowska 94\/3a 60-649 Pozna\u0144<br \/>\ntel.: +48 61\u00a0846 64 68<br \/>\nemail:\u00a0<a href=\"mailto:tublazej@up.poznan.pl\">tublazej@up.poznan.pl<\/a><br \/>\n<a href=\"http:\/\/www.up.poznan.pl\/akademiki\/?q=pl\/piatkowska_hotelowy\" target=\"_blank\" rel=\"noopener\">http:\/\/www.up.poznan.pl\/akademiki\/?q=pl\/piatkowska_hotelowy<\/a><\/td>\n<td style=\"text-align: center; height: 81px;\">\u00a02,3 km\/6 min.<\/td>\n<td style=\"height: 81px;\">\u00a086,40 PLN (bez \u015bniadania)<\/td>\n<td style=\"height: 81px;\">\u00a0118,80 PLN\/pok\u00f3j (bez \u015bniadania)<\/td>\n<td style=\"height: 81px;\">\u2013<\/td>\n<\/tr>\n<\/tbody>\n<\/table>\n<p>1) 1 \u0142azienka na segment obejmuj\u0105cy 2 pokoje (1-os. + 2-os.), pokoje wyposa\u017cone w telewizor, wi-fi, lod\u00f3wk\u0119, zestaw do parzenia herbaty; dost\u0119pne miejsca parkingowe<\/p>\n","protected":false},"excerpt":{"rendered":"<p>Wykaz hoteli Hotel Adres, dane do rezerwacji Odleg\u0142o\u015b\u0107 od miejsca konferencji\/czas dojazdu (o 9.00) Cena za pok\u00f3j 1-os. Cena za pok\u00f3j 2-os. Ocena w Booking Sheraton Pozna\u0144 ***** \u00a0ul. Bukowska 3\/9 60-809 Pozna\u0144 tel.: +48\u00a061 655 20 00 email:reservation.poznan@sheraton.com https:\/\/www.sheratonpoznan.pl\/ Rezerwacje &#8211; promocyjna cena:\u00a0https:\/\/www.marriott.com\/event-reservations\/reservation-link.mi?id=1559202083129&amp;key=GRP&amp;app=resvlink \u00a03,3 km\/13 min Specjalne ceny dla uczestnik\u00f3w Konferencji Specjalne ceny dla [&hellip;]<\/p>\n","protected":false},"author":1,"featured_media":0,"parent":13,"menu_order":3,"comment_status":"closed","ping_status":"closed","template":"","meta":{"_links_to":"","_links_to_target":""},"_links":{"self":[{"href":"http:\/\/www1.up.poznan.pl\/agrifoodlogistics\/wp-json\/wp\/v2\/pages\/100"}],"collection":[{"href":"http:\/\/www1.up.poznan.pl\/agrifoodlogistics\/wp-json\/wp\/v2\/pages"}],"about":[{"href":"http:\/\/www1.up.poznan.pl\/agrifoodlogistics\/wp-json\/wp\/v2\/types\/page"}],"author":[{"embeddable":true,"href":"http:\/\/www1.up.poznan.pl\/agrifoodlogistics\/wp-json\/wp\/v2\/users\/1"}],"replies":[{"embeddable":true,"href":"http:\/\/www1.up.poznan.pl\/agrifoodlogistics\/wp-json\/wp\/v2\/comments?post=100"}],"version-history":[{"count":19,"href":"http:\/\/www1.up.poznan.pl\/agrifoodlogistics\/wp-json\/wp\/v2\/pages\/100\/revisions"}],"predecessor-version":[{"id":772,"href":"http:\/\/www1.up.poznan.pl\/agrifoodlogistics\/wp-json\/wp\/v2\/pages\/100\/revisions\/772"}],"up":[{"embeddable":true,"href":"http:\/\/www1.up.poznan.pl\/agrifoodlogistics\/wp-json\/wp\/v2\/pages\/13"}],"wp:attachment":[{"href":"http:\/\/www1.up.poznan.pl\/agrifoodlogistics\/wp-json\/wp\/v2\/media?parent=100"}],"curies":[{"name":"wp","href":"https:\/\/api.w.org\/{rel}","templated":true}]}}