{"id":47,"date":"2018-09-08T11:03:09","date_gmt":"2018-09-08T10:03:09","guid":{"rendered":"http:\/\/www1.up.poznan.pl\/agrifoodlogistics?page_id=47"},"modified":"2021-04-15T08:17:31","modified_gmt":"2021-04-15T07:17:31","slug":"platnosci","status":"publish","type":"page","link":"http:\/\/www1.up.poznan.pl\/agrifoodlogistics\/en\/platnosci\/","title":{"rendered":"Conference Fee"},"content":{"rendered":"<p><b>PARTICIPATION FEE<\/b><\/p>\n<table style=\"height: 447px;\" width=\"579\">\n<tbody>\n<tr>\n<td>\n<p style=\"text-align: center;\"><span style=\"font-weight: 400;\">Type of registration<\/span><\/p>\n<\/td>\n<td style=\"text-align: center;\"><span style=\"font-weight: 400;\">Early Bird Registration paid before May 15, 2021<\/span><\/td>\n<td style=\"text-align: center;\">Regular Registration paid after May 15, 2021<\/td>\n<\/tr>\n<tr>\n<td>\n<p style=\"text-align: center;\"><span style=\"font-weight: 400;\">Full Online Participation Fee*<\/span><\/p>\n<\/td>\n<td>\n<p style=\"text-align: center;\"><span style=\"font-weight: 400;\">50 EUR<\/span><\/p>\n<\/td>\n<td>\n<p style=\"text-align: center;\"><span style=\"font-weight: 400;\">65 EUR<\/span><\/p>\n<\/td>\n<\/tr>\n<tr>\n<td>\n<p style=\"text-align: center;\"><span style=\"font-weight: 400;\">Full Online Student\u2019s Participation Fee**<\/span><\/p>\n<\/td>\n<td>\n<p style=\"text-align: center;\"><span style=\"font-weight: 400;\">25 EUR<\/span><\/p>\n<\/td>\n<td>\n<p style=\"text-align: center;\"><span style=\"font-weight: 400;\">30 EUR<\/span><\/p>\n<\/td>\n<\/tr>\n<tr>\n<td style=\"text-align: center;\"><span style=\"font-weight: 400;\">Free Online Participation***<\/span><\/td>\n<td style=\"text-align: center;\"><span style=\"font-weight: 400;\">&#8211;<\/span><\/td>\n<td>\n<p style=\"text-align: center;\"><span style=\"font-weight: 400;\">&#8211;<\/span><\/p>\n<\/td>\n<\/tr>\n<\/tbody>\n<\/table>\n<p><b>*Full Online Participation Fee includes:<\/b><\/p>\n<ul>\n<li style=\"font-weight: 400;\" aria-level=\"1\"><span style=\"font-weight: 400;\">Participation in the scientific sessions with the possibility of presenting a paper,\u00a0<\/span><\/li>\n<li style=\"font-weight: 400;\" aria-level=\"1\"><span style=\"font-weight: 400;\">Final programme, promotion folders<\/span><\/li>\n<li style=\"font-weight: 400;\" aria-level=\"1\"><span style=\"font-weight: 400;\">A book of paper and poster abstracts (electronic version),<\/span><\/li>\n<li style=\"font-weight: 400;\" aria-level=\"1\"><span style=\"font-weight: 400;\">Certificate of participation and presenting a paper (to download online)<\/span><\/li>\n<\/ul>\n<p><strong>** Full Online Student\u2019s Participation Fee includes:<\/strong><\/p>\n<ul>\n<li style=\"font-weight: 400;\" aria-level=\"1\"><span style=\"font-weight: 400;\">Participation in the scientific sessions with the possibility of presenting a paper,\u00a0<\/span><\/li>\n<li style=\"font-weight: 400;\" aria-level=\"1\"><span style=\"font-weight: 400;\">Final programme, promotion folders<\/span><\/li>\n<li style=\"font-weight: 400;\" aria-level=\"1\"><span style=\"font-weight: 400;\">A book of paper and poster abstracts (electronic version),<\/span><\/li>\n<li style=\"font-weight: 400;\" aria-level=\"1\"><span style=\"font-weight: 400;\">Certificate of participation and presenting a paper (to download online)<\/span><\/li>\n<\/ul>\n<p><span style=\"font-weight: 400;\">Please, note!!! For M.Sc. or Ph.D. students are offered a possibility of Reduced Participation Fee (student\u2019s status must be documented by sending a scan of document).\u00a0<\/span><\/p>\n<p><strong>*** Free Online Participation includes:\u00a0<\/strong><\/p>\n<ul>\n<li style=\"font-weight: 400;\" aria-level=\"1\"><span style=\"font-weight: 400;\">Participation in the scientific sessions without presenting a paper,\u00a0<\/span><\/li>\n<li style=\"font-weight: 400;\" aria-level=\"1\"><span style=\"font-weight: 400;\">Certificate of participation (to download online)<\/span><\/li>\n<\/ul>\n<p><b style=\"font-size: inherit;\">PAYMENTS<\/b><\/p>\n<p><span style=\"font-weight: 400;\">Attention! All payments must be done in EUR without any charges to the beneficiary should be made on the following bank accounts of Poznan University of Life Sciences by bank transfer*<\/span><\/p>\n<p><strong>Poznan University of Life Sciences<br \/>\n<span style=\"font-size: 1rem;\">Wojska Polskiego 28,\u00a0<\/span>60-637 Pozna\u0144, Poland<\/strong><\/p>\n<p style=\"font-weight: 400;\"><strong>Name of the Bank and its address:<\/strong><\/p>\n<p style=\"font-weight: 400;\"><strong>Santander Bank Polska S.A.<\/strong><br \/>\n<strong>6 Oddzia\u0142 w Poznaniu<\/strong><br \/>\n<strong>Pl. Wolnosci 15, 61-739 Poznan, Poland<\/strong><\/p>\n<p style=\"font-weight: 400;\"><strong>SWIFT code: WBKPPLPPXXX<br \/>\n<\/strong><\/p>\n<p style=\"font-weight: 400;\"><strong>IBAN (International Bank Account Number):<br \/>\n<\/strong><strong>PL 90 1090 1362 0000 0000 3673 4596<\/strong><\/p>\n<p><span style=\"font-weight: 400;\">With necessary note:\u00a0<strong>Name and Surname, Agri-Food Logistics Forum, 293.01.082<\/strong><\/span><\/p>\n<p><span style=\"font-weight: 400;\">* any additional fees associated with the bank transfer and exchange into EUR charged to the payer.<\/span><\/p>\n<p><b>CONFIRMATION OF REGISTRATION<\/b><\/p>\n<p><span style=\"font-weight: 400;\">The registration process will be completed when all payments will be made in the amount resulting from the registration form. Written confirmation will be sent to your e-mail when the payment of the registration fee is received by the University bank account.<\/span><\/p>","protected":false},"excerpt":{"rendered":"<p>OP\u0141ATY REJESTRACYJNE Rodzaj rejestracji Op\u0142ata do 15.05.2021 Op\u0142ata po 15.05.2021 Op\u0142ata za udzia\u0142 aktywny online* 200 PLN 250 PLN Op\u0142ata za udzia\u0142 aktywny online dla student\u00f3w\/doktorant\u00f3w** 100 PLN 125 PLN Udzia\u0142 bierny online \u2013 bez op\u0142at*** &#8211; &#8211; *Op\u0142ata za uczestnictwo online zawiera: uczestnictwo w sesjach naukowych z mo\u017cliwo\u015bci\u0105 wyg\u0142oszenia referatu,\u00a0 program, materia\u0142y promocyjne ksi\u0105\u017cka [&hellip;]<\/p>","protected":false},"author":1,"featured_media":0,"parent":0,"menu_order":4,"comment_status":"closed","ping_status":"closed","template":"","meta":{"_links_to":"","_links_to_target":""},"_links":{"self":[{"href":"http:\/\/www1.up.poznan.pl\/agrifoodlogistics\/en\/wp-json\/wp\/v2\/pages\/47"}],"collection":[{"href":"http:\/\/www1.up.poznan.pl\/agrifoodlogistics\/en\/wp-json\/wp\/v2\/pages"}],"about":[{"href":"http:\/\/www1.up.poznan.pl\/agrifoodlogistics\/en\/wp-json\/wp\/v2\/types\/page"}],"author":[{"embeddable":true,"href":"http:\/\/www1.up.poznan.pl\/agrifoodlogistics\/en\/wp-json\/wp\/v2\/users\/1"}],"replies":[{"embeddable":true,"href":"http:\/\/www1.up.poznan.pl\/agrifoodlogistics\/en\/wp-json\/wp\/v2\/comments?post=47"}],"version-history":[{"count":25,"href":"http:\/\/www1.up.poznan.pl\/agrifoodlogistics\/en\/wp-json\/wp\/v2\/pages\/47\/revisions"}],"predecessor-version":[{"id":1578,"href":"http:\/\/www1.up.poznan.pl\/agrifoodlogistics\/en\/wp-json\/wp\/v2\/pages\/47\/revisions\/1578"}],"wp:attachment":[{"href":"http:\/\/www1.up.poznan.pl\/agrifoodlogistics\/en\/wp-json\/wp\/v2\/media?parent=47"}],"curies":[{"name":"wp","href":"https:\/\/api.w.org\/{rel}","templated":true}]}}