{"id":377,"date":"2018-12-29T21:43:41","date_gmt":"2018-12-29T20:43:41","guid":{"rendered":"http:\/\/www1.up.poznan.pl\/agrifoodlogistics\/?page_id=377"},"modified":"2021-03-03T13:15:29","modified_gmt":"2021-03-03T12:15:29","slug":"intercathedra","status":"publish","type":"page","link":"http:\/\/www1.up.poznan.pl\/agrifoodlogistics\/en\/publikacja\/intercathedra\/","title":{"rendered":"Intercathedra"},"content":{"rendered":"<p><b>INTERCATHEDRA: \u00a0\u00a0\u00a0\u00a0\u00a0<\/b>http:\/\/www.intercathedra.pl<\/p>\n<p><b>INSTRUCTIONS FOR AUTHORS<\/b><\/p>\n<p><b>General information\u00a0\u00a0<\/b><\/p>\n<p>Scientific Quartely INTERCATHEDRA publishes original scientific articles in Polish and English.<\/p>\n<p><b>GHOSTWRITING AND GUEST AUTHORSHIP FIREWALL\u00a0<\/b><\/p>\n<p>The editors take action to eliminate ghostwriting and guest authorship practices. When\ndetected, all such cases will be disclosed, including the possibility to send due notification to\nrelevant entities (institutions employing authors, scientific societies, scientific editors\nassociations, etc.). The editors also document all forms of violation and infringement of\nethics in science.<\/p>\n<p>An act of ghostwriting occurs when a person who makes a significant contribution to the\nwriting of a publication does not reveal their participation as one of the authors or their\ninput is not listed in the acknowledgements in the publication.<\/p>\n<p>An act of guest authorship (honorary authorship) occurs when the author\u2019s or co-author\u2019s contribution to the publication is negligible or has not taken place at all.<\/p>\n<p>In order to avoid such cases the Editors require that each author\u2019s input in the publication\nshould be revealed (including their affiliation and contribution, i.e. providing information\nabout the author(s) of the concept, assumptions, methods, protocol, etc. used for\npreparation of the publication). It is the corresponding author who takes main responsibility.<\/p>\n<p>If the publication is financed by scientific research institutions, associations or other entities, it is necessary to provide information about the source of financing (financial disclosure).<\/p>\n<h3><b><i>Editorial requirements concerning articles to be published in Scientific Quartely\nINTERCATHEDRA<\/i><\/b><b>\u00a0<\/b><\/h3>\n<p><b>Basic requirements<\/b><\/p>\n<p>Only original scientific articles, which have not been published before, will be accepted for\npublication.<\/p>\n<p>An article must not be longer than 12 printed A4 pages, including figures and tables.\nArticles must be prepared in the .doc or .docx format.<br \/>\nTimes New Roman 12 pts font and 1.5 interspaces must be used. The text may be\ndistinguished with bold type or italics.<\/p>\n<p>Figures and tables must be numbered in order and placed close to their reference in the\ntext or in separate files, indicating their position. The size of a figure must not exceed the\nB5 format (12.5 \u00d7 19.5 cm). All figures should be prepared in black and white only.<\/p>\n<p>&nbsp;<\/p>\n<p><b>Layout of the article:<\/b><\/p>\n<ul>\n<li><b>Title of article<\/b><\/li>\n<li><b>Author\u2019s name (first name and surname)<\/b>\u00a0(authors)<\/li>\n<li><b>Name of scientific institution<\/b>\u00a0(affiliation)<\/li>\n<li><b>Abstract<\/b>\u00a0(100-250 words) \u2013 structured abstract is applied. It refers to all consecutive\nsections of the article, i.e. the introduction, research materials and methods used in the\narticle and the most significant research findings and conclusions.<\/li>\n<li><b>JEL codes<\/b>\u00a0&#8211;\u00a0<a href=\"https:\/\/www.aeaweb.org\/econlit\/jelCodes.php\">link<\/a><\/li>\n<li><b>Key words<\/b>\u00a0(max. 6)<\/li>\n<li><b>Main text<\/b>\u00a0-<\/li>\n<li><b>References<\/b>\u00a0(normally not less than 20, the literature sources of the article must iclude as\nmuch as possible Web of Science cited journals)<\/li>\n<li><b>Corresponding author<\/b>\u00a0- in the following order: university degree, first name, surname,\nname of scientific institution (department, faculty, university), university address, author&#39;s\ne-mail<\/li>\n<\/ul>\n<p>---<\/p>\n<p><b>References:<\/b><\/p>\n<p>When making reference to other authors\u2019 publications, the name and year must be provided\nin parentheses in chronological order (Kowalski 2005, Nowak 2007) or ... according to\nKowalski (2005).<\/p>\n<p>The references must be listed in alphabetical order under the APA standards\n(http:\/\/www.apastyle.org).<\/p>\n<ul>\n<li><i>Edited book<\/i><\/li>\n<\/ul>\n<p>Bartkowiak, N., Poczta, W. (2012). Czynniki rozwoju obszar\u00f3w wiejskich w Wielkopolsce\n(page numbers). Pozna\u0144: Wyd. UP<\/p>\n<p>---<\/p>\n<ul>\n<li><i>Edited book<\/i><\/li>\n<\/ul>\n<p>Doma\u0144ska-Baer, A., Sucho\u0144, A. (eds). (2014). Ochrona w\u0142asno\u015bci intelektualnej. Wybrane\nzagadnienia prawne (page numbers). Pozna\u0144: Wyd. UP,<\/p>\n<p>---<\/p>\n<ul>\n<li><i>Chapter<\/i><\/li>\n<\/ul>\n<p>Autor, A. (2014). Chapter title. In: A. Doma\u0144ska-Baer, A. Sucho\u0144 (eds), Ochrona w\u0142asno\u015bci\nintelektualnej. Wybrane zagadnienia prawne (page numbers). Pozna\u0144: Wyd. UP.<\/p>\n<p>---<\/p>\n<ul>\n<li><i>Journal article<\/i><\/li>\n<\/ul>\n<p>Sucho\u0144, A. (2014). Perpetual usufruct of agricultural lands \u2013 selected legal and financial\nissues. J. Agribus. Rural Dev., 4(34), page numbers.<\/p>\n<ul>\n<li><i>Internet<\/i><\/li>\n<\/ul>\n<p>If no autor: Biotechnologia (2011). Accessed 20 May 2015, available from:\nhttps:\/\/pl.wikipedia.org\/wiki\/Biotechnologia<\/p>\n<p>Autor, A. (2015). Title. Accessed 20 May 2015, available from: www.stronainternetowa.pl<\/p>\n<ul>\n<li><i>Legal reference<\/i><\/li>\n<\/ul>\n<p>Ustawa z dnia 29 maja 2015 r. o zmianie ustawy o lasach oraz niekt\u00f3rych innych ustaw\n(2011). Dz.U. poz. 671.<\/p>\n<p>Rozporz\u0105dzenie Rady (WE) nr 1258\/99 z dnia 17 maja 1999 r. w sprawie finansowania\nwsp\u00f3lnej polityki rolnej (1999). Dz. Urz. WE L 160 z 26.6.1999, page numbers.<\/p>\n<p>&nbsp;<\/p>\n<p>Note! If Authors wish to provide information about the source of financing of the results of studies\npublished in our quarterly, the Editors print such information.<\/p>\n<p>&nbsp;<\/p>\n<p>--<br \/>\n--<\/p>\n<p>&nbsp;<\/p>\n<p><b>Sending articles: \u00a0<\/b><\/p>\n<p>Please, send your articles by e-mail to the following address:<\/p>\n<p><b>ifal@up.poznan.pl<\/b><\/p>\n<p>&nbsp;<\/p>\n<p>or by post to the following address:<\/p>\n<p>&nbsp;<\/p>\n<p>Department of Law and Enterprise Management in Agribusiness<br \/>\nPoznan University of Life Sciences<br \/>\nul. Wojska Polskiego 28<br \/>\n60-637 Pozna\u0144, Poland<\/p>\n<p>with a note on the envelope: \u201cINTERCATHEDRA\u201d<br \/>\ntogether with the completed and signed author's declaration of originality of the article sent<\/p>\n<p>&nbsp;<\/p>\n<p><a href=\"http:\/\/www1.up.poznan.pl\/agrifoodlogistics\/en\/intercathedra\/files\/Deklaracja_autora_PL.doc\/\">Deklaracja_autora_PL.doc<\/a> \u00a0\u00a0\u00a0\u00a0\u00a0(<a href=\"http:\/\/www1.up.poznan.pl\/agrifoodlogistics\/en\/intercathedra\/?pl_dla-autorow,3\">http:\/\/www1.up.poznan.pl\/intercathedra\/?pl_dla-autorow,3<\/a>)<\/p>\n<p><a href=\"http:\/\/www1.up.poznan.pl\/agrifoodlogistics\/en\/intercathedra\/files\/Declaration_author_ENG.doc\/\">Declaration_author_ENG.doc<\/a> \u00a0 (http:\/\/www1.up.poznan.pl\/intercathedra\/?en_instructions-for-authors,3)<\/p>\n<p>&nbsp;<\/p>\n<p><b>Publication fee: \u00a0<\/b><\/p>\n<p>The fee for publishing a paper in the INTERCATHEDRA journal is 400 PLN + VAT 23% (around 118 EUR or 130 USD)<\/p>\n<p><span style=\"color: #ff0000;\"><b>Attention! Publication fee is not included in the conference fee!\nAll payments must be done in PLN without any charges to the beneficiary should be made on\nthe following bank accounts of Poznan University of Life Sciences by bank transfer (any\nadditional fees associated with the bank transfer and exchange into PLN charged to the\npayer).<\/b><\/span><\/p>\n<p>&nbsp;<\/p>\n<p><b>The deadline <\/b>of submitting the full paper and publication fee is <b>15.07.2021<\/b>.<\/p>\n<p>Bank account in PLN:<\/p>\n<p><b>Poznan University of Life Sciences<\/b><\/p>\n<p><b>Wojska Polskiego 28<\/b><\/p>\n<p><b>60-637 Pozna\u0144, Poland<\/b><\/p>\n<p><strong>No. of bank account: PL 29 1090 1362 0000 0000 3601 7894 (Code SWIFT: WBKPPLPP)<\/strong><\/p>\n<p>With necessary note: <strong>Name and Surname, Agri-Food Logistics Forum, subkonto:<\/strong><br \/>\n<strong>293.01.509, Intercathedra publication fee<\/strong><\/p>\n<p>&nbsp;<\/p>\n<p>&nbsp;<\/p>","protected":false},"excerpt":{"rendered":"<p>INTERCATHEDRA: \u00a0\u00a0\u00a0\u00a0\u00a0http:\/\/www.intercathedra.pl DLA AUTOR\u00d3W Informacje og\u00f3lne\u00a0\u00a0 W Kwartalniku Naukowym INTERCATHEDRA publikowane s\u0105 oryginalne prace naukowe w j\u0119zyku angielskim (preferowane) i polskim. ZAPORA GHOSTWRITING I GUEST AUTHORSHIP\u00a0 Redakcja prowadzi dzia\u0142ania maj\u0105ce na celu wyeliminowanie zjawiska (praktyk) ghostwriting\u201d, \u201eguest authorship\u201d. Wszelkie wykryte przypadki b\u0119d\u0105 demaskowane, w\u0142\u0105cznie z mo\u017cliwo\u015bci\u0105 powiadomieniem odpowiednich podmiot\u00f3w (instytucje zatrudniaj\u0105ce autor\u00f3w, towarzystwa naukowe, stowarzyszenia [&hellip;]<\/p>","protected":false},"author":1,"featured_media":0,"parent":19,"menu_order":7,"comment_status":"closed","ping_status":"closed","template":"","meta":{"_links_to":"","_links_to_target":""},"_links":{"self":[{"href":"http:\/\/www1.up.poznan.pl\/agrifoodlogistics\/en\/wp-json\/wp\/v2\/pages\/377"}],"collection":[{"href":"http:\/\/www1.up.poznan.pl\/agrifoodlogistics\/en\/wp-json\/wp\/v2\/pages"}],"about":[{"href":"http:\/\/www1.up.poznan.pl\/agrifoodlogistics\/en\/wp-json\/wp\/v2\/types\/page"}],"author":[{"embeddable":true,"href":"http:\/\/www1.up.poznan.pl\/agrifoodlogistics\/en\/wp-json\/wp\/v2\/users\/1"}],"replies":[{"embeddable":true,"href":"http:\/\/www1.up.poznan.pl\/agrifoodlogistics\/en\/wp-json\/wp\/v2\/comments?post=377"}],"version-history":[{"count":13,"href":"http:\/\/www1.up.poznan.pl\/agrifoodlogistics\/en\/wp-json\/wp\/v2\/pages\/377\/revisions"}],"predecessor-version":[{"id":1258,"href":"http:\/\/www1.up.poznan.pl\/agrifoodlogistics\/en\/wp-json\/wp\/v2\/pages\/377\/revisions\/1258"}],"up":[{"embeddable":true,"href":"http:\/\/www1.up.poznan.pl\/agrifoodlogistics\/en\/wp-json\/wp\/v2\/pages\/19"}],"wp:attachment":[{"href":"http:\/\/www1.up.poznan.pl\/agrifoodlogistics\/en\/wp-json\/wp\/v2\/media?parent=377"}],"curies":[{"name":"wp","href":"https:\/\/api.w.org\/{rel}","templated":true}]}}