{"id":375,"date":"2018-12-29T21:42:48","date_gmt":"2018-12-29T20:42:48","guid":{"rendered":"http:\/\/www1.up.poznan.pl\/agrifoodlogistics\/?page_id=375"},"modified":"2021-03-03T13:15:29","modified_gmt":"2021-03-03T12:15:29","slug":"jard","status":"publish","type":"page","link":"http:\/\/www1.up.poznan.pl\/agrifoodlogistics\/en\/publikacja\/jard\/","title":{"rendered":"JARD"},"content":{"rendered":"<h2><b>Journal of Agribusiness and Rural Development: <\/b><\/h2>\n<h3><a href=\"http:\/\/www.jard.edu.pl\">http:\/\/www.jard.edu.pl<\/a><b><\/b><\/h3>\n<p>&nbsp;<\/p>\n<p><b>SUBMISSION PREPARATION CHECKLIST<\/b><\/p>\n<p>As part of the submission process, authors are required to check off their submission's compliance with all of the following items, and submissions may be returned to authors that do not adhere to these guidelines.<\/p>\n<ul>\n<li>\u00a0The submission has not been previously published, nor is it before another journal for consideration (or an explanation has been provided in Comments to the Editor).<\/li>\n<li>\u00a0The submission file is in OpenOffice, Microsoft Word, or RTF document file format.<\/li>\n<li>\u00a0Where available, URLs for the references have been provided.<\/li>\n<\/ul>\n<p><b>AUTHOR GUIDELINES \u00a0\u00a0<\/b>http:\/\/www1.up.poznan.pl\/jard\/index.php\/jard\/about\/submissions<\/p>\n<p><a href=\"http:\/\/www1.up.poznan.pl\/agrifoodlogistics\/en\/jard\/pliki\/autor.pdf\/\"><b>Download submission guide<\/b><\/a>: \u00a0\u00a0http:\/\/www1.up.poznan.pl\/jard\/pliki\/autor.pdf<\/p>\n<ol>\n<li><b> Guidelines for authors<\/b><br \/>\nJournal of Agribusiness and Rural Development publishes scientific articles in English.<br \/>\nThe editors of Journal of Agribusiness and Rural Development quarterly lead the policy of ghostwriting and guest authorship prevention.<\/li>\n<\/ol>\n<p><b>Statement 1<\/b><\/p>\n[PL] <a href=\"http:\/\/www1.up.poznan.pl\/agrifoodlogistics\/en\/jard\/pliki\/oswiadczenie.pdf\/\">http:\/\/www1.up.poznan.pl\/jard\/pliki\/oswiadczenie.pdf<\/a><\/p>\n[EN] <a href=\"http:\/\/www1.up.poznan.pl\/agrifoodlogistics\/en\/jard\/pliki\/statement.pdf\/\">http:\/\/www1.up.poznan.pl\/jard\/pliki\/statement.pdf<\/a><\/p>\n<p><a href=\"about:blank\"><b>-- \u00a0\u00a0\u00a0<\/b>---<\/a><\/p>\n<p><b>General article requirements and technical text preparation<\/b><\/p>\n<ul>\n<li>The length of articles should not exceed 12 printed pages of the A4 format, including graphics and tables.<\/li>\n<li>Text should be typed using Times New Roman 12 pts font and 1.5 interline spacing. Text fragments can be distinguished using italics or bold type. However, letters, words or sentences must not be underlined.<\/li>\n<li>Figures, photographs, charts (in grayscale) and tables should be numbered consecutively. The size of a figure must not exceed the B5 format (12.5 \u00d7 19.5 cm). Figures and tables can be placed near their reference in the basic text.<\/li>\n<\/ul>\n<ol start=\"3\">\n<li><b> Article layout<\/b><\/li>\n<\/ol>\n<ul>\n<li><b>Title of article\u00a0<\/b><\/li>\n<li><b>Author\u2019s name (first name and surname)\u00a0<\/b>(authors)<\/li>\n<li><b>Name of scientific institution\u00a0<\/b>(affiliation)<\/li>\n<li><b>Abstract (max. 200 words)<\/b>\u00a0\u2013 structured abstract is applied. It refers to all consecutive sections of the article, i.e.  introduction, research materials and methods used in the article and contains the most significant research findings and conclusions.<\/li>\n<li><b>Key words<\/b>\u00a0(max. 6)<\/li>\n<li><b>Main text should contain<\/b>\u00a0Introduction, Material and methods, Results, Discussion, Conclusions, References, Tables and figures.\n* Acknowledgements. If applicable, collate acknowledgements in a separate section at the end of the article before the references. List here those individuals and\/or organisations that provided help, including financial support, during the research.\n* Figure captions<\/li>\n<\/ul>\n<p>Please provide information about the source of financing of the manuscript.<br \/>\nAny issue not covered by the present instruction should be resolved based on the APA system and the scientific style and format.<\/p>\n<p>(APA system and the scientific style and format. The CBE manual for authors, editors, and publishers) [1994, Cambridge Univ. Press].<\/p>\n<p><b>4. References<\/b><br \/>\nWhen making reference to other authors\u2019 publications, the name and year must be provided\nin parentheses in chronological order (Kowalski 2005, Nowak 2007) or ... according to\nKowalski (2005).<\/p>\n<p>The references must be listed in alphabetical order under the APA standards\n(http:\/\/www.apastyle.org).<\/p>\n<p><b>Book<\/b><br \/>\nAleksejeva, L. (2014). Latvijas augstakas izglitibas sistemas efektivitates izpete [Efficiency of the Higher Education System of Latvia]. GlobeEdit, [in Latvian].<br \/>\nFinney, J. (1970). Time and again. New York, NY: Simon and Schuster.<\/p>\n<p><b>Edited book<\/b><br \/>\nFranks, A. (Ed.). (2005). Margaret Sanger&#8217;s eugenic legacy: The control of female fertility. Jefferson, NC: McFarland &amp; Company.<\/p>\n<p><b>Chapter<\/b><br \/>\nLawrence, J. A., Dodds, A. E. (2003). Goal-directed activities and life-span development. In J. Valsiner, K. Connolly (Eds.), Handbook of developmental psychology (pp. 517\u2013533). London, England: Sage Publications.<\/p>\n<p><b>Journal article<\/b><br \/>\nNevin, A. (1990). The changing of teacher education special education. TESE, 13(3-4), 147-148.<br \/>\nPiz\u0142o, A., Jankowska, D. (2001). Trwa\u0142o\u015b\u0107 barwnika dzikiego bzu czarnego w w\u00f3dkach [Stability of wild elderberry pigment in vodkas]. Przem. Ferm. Owoc.-Warzyw., 45(1), 16\u201318 [in Polish].<\/p>\n<p><b>Internet<\/b><br \/>\nFreakonomics (2010). E-ZPass is a life-saver (literally) [Blog post]. Retrieved October 29, 2010, from: http:\/\/freakonomics.blogs.nytimes.com\/2010\/10\/29\/e-zpass-is-a-life-saver-literally\/<\/p>\n<p><b>If no author:<\/b><br \/>\nAll 33 Chile miners freed in flawless rescue (2010). Retrieved October 29, 2010, from: http:\/\/www.nbcnews.com\/id\/39625809\/ns\/world_news-americas\/<\/p>\n<p><b>Legal reference<\/b><br \/>\nPrivate Education Act, Rev. ed. Cap 247A (2011).<\/p>\n<p><b>Note.<\/b>\u00a0All titles must be original (e.g. Polish, Latvian) and translated into English.<br \/>\nDOI number (digital object identifier) for all references is required (if exist).<\/p>\n<p><a href=\"http:\/\/www1.up.poznan.pl\/agrifoodlogistics\/en\/jard\/pliki\/example.docx\/\"><b>Example<\/b><\/a><b>: \u00a0\u00a0\u00a0<\/b>http:\/\/www1.up.poznan.pl\/jard\/index.php\/jard\/about\/submissions<\/p>\n<p>&nbsp;<\/p>\n<p>&nbsp;<\/p>\n<p><b>Sending articles: \u00a0<\/b><\/p>\n<p>Please, send your articles by e-mail to the following address:<\/p>\n<p><b>ifal@up.poznan.pl<\/b><\/p>\n<p>&nbsp;<\/p>\n<p>or by post to the following address:<\/p>\n<p>&nbsp;<\/p>\n<p>Department of Law and Enterprise Management in Agribusiness<br \/>\nPoznan University of Life Sciences<br \/>\nul. Wojska Polskiego 28<br \/>\n60-637 Pozna\u0144, Poland<\/p>\n<p>with a note on the envelope: \u201cJARD\u201d<br \/>\ntogether with the completed and signed author's declaration of originality of the article sent<\/p>\n<p>&nbsp;<\/p>\n<p><b>Publication fee: \u00a0<\/b><\/p>\n<p>The fee for publishing a paper in the JARD journal is 400 PLN + VAT 23% (around 118 EUR or 130 USD)<\/p>\n<p><span style=\"color: #ff0000;\"><b>Attention! Publication fee is not included in the conference fee!\nAll payments must be done in PLN without any charges to the beneficiary should be made on\nthe following bank accounts of Poznan University of Life Sciences by bank transfer (any\nadditional fees associated with the bank transfer and exchange into PLN charged to the\npayer).<\/b><\/span><\/p>\n<p>&nbsp;<\/p>\n<p><b>The deadline <\/b>of submitting the full paper and publication fee is <b>15.07.2021<\/b>.<\/p>\n<p>Bank account in PLN:<\/p>\n<p><b>Poznan University of Life Sciences<\/b><\/p>\n<p><b>Wojska Polskiego 28<\/b><\/p>\n<p><b>60-637 Pozna\u0144, Poland<\/b><\/p>\n<p><strong>No. of bank account: PL 29 1090 1362 0000 0000 3601 7894 (Code SWIFT: WBKPPLPP)<\/strong><b><\/b><\/p>\n<p>With necessary note:\u00a0<strong>Name and Surname, Agri-Food Logistics Forum, subkonto:<\/strong><br \/>\n<strong>293.01.509, JARD publication fee<\/strong><\/p>\n<p>&nbsp;<\/p>\n<p>&nbsp;<\/p>","protected":false},"excerpt":{"rendered":"<p>Journal of Agribusiness and Rural Development: http:\/\/www.jard.edu.pl &nbsp; SPRAWDZENIE TEKSTU PRZED WYS\u0141ANIEM Autorzy proszeni s\u0105 o sprawdzenie czy tekst spe\u0142nia poni\u017csze kryteria. Teksty, kt\u00f3re nie spe\u0142niaj\u0105 wymaga\u0144 redakcyjnych mog\u0105 zosta\u0107 odrzucone. \u00a0Tekst nie by\u0142 dot\u0105d nigdzie opublikowany ani nie jest przedmiotem post\u0119powania w innym czasopi\u015bmie. \u00a0Tekst zapisany w formacie OpenOffice, Microsoft Word, RTF lub WordPerfect. [&hellip;]<\/p>","protected":false},"author":1,"featured_media":0,"parent":19,"menu_order":8,"comment_status":"closed","ping_status":"closed","template":"","meta":{"_links_to":"","_links_to_target":""},"_links":{"self":[{"href":"http:\/\/www1.up.poznan.pl\/agrifoodlogistics\/en\/wp-json\/wp\/v2\/pages\/375"}],"collection":[{"href":"http:\/\/www1.up.poznan.pl\/agrifoodlogistics\/en\/wp-json\/wp\/v2\/pages"}],"about":[{"href":"http:\/\/www1.up.poznan.pl\/agrifoodlogistics\/en\/wp-json\/wp\/v2\/types\/page"}],"author":[{"embeddable":true,"href":"http:\/\/www1.up.poznan.pl\/agrifoodlogistics\/en\/wp-json\/wp\/v2\/users\/1"}],"replies":[{"embeddable":true,"href":"http:\/\/www1.up.poznan.pl\/agrifoodlogistics\/en\/wp-json\/wp\/v2\/comments?post=375"}],"version-history":[{"count":13,"href":"http:\/\/www1.up.poznan.pl\/agrifoodlogistics\/en\/wp-json\/wp\/v2\/pages\/375\/revisions"}],"predecessor-version":[{"id":1259,"href":"http:\/\/www1.up.poznan.pl\/agrifoodlogistics\/en\/wp-json\/wp\/v2\/pages\/375\/revisions\/1259"}],"up":[{"embeddable":true,"href":"http:\/\/www1.up.poznan.pl\/agrifoodlogistics\/en\/wp-json\/wp\/v2\/pages\/19"}],"wp:attachment":[{"href":"http:\/\/www1.up.poznan.pl\/agrifoodlogistics\/en\/wp-json\/wp\/v2\/media?parent=375"}],"curies":[{"name":"wp","href":"https:\/\/api.w.org\/{rel}","templated":true}]}}