{"id":17,"date":"2018-09-08T10:35:58","date_gmt":"2018-09-08T09:35:58","guid":{"rendered":"http:\/\/www1.up.poznan.pl\/agrifoodlogistics?page_id=17"},"modified":"2020-11-23T08:52:45","modified_gmt":"2020-11-23T07:52:45","slug":"rejestracja","status":"publish","type":"page","link":"http:\/\/www1.up.poznan.pl\/agrifoodlogistics\/en\/rejestracja\/","title":{"rendered":"Registration"},"content":{"rendered":"<div role=\"form\" class=\"wpcf7\" id=\"wpcf7-f252-o1\" lang=\"pl-PL\" dir=\"ltr\">\n<div class=\"screen-reader-response\"><p role=\"status\" aria-live=\"polite\" aria-atomic=\"true\"><\/p> <ul><\/ul><\/div>\n<form action=\"\/agrifoodlogistics\/en\/wp-json\/wp\/v2\/pages\/17#wpcf7-f252-o1\" method=\"post\" class=\"wpcf7-form init\" novalidate=\"novalidate\" data-status=\"init\" data-trp-original-action=\"\/agrifoodlogistics\/en\/wp-json\/wp\/v2\/pages\/17#wpcf7-f252-o1\">\n<div style=\"display: none;\">\n<input type=\"hidden\" name=\"_wpcf7\" value=\"252\" \/>\n<input type=\"hidden\" name=\"_wpcf7_version\" value=\"5.3\" \/>\n<input type=\"hidden\" name=\"_wpcf7_locale\" value=\"pl_PL\" \/>\n<input type=\"hidden\" name=\"_wpcf7_unit_tag\" value=\"wpcf7-f252-o1\" \/>\n<input type=\"hidden\" name=\"_wpcf7_container_post\" value=\"0\" \/>\n<input type=\"hidden\" name=\"_wpcf7_posted_data_hash\" value=\"\" \/>\n<\/div>\n<div class=\"row\">\n<div class=\"col-lg-4 col-sm-12\">\n<div class=\"form-group\">\n<div class=\"form-group wpcf7-form-control wpcf7-radio panpani\"><div class=\"radio\"><label><input name=\"panpani\" type=\"radio\" value=\"Pan\" checked aria-invalid=\"false\" aria-required=\"true\" required>Mr<\/label><\/div><div class=\"radio\"><label><input name=\"panpani\" type=\"radio\" value=\"Pani\" aria-invalid=\"false\" aria-required=\"true\" required>Mrs<\/label><\/div><\/div>\n<label>First name*<\/label>\n<div class=\"form-group imie\"><input class=\"wpcf7-form-control wpcf7-text wpcf7-validates-as-required form-control\" name=\"imie\" type=\"text\" value=\"\" aria-invalid=\"false\" aria-required=\"true\" required><\/div> \n<label>Second name<\/label>\n<div class=\"form-group secname\"><input class=\"wpcf7-form-control wpcf7-text form-control\" name=\"secname\" type=\"text\" value=\"\" aria-invalid=\"false\"><\/div> \n<label>Surname*<\/label>\n<div class=\"form-group surname\"><input class=\"wpcf7-form-control wpcf7-text wpcf7-validates-as-required form-control\" name=\"surname\" type=\"text\" value=\"\" aria-invalid=\"false\" aria-required=\"true\" required><\/div> \n<label>Title\/degree*<\/label>\n<div class=\"form-group degree\"><select class=\"wpcf7-form-control wpcf7-select wpcf7-validates-as-required form-control\" name=\"degree\" aria-invalid=\"false\" aria-required=\"true\" required><option value=\"Profesor\">Professor<\/option><option value=\"Doktor\">Ph.D.<\/option><option value=\"Magister\">M.Sc<\/option><option value=\"In\u017cynier\">Engineer<\/option><option value=\"Student\">Student<\/option><option value=\"Inny\">Other<\/option><\/select><\/div> \n<label>Country*<\/label>\n<div class=\"form-group country\"><select class=\"wpcf7-form-control wpcf7-select wpcf7-validates-as-required form-control\" name=\"country\" aria-invalid=\"false\" aria-required=\"true\" required><option value=\"\" selected>---<\/option><option value=\"Afghanistan\">Afghanistan<\/option><option value=\"Albania\">Albania<\/option><option value=\"Algeria\">Algeria<\/option><option value=\"American Samoa\">American Samoa<\/option><option value=\"Andorra\">Andorra<\/option><option value=\"Angola\">Angola<\/option><option value=\"Anguilla\">Anguilla<\/option><option value=\"Antigua Barbuda\">Antigua Barbuda<\/option><option value=\"Argentina\">Argentina<\/option><option value=\"Armenia\">Armenia<\/option><option value=\"Aruba\">Aruba<\/option><option value=\"Australia\">Australia<\/option><option value=\"Austria\">Austria<\/option><option value=\"Azerbaijan\">Azerbaijan<\/option><option value=\"Bahamas\">Bahamas<\/option><option value=\"Bahrain\">Bahrain<\/option><option value=\"Bangladesh\">Bangladesh<\/option><option value=\"Barbados\">Barbados<\/option><option value=\"Belarus\">Belarus<\/option><option value=\"Belgium\">Belgium<\/option><option value=\"Belize\">Belize<\/option><option value=\"Benin\">Benin<\/option><option value=\"Bermuda\">Bermuda<\/option><option value=\"Bhutan\">Bhutan<\/option><option value=\"Bolivia\">Bolivia<\/option><option value=\"Bosnia and Herzegovina\">Bosnia and Herzegovina<\/option><option value=\"Botswana\">Botswana<\/option><option value=\"Brazil\">Brazil<\/option><option value=\"British Virgin Is\">British Virgin Is<\/option><option value=\"Brunei\">Brunei<\/option><option value=\"Bulgaria\">Bulgaria<\/option><option value=\"Burkina Faso\">Burkina Faso<\/option><option value=\"Burma\">Burma<\/option><option value=\"Burundi\">Burundi<\/option><option value=\"Cambodia\">Cambodia<\/option><option value=\"Cameroon\">Cameroon<\/option><option value=\"Canada\">Canada<\/option><option value=\"Cape Verde\">Cape Verde<\/option><option value=\"Cayman Islands\">Cayman Islands<\/option><option value=\"Central African Rep\">Central African Rep<\/option><option value=\"Chad\">Chad<\/option><option value=\"Chile\">Chile<\/option><option value=\"China\">China<\/option><option value=\"Colombia\">Colombia<\/option><option value=\"Comoros\">Comoros<\/option><option value=\"Congo Dem Rep\">Congo Dem Rep<\/option><option value=\"Cook Islands\">Cook Islands<\/option><option value=\"Costa Rica\">Costa Rica<\/option><option value=\"Cote dIvoire\">Cote dIvoire<\/option><option value=\"Croatia\">Croatia<\/option><option value=\"Cuba\">Cuba<\/option><option value=\"Cyprus\">Cyprus<\/option><option value=\"Czech Republic\">Czech Republic<\/option><option value=\"Denmark\">Denmark<\/option><option value=\"Djibouti\">Djibouti<\/option><option value=\"Dominica\">Dominica<\/option><option value=\"Dominican Republic\">Dominican Republic<\/option><option value=\"East Timor\">East Timor<\/option><option value=\"Ecuador\">Ecuador<\/option><option value=\"Egypt\">Egypt<\/option><option value=\"El Salvador\">El Salvador<\/option><option value=\"Equatorial Guinea\">Equatorial Guinea<\/option><option value=\"Eritrea\">Eritrea<\/option><option value=\"Estonia\">Estonia<\/option><option value=\"Ethiopia\">Ethiopia<\/option><option value=\"Faroe Islands\">Faroe Islands<\/option><option value=\"Fiji\">Fiji<\/option><option value=\"Finland\">Finland<\/option><option value=\"France\">France<\/option><option value=\"French Guiana\">French Guiana<\/option><option value=\"French Polynesia\">French Polynesia<\/option><option value=\"Gabon\">Gabon<\/option><option value=\"Gambia\">Gambia<\/option><option value=\"Gaza Strip\">Gaza Strip<\/option><option value=\"Georgia\">Georgia<\/option><option value=\"Germany\">Germany<\/option><option value=\"Ghana\">Ghana<\/option><option value=\"Gibraltar\">Gibraltar<\/option><option value=\"Greece\">Greece<\/option><option value=\"Greenland\">Greenland<\/option><option value=\"Grenada\">Grenada<\/option><option value=\"Guadeloupe\">Guadeloupe<\/option><option value=\"Guam\">Guam<\/option><option value=\"Guatemala\">Guatemala<\/option><option value=\"Guernsey\">Guernsey<\/option><option value=\"Guinea\">Guinea<\/option><option value=\"Guinea-Bissau\">Guinea-Bissau<\/option><option value=\"Guyana\">Guyana<\/option><option value=\"Haiti\">Haiti<\/option><option value=\"Honduras\">Honduras<\/option><option value=\"Hong Kong\">Hong Kong<\/option><option value=\"Hungary\">Hungary<\/option><option value=\"Iceland\">Iceland<\/option><option value=\"India\">India<\/option><option value=\"Indonesia\">Indonesia<\/option><option value=\"Iran\">Iran<\/option><option value=\"Iraq\">Iraq<\/option><option value=\"Ireland\">Ireland<\/option><option value=\"Isle of Man\">Isle of Man<\/option><option value=\"Israel\">Israel<\/option><option value=\"Italy\">Italy<\/option><option value=\"Jamaica\">Jamaica<\/option><option value=\"Japan\">Japan<\/option><option value=\"Jersey\">Jersey<\/option><option value=\"Jordan\">Jordan<\/option><option value=\"Kazakhstan\">Kazakhstan<\/option><option value=\"Kenya\">Kenya<\/option><option value=\"Kiribati\">Kiribati<\/option><option value=\"North Korea\">North Korea<\/option><option value=\"South Korea\">South Korea<\/option><option value=\"Kuwait\">Kuwait<\/option><option value=\"Kyrgyzstan\">Kyrgyzstan<\/option><option value=\"Laos\">Laos<\/option><option value=\"Latvia\">Latvia<\/option><option value=\"Lebanon\">Lebanon<\/option><option value=\"Lesotho\">Lesotho<\/option><option value=\"Liberia\">Liberia<\/option><option value=\"Libya\">Libya<\/option><option value=\"Liechtenstein\">Liechtenstein<\/option><option value=\"Lithuania\">Lithuania<\/option><option value=\"Luxembourg\">Luxembourg<\/option><option value=\"Macau\">Macau<\/option><option value=\"Macedonia\">Macedonia<\/option><option value=\"Madagascar\">Madagascar<\/option><option value=\"Malawi\">Malawi<\/option><option value=\"Malaysia\">Malaysia<\/option><option value=\"Maldives\">Maldives<\/option><option value=\"Mali\">Mali<\/option><option value=\"Malta\">Malta<\/option><option value=\"Marshall Islands\">Marshall Islands<\/option><option value=\"Martinique\">Martinique<\/option><option value=\"Mauritania\">Mauritania<\/option><option value=\"Mauritius\">Mauritius<\/option><option value=\"Mayotte\">Mayotte<\/option><option value=\"Mexico\">Mexico<\/option><option value=\"Micronesia Fed St\">Micronesia Fed St<\/option><option value=\"Moldova\">Moldova<\/option><option value=\"Monaco\">Monaco<\/option><option value=\"Mongolia\">Mongolia<\/option><option value=\"Montserrat\">Montserrat<\/option><option value=\"Morocco\">Morocco<\/option><option value=\"Mozambique\">Mozambique<\/option><option value=\"Namibia\">Namibia<\/option><option value=\"Nauru\">Nauru<\/option><option value=\"Nepal\">Nepal<\/option><option value=\"Netherlands\">Netherlands<\/option><option value=\"New Caledonia\">New Caledonia<\/option><option value=\"New Zealand\">New Zealand<\/option><option value=\"Nicaragua\">Nicaragua<\/option><option value=\"Niger\">Niger<\/option><option value=\"Nigeria\">Nigeria<\/option><option value=\"Mariana Islands\">Mariana Islands<\/option><option value=\"Norway\">Norway<\/option><option value=\"Oman\">Oman<\/option><option value=\"Pakistan\">Pakistan<\/option><option value=\"Palau\">Palau<\/option><option value=\"Panama\">Panama<\/option><option value=\"Papua New Guinea\">Papua New Guinea<\/option><option value=\"Paraguay\">Paraguay<\/option><option value=\"Peru\">Peru<\/option><option value=\"Philippines\">Philippines<\/option><option value=\"Poland\">Poland<\/option><option value=\"Portugal\">Portugal<\/option><option value=\"Puerto Rico\">Puerto Rico<\/option><option value=\"Qatar\">Qatar<\/option><option value=\"Reunion\">Reunion<\/option><option value=\"Romania\">Romania<\/option><option value=\"Russia\">Russia<\/option><option value=\"Rwanda\">Rwanda<\/option><option value=\"Saint Helena\">Saint Helena<\/option><option value=\"Saint Kitts Nevis\">Saint Kitts Nevis<\/option><option value=\"Saint Lucia\">Saint Lucia<\/option><option value=\"St Pierre Miquelon\">St Pierre Miquelon<\/option><option value=\"Saint Vincent and the Grenadines\">Saint Vincent and the Grenadines<\/option><option value=\"Samoa\">Samoa<\/option><option value=\"San Marino\">San Marino<\/option><option value=\"Sao Tome Principe\">Sao Tome Principe<\/option><option value=\"Saudi Arabia\">Saudi Arabia<\/option><option value=\"Senegal\">Senegal<\/option><option value=\"Serbia\">Serbia<\/option><option value=\"Seychelles\">Seychelles<\/option><option value=\"Sierra Leone\">Sierra Leone<\/option><option value=\"Singapore\">Singapore<\/option><option value=\"Slovakia\">Slovakia<\/option><option value=\"Slovenia\">Slovenia<\/option><option value=\"Solomon Islands\">Solomon Islands<\/option><option value=\"Somalia\">Somalia<\/option><option value=\"South Africa\">South Africa<\/option><option value=\"Spain\">Spain<\/option><option value=\"Sri Lanka\">Sri Lanka<\/option><option value=\"Sudan\">Sudan<\/option><option value=\"Suriname\">Suriname<\/option><option value=\"Swaziland\">Swaziland<\/option><option value=\"Sweden\">Sweden<\/option><option value=\"Switzerland\">Switzerland<\/option><option value=\"Syria\">Syria<\/option><option value=\"Taiwan\">Taiwan<\/option><option value=\"Tajikistan\">Tajikistan<\/option><option value=\"Tanzania\">Tanzania<\/option><option value=\"Thailand\">Thailand<\/option><option value=\"Togo\">Togo<\/option><option value=\"Tonga\">Tonga<\/option><option value=\"Trinidad Tobago\">Trinidad Tobago<\/option><option value=\"Tunisia\">Tunisia<\/option><option value=\"Turkey\">Turkey<\/option><option value=\"Turkmenistan\">Turkmenistan<\/option><option value=\"Turks Caicos Is\">Turks Caicos Is<\/option><option value=\"Tuvalu\">Tuvalu<\/option><option value=\"Uganda\">Uganda<\/option><option value=\"Ukraine\">Ukraine<\/option><option value=\"United Arab Emirates\">United Arab Emirates<\/option><option value=\"United Kingdom\">United Kingdom<\/option><option value=\"United States\">United States<\/option><option value=\"Uruguay\">Uruguay<\/option><option value=\"Uzbekistan\">Uzbekistan<\/option><option value=\"Vanuatu\">Vanuatu<\/option><option value=\"Venezuela\">Venezuela<\/option><option value=\"Vietnam\">Vietnam<\/option><option value=\"Virgin Islands\">Virgin Islands<\/option><option value=\"Wallis and Futuna\">Wallis and Futuna<\/option><option value=\"West Bank\">West Bank<\/option><option value=\"Western Sahara\">Western Sahara<\/option><option value=\"Yemen\">Yemen<\/option><option value=\"Zambia\">Zambia<\/option><option value=\"Zimbabwe\">Zimbabwe<\/option><\/select><\/div>\n\n<label>Institution\/business*<\/label>\n<div class=\"form-group company\"><input class=\"wpcf7-form-control wpcf7-text wpcf7-validates-as-required form-control\" name=\"company\" type=\"text\" value=\"\" aria-invalid=\"false\" aria-required=\"true\" required><\/div>\n<label>Address*<\/label>\n<div class=\"form-group adress\"><input class=\"wpcf7-form-control wpcf7-text wpcf7-validates-as-required form-control\" name=\"adress\" type=\"text\" value=\"\" aria-invalid=\"false\" aria-required=\"true\" required><\/div>\n<label>ZIP code*<\/label>\n<div class=\"form-group code\"><input class=\"wpcf7-form-control wpcf7-text wpcf7-validates-as-required form-control\" name=\"code\" type=\"text\" value=\"\" aria-invalid=\"false\" aria-required=\"true\" required><\/div>\n<label>City*<\/label>\n<div class=\"form-group city\"><input class=\"wpcf7-form-control wpcf7-text wpcf7-validates-as-required form-control\" name=\"city\" type=\"text\" value=\"\" aria-invalid=\"false\" aria-required=\"true\" required><\/div>\n<label>e-mail*<\/label>\n<div class=\"form-group email\"><input class=\"wpcf7-form-control wpcf7-text wpcf7-email wpcf7-validates-as-required wpcf7-validates-as-email form-control\" name=\"email\" type=\"email\" value=\"\" aria-invalid=\"false\" aria-required=\"true\" required><\/div>\n<label>Phone*<\/label>\n<div class=\"form-group phone\"><input class=\"wpcf7-form-control wpcf7-text wpcf7-tel wpcf7-validates-as-required wpcf7-validates-as-tel form-control\" name=\"phone\" type=\"tel\" value=\"\" aria-invalid=\"false\" aria-required=\"true\" required><\/div>\n<label>Fax<\/label>\n<div class=\"form-group fax\"><input class=\"wpcf7-form-control wpcf7-text wpcf7-tel wpcf7-validates-as-tel form-control\" name=\"fax\" type=\"tel\" value=\"\" aria-invalid=\"false\"><\/div>\n<br>\n*fulfil the obligation\n<br>\n**an abstract should be prepared to be included in the conference proceedings\n<\/div>\n<\/div>\n<div class=\"col-lg-4 col-sm-12\">\n<div class=\"form-group\">\n<label>Type of participation in the Forum\/Conferences*<\/label>\n<div class=\"form-group wpcf7-form-control wpcf7-radio participation\"><div class=\"radio\"><label><input name=\"participation\" type=\"radio\" value=\"Uczestnictwo online z referatem**\" checked aria-invalid=\"false\" aria-required=\"true\" required>Online participation with a paper**<\/label><\/div><div class=\"radio\"><label><input name=\"participation\" type=\"radio\" value=\"Uczestnictwo online bez referatu\" aria-invalid=\"false\" aria-required=\"true\" required>Online participation without a paper<\/label><\/div><\/div>\n<small>**an abstract should be prepared to be included in the conference proceedings.<\/small><br><br>\n<label>Publication declaration*<\/label>\n<div class=\"form-group wpcf7-form-control wpcf7-radio publication\"><div class=\"radio\"><label><input name=\"publication\" type=\"radio\" value=\"Czasopismo ENERGIES\" checked aria-invalid=\"false\" aria-required=\"true\" required>ENERGIES<\/label><\/div><div class=\"radio\"><label><input name=\"publication\" type=\"radio\" value=\"Czasopismo AGRICULTURE\" aria-invalid=\"false\" aria-required=\"true\" required>AGRICULTURE<\/label><\/div><div class=\"radio\"><label><input name=\"publication\" type=\"radio\" value=\"Czasopismo Ekonomika i Organizacja Logistyki\" aria-invalid=\"false\" aria-required=\"true\" required>Economics and Organization of Logistics<\/label><\/div><div class=\"radio\"><label><input name=\"publication\" type=\"radio\" value=\"Czasopismo INTERCATHEDRA\" aria-invalid=\"false\" aria-required=\"true\" required>INTERCATHEDRA<\/label><\/div><div class=\"radio\"><label><input name=\"publication\" type=\"radio\" value=\"Czasopismo Journal of Agribusiness and Rural Development\" aria-invalid=\"false\" aria-required=\"true\" required>Journal of Agribusiness and Rural Development<\/label><\/div><div class=\"radio\"><label><input name=\"publication\" type=\"radio\" value=\"Czasopismo Sustainability\" aria-invalid=\"false\" aria-required=\"true\" required>Sustainability<\/label><\/div><div class=\"radio\"><label><input name=\"publication\" type=\"radio\" value=\"Rozdzia\u0142 w monografii Contemporary challenge of a sustainable food supply chain (publikacja i t\u0142umaczenie bez op\u0142at).\" aria-invalid=\"false\" aria-required=\"true\" required>Chapter in the monograph Contemporary Challenge of a Sustainable Food Supply Chain (publication and translation free of charge).<\/label><\/div><div class=\"radio\"><label><input name=\"publication\" type=\"radio\" value=\"Uczestnictwo bez publikacji\" aria-invalid=\"false\" aria-required=\"true\" required>Participation without publication<\/label><\/div><\/div>\n<\/div>\n<\/div>  \n<div class=\"col-lg-4 col-sm-12\">\n<div class=\"form-group\">\n<label>Necessary data to the invoice*<\/label>\n<div class=\"form-group faktura\"><textarea class=\"wpcf7-form-control wpcf7-textarea wpcf7-validates-as-required form-control\" name=\"faktura\" rows=\"10\" aria-invalid=\"false\" aria-required=\"true\" required><\/textarea><\/div>\n<small>GDPR - We would like to kindly ask you to accept the following conditions of the personal data processing and of the contact by electronic means in relation with the Conference:<br>\n\nIn accordance with Article no. 13 of Regulation (EU) 2016\/679 of the European Parliament and of the Council of 27 April 2016 on the protection of natural persons with regard to the processing of personal data and on the free movement of such data, and repealing Directive 95\/46\/EC (General Data Protection Regulation) hereinafter referred to as \u2018GDPR\u2019, the University of Life Sciences in Pozna\u0144 kindly informs that:<br>\n\n1.\tThe Personal Data Controller is the University of Life Sciences in Pozna\u0144, Wojska Polskiego 28 Street, 60-637 Pozna\u0144.<br>\n2.\tThe University has appointed a Data Protection Officer- Mr. Tomasz Napiera\u0142a M.Sc. from Protection of Personal Data and Classified Information Office, Wojska Polskiego 28 Street, 60-637 Pozna\u0144, room no. 22. The Officer is available from Monday to Friday from 8:00 a.m. to 4:00 p.m., e-mail: tomasz.napierala@up.poznan.pl, telephone number: +48 (61) 848-7799<br>\n3.\tYour personal data will be processed for the purpose of: \na\tperformance of the contract which subject matter concerns participation in the 4th International Forum on Agri-Food Logistics which will be held in Pozna\u0144, Poland, from 23 to 25 of June 2020, as well as the previous registration on the basis of Art. 6 par. 1 of GDPR.<br>\n4. \tProviding us with your personal data is an essential condition for the conclusion and performance of the contract, i.e. registration and participation in the Conference,<br>\n5.\tYour personal data will be made accessible to IT companies which are involved in the Conference on the basis of personal data processing agreements concluded by the University.<br>\n6.\tYour personal data will not be transferred to third countries (outside the European Economic Area) or to international organisations.<br>\n7. \tYour data will be stored for the duration of the Conference and until the final settlement and closure of the Conference, as well as until the expiry of the limitation period for claims that may arise from the performance of the contract referred to in point. 3a).<br>\n8. \tYou are entitled to access and rectification of your data, erasure of the data (unless further processing is necessary to perform a legal obligation or it is necessary to establish, pursue or defend a claim), limitation of the processing of personal data, data portability, raise the objection against processing,<br>\n9.\tYour personal data shall not be a subject to automatic decision-making including profiling.<br>\n10.\tYou are entitled to lodge a complaint to the President of the Personal Data Protection Office if you assume that the processing of your personal data is in breach of the General Regulation.<br>\n\nAt the same time, you agree to providing services by electronic means (for instance e-mails and mobile services) coming from the Organiser in accordance to the provisions of Act on Rendering Electronic Services (Journal of Laws of the Republic of Poland from 2016, position 1030).<br>\n<\/small><br>\n<div class=\"form-group wpcf7-form-control wpcf7-acceptance acceptance-531\"><div class=\"checkbox wpcf7-form-control wpcf7-acceptance acceptance-531\"><label ><input name=\"acceptance-531\" type=\"checkbox\" value=\"1\" aria-invalid=\"false\">AGREE<\/label><\/div><\/div>\n<div class=\"form-group\"><div><input class=\"wpcf7-form-control wpcf7-submit btn btn-primary\" type=\"submit\" value=\"Submit\"><\/div><\/div>\n<div class=\"wpcf7-response-output alert alert-warning\"><\/div>\n<\/div>\n<\/div>  \n<\/div><input type=\"hidden\" name=\"trp-form-language\" value=\"en\"\/><\/form><\/div>","protected":false},"excerpt":{"rendered":"","protected":false},"author":1,"featured_media":0,"parent":0,"menu_order":4,"comment_status":"closed","ping_status":"closed","template":"","meta":{"_links_to":"","_links_to_target":""},"_links":{"self":[{"href":"http:\/\/www1.up.poznan.pl\/agrifoodlogistics\/en\/wp-json\/wp\/v2\/pages\/17"}],"collection":[{"href":"http:\/\/www1.up.poznan.pl\/agrifoodlogistics\/en\/wp-json\/wp\/v2\/pages"}],"about":[{"href":"http:\/\/www1.up.poznan.pl\/agrifoodlogistics\/en\/wp-json\/wp\/v2\/types\/page"}],"author":[{"embeddable":true,"href":"http:\/\/www1.up.poznan.pl\/agrifoodlogistics\/en\/wp-json\/wp\/v2\/users\/1"}],"replies":[{"embeddable":true,"href":"http:\/\/www1.up.poznan.pl\/agrifoodlogistics\/en\/wp-json\/wp\/v2\/comments?post=17"}],"version-history":[{"count":3,"href":"http:\/\/www1.up.poznan.pl\/agrifoodlogistics\/en\/wp-json\/wp\/v2\/pages\/17\/revisions"}],"predecessor-version":[{"id":254,"href":"http:\/\/www1.up.poznan.pl\/agrifoodlogistics\/en\/wp-json\/wp\/v2\/pages\/17\/revisions\/254"}],"wp:attachment":[{"href":"http:\/\/www1.up.poznan.pl\/agrifoodlogistics\/en\/wp-json\/wp\/v2\/media?parent=17"}],"curies":[{"name":"wp","href":"https:\/\/api.w.org\/{rel}","templated":true}]}}