{"id":1453,"date":"2021-02-15T13:40:44","date_gmt":"2021-02-15T12:40:44","guid":{"rendered":"http:\/\/www1.up.poznan.pl\/agrifoodlogistics\/?page_id=1453"},"modified":"2021-05-05T09:51:39","modified_gmt":"2021-05-05T08:51:39","slug":"poster","status":"publish","type":"page","link":"http:\/\/www1.up.poznan.pl\/agrifoodlogistics\/en\/publikacja\/poster\/","title":{"rendered":"Poster"},"content":{"rendered":"<h2>Wytyczne<\/h2>\n\n\n<p>\u00a0<\/p>\n<p>Dear Participants,<\/p>\n<p>All submitted extended abstracts (1-2 pages) after positive acceptance will be published in the conference proceedings (electronic version, with ISBN number) and online version on the conference website.<\/p>\n<p>The deadline of submission extended abstracts is\u00a0<strong>March 30, 2021. \u00a0<\/strong>You will receive information about the acceptance of the abstract by\u00a0<strong>April 15, 2021<\/strong><\/p>\n<p>Please use the Microsoft Word template to prepare your poster (<a href=\"http:\/\/www1.up.poznan.pl\/agrifoodlogistics\/wp-content\/uploads\/2021\/02\/abstract-template-poster.docx\" target=\"_blank\" rel=\"noopener\">DOWNLOAD TEMPLATE<\/a>)<\/p>\n<p style=\"font-weight: 400;\"><strong>Submit your poster to email address: <a href=\"mailto:ifal@up.poznan.pl\">ifal@up.poznan.pl<\/a><\/strong><\/p>\n<p><strong>After submission you will be acknowledged of the receipt of the poster via an email within one week.<\/strong><\/p>\n\n\n<p><\/p>","protected":false},"excerpt":{"rendered":"<p>Wytyczne \u00a0 Szanowni Pa\u0144stwo, Wszystkie zg\u0142oszone i zaakceptowane streszczenia zostan\u0105 opublikowane w materia\u0142ach konferencyjnych (wersja drukowana z numerem ISBN) oraz w wersji online na stronie internetowej konferencji. Termin nades\u0142ania streszczenia up\u0142ywa\u00a030 marca 2021. \u00a0Informacj\u0119 o akceptacji streszczenia otrzymacie Pa\u0144stwo do\u00a015 kwietnia 2021. Prosimy o u\u017cycie szablonu Microsoft Word do przygotowania posteru (POBIERZ SZABLON) Prosz\u0119 o [&hellip;]<\/p>","protected":false},"author":1,"featured_media":0,"parent":19,"menu_order":2,"comment_status":"closed","ping_status":"closed","template":"","meta":{"_links_to":"","_links_to_target":""},"_links":{"self":[{"href":"http:\/\/www1.up.poznan.pl\/agrifoodlogistics\/en\/wp-json\/wp\/v2\/pages\/1453"}],"collection":[{"href":"http:\/\/www1.up.poznan.pl\/agrifoodlogistics\/en\/wp-json\/wp\/v2\/pages"}],"about":[{"href":"http:\/\/www1.up.poznan.pl\/agrifoodlogistics\/en\/wp-json\/wp\/v2\/types\/page"}],"author":[{"embeddable":true,"href":"http:\/\/www1.up.poznan.pl\/agrifoodlogistics\/en\/wp-json\/wp\/v2\/users\/1"}],"replies":[{"embeddable":true,"href":"http:\/\/www1.up.poznan.pl\/agrifoodlogistics\/en\/wp-json\/wp\/v2\/comments?post=1453"}],"version-history":[{"count":5,"href":"http:\/\/www1.up.poznan.pl\/agrifoodlogistics\/en\/wp-json\/wp\/v2\/pages\/1453\/revisions"}],"predecessor-version":[{"id":1587,"href":"http:\/\/www1.up.poznan.pl\/agrifoodlogistics\/en\/wp-json\/wp\/v2\/pages\/1453\/revisions\/1587"}],"up":[{"embeddable":true,"href":"http:\/\/www1.up.poznan.pl\/agrifoodlogistics\/en\/wp-json\/wp\/v2\/pages\/19"}],"wp:attachment":[{"href":"http:\/\/www1.up.poznan.pl\/agrifoodlogistics\/en\/wp-json\/wp\/v2\/media?parent=1453"}],"curies":[{"name":"wp","href":"https:\/\/api.w.org\/{rel}","templated":true}]}}