{"id":1359,"date":"2020-12-04T12:54:29","date_gmt":"2020-12-04T11:54:29","guid":{"rendered":"http:\/\/www1.up.poznan.pl\/agrifoodlogistics\/?page_id=1359"},"modified":"2020-12-15T15:51:57","modified_gmt":"2020-12-15T14:51:57","slug":"historia-forum","status":"publish","type":"page","link":"http:\/\/www1.up.poznan.pl\/agrifoodlogistics\/en\/o-konferencji\/historia-forum\/","title":{"rendered":"The history"},"content":{"rendered":"<p>For years, the International Forum on Agri-Food Logistics has been a platform for  cooperation between scientists and practitioners, enabling both the presentation of  scientific research results and their discussion at regular conferences, as well as sharing  experiences. The Forum is also a place for establishing scientific and business contacts.<\/p>\n\n\n\n<p>The International Forum follows the National Conference \u201eAGROLOGISTYKA 2012\u201d,  which was held in Pozna\u0144, Poland, in 2012. The theme of the Conference was <strong><em>Agri business - The Challenge for Logistics<\/em><\/strong>and it aimed to discuss contemporary trends in  the development of supply chains in the food economy, including social responsibility  strategies. The Conference was dedicated to the issues of the theory and practice  of logistics in the food industry. It was the first conference on this subject in Poland.<\/p>\n\n\n\n<p>Given the fact that modern food chains are global, we decided to organise an Inter national Forum to discuss this issue. So, the 1st edition in 2014 tackled <strong><em>Efficient Lo gistics as a Chance of Efficient Consumer Response in the Agri-Food Sector<\/em><\/strong>, where  we discussed the trust and traceability as the conditions of sustainable supply chain  development.<\/p>\n\n\n\n<p>We held the 2nd Forum under the theme of <strong><em>Logistics Facing Challenges of Food Se curity and Environmental Protection.<\/em><\/strong> We discussed the environmental risks, food  waste and uncertainties in the turbulent global world as challenges for sustainability  in agri-food supply chains (AFSCs).<\/p>\n\n\n\n<p>The theme of the 3rd Forum, which was held in 2019, was <strong><em>Towards the Sustainability  of Logistics in the Agri-Food Supply Chains<\/em><\/strong>. Some of the main issues that we raised  in the forum were possibilities of reduction of CO2 and other harmful substances  emissions, traceability, and development of systems and quality standards in AFSCs.<\/p>\n\n\n\n<p>Since 2012, the Forum hosted about 230 guests from almost all continents all over  the world, i.e. Europe, Asia, North and South America, Africa, who represent the le ading scientific centres of logistics and supply chains, like:<\/p>\n\n\n\n<ul><li>Organisation for Economic Co-operation and Development (OECD);<\/li><li>Cranfield School of Management, UK;<\/li><li>International Centre for Advanced Mediterranean Agronomic Studies (CIHEAM-Bari), Italy;<\/li><li>Universidad Polit\u00e9cnica de Madrid (UPM), Spain;<\/li><li>Moscow State University of Technology (STANKIN), Moscow, Russia;<\/li><li>Faculty of Economics and Business, Department of Research Methodology and Statistics, University of Debrecen, Hungary;<\/li><li>IMED Business School, Brazil;<\/li><li>Federal University of Mato Grosso do Sul, Brazil;&nbsp;<\/li><li>Vytautas Magnus University Kaunas, Lithuania;<\/li><li>Universidad T\u00e9cnica de Machala, Ecuador;<\/li><li>Universidad del Zulia, Venezuela;<\/li><li>Uniwersytet Leona Ko\u017ami\u0144skiego, Warszawa, Polska.<\/li><li><a href=\"https:\/\/nauka-polska.pl\/#\/profile\/institution?id=228795\">\u0141ukasiewicz Research Network &#8211; Institute of Logistics and Warehousing<\/a>, Pozna\u0144, Poland.<\/li><\/ul>\n\n\n\n<p>From the very beginning, the main idea of the Forum was sustainable development,  and as a biennial platform, it gathers numerous experts from across the world around  the Sustainable Development Goals (SDGs).&nbsp;<\/p>\n\n\n\n<p>Therefore <strong>, in 2021 we would like to invite  you to discuss innovation and technology in this context, but also to continue the chal \nlenges of uncertainty, especially given the latest COVID-19 pandemic circumstances.<\/strong><\/p>\n\n\n\n<p>We hope that the IV Forum will contribute not only to more effective implementa tion of the SDGs but also to drawing up proposals for implementing the blueprints  of the Agenda for Sustainable Development 2030 under the following umbrellas:  People, Planet, Prosperity, Peace and Partnerships.<\/p>","protected":false},"excerpt":{"rendered":"<p>Mi\u0119dzynarodowe Forum Logistyki w Gospodarce \u017bywno\u015bciowej od lat jest platform\u0105 wsp\u00f3\u0142pracy naukowc\u00f3w i praktyk\u00f3w, umo\u017cliwiaj\u0105c\u0105 zar\u00f3wno prezentacj\u0119 wynik\u00f3w bada\u0144 naukowych, jak i dyskusj\u0119 na cyklicznych konferencjach oraz wymian\u0119 do\u015bwiadcze\u0144. Forum to tak\u017ce miejsce nawi\u0105zywania kontakt\u00f3w naukowych i biznesowych. Forum Mi\u0119dzynarodowe jest kontynuacj\u0105 Og\u00f3lnopolskiej Konferencji \u201eAGROLOGISTYKA 2012\u201d, kt\u00f3ra odby\u0142a si\u0119 w Poznaniu w 2012 roku. Tematem [&hellip;]<\/p>","protected":false},"author":1,"featured_media":0,"parent":11,"menu_order":1,"comment_status":"closed","ping_status":"closed","template":"","meta":{"_links_to":"","_links_to_target":""},"_links":{"self":[{"href":"http:\/\/www1.up.poznan.pl\/agrifoodlogistics\/en\/wp-json\/wp\/v2\/pages\/1359"}],"collection":[{"href":"http:\/\/www1.up.poznan.pl\/agrifoodlogistics\/en\/wp-json\/wp\/v2\/pages"}],"about":[{"href":"http:\/\/www1.up.poznan.pl\/agrifoodlogistics\/en\/wp-json\/wp\/v2\/types\/page"}],"author":[{"embeddable":true,"href":"http:\/\/www1.up.poznan.pl\/agrifoodlogistics\/en\/wp-json\/wp\/v2\/users\/1"}],"replies":[{"embeddable":true,"href":"http:\/\/www1.up.poznan.pl\/agrifoodlogistics\/en\/wp-json\/wp\/v2\/comments?post=1359"}],"version-history":[{"count":2,"href":"http:\/\/www1.up.poznan.pl\/agrifoodlogistics\/en\/wp-json\/wp\/v2\/pages\/1359\/revisions"}],"predecessor-version":[{"id":1361,"href":"http:\/\/www1.up.poznan.pl\/agrifoodlogistics\/en\/wp-json\/wp\/v2\/pages\/1359\/revisions\/1361"}],"up":[{"embeddable":true,"href":"http:\/\/www1.up.poznan.pl\/agrifoodlogistics\/en\/wp-json\/wp\/v2\/pages\/11"}],"wp:attachment":[{"href":"http:\/\/www1.up.poznan.pl\/agrifoodlogistics\/en\/wp-json\/wp\/v2\/media?parent=1359"}],"curies":[{"name":"wp","href":"https:\/\/api.w.org\/{rel}","templated":true}]}}