{"id":133,"date":"2018-09-22T10:45:57","date_gmt":"2018-09-22T08:45:57","guid":{"rendered":"http:\/\/www1.up.poznan.pl\/agrifoodlogistics?page_id=133"},"modified":"2020-09-09T09:15:44","modified_gmt":"2020-09-09T08:15:44","slug":"konferencja-2012","status":"publish","type":"page","link":"http:\/\/www1.up.poznan.pl\/agrifoodlogistics\/en\/archiwum\/historia-i-przyszlosc\/konferencja-2012\/","title":{"rendered":"IFAL 2012"},"content":{"rendered":"<p style=\"font-weight: 400;\">First National Scientific Conference AGROLOGISTYKA 2012 titled: Agribusiness challenge for logistics, was held on 25-26 September 2012. Conference was organized by the Department of Management and Law at the Faculty of Economic and Social Sciences of the Pozna\u0144 University of Life Sciences.\nThe aim of the conference was to initiate discussion and exchange of views and presentation of the results of research conducted in different research centers in the field of logistics agribusiness.<\/p>\n<p style=\"font-weight: 400;\">The scope of the conference embraced a wide spectrum of issues of logistics in the food economy, reflecting its tremendous diversity.<\/p>\n<p style=\"font-weight: 400;\">The main thematic areas presented at the conference were:<\/p>\n<ul>\n<li style=\"font-weight: 400;\">management of supply chains in agribusiness,<\/li>\n<li style=\"font-weight: 400;\">transport in the agribusiness sector,<\/li>\n<li style=\"font-weight: 400;\">logistics infrastructure in agribusiness,<\/li>\n<li style=\"font-weight: 400;\">legal aspects of logistics in agribusiness,<\/li>\n<li style=\"font-weight: 400;\">challenges and trends in logistics agribusiness<\/li>\n<\/ul>","protected":false},"excerpt":{"rendered":"<p>Pierwsza Mi\u0119dzynarodowa Konferencja Naukowa AGROLOGISTYKA pod tytu\u0142em \u201eAgrobiznes wyzwaniem dla logistyki\u201d odby\u0142a si\u0119 w dniach 25-26 wrze\u015bnia 2012r. Zosta\u0142a zorganizowana przez Katedr\u0119 Zarz\u0105dzania i Prawa Wydzia\u0142u Ekonomiczno-Spo\u0142ecznego Uniwersytetu Przyrodniczego w Poznaniu. Zakres konferencji obejmowa\u0142 szerokie spektrum zagadnie\u0144 logistyki w gospodarce \u017cywno\u015bciowej, odzwierciedlaj\u0105c jej ogromn\u0105 r\u00f3\u017cnorodno\u015b\u0107. G\u0142\u00f3wnymi obszarami tematycznymi przedstawianymi w czasie obrad by\u0142y: zarz\u0105dzanie \u0142a\u0144cuchami [&hellip;]<\/p>","protected":false},"author":1,"featured_media":0,"parent":23,"menu_order":4,"comment_status":"closed","ping_status":"closed","template":"","meta":{"_links_to":"","_links_to_target":""},"_links":{"self":[{"href":"http:\/\/www1.up.poznan.pl\/agrifoodlogistics\/en\/wp-json\/wp\/v2\/pages\/133"}],"collection":[{"href":"http:\/\/www1.up.poznan.pl\/agrifoodlogistics\/en\/wp-json\/wp\/v2\/pages"}],"about":[{"href":"http:\/\/www1.up.poznan.pl\/agrifoodlogistics\/en\/wp-json\/wp\/v2\/types\/page"}],"author":[{"embeddable":true,"href":"http:\/\/www1.up.poznan.pl\/agrifoodlogistics\/en\/wp-json\/wp\/v2\/users\/1"}],"replies":[{"embeddable":true,"href":"http:\/\/www1.up.poznan.pl\/agrifoodlogistics\/en\/wp-json\/wp\/v2\/comments?post=133"}],"version-history":[{"count":3,"href":"http:\/\/www1.up.poznan.pl\/agrifoodlogistics\/en\/wp-json\/wp\/v2\/pages\/133\/revisions"}],"predecessor-version":[{"id":1116,"href":"http:\/\/www1.up.poznan.pl\/agrifoodlogistics\/en\/wp-json\/wp\/v2\/pages\/133\/revisions\/1116"}],"up":[{"embeddable":true,"href":"http:\/\/www1.up.poznan.pl\/agrifoodlogistics\/en\/wp-json\/wp\/v2\/pages\/23"}],"wp:attachment":[{"href":"http:\/\/www1.up.poznan.pl\/agrifoodlogistics\/en\/wp-json\/wp\/v2\/media?parent=133"}],"curies":[{"name":"wp","href":"https:\/\/api.w.org\/{rel}","templated":true}]}}