{"id":129,"date":"2018-09-22T10:45:33","date_gmt":"2018-09-22T08:45:33","guid":{"rendered":"http:\/\/www1.up.poznan.pl\/agrifoodlogistics?page_id=129"},"modified":"2020-09-09T09:15:41","modified_gmt":"2020-09-09T08:15:41","slug":"konferencja-2017","status":"publish","type":"page","link":"http:\/\/www1.up.poznan.pl\/agrifoodlogistics\/en\/archiwum\/historia-i-przyszlosc\/konferencja-2017\/","title":{"rendered":"IFAL 2017"},"content":{"rendered":"<h2><a href=\"http:\/\/www1.up.poznan.pl\/agrifoodlogistics\/wp-content\/uploads\/2019\/06\/IFAL-2017-Logistics-Facing-Challenges-of-Food-Security-and-Environmental-Protection.pdf\">IFAL 2017 &#8211; Logistics Facing Challenges of Food Security and Environmental Protection (.pdf)<\/a><\/h2>\n<p><a href=\"http:\/\/www1.up.poznan.pl\/agrifoodlogistics\/wp-content\/uploads\/2019\/06\/2nd-International-Forum-on-Agri-Food-Logistics_detail-programme.pdf\" target=\"_blank\" rel=\"noopener\">2nd International Forum on Agri-Food Logistics &#8211; detail programme (.pdf)<\/a><\/p>\n<p><a href=\"http:\/\/www1.up.poznan.pl\/agrifoodlogistics\/wp-content\/uploads\/2019\/06\/Robert-van-Otterdijk_Recovery-and-redistribution-of-safe....pdf\" target=\"_blank\" rel=\"noopener\">Robert van Otterdijk &#8211; Recovery and redistribution of safe and nutritious food for human consumption (.pdf)<\/a><\/p>\n<p>The 2nd International Forum of Logistics in the Food Economy took place on\n22-23 June 2017 together with the 3rd Scientific Conference of AGROLOGISTICS<\/p>\n<p>The main theme of the 2 nd Forum was: \"Logistics in the face of the challenges of\nfood safety and environmental protection\"<br \/>\nThe major issues were:<\/p>\n<ul>\n<li>Loss and waste of food in the agri-food sector,<\/li>\n<li>Traceability in supply chains,<\/li>\n<li>Balanced food supply chains,<\/li>\n<li>Technology and technology and food safety,<\/li>\n<li>Problems, challenges and trends in food supply chains.<\/li>\n<\/ul>\n\n\t\t<style type=\"text\/css\">\n\t\t\t#gallery-1 {\n\t\t\t\tmargin: auto;\n\t\t\t}\n\t\t\t#gallery-1 .gallery-item {\n\t\t\t\tfloat: left;\n\t\t\t\tmargin-top: 10px;\n\t\t\t\ttext-align: center;\n\t\t\t\twidth: 50%;\n\t\t\t}\n\t\t\t#gallery-1 img {\n\t\t\t\tborder: 2px solid #cfcfcf;\n\t\t\t}\n\t\t\t#gallery-1 .gallery-caption {\n\t\t\t\tmargin-left: 0;\n\t\t\t}\n\t\t\t\/* see gallery_shortcode() in wp-includes\/media.php *\/\n\t\t<\/style>\n\t\t<div id='gallery-1' class='gallery galleryid-129 gallery-columns-2 gallery-size-large'><dl class='gallery-item'>\n\t\t\t<dt class='gallery-icon landscape'>\n\t\t\t\t<a href='http:\/\/www1.up.poznan.pl\/agrifoodlogistics\/wp-content\/uploads\/2019\/05\/Rejestracja-agrologistyka-2017.jpg'><img width=\"625\" height=\"469\" src=\"http:\/\/www1.up.poznan.pl\/agrifoodlogistics\/wp-content\/uploads\/2019\/05\/Rejestracja-agrologistyka-2017.jpg\" class=\"attachment-large size-large\" alt=\"\" loading=\"lazy\" srcset=\"http:\/\/www1.up.poznan.pl\/agrifoodlogistics\/wp-content\/uploads\/2019\/05\/Rejestracja-agrologistyka-2017.jpg 983w, http:\/\/www1.up.poznan.pl\/agrifoodlogistics\/wp-content\/uploads\/2019\/05\/Rejestracja-agrologistyka-2017-300x225.jpg 300w, http:\/\/www1.up.poznan.pl\/agrifoodlogistics\/wp-content\/uploads\/2019\/05\/Rejestracja-agrologistyka-2017-768x576.jpg 768w, http:\/\/www1.up.poznan.pl\/agrifoodlogistics\/wp-content\/uploads\/2019\/05\/Rejestracja-agrologistyka-2017-624x468.jpg 624w\" sizes=\"(max-width: 625px) 100vw, 625px\" \/><\/a>\n\t\t\t<\/dt><\/dl><dl class='gallery-item'>\n\t\t\t<dt class='gallery-icon landscape'>\n\t\t\t\t<a href='http:\/\/www1.up.poznan.pl\/agrifoodlogistics\/wp-content\/uploads\/2019\/05\/Wystapienie-prof-Pawlak-Agrologistyka.jpg'><img width=\"625\" height=\"469\" src=\"http:\/\/www1.up.poznan.pl\/agrifoodlogistics\/wp-content\/uploads\/2019\/05\/Wystapienie-prof-Pawlak-Agrologistyka.jpg\" class=\"attachment-large size-large\" alt=\"\" loading=\"lazy\" srcset=\"http:\/\/www1.up.poznan.pl\/agrifoodlogistics\/wp-content\/uploads\/2019\/05\/Wystapienie-prof-Pawlak-Agrologistyka.jpg 983w, http:\/\/www1.up.poznan.pl\/agrifoodlogistics\/wp-content\/uploads\/2019\/05\/Wystapienie-prof-Pawlak-Agrologistyka-300x225.jpg 300w, http:\/\/www1.up.poznan.pl\/agrifoodlogistics\/wp-content\/uploads\/2019\/05\/Wystapienie-prof-Pawlak-Agrologistyka-768x576.jpg 768w, http:\/\/www1.up.poznan.pl\/agrifoodlogistics\/wp-content\/uploads\/2019\/05\/Wystapienie-prof-Pawlak-Agrologistyka-624x468.jpg 624w\" sizes=\"(max-width: 625px) 100vw, 625px\" \/><\/a>\n\t\t\t<\/dt><\/dl><br style=\"clear: both\" \/><dl class='gallery-item'>\n\t\t\t<dt class='gallery-icon landscape'>\n\t\t\t\t<a href='http:\/\/www1.up.poznan.pl\/agrifoodlogistics\/wp-content\/uploads\/2019\/05\/Karol-Wajszczuk-Agrologistyka.jpg'><img width=\"625\" height=\"469\" src=\"http:\/\/www1.up.poznan.pl\/agrifoodlogistics\/wp-content\/uploads\/2019\/05\/Karol-Wajszczuk-Agrologistyka.jpg\" class=\"attachment-large size-large\" alt=\"\" loading=\"lazy\" srcset=\"http:\/\/www1.up.poznan.pl\/agrifoodlogistics\/wp-content\/uploads\/2019\/05\/Karol-Wajszczuk-Agrologistyka.jpg 983w, http:\/\/www1.up.poznan.pl\/agrifoodlogistics\/wp-content\/uploads\/2019\/05\/Karol-Wajszczuk-Agrologistyka-300x225.jpg 300w, http:\/\/www1.up.poznan.pl\/agrifoodlogistics\/wp-content\/uploads\/2019\/05\/Karol-Wajszczuk-Agrologistyka-768x576.jpg 768w, http:\/\/www1.up.poznan.pl\/agrifoodlogistics\/wp-content\/uploads\/2019\/05\/Karol-Wajszczuk-Agrologistyka-624x468.jpg 624w\" sizes=\"(max-width: 625px) 100vw, 625px\" \/><\/a>\n\t\t\t<\/dt><\/dl><dl class='gallery-item'>\n\t\t\t<dt class='gallery-icon landscape'>\n\t\t\t\t<a href='http:\/\/www1.up.poznan.pl\/agrifoodlogistics\/wp-content\/uploads\/2019\/05\/Agri_2017_dyskusja_2.jpg'><img width=\"625\" height=\"469\" src=\"http:\/\/www1.up.poznan.pl\/agrifoodlogistics\/wp-content\/uploads\/2019\/05\/Agri_2017_dyskusja_2-1024x768.jpg\" class=\"attachment-large size-large\" alt=\"\" loading=\"lazy\" srcset=\"http:\/\/www1.up.poznan.pl\/agrifoodlogistics\/wp-content\/uploads\/2019\/05\/Agri_2017_dyskusja_2-1024x768.jpg 1024w, http:\/\/www1.up.poznan.pl\/agrifoodlogistics\/wp-content\/uploads\/2019\/05\/Agri_2017_dyskusja_2-300x225.jpg 300w, http:\/\/www1.up.poznan.pl\/agrifoodlogistics\/wp-content\/uploads\/2019\/05\/Agri_2017_dyskusja_2-768x576.jpg 768w, http:\/\/www1.up.poznan.pl\/agrifoodlogistics\/wp-content\/uploads\/2019\/05\/Agri_2017_dyskusja_2-624x468.jpg 624w, http:\/\/www1.up.poznan.pl\/agrifoodlogistics\/wp-content\/uploads\/2019\/05\/Agri_2017_dyskusja_2-1320x990.jpg 1320w\" sizes=\"(max-width: 625px) 100vw, 625px\" \/><\/a>\n\t\t\t<\/dt><\/dl><br style=\"clear: both\" \/><dl class='gallery-item'>\n\t\t\t<dt class='gallery-icon landscape'>\n\t\t\t\t<a href='http:\/\/www1.up.poznan.pl\/agrifoodlogistics\/wp-content\/uploads\/2019\/05\/Agri_2017_dyskusja_3.jpg'><img width=\"625\" height=\"469\" src=\"http:\/\/www1.up.poznan.pl\/agrifoodlogistics\/wp-content\/uploads\/2019\/05\/Agri_2017_dyskusja_3-1024x768.jpg\" class=\"attachment-large size-large\" alt=\"\" loading=\"lazy\" srcset=\"http:\/\/www1.up.poznan.pl\/agrifoodlogistics\/wp-content\/uploads\/2019\/05\/Agri_2017_dyskusja_3-1024x768.jpg 1024w, http:\/\/www1.up.poznan.pl\/agrifoodlogistics\/wp-content\/uploads\/2019\/05\/Agri_2017_dyskusja_3-300x225.jpg 300w, http:\/\/www1.up.poznan.pl\/agrifoodlogistics\/wp-content\/uploads\/2019\/05\/Agri_2017_dyskusja_3-768x576.jpg 768w, http:\/\/www1.up.poznan.pl\/agrifoodlogistics\/wp-content\/uploads\/2019\/05\/Agri_2017_dyskusja_3-624x468.jpg 624w, http:\/\/www1.up.poznan.pl\/agrifoodlogistics\/wp-content\/uploads\/2019\/05\/Agri_2017_dyskusja_3-1320x990.jpg 1320w\" sizes=\"(max-width: 625px) 100vw, 625px\" \/><\/a>\n\t\t\t<\/dt><\/dl><dl class='gallery-item'>\n\t\t\t<dt class='gallery-icon landscape'>\n\t\t\t\t<a href='http:\/\/www1.up.poznan.pl\/agrifoodlogistics\/wp-content\/uploads\/2019\/05\/Agri_2017_dyskusja.jpg'><img width=\"625\" height=\"469\" src=\"http:\/\/www1.up.poznan.pl\/agrifoodlogistics\/wp-content\/uploads\/2019\/05\/Agri_2017_dyskusja-1024x768.jpg\" class=\"attachment-large size-large\" alt=\"\" loading=\"lazy\" srcset=\"http:\/\/www1.up.poznan.pl\/agrifoodlogistics\/wp-content\/uploads\/2019\/05\/Agri_2017_dyskusja-1024x768.jpg 1024w, http:\/\/www1.up.poznan.pl\/agrifoodlogistics\/wp-content\/uploads\/2019\/05\/Agri_2017_dyskusja-300x225.jpg 300w, http:\/\/www1.up.poznan.pl\/agrifoodlogistics\/wp-content\/uploads\/2019\/05\/Agri_2017_dyskusja-768x576.jpg 768w, http:\/\/www1.up.poznan.pl\/agrifoodlogistics\/wp-content\/uploads\/2019\/05\/Agri_2017_dyskusja-624x468.jpg 624w, http:\/\/www1.up.poznan.pl\/agrifoodlogistics\/wp-content\/uploads\/2019\/05\/Agri_2017_dyskusja-1320x990.jpg 1320w\" sizes=\"(max-width: 625px) 100vw, 625px\" \/><\/a>\n\t\t\t<\/dt><\/dl><br style=\"clear: both\" \/><dl class='gallery-item'>\n\t\t\t<dt class='gallery-icon portrait'>\n\t\t\t\t<a href='http:\/\/www1.up.poznan.pl\/agrifoodlogistics\/wp-content\/uploads\/2019\/05\/Agri_2017_g\u0142.-prel.1.jpg'><img width=\"625\" height=\"833\" src=\"http:\/\/www1.up.poznan.pl\/agrifoodlogistics\/wp-content\/uploads\/2019\/05\/Agri_2017_g\u0142.-prel.1-768x1024.jpg\" class=\"attachment-large size-large\" alt=\"\" loading=\"lazy\" srcset=\"http:\/\/www1.up.poznan.pl\/agrifoodlogistics\/wp-content\/uploads\/2019\/05\/Agri_2017_g\u0142.-prel.1-768x1024.jpg 768w, http:\/\/www1.up.poznan.pl\/agrifoodlogistics\/wp-content\/uploads\/2019\/05\/Agri_2017_g\u0142.-prel.1-225x300.jpg 225w, http:\/\/www1.up.poznan.pl\/agrifoodlogistics\/wp-content\/uploads\/2019\/05\/Agri_2017_g\u0142.-prel.1-624x832.jpg 624w, http:\/\/www1.up.poznan.pl\/agrifoodlogistics\/wp-content\/uploads\/2019\/05\/Agri_2017_g\u0142.-prel.1-1320x1760.jpg 1320w\" sizes=\"(max-width: 625px) 100vw, 625px\" \/><\/a>\n\t\t\t<\/dt><\/dl><dl class='gallery-item'>\n\t\t\t<dt class='gallery-icon portrait'>\n\t\t\t\t<a href='http:\/\/www1.up.poznan.pl\/agrifoodlogistics\/wp-content\/uploads\/2019\/05\/Agri_2017_g\u0142o\u0301wni-prelegenci.jpg'><img width=\"625\" height=\"833\" src=\"http:\/\/www1.up.poznan.pl\/agrifoodlogistics\/wp-content\/uploads\/2019\/05\/Agri_2017_g\u0142o\u0301wni-prelegenci-768x1024.jpg\" class=\"attachment-large size-large\" alt=\"\" loading=\"lazy\" srcset=\"http:\/\/www1.up.poznan.pl\/agrifoodlogistics\/wp-content\/uploads\/2019\/05\/Agri_2017_g\u0142o\u0301wni-prelegenci-768x1024.jpg 768w, http:\/\/www1.up.poznan.pl\/agrifoodlogistics\/wp-content\/uploads\/2019\/05\/Agri_2017_g\u0142o\u0301wni-prelegenci-225x300.jpg 225w, http:\/\/www1.up.poznan.pl\/agrifoodlogistics\/wp-content\/uploads\/2019\/05\/Agri_2017_g\u0142o\u0301wni-prelegenci-624x832.jpg 624w, http:\/\/www1.up.poznan.pl\/agrifoodlogistics\/wp-content\/uploads\/2019\/05\/Agri_2017_g\u0142o\u0301wni-prelegenci-1320x1760.jpg 1320w\" sizes=\"(max-width: 625px) 100vw, 625px\" \/><\/a>\n\t\t\t<\/dt><\/dl><br style=\"clear: both\" \/><dl class='gallery-item'>\n\t\t\t<dt class='gallery-icon landscape'>\n\t\t\t\t<a href='http:\/\/www1.up.poznan.pl\/agrifoodlogistics\/wp-content\/uploads\/2019\/05\/Agri_2017_grupa.jpg'><img width=\"625\" height=\"469\" src=\"http:\/\/www1.up.poznan.pl\/agrifoodlogistics\/wp-content\/uploads\/2019\/05\/Agri_2017_grupa-1024x768.jpg\" class=\"attachment-large size-large\" alt=\"\" loading=\"lazy\" srcset=\"http:\/\/www1.up.poznan.pl\/agrifoodlogistics\/wp-content\/uploads\/2019\/05\/Agri_2017_grupa-1024x768.jpg 1024w, http:\/\/www1.up.poznan.pl\/agrifoodlogistics\/wp-content\/uploads\/2019\/05\/Agri_2017_grupa-300x225.jpg 300w, http:\/\/www1.up.poznan.pl\/agrifoodlogistics\/wp-content\/uploads\/2019\/05\/Agri_2017_grupa-768x576.jpg 768w, http:\/\/www1.up.poznan.pl\/agrifoodlogistics\/wp-content\/uploads\/2019\/05\/Agri_2017_grupa-624x468.jpg 624w, http:\/\/www1.up.poznan.pl\/agrifoodlogistics\/wp-content\/uploads\/2019\/05\/Agri_2017_grupa-1320x990.jpg 1320w\" sizes=\"(max-width: 625px) 100vw, 625px\" \/><\/a>\n\t\t\t<\/dt><\/dl><dl class='gallery-item'>\n\t\t\t<dt class='gallery-icon landscape'>\n\t\t\t\t<a href='http:\/\/www1.up.poznan.pl\/agrifoodlogistics\/wp-content\/uploads\/2019\/05\/Agri_2017_KW.jpg'><img width=\"625\" height=\"469\" src=\"http:\/\/www1.up.poznan.pl\/agrifoodlogistics\/wp-content\/uploads\/2019\/05\/Agri_2017_KW-1024x768.jpg\" class=\"attachment-large size-large\" alt=\"\" loading=\"lazy\" srcset=\"http:\/\/www1.up.poznan.pl\/agrifoodlogistics\/wp-content\/uploads\/2019\/05\/Agri_2017_KW-1024x768.jpg 1024w, http:\/\/www1.up.poznan.pl\/agrifoodlogistics\/wp-content\/uploads\/2019\/05\/Agri_2017_KW-300x225.jpg 300w, http:\/\/www1.up.poznan.pl\/agrifoodlogistics\/wp-content\/uploads\/2019\/05\/Agri_2017_KW-768x576.jpg 768w, http:\/\/www1.up.poznan.pl\/agrifoodlogistics\/wp-content\/uploads\/2019\/05\/Agri_2017_KW-624x468.jpg 624w, http:\/\/www1.up.poznan.pl\/agrifoodlogistics\/wp-content\/uploads\/2019\/05\/Agri_2017_KW-1320x990.jpg 1320w\" sizes=\"(max-width: 625px) 100vw, 625px\" \/><\/a>\n\t\t\t<\/dt><\/dl><br style=\"clear: both\" \/><dl class='gallery-item'>\n\t\t\t<dt class='gallery-icon portrait'>\n\t\t\t\t<a href='http:\/\/www1.up.poznan.pl\/agrifoodlogistics\/wp-content\/uploads\/2019\/05\/Agri_2017_podzie\u0328kowania.jpg'><img width=\"625\" height=\"833\" src=\"http:\/\/www1.up.poznan.pl\/agrifoodlogistics\/wp-content\/uploads\/2019\/05\/Agri_2017_podzie\u0328kowania-768x1024.jpg\" class=\"attachment-large size-large\" alt=\"\" loading=\"lazy\" srcset=\"http:\/\/www1.up.poznan.pl\/agrifoodlogistics\/wp-content\/uploads\/2019\/05\/Agri_2017_podzie\u0328kowania-768x1024.jpg 768w, http:\/\/www1.up.poznan.pl\/agrifoodlogistics\/wp-content\/uploads\/2019\/05\/Agri_2017_podzie\u0328kowania-225x300.jpg 225w, http:\/\/www1.up.poznan.pl\/agrifoodlogistics\/wp-content\/uploads\/2019\/05\/Agri_2017_podzie\u0328kowania-624x832.jpg 624w, http:\/\/www1.up.poznan.pl\/agrifoodlogistics\/wp-content\/uploads\/2019\/05\/Agri_2017_podzie\u0328kowania-1320x1760.jpg 1320w\" sizes=\"(max-width: 625px) 100vw, 625px\" \/><\/a>\n\t\t\t<\/dt><\/dl><dl class='gallery-item'>\n\t\t\t<dt class='gallery-icon landscape'>\n\t\t\t\t<a href='http:\/\/www1.up.poznan.pl\/agrifoodlogistics\/wp-content\/uploads\/2019\/05\/Agri_2017_sesja-plen.jpg'><img width=\"625\" height=\"469\" src=\"http:\/\/www1.up.poznan.pl\/agrifoodlogistics\/wp-content\/uploads\/2019\/05\/Agri_2017_sesja-plen-1024x768.jpg\" class=\"attachment-large size-large\" alt=\"\" loading=\"lazy\" srcset=\"http:\/\/www1.up.poznan.pl\/agrifoodlogistics\/wp-content\/uploads\/2019\/05\/Agri_2017_sesja-plen-1024x768.jpg 1024w, http:\/\/www1.up.poznan.pl\/agrifoodlogistics\/wp-content\/uploads\/2019\/05\/Agri_2017_sesja-plen-300x225.jpg 300w, http:\/\/www1.up.poznan.pl\/agrifoodlogistics\/wp-content\/uploads\/2019\/05\/Agri_2017_sesja-plen-768x576.jpg 768w, http:\/\/www1.up.poznan.pl\/agrifoodlogistics\/wp-content\/uploads\/2019\/05\/Agri_2017_sesja-plen-624x468.jpg 624w, http:\/\/www1.up.poznan.pl\/agrifoodlogistics\/wp-content\/uploads\/2019\/05\/Agri_2017_sesja-plen-1320x990.jpg 1320w\" sizes=\"(max-width: 625px) 100vw, 625px\" \/><\/a>\n\t\t\t<\/dt><\/dl><br style=\"clear: both\" \/><dl class='gallery-item'>\n\t\t\t<dt class='gallery-icon landscape'>\n\t\t\t\t<a href='http:\/\/www1.up.poznan.pl\/agrifoodlogistics\/wp-content\/uploads\/2019\/05\/Agri_2017_sesja-plenarna.jpg'><img width=\"625\" height=\"469\" src=\"http:\/\/www1.up.poznan.pl\/agrifoodlogistics\/wp-content\/uploads\/2019\/05\/Agri_2017_sesja-plenarna-1024x768.jpg\" class=\"attachment-large size-large\" alt=\"\" loading=\"lazy\" srcset=\"http:\/\/www1.up.poznan.pl\/agrifoodlogistics\/wp-content\/uploads\/2019\/05\/Agri_2017_sesja-plenarna-1024x768.jpg 1024w, http:\/\/www1.up.poznan.pl\/agrifoodlogistics\/wp-content\/uploads\/2019\/05\/Agri_2017_sesja-plenarna-300x225.jpg 300w, http:\/\/www1.up.poznan.pl\/agrifoodlogistics\/wp-content\/uploads\/2019\/05\/Agri_2017_sesja-plenarna-768x576.jpg 768w, http:\/\/www1.up.poznan.pl\/agrifoodlogistics\/wp-content\/uploads\/2019\/05\/Agri_2017_sesja-plenarna-624x468.jpg 624w, http:\/\/www1.up.poznan.pl\/agrifoodlogistics\/wp-content\/uploads\/2019\/05\/Agri_2017_sesja-plenarna-1320x990.jpg 1320w\" sizes=\"(max-width: 625px) 100vw, 625px\" \/><\/a>\n\t\t\t<\/dt><\/dl><dl class='gallery-item'>\n\t\t\t<dt class='gallery-icon landscape'>\n\t\t\t\t<a href='http:\/\/www1.up.poznan.pl\/agrifoodlogistics\/wp-content\/uploads\/2019\/05\/Agri_2017_sesja-posterowa.jpg'><img width=\"625\" height=\"469\" src=\"http:\/\/www1.up.poznan.pl\/agrifoodlogistics\/wp-content\/uploads\/2019\/05\/Agri_2017_sesja-posterowa-1024x768.jpg\" class=\"attachment-large size-large\" alt=\"\" loading=\"lazy\" srcset=\"http:\/\/www1.up.poznan.pl\/agrifoodlogistics\/wp-content\/uploads\/2019\/05\/Agri_2017_sesja-posterowa-1024x768.jpg 1024w, http:\/\/www1.up.poznan.pl\/agrifoodlogistics\/wp-content\/uploads\/2019\/05\/Agri_2017_sesja-posterowa-300x225.jpg 300w, http:\/\/www1.up.poznan.pl\/agrifoodlogistics\/wp-content\/uploads\/2019\/05\/Agri_2017_sesja-posterowa-768x576.jpg 768w, http:\/\/www1.up.poznan.pl\/agrifoodlogistics\/wp-content\/uploads\/2019\/05\/Agri_2017_sesja-posterowa-624x468.jpg 624w, http:\/\/www1.up.poznan.pl\/agrifoodlogistics\/wp-content\/uploads\/2019\/05\/Agri_2017_sesja-posterowa-1320x990.jpg 1320w\" sizes=\"(max-width: 625px) 100vw, 625px\" \/><\/a>\n\t\t\t<\/dt><\/dl><br style=\"clear: both\" \/><dl class='gallery-item'>\n\t\t\t<dt class='gallery-icon landscape'>\n\t\t\t\t<a href='http:\/\/www1.up.poznan.pl\/agrifoodlogistics\/wp-content\/uploads\/2019\/05\/Agri_2017_sesja-temat_1..jpg'><img width=\"625\" height=\"469\" src=\"http:\/\/www1.up.poznan.pl\/agrifoodlogistics\/wp-content\/uploads\/2019\/05\/Agri_2017_sesja-temat_1.-1024x768.jpg\" class=\"attachment-large size-large\" alt=\"\" loading=\"lazy\" srcset=\"http:\/\/www1.up.poznan.pl\/agrifoodlogistics\/wp-content\/uploads\/2019\/05\/Agri_2017_sesja-temat_1.-1024x768.jpg 1024w, http:\/\/www1.up.poznan.pl\/agrifoodlogistics\/wp-content\/uploads\/2019\/05\/Agri_2017_sesja-temat_1.-300x225.jpg 300w, http:\/\/www1.up.poznan.pl\/agrifoodlogistics\/wp-content\/uploads\/2019\/05\/Agri_2017_sesja-temat_1.-768x576.jpg 768w, http:\/\/www1.up.poznan.pl\/agrifoodlogistics\/wp-content\/uploads\/2019\/05\/Agri_2017_sesja-temat_1.-624x468.jpg 624w, http:\/\/www1.up.poznan.pl\/agrifoodlogistics\/wp-content\/uploads\/2019\/05\/Agri_2017_sesja-temat_1.-1320x990.jpg 1320w\" sizes=\"(max-width: 625px) 100vw, 625px\" \/><\/a>\n\t\t\t<\/dt><\/dl><dl class='gallery-item'>\n\t\t\t<dt class='gallery-icon landscape'>\n\t\t\t\t<a href='http:\/\/www1.up.poznan.pl\/agrifoodlogistics\/wp-content\/uploads\/2019\/05\/Agri_2017_sesja-temat..jpg'><img width=\"625\" height=\"469\" src=\"http:\/\/www1.up.poznan.pl\/agrifoodlogistics\/wp-content\/uploads\/2019\/05\/Agri_2017_sesja-temat.-1024x768.jpg\" class=\"attachment-large size-large\" alt=\"\" loading=\"lazy\" srcset=\"http:\/\/www1.up.poznan.pl\/agrifoodlogistics\/wp-content\/uploads\/2019\/05\/Agri_2017_sesja-temat.-1024x768.jpg 1024w, http:\/\/www1.up.poznan.pl\/agrifoodlogistics\/wp-content\/uploads\/2019\/05\/Agri_2017_sesja-temat.-300x225.jpg 300w, http:\/\/www1.up.poznan.pl\/agrifoodlogistics\/wp-content\/uploads\/2019\/05\/Agri_2017_sesja-temat.-768x576.jpg 768w, http:\/\/www1.up.poznan.pl\/agrifoodlogistics\/wp-content\/uploads\/2019\/05\/Agri_2017_sesja-temat.-624x468.jpg 624w, http:\/\/www1.up.poznan.pl\/agrifoodlogistics\/wp-content\/uploads\/2019\/05\/Agri_2017_sesja-temat.-1320x990.jpg 1320w\" sizes=\"(max-width: 625px) 100vw, 625px\" \/><\/a>\n\t\t\t<\/dt><\/dl><br style=\"clear: both\" \/>\n\t\t<\/div>\n\n<p>&nbsp;<\/p>","protected":false},"excerpt":{"rendered":"<p>IFAL 2017 &#8211; Logistics Facing Challenges of Food Security and Environmental Protection (.pdf) 2nd International Forum on Agri-Food Logistics &#8211; detail programme (.pdf) Robert van Otterdijk &#8211; Recovery and redistribution of safe and nutritious food for human consumption (.pdf) W dniach 22-23 czerwca 2017 odby\u0142o si\u0119 II Mi\u0119dzynarodowe Forum Logistyki w Gospodarce \u017bywno\u015bciowej &#8211; 2nd [&hellip;]<\/p>","protected":false},"author":1,"featured_media":0,"parent":23,"menu_order":2,"comment_status":"closed","ping_status":"closed","template":"","meta":{"_links_to":"","_links_to_target":""},"_links":{"self":[{"href":"http:\/\/www1.up.poznan.pl\/agrifoodlogistics\/en\/wp-json\/wp\/v2\/pages\/129"}],"collection":[{"href":"http:\/\/www1.up.poznan.pl\/agrifoodlogistics\/en\/wp-json\/wp\/v2\/pages"}],"about":[{"href":"http:\/\/www1.up.poznan.pl\/agrifoodlogistics\/en\/wp-json\/wp\/v2\/types\/page"}],"author":[{"embeddable":true,"href":"http:\/\/www1.up.poznan.pl\/agrifoodlogistics\/en\/wp-json\/wp\/v2\/users\/1"}],"replies":[{"embeddable":true,"href":"http:\/\/www1.up.poznan.pl\/agrifoodlogistics\/en\/wp-json\/wp\/v2\/comments?post=129"}],"version-history":[{"count":11,"href":"http:\/\/www1.up.poznan.pl\/agrifoodlogistics\/en\/wp-json\/wp\/v2\/pages\/129\/revisions"}],"predecessor-version":[{"id":1118,"href":"http:\/\/www1.up.poznan.pl\/agrifoodlogistics\/en\/wp-json\/wp\/v2\/pages\/129\/revisions\/1118"}],"up":[{"embeddable":true,"href":"http:\/\/www1.up.poznan.pl\/agrifoodlogistics\/en\/wp-json\/wp\/v2\/pages\/23"}],"wp:attachment":[{"href":"http:\/\/www1.up.poznan.pl\/agrifoodlogistics\/en\/wp-json\/wp\/v2\/media?parent=129"}],"curies":[{"name":"wp","href":"https:\/\/api.w.org\/{rel}","templated":true}]}}