{"id":121,"date":"2018-09-22T10:44:31","date_gmt":"2018-09-22T08:44:31","guid":{"rendered":"http:\/\/www1.up.poznan.pl\/agrifoodlogistics?page_id=121"},"modified":"2021-05-14T11:00:35","modified_gmt":"2021-05-14T10:00:35","slug":"patronaty-honorowe","status":"publish","type":"page","link":"http:\/\/www1.up.poznan.pl\/agrifoodlogistics\/en\/sponsorzy-i-media\/patronaty-honorowe\/","title":{"rendered":"Patronage of Honour"},"content":{"rendered":"<div class=\"wp-block-image\"><figure class=\"aligncenter size-medium is-resized\"><img loading=\"lazy\" src=\"http:\/\/www1.up.poznan.pl\/agrifoodlogistics\/wp-content\/uploads\/2021\/02\/logo_up_kolor-300x163.jpg\" alt=\"JM Rektor\" class=\"wp-image-1431\" width=\"300\" height=\"163\" srcset=\"http:\/\/www1.up.poznan.pl\/agrifoodlogistics\/wp-content\/uploads\/2021\/02\/logo_up_kolor-300x163.jpg 300w, http:\/\/www1.up.poznan.pl\/agrifoodlogistics\/wp-content\/uploads\/2021\/02\/logo_up_kolor-1024x555.jpg 1024w, http:\/\/www1.up.poznan.pl\/agrifoodlogistics\/wp-content\/uploads\/2021\/02\/logo_up_kolor-768x416.jpg 768w, http:\/\/www1.up.poznan.pl\/agrifoodlogistics\/wp-content\/uploads\/2021\/02\/logo_up_kolor-1536x833.jpg 1536w, http:\/\/www1.up.poznan.pl\/agrifoodlogistics\/wp-content\/uploads\/2021\/02\/logo_up_kolor-2048x1110.jpg 2048w, http:\/\/www1.up.poznan.pl\/agrifoodlogistics\/wp-content\/uploads\/2021\/02\/logo_up_kolor-16x9.jpg 16w, http:\/\/www1.up.poznan.pl\/agrifoodlogistics\/wp-content\/uploads\/2021\/02\/logo_up_kolor-624x338.jpg 624w, http:\/\/www1.up.poznan.pl\/agrifoodlogistics\/wp-content\/uploads\/2021\/02\/logo_up_kolor-1320x716.jpg 1320w\" sizes=\"(max-width: 300px) 100vw, 300px\" \/><figcaption>Honorary Patronage of the Rector of Pozna\u0144 University of Life Sciences<\/figcaption><\/figure><\/div>\n\n\n\n<div class=\"wp-block-columns\">\n<div class=\"wp-block-column\" style=\"flex-basis:100%\">\n<div class=\"wp-block-columns\">\n<div class=\"wp-block-column\">\n<div class=\"wp-block-image is-style-default\"><figure class=\"aligncenter size-medium\"><img loading=\"lazy\" width=\"300\" height=\"89\" src=\"http:\/\/www1.up.poznan.pl\/agrifoodlogistics\/img\/MRiRW-logo-EN.jpg\" alt=\"\" class=\"wp-image-1548\" srcset=\"\" sizes=\"(max-width: 300px) 100vw, 300px\" data-srcset=\"\" \/><figcaption>Ministerstwo Rolnictwa i Rozwoju Wsi<\/figcaption><\/figure><\/div>\n\n\n\n<div class=\"wp-block-columns\">\n<div class=\"wp-block-column\">\n<div id=\"https:\/\/rzecznikmsp.gov.pl\/\" class=\"wp-block-image\"><figure class=\"aligncenter size-medium\"><img loading=\"lazy\" width=\"300\" height=\"62\" src=\"http:\/\/www1.up.poznan.pl\/agrifoodlogistics\/wp-content\/uploads\/2021\/01\/biuro-rzecznika-msp-300x62.png\" alt=\"Biuro Rzecznika M\u015aP\" class=\"wp-image-1414\" srcset=\"http:\/\/www1.up.poznan.pl\/agrifoodlogistics\/wp-content\/uploads\/2021\/01\/biuro-rzecznika-msp-300x62.png 300w, http:\/\/www1.up.poznan.pl\/agrifoodlogistics\/wp-content\/uploads\/2021\/01\/biuro-rzecznika-msp-1024x211.png 1024w, http:\/\/www1.up.poznan.pl\/agrifoodlogistics\/wp-content\/uploads\/2021\/01\/biuro-rzecznika-msp-768x159.png 768w, http:\/\/www1.up.poznan.pl\/agrifoodlogistics\/wp-content\/uploads\/2021\/01\/biuro-rzecznika-msp-1536x317.png 1536w, http:\/\/www1.up.poznan.pl\/agrifoodlogistics\/wp-content\/uploads\/2021\/01\/biuro-rzecznika-msp-2048x423.png 2048w, http:\/\/www1.up.poznan.pl\/agrifoodlogistics\/wp-content\/uploads\/2021\/01\/biuro-rzecznika-msp-16x3.png 16w, http:\/\/www1.up.poznan.pl\/agrifoodlogistics\/wp-content\/uploads\/2021\/01\/biuro-rzecznika-msp-624x129.png 624w, http:\/\/www1.up.poznan.pl\/agrifoodlogistics\/wp-content\/uploads\/2021\/01\/biuro-rzecznika-msp-1320x272.png 1320w\" sizes=\"(max-width: 300px) 100vw, 300px\" \/><figcaption>Biuro Rzecznika M\u015aP<\/figcaption><\/figure><\/div>\n<\/div>\n\n\n\n<div class=\"wp-block-column\">\n<div id=\"https:\/\/www.umww.pl\/index.php?page=117&amp;ipp=20&amp;pobrano1=aktualnosci-marszalkowskie\" class=\"wp-block-image is-style-default\"><figure class=\"aligncenter size-medium\"><img loading=\"lazy\" width=\"300\" height=\"91\" src=\"http:\/\/www1.up.poznan.pl\/agrifoodlogistics\/wp-content\/uploads\/2021\/02\/marszalek-wojewodztwa-wielkopolskiego-300x91.jpg\" alt=\"\" class=\"wp-image-1441\" srcset=\"http:\/\/www1.up.poznan.pl\/agrifoodlogistics\/wp-content\/uploads\/2021\/02\/marszalek-wojewodztwa-wielkopolskiego-300x91.jpg 300w, http:\/\/www1.up.poznan.pl\/agrifoodlogistics\/wp-content\/uploads\/2021\/02\/marszalek-wojewodztwa-wielkopolskiego-1024x312.jpg 1024w, http:\/\/www1.up.poznan.pl\/agrifoodlogistics\/wp-content\/uploads\/2021\/02\/marszalek-wojewodztwa-wielkopolskiego-768x234.jpg 768w, http:\/\/www1.up.poznan.pl\/agrifoodlogistics\/wp-content\/uploads\/2021\/02\/marszalek-wojewodztwa-wielkopolskiego-16x5.jpg 16w, http:\/\/www1.up.poznan.pl\/agrifoodlogistics\/wp-content\/uploads\/2021\/02\/marszalek-wojewodztwa-wielkopolskiego-624x190.jpg 624w, http:\/\/www1.up.poznan.pl\/agrifoodlogistics\/wp-content\/uploads\/2021\/02\/marszalek-wojewodztwa-wielkopolskiego-1320x402.jpg 1320w, http:\/\/www1.up.poznan.pl\/agrifoodlogistics\/wp-content\/uploads\/2021\/02\/marszalek-wojewodztwa-wielkopolskiego.jpg 1438w\" sizes=\"(max-width: 300px) 100vw, 300px\" \/><figcaption>Marsza\u0142ek Wojew\u00f3dztwa Wielkopolskiego Marek Wo\u017aniak<\/figcaption><\/figure><\/div>\n<\/div>\n<\/div>\n<\/div>\n<\/div>\n<\/div>\n<\/div>\n\n\n\n<div class=\"wp-block-columns\">\n<div class=\"wp-block-column\">\n<div id=\"https:\/\/www.ptl.net.pl\/\" class=\"wp-block-image\"><figure class=\"aligncenter size-medium\"><img loading=\"lazy\" width=\"300\" height=\"151\" src=\"http:\/\/www1.up.poznan.pl\/agrifoodlogistics\/wp-content\/uploads\/2019\/01\/logo-PTL-300x151.gif\" alt=\"Polskie Towarzystwo Logistyczne\" class=\"wp-image-455\" srcset=\"http:\/\/www1.up.poznan.pl\/agrifoodlogistics\/wp-content\/uploads\/2019\/01\/logo-PTL-300x151.gif 300w, http:\/\/www1.up.poznan.pl\/agrifoodlogistics\/wp-content\/uploads\/2019\/01\/logo-PTL-624x314.gif 624w\" sizes=\"(max-width: 300px) 100vw, 300px\" \/><figcaption>Polskie Towarzystwo Logistyczne<\/figcaption><\/figure><\/div>\n<\/div>\n\n\n\n<div class=\"wp-block-column\">\n<div id=\"https:\/\/cscmp.org\/\" class=\"wp-block-image\"><figure class=\"aligncenter size-medium\"><img loading=\"lazy\" width=\"300\" height=\"108\" src=\"http:\/\/www1.up.poznan.pl\/agrifoodlogistics\/wp-content\/uploads\/2021\/01\/CSCMP-logo-300x108.jpg\" alt=\"CSCMP\" class=\"wp-image-1387\" srcset=\"http:\/\/www1.up.poznan.pl\/agrifoodlogistics\/wp-content\/uploads\/2021\/01\/CSCMP-logo-300x108.jpg 300w, http:\/\/www1.up.poznan.pl\/agrifoodlogistics\/wp-content\/uploads\/2021\/01\/CSCMP-logo-1024x368.jpg 1024w, http:\/\/www1.up.poznan.pl\/agrifoodlogistics\/wp-content\/uploads\/2021\/01\/CSCMP-logo-768x276.jpg 768w, http:\/\/www1.up.poznan.pl\/agrifoodlogistics\/wp-content\/uploads\/2021\/01\/CSCMP-logo-16x6.jpg 16w, http:\/\/www1.up.poznan.pl\/agrifoodlogistics\/wp-content\/uploads\/2021\/01\/CSCMP-logo-624x224.jpg 624w, http:\/\/www1.up.poznan.pl\/agrifoodlogistics\/wp-content\/uploads\/2021\/01\/CSCMP-logo.jpg 1229w\" sizes=\"(max-width: 300px) 100vw, 300px\" \/><figcaption>CSCMP<\/figcaption><\/figure><\/div>\n<\/div>\n\n\n\n<div class=\"wp-block-column\">\n<div id=\"https:\/\/www.cilt.pl\/\" class=\"wp-block-image is-style-default\"><figure class=\"aligncenter size-medium\"><a href=\"https:\/\/www.cilt.pl\/\" target=\"_blank\" rel=\"noopener\"><img loading=\"lazy\" width=\"300\" height=\"134\" src=\"http:\/\/www1.up.poznan.pl\/agrifoodlogistics\/wp-content\/uploads\/2021\/02\/cilt-logo-300x134.jpg\" alt=\"\" class=\"wp-image-1445\" srcset=\"http:\/\/www1.up.poznan.pl\/agrifoodlogistics\/wp-content\/uploads\/2021\/02\/cilt-logo-300x134.jpg 300w, http:\/\/www1.up.poznan.pl\/agrifoodlogistics\/wp-content\/uploads\/2021\/02\/cilt-logo-1024x457.jpg 1024w, http:\/\/www1.up.poznan.pl\/agrifoodlogistics\/wp-content\/uploads\/2021\/02\/cilt-logo-768x342.jpg 768w, http:\/\/www1.up.poznan.pl\/agrifoodlogistics\/wp-content\/uploads\/2021\/02\/cilt-logo-1536x685.jpg 1536w, http:\/\/www1.up.poznan.pl\/agrifoodlogistics\/wp-content\/uploads\/2021\/02\/cilt-logo-2048x913.jpg 2048w, http:\/\/www1.up.poznan.pl\/agrifoodlogistics\/wp-content\/uploads\/2021\/02\/cilt-logo-16x7.jpg 16w, http:\/\/www1.up.poznan.pl\/agrifoodlogistics\/wp-content\/uploads\/2021\/02\/cilt-logo-624x278.jpg 624w, http:\/\/www1.up.poznan.pl\/agrifoodlogistics\/wp-content\/uploads\/2021\/02\/cilt-logo-1320x589.jpg 1320w\" sizes=\"(max-width: 300px) 100vw, 300px\" \/><\/a><figcaption>CILT Polska<\/figcaption><\/figure><\/div>\n<\/div>\n<\/div>","protected":false},"excerpt":{"rendered":"","protected":false},"author":1,"featured_media":0,"parent":21,"menu_order":4,"comment_status":"closed","ping_status":"closed","template":"","meta":{"_links_to":"","_links_to_target":""},"_links":{"self":[{"href":"http:\/\/www1.up.poznan.pl\/agrifoodlogistics\/en\/wp-json\/wp\/v2\/pages\/121"}],"collection":[{"href":"http:\/\/www1.up.poznan.pl\/agrifoodlogistics\/en\/wp-json\/wp\/v2\/pages"}],"about":[{"href":"http:\/\/www1.up.poznan.pl\/agrifoodlogistics\/en\/wp-json\/wp\/v2\/types\/page"}],"author":[{"embeddable":true,"href":"http:\/\/www1.up.poznan.pl\/agrifoodlogistics\/en\/wp-json\/wp\/v2\/users\/1"}],"replies":[{"embeddable":true,"href":"http:\/\/www1.up.poznan.pl\/agrifoodlogistics\/en\/wp-json\/wp\/v2\/comments?post=121"}],"version-history":[{"count":53,"href":"http:\/\/www1.up.poznan.pl\/agrifoodlogistics\/en\/wp-json\/wp\/v2\/pages\/121\/revisions"}],"predecessor-version":[{"id":1615,"href":"http:\/\/www1.up.poznan.pl\/agrifoodlogistics\/en\/wp-json\/wp\/v2\/pages\/121\/revisions\/1615"}],"up":[{"embeddable":true,"href":"http:\/\/www1.up.poznan.pl\/agrifoodlogistics\/en\/wp-json\/wp\/v2\/pages\/21"}],"wp:attachment":[{"href":"http:\/\/www1.up.poznan.pl\/agrifoodlogistics\/en\/wp-json\/wp\/v2\/media?parent=121"}],"curies":[{"name":"wp","href":"https:\/\/api.w.org\/{rel}","templated":true}]}}