{"id":1114,"date":"2020-09-09T08:53:34","date_gmt":"2020-09-09T07:53:34","guid":{"rendered":"http:\/\/www1.up.poznan.pl\/agrifoodlogistics\/?page_id=1114"},"modified":"2020-10-28T20:46:02","modified_gmt":"2020-10-28T19:46:02","slug":"ifal-2019","status":"publish","type":"page","link":"http:\/\/www1.up.poznan.pl\/agrifoodlogistics\/en\/archiwum\/historia-i-przyszlosc\/ifal-2019\/","title":{"rendered":"IFAL 2019"},"content":{"rendered":"<p><strong>The 4th National Conference on Agri-Food Logistics<\/strong> and <strong>the 3rd International Forum on Agri-Food Logistics<\/strong> was held in Pozna\u0144 on June 26-28, 2019. Its motto was:<\/p>\n\n\n\n<p><br><em>Towards the Sustainability of Logistics in the Agri-Food Supply<\/em><br><\/p>\n\n\n\n<p>Topics:<\/p>\n\n\n\n<ol><li>Sustainable agri-food supply chains - goals and principles of functioning<\/li><li>Possibilities of reduction of CO2 and other harmful substances emissions in the AFSCs<\/li><li>Methods of measuring and assessing the sustainability of logistics in the AFSCs<\/li><li>Loss and waste of food in the agri-food sector<\/li><li>Traceability in agri-food supply chains<\/li><li>Intelligent packaging, including a modified atmosphere<\/li><li>Ways of storage and loss of product quality<\/li><li>Technique and technology in terms of food safety<\/li><li>Development of systems and quality standards in agri-food logistics<\/li><li>Development of information systems supporting management and security in the AFSCs<br>\u0141D\u017b<\/li><li>Risk management in the AFSCs - regional and global approach<\/li><li>Legal aspects of the functioning of AFSCs<\/li><li>Development of the CSR and LSR concepts for the AFSCs<\/li><li>Problems, challenges and trends in AFSCs<\/li><li>Other issues related to the functioning of the AFSCs<\/li><\/ol>\n\n\n\n<p><\/p>","protected":false},"excerpt":{"rendered":"<p>IV Og\u00f3lnopolska Konferencja AGROLOGISTYKA oraz III Mi\u0119dzynarodowe Forum Logistyki w Gospodarce \u017bywno\u015bciowe odby\u0142a si\u0119 w Poznaniu w dniach 26-28 czerwca. Jej has\u0142em przewodnim by\u0142o: W kierunku zr\u00f3wnowa\u017conego rozwoju logistyki w \u0142a\u0144cuchach dostawach produkt\u00f3w rolno-spo\u017cywczych G\u0142\u00f3wne obszary tematyczne obejmowa\u0142y: Zr\u00f3wnowa\u017cone \u0142a\u0144cuchy dostaw \u017cywno\u015bci \u2013 cele i zasady funkcjonowania Mo\u017cliwo\u015bci redukcji emisji CO2 i innych szkodliwych substancji [&hellip;]<\/p>","protected":false},"author":1,"featured_media":0,"parent":23,"menu_order":1,"comment_status":"closed","ping_status":"closed","template":"","meta":{"_links_to":"","_links_to_target":""},"_links":{"self":[{"href":"http:\/\/www1.up.poznan.pl\/agrifoodlogistics\/en\/wp-json\/wp\/v2\/pages\/1114"}],"collection":[{"href":"http:\/\/www1.up.poznan.pl\/agrifoodlogistics\/en\/wp-json\/wp\/v2\/pages"}],"about":[{"href":"http:\/\/www1.up.poznan.pl\/agrifoodlogistics\/en\/wp-json\/wp\/v2\/types\/page"}],"author":[{"embeddable":true,"href":"http:\/\/www1.up.poznan.pl\/agrifoodlogistics\/en\/wp-json\/wp\/v2\/users\/1"}],"replies":[{"embeddable":true,"href":"http:\/\/www1.up.poznan.pl\/agrifoodlogistics\/en\/wp-json\/wp\/v2\/comments?post=1114"}],"version-history":[{"count":4,"href":"http:\/\/www1.up.poznan.pl\/agrifoodlogistics\/en\/wp-json\/wp\/v2\/pages\/1114\/revisions"}],"predecessor-version":[{"id":1273,"href":"http:\/\/www1.up.poznan.pl\/agrifoodlogistics\/en\/wp-json\/wp\/v2\/pages\/1114\/revisions\/1273"}],"up":[{"embeddable":true,"href":"http:\/\/www1.up.poznan.pl\/agrifoodlogistics\/en\/wp-json\/wp\/v2\/pages\/23"}],"wp:attachment":[{"href":"http:\/\/www1.up.poznan.pl\/agrifoodlogistics\/en\/wp-json\/wp\/v2\/media?parent=1114"}],"curies":[{"name":"wp","href":"https:\/\/api.w.org\/{rel}","templated":true}]}}