{"id":105,"date":"2018-09-22T10:41:13","date_gmt":"2018-09-22T08:41:13","guid":{"rendered":"http:\/\/www1.up.poznan.pl\/agrifoodlogistics?page_id=105"},"modified":"2019-07-04T08:33:39","modified_gmt":"2019-07-04T07:33:39","slug":"informacja-o-poznaniu","status":"publish","type":"page","link":"http:\/\/www1.up.poznan.pl\/agrifoodlogistics\/en\/o-konferencji\/wazne-informacje\/lokalizacja-forum\/informacja-o-poznaniu\/","title":{"rendered":"Information about Pozna\u0144"},"content":{"rendered":"<p><span style=\"font-weight: 400;\">Pozna\u0144 is located at the bank of the Warta river in west-central Poland, at the heart\nof Wielkopolska (Greater Poland) region, surrounded by picturesque countryside of\nlakes and forests. The city population is about 570,000.<\/span><\/p>\n<div id=\"attachment_462\" style=\"width: 635px\" class=\"wp-caption aligncenter\"><img aria-describedby=\"caption-attachment-462\" loading=\"lazy\" class=\"size-large wp-image-462\" src=\"http:\/\/www1.up.poznan.pl\/agrifoodlogistics\/wp-content\/uploads\/2019\/01\/1006-1024x685.jpg\" alt=\"Pozna\u0144 - AGROLOGISTYKA\" width=\"625\" height=\"418\" srcset=\"http:\/\/www1.up.poznan.pl\/agrifoodlogistics\/wp-content\/uploads\/2019\/01\/1006-1024x685.jpg 1024w, http:\/\/www1.up.poznan.pl\/agrifoodlogistics\/wp-content\/uploads\/2019\/01\/1006-300x201.jpg 300w, http:\/\/www1.up.poznan.pl\/agrifoodlogistics\/wp-content\/uploads\/2019\/01\/1006-768x514.jpg 768w, http:\/\/www1.up.poznan.pl\/agrifoodlogistics\/wp-content\/uploads\/2019\/01\/1006-624x418.jpg 624w, http:\/\/www1.up.poznan.pl\/agrifoodlogistics\/wp-content\/uploads\/2019\/01\/1006-1320x884.jpg 1320w\" sizes=\"(max-width: 625px) 100vw, 625px\" \/><p id=\"caption-attachment-462\" class=\"wp-caption-text\">Pozna\u0144 &#8211; AGROLOGISTYKA<\/p><\/div>\n<p><span style=\"font-weight: 400;\">It is one of the oldest cities in Poland and it is the historical capital of the\nWielkopolska region. Currently Pozna\u0144 is the administrative capital of the province\ncalled Greater Poland Voivodeship. <\/span><\/p>\n<p><span style=\"font-weight: 400;\">Nowaydays, Pozna\u0144 is one of the largest Polish centers of trade, industry, sports,\neducation, technology, tourism and culture. It is particularly important academic\ncenter, with about 130,000 students and the third biggest Polish university - Adam\nMickiewicz University. <\/span><\/p>\n<p><span style=\"font-weight: 400;\">The city hosts regular international trade fairs (since 1921) and was the host city for\nthe\u00a0<\/span><span style=\"font-weight: 400;\">United Nations Climate Change Conference <\/span><span style=\"font-weight: 400;\">in December 2008. Also, Pozna\u0144\nwas one of the host cities for the association football tournament UEFA Euro 2012.<\/span><\/p>\n<p><span style=\"font-weight: 400;\">Some great number of various international festivals take place here, such as\n\u201cTransatlantyk \u2013 Pozna\u0144 International Film and Music Festival\u201d, &quot;Malta International\nTheater Festival&quot;, \u201cThe International Henryk Wieniawski Violin Competition\u201d (the\noldest violin competition in the world, is held in Pozna\u0144 every five years).<\/span><\/p>\n\n\t\t<style type=\"text\/css\">\n\t\t\t#gallery-1 {\n\t\t\t\tmargin: auto;\n\t\t\t}\n\t\t\t#gallery-1 .gallery-item {\n\t\t\t\tfloat: left;\n\t\t\t\tmargin-top: 10px;\n\t\t\t\ttext-align: center;\n\t\t\t\twidth: 33%;\n\t\t\t}\n\t\t\t#gallery-1 img {\n\t\t\t\tborder: 2px solid #cfcfcf;\n\t\t\t}\n\t\t\t#gallery-1 .gallery-caption {\n\t\t\t\tmargin-left: 0;\n\t\t\t}\n\t\t\t\/* see gallery_shortcode() in wp-includes\/media.php *\/\n\t\t<\/style>\n\t\t<div id='gallery-1' class='gallery galleryid-105 gallery-columns-3 gallery-size-large'><dl class='gallery-item'>\n\t\t\t<dt class='gallery-icon landscape'>\n\t\t\t\t<a href='http:\/\/www1.up.poznan.pl\/agrifoodlogistics\/wp-content\/uploads\/2019\/01\/6416.jpg'><img width=\"625\" height=\"417\" src=\"http:\/\/www1.up.poznan.pl\/agrifoodlogistics\/wp-content\/uploads\/2019\/01\/6416-1024x683.jpg\" class=\"attachment-large size-large\" alt=\"\" loading=\"lazy\" aria-describedby=\"gallery-1-470\" srcset=\"http:\/\/www1.up.poznan.pl\/agrifoodlogistics\/wp-content\/uploads\/2019\/01\/6416-1024x683.jpg 1024w, http:\/\/www1.up.poznan.pl\/agrifoodlogistics\/wp-content\/uploads\/2019\/01\/6416-300x200.jpg 300w, http:\/\/www1.up.poznan.pl\/agrifoodlogistics\/wp-content\/uploads\/2019\/01\/6416-768x512.jpg 768w, http:\/\/www1.up.poznan.pl\/agrifoodlogistics\/wp-content\/uploads\/2019\/01\/6416-624x416.jpg 624w, http:\/\/www1.up.poznan.pl\/agrifoodlogistics\/wp-content\/uploads\/2019\/01\/6416-1320x880.jpg 1320w\" sizes=\"(max-width: 625px) 100vw, 625px\" \/><\/a>\n\t\t\t<\/dt>\n\t\t\t\t<dd class='wp-caption-text gallery-caption' id='gallery-1-470'>\n\t\t\t\tAutor: Grzegorz Babicz. Pozna\u0144 &#8211; AGROLOGISTYKA\n\t\t\t\t<\/dd><\/dl><dl class='gallery-item'>\n\t\t\t<dt class='gallery-icon landscape'>\n\t\t\t\t<a href='http:\/\/www1.up.poznan.pl\/agrifoodlogistics\/wp-content\/uploads\/2019\/01\/7971.jpg'><img width=\"625\" height=\"419\" src=\"http:\/\/www1.up.poznan.pl\/agrifoodlogistics\/wp-content\/uploads\/2019\/01\/7971-1024x686.jpg\" class=\"attachment-large size-large\" alt=\"\" loading=\"lazy\" aria-describedby=\"gallery-1-471\" srcset=\"http:\/\/www1.up.poznan.pl\/agrifoodlogistics\/wp-content\/uploads\/2019\/01\/7971-1024x686.jpg 1024w, http:\/\/www1.up.poznan.pl\/agrifoodlogistics\/wp-content\/uploads\/2019\/01\/7971-300x201.jpg 300w, http:\/\/www1.up.poznan.pl\/agrifoodlogistics\/wp-content\/uploads\/2019\/01\/7971-768x515.jpg 768w, http:\/\/www1.up.poznan.pl\/agrifoodlogistics\/wp-content\/uploads\/2019\/01\/7971-624x418.jpg 624w, http:\/\/www1.up.poznan.pl\/agrifoodlogistics\/wp-content\/uploads\/2019\/01\/7971-1320x885.jpg 1320w\" sizes=\"(max-width: 625px) 100vw, 625px\" \/><\/a>\n\t\t\t<\/dt>\n\t\t\t\t<dd class='wp-caption-text gallery-caption' id='gallery-1-471'>\n\t\t\t\tAutor: Piotr Zieli\u0144ski. Pozna\u0144 &#8211; AGROLOGISTYKA\n\t\t\t\t<\/dd><\/dl><dl class='gallery-item'>\n\t\t\t<dt class='gallery-icon landscape'>\n\t\t\t\t<a href='http:\/\/www1.up.poznan.pl\/agrifoodlogistics\/wp-content\/uploads\/2019\/01\/1006.jpg'><img width=\"625\" height=\"418\" src=\"http:\/\/www1.up.poznan.pl\/agrifoodlogistics\/wp-content\/uploads\/2019\/01\/1006-1024x685.jpg\" class=\"attachment-large size-large\" alt=\"Pozna\u0144 - AGROLOGISTYKA\" loading=\"lazy\" aria-describedby=\"gallery-1-462\" srcset=\"http:\/\/www1.up.poznan.pl\/agrifoodlogistics\/wp-content\/uploads\/2019\/01\/1006-1024x685.jpg 1024w, http:\/\/www1.up.poznan.pl\/agrifoodlogistics\/wp-content\/uploads\/2019\/01\/1006-300x201.jpg 300w, http:\/\/www1.up.poznan.pl\/agrifoodlogistics\/wp-content\/uploads\/2019\/01\/1006-768x514.jpg 768w, http:\/\/www1.up.poznan.pl\/agrifoodlogistics\/wp-content\/uploads\/2019\/01\/1006-624x418.jpg 624w, http:\/\/www1.up.poznan.pl\/agrifoodlogistics\/wp-content\/uploads\/2019\/01\/1006-1320x884.jpg 1320w\" sizes=\"(max-width: 625px) 100vw, 625px\" \/><\/a>\n\t\t\t<\/dt>\n\t\t\t\t<dd class='wp-caption-text gallery-caption' id='gallery-1-462'>\n\t\t\t\tAutor: Andrzej Gogulski. Pozna\u0144 &#8211; AGROLOGISTYKA\n\t\t\t\t<\/dd><\/dl><br style=\"clear: both\" \/><dl class='gallery-item'>\n\t\t\t<dt class='gallery-icon landscape'>\n\t\t\t\t<a href='http:\/\/www1.up.poznan.pl\/agrifoodlogistics\/wp-content\/uploads\/2019\/01\/840.jpg'><img width=\"625\" height=\"416\" src=\"http:\/\/www1.up.poznan.pl\/agrifoodlogistics\/wp-content\/uploads\/2019\/01\/840-1024x681.jpg\" class=\"attachment-large size-large\" alt=\"\" loading=\"lazy\" aria-describedby=\"gallery-1-461\" srcset=\"http:\/\/www1.up.poznan.pl\/agrifoodlogistics\/wp-content\/uploads\/2019\/01\/840-1024x681.jpg 1024w, http:\/\/www1.up.poznan.pl\/agrifoodlogistics\/wp-content\/uploads\/2019\/01\/840-300x199.jpg 300w, http:\/\/www1.up.poznan.pl\/agrifoodlogistics\/wp-content\/uploads\/2019\/01\/840-768x511.jpg 768w, http:\/\/www1.up.poznan.pl\/agrifoodlogistics\/wp-content\/uploads\/2019\/01\/840-624x415.jpg 624w, http:\/\/www1.up.poznan.pl\/agrifoodlogistics\/wp-content\/uploads\/2019\/01\/840-1320x878.jpg 1320w\" sizes=\"(max-width: 625px) 100vw, 625px\" \/><\/a>\n\t\t\t<\/dt>\n\t\t\t\t<dd class='wp-caption-text gallery-caption' id='gallery-1-461'>\n\t\t\t\tAutor: Grzegorz Babicz. Pozna\u0144 &#8211; AGROLOGISTYKA\n\t\t\t\t<\/dd><\/dl><dl class='gallery-item'>\n\t\t\t<dt class='gallery-icon portrait'>\n\t\t\t\t<a href='http:\/\/www1.up.poznan.pl\/agrifoodlogistics\/wp-content\/uploads\/2019\/01\/4076.jpg'><img width=\"625\" height=\"669\" src=\"http:\/\/www1.up.poznan.pl\/agrifoodlogistics\/wp-content\/uploads\/2019\/01\/4076-956x1024.jpg\" class=\"attachment-large size-large\" alt=\"\" loading=\"lazy\" aria-describedby=\"gallery-1-467\" srcset=\"http:\/\/www1.up.poznan.pl\/agrifoodlogistics\/wp-content\/uploads\/2019\/01\/4076-956x1024.jpg 956w, http:\/\/www1.up.poznan.pl\/agrifoodlogistics\/wp-content\/uploads\/2019\/01\/4076-280x300.jpg 280w, http:\/\/www1.up.poznan.pl\/agrifoodlogistics\/wp-content\/uploads\/2019\/01\/4076-768x823.jpg 768w, http:\/\/www1.up.poznan.pl\/agrifoodlogistics\/wp-content\/uploads\/2019\/01\/4076-624x669.jpg 624w, http:\/\/www1.up.poznan.pl\/agrifoodlogistics\/wp-content\/uploads\/2019\/01\/4076-1320x1414.jpg 1320w\" sizes=\"(max-width: 625px) 100vw, 625px\" \/><\/a>\n\t\t\t<\/dt>\n\t\t\t\t<dd class='wp-caption-text gallery-caption' id='gallery-1-467'>\n\t\t\t\tAutor: Rados\u0142aw Maciejewski. Pozna\u0144 &#8211; AGROLOGISTYKA\n\t\t\t\t<\/dd><\/dl><dl class='gallery-item'>\n\t\t\t<dt class='gallery-icon landscape'>\n\t\t\t\t<a href='http:\/\/www1.up.poznan.pl\/agrifoodlogistics\/wp-content\/uploads\/2019\/01\/1467.jpg'><img width=\"625\" height=\"446\" src=\"http:\/\/www1.up.poznan.pl\/agrifoodlogistics\/wp-content\/uploads\/2019\/01\/1467-1024x731.jpg\" class=\"attachment-large size-large\" alt=\"\" loading=\"lazy\" aria-describedby=\"gallery-1-463\" srcset=\"http:\/\/www1.up.poznan.pl\/agrifoodlogistics\/wp-content\/uploads\/2019\/01\/1467-1024x731.jpg 1024w, http:\/\/www1.up.poznan.pl\/agrifoodlogistics\/wp-content\/uploads\/2019\/01\/1467-300x214.jpg 300w, http:\/\/www1.up.poznan.pl\/agrifoodlogistics\/wp-content\/uploads\/2019\/01\/1467-768x548.jpg 768w, http:\/\/www1.up.poznan.pl\/agrifoodlogistics\/wp-content\/uploads\/2019\/01\/1467-624x446.jpg 624w, http:\/\/www1.up.poznan.pl\/agrifoodlogistics\/wp-content\/uploads\/2019\/01\/1467-1320x943.jpg 1320w\" sizes=\"(max-width: 625px) 100vw, 625px\" \/><\/a>\n\t\t\t<\/dt>\n\t\t\t\t<dd class='wp-caption-text gallery-caption' id='gallery-1-463'>\n\t\t\t\tAutor: Grzegorz Babicz. Pozna\u0144 &#8211; AGROLOGISTYKA\n\t\t\t\t<\/dd><\/dl><br style=\"clear: both\" \/><dl class='gallery-item'>\n\t\t\t<dt class='gallery-icon landscape'>\n\t\t\t\t<a href='http:\/\/www1.up.poznan.pl\/agrifoodlogistics\/wp-content\/uploads\/2019\/01\/5172.jpg'><img width=\"625\" height=\"418\" src=\"http:\/\/www1.up.poznan.pl\/agrifoodlogistics\/wp-content\/uploads\/2019\/01\/5172-1024x685.jpg\" class=\"attachment-large size-large\" alt=\"\" loading=\"lazy\" aria-describedby=\"gallery-1-468\" srcset=\"http:\/\/www1.up.poznan.pl\/agrifoodlogistics\/wp-content\/uploads\/2019\/01\/5172-1024x685.jpg 1024w, http:\/\/www1.up.poznan.pl\/agrifoodlogistics\/wp-content\/uploads\/2019\/01\/5172-300x201.jpg 300w, http:\/\/www1.up.poznan.pl\/agrifoodlogistics\/wp-content\/uploads\/2019\/01\/5172-768x514.jpg 768w, http:\/\/www1.up.poznan.pl\/agrifoodlogistics\/wp-content\/uploads\/2019\/01\/5172-624x418.jpg 624w, http:\/\/www1.up.poznan.pl\/agrifoodlogistics\/wp-content\/uploads\/2019\/01\/5172-1320x884.jpg 1320w\" sizes=\"(max-width: 625px) 100vw, 625px\" \/><\/a>\n\t\t\t<\/dt>\n\t\t\t\t<dd class='wp-caption-text gallery-caption' id='gallery-1-468'>\n\t\t\t\tAutor: Waldemar Andrzej J\u00f3\u017awiak. Pozna\u0144 &#8211; AGROLOGISTYKA\n\t\t\t\t<\/dd><\/dl><dl class='gallery-item'>\n\t\t\t<dt class='gallery-icon landscape'>\n\t\t\t\t<a href='http:\/\/www1.up.poznan.pl\/agrifoodlogistics\/wp-content\/uploads\/2019\/01\/8124.jpg'><img width=\"625\" height=\"415\" src=\"http:\/\/www1.up.poznan.pl\/agrifoodlogistics\/wp-content\/uploads\/2019\/01\/8124-1024x680.jpg\" class=\"attachment-large size-large\" alt=\"\" loading=\"lazy\" aria-describedby=\"gallery-1-472\" srcset=\"http:\/\/www1.up.poznan.pl\/agrifoodlogistics\/wp-content\/uploads\/2019\/01\/8124-1024x680.jpg 1024w, http:\/\/www1.up.poznan.pl\/agrifoodlogistics\/wp-content\/uploads\/2019\/01\/8124-300x199.jpg 300w, http:\/\/www1.up.poznan.pl\/agrifoodlogistics\/wp-content\/uploads\/2019\/01\/8124-768x510.jpg 768w, http:\/\/www1.up.poznan.pl\/agrifoodlogistics\/wp-content\/uploads\/2019\/01\/8124-624x414.jpg 624w, http:\/\/www1.up.poznan.pl\/agrifoodlogistics\/wp-content\/uploads\/2019\/01\/8124-1320x877.jpg 1320w\" sizes=\"(max-width: 625px) 100vw, 625px\" \/><\/a>\n\t\t\t<\/dt>\n\t\t\t\t<dd class='wp-caption-text gallery-caption' id='gallery-1-472'>\n\t\t\t\tAutor: \u0141ukasz Kuszel. Pozna\u0144 &#8211; AGROLOGISTYKA\n\t\t\t\t<\/dd><\/dl><dl class='gallery-item'>\n\t\t\t<dt class='gallery-icon landscape'>\n\t\t\t\t<a href='http:\/\/www1.up.poznan.pl\/agrifoodlogistics\/wp-content\/uploads\/2019\/01\/4048.jpg'><img width=\"625\" height=\"266\" src=\"http:\/\/www1.up.poznan.pl\/agrifoodlogistics\/wp-content\/uploads\/2019\/01\/4048-1024x435.jpg\" class=\"attachment-large size-large\" alt=\"\" loading=\"lazy\" aria-describedby=\"gallery-1-466\" srcset=\"http:\/\/www1.up.poznan.pl\/agrifoodlogistics\/wp-content\/uploads\/2019\/01\/4048-1024x435.jpg 1024w, http:\/\/www1.up.poznan.pl\/agrifoodlogistics\/wp-content\/uploads\/2019\/01\/4048-300x127.jpg 300w, http:\/\/www1.up.poznan.pl\/agrifoodlogistics\/wp-content\/uploads\/2019\/01\/4048-768x326.jpg 768w, http:\/\/www1.up.poznan.pl\/agrifoodlogistics\/wp-content\/uploads\/2019\/01\/4048-624x265.jpg 624w, http:\/\/www1.up.poznan.pl\/agrifoodlogistics\/wp-content\/uploads\/2019\/01\/4048-1320x561.jpg 1320w\" sizes=\"(max-width: 625px) 100vw, 625px\" \/><\/a>\n\t\t\t<\/dt>\n\t\t\t\t<dd class='wp-caption-text gallery-caption' id='gallery-1-466'>\n\t\t\t\tAutor: Rados\u0142aw Maciejewski. Pozna\u0144 &#8211; AGROLOGISTYKA\n\t\t\t\t<\/dd><\/dl><br style=\"clear: both\" \/><dl class='gallery-item'>\n\t\t\t<dt class='gallery-icon landscape'>\n\t\t\t\t<a href='http:\/\/www1.up.poznan.pl\/agrifoodlogistics\/wp-content\/uploads\/2019\/01\/8201.jpg'><img width=\"625\" height=\"413\" src=\"http:\/\/www1.up.poznan.pl\/agrifoodlogistics\/wp-content\/uploads\/2019\/01\/8201-1024x676.jpg\" class=\"attachment-large size-large\" alt=\"\" loading=\"lazy\" aria-describedby=\"gallery-1-473\" srcset=\"http:\/\/www1.up.poznan.pl\/agrifoodlogistics\/wp-content\/uploads\/2019\/01\/8201-1024x676.jpg 1024w, http:\/\/www1.up.poznan.pl\/agrifoodlogistics\/wp-content\/uploads\/2019\/01\/8201-300x198.jpg 300w, http:\/\/www1.up.poznan.pl\/agrifoodlogistics\/wp-content\/uploads\/2019\/01\/8201-768x507.jpg 768w, http:\/\/www1.up.poznan.pl\/agrifoodlogistics\/wp-content\/uploads\/2019\/01\/8201-624x412.jpg 624w, http:\/\/www1.up.poznan.pl\/agrifoodlogistics\/wp-content\/uploads\/2019\/01\/8201-1320x871.jpg 1320w\" sizes=\"(max-width: 625px) 100vw, 625px\" \/><\/a>\n\t\t\t<\/dt>\n\t\t\t\t<dd class='wp-caption-text gallery-caption' id='gallery-1-473'>\n\t\t\t\tAutor: Zbigniew Ratajczak. Pozna\u0144 &#8211; AGROLOGISTYKA\n\t\t\t\t<\/dd><\/dl><dl class='gallery-item'>\n\t\t\t<dt class='gallery-icon landscape'>\n\t\t\t\t<a href='http:\/\/www1.up.poznan.pl\/agrifoodlogistics\/wp-content\/uploads\/2019\/01\/2678.jpg'><img width=\"625\" height=\"416\" src=\"http:\/\/www1.up.poznan.pl\/agrifoodlogistics\/wp-content\/uploads\/2019\/01\/2678-1024x682.jpg\" class=\"attachment-large size-large\" alt=\"\" loading=\"lazy\" aria-describedby=\"gallery-1-465\" srcset=\"http:\/\/www1.up.poznan.pl\/agrifoodlogistics\/wp-content\/uploads\/2019\/01\/2678-1024x682.jpg 1024w, http:\/\/www1.up.poznan.pl\/agrifoodlogistics\/wp-content\/uploads\/2019\/01\/2678-300x200.jpg 300w, http:\/\/www1.up.poznan.pl\/agrifoodlogistics\/wp-content\/uploads\/2019\/01\/2678-768x512.jpg 768w, http:\/\/www1.up.poznan.pl\/agrifoodlogistics\/wp-content\/uploads\/2019\/01\/2678-624x416.jpg 624w, http:\/\/www1.up.poznan.pl\/agrifoodlogistics\/wp-content\/uploads\/2019\/01\/2678-1320x880.jpg 1320w\" sizes=\"(max-width: 625px) 100vw, 625px\" \/><\/a>\n\t\t\t<\/dt>\n\t\t\t\t<dd class='wp-caption-text gallery-caption' id='gallery-1-465'>\n\t\t\t\tAutor: Grzegorz Babicz. Pozna\u0144 &#8211; AGROLOGISTYKA\n\t\t\t\t<\/dd><\/dl><dl class='gallery-item'>\n\t\t\t<dt class='gallery-icon landscape'>\n\t\t\t\t<a href='http:\/\/www1.up.poznan.pl\/agrifoodlogistics\/wp-content\/uploads\/2019\/01\/799.jpg'><img width=\"625\" height=\"625\" src=\"http:\/\/www1.up.poznan.pl\/agrifoodlogistics\/wp-content\/uploads\/2019\/01\/799-1024x1024.jpg\" class=\"attachment-large size-large\" alt=\"\" loading=\"lazy\" aria-describedby=\"gallery-1-460\" srcset=\"http:\/\/www1.up.poznan.pl\/agrifoodlogistics\/wp-content\/uploads\/2019\/01\/799-1024x1024.jpg 1024w, http:\/\/www1.up.poznan.pl\/agrifoodlogistics\/wp-content\/uploads\/2019\/01\/799-150x150.jpg 150w, http:\/\/www1.up.poznan.pl\/agrifoodlogistics\/wp-content\/uploads\/2019\/01\/799-300x300.jpg 300w, http:\/\/www1.up.poznan.pl\/agrifoodlogistics\/wp-content\/uploads\/2019\/01\/799-768x768.jpg 768w, http:\/\/www1.up.poznan.pl\/agrifoodlogistics\/wp-content\/uploads\/2019\/01\/799-624x624.jpg 624w, http:\/\/www1.up.poznan.pl\/agrifoodlogistics\/wp-content\/uploads\/2019\/01\/799-1320x1320.jpg 1320w, http:\/\/www1.up.poznan.pl\/agrifoodlogistics\/wp-content\/uploads\/2019\/01\/799.jpg 2000w\" sizes=\"(max-width: 625px) 100vw, 625px\" \/><\/a>\n\t\t\t<\/dt>\n\t\t\t\t<dd class='wp-caption-text gallery-caption' id='gallery-1-460'>\n\t\t\t\tAutor: Andrzej Gogulski. Pozna\u0144 &#8211; AGROLOGISTYKA\n\t\t\t\t<\/dd><\/dl><br style=\"clear: both\" \/><dl class='gallery-item'>\n\t\t\t<dt class='gallery-icon landscape'>\n\t\t\t\t<a href='http:\/\/www1.up.poznan.pl\/agrifoodlogistics\/wp-content\/uploads\/2019\/01\/1613.jpg'><img width=\"625\" height=\"314\" src=\"http:\/\/www1.up.poznan.pl\/agrifoodlogistics\/wp-content\/uploads\/2019\/01\/1613-1024x514.jpg\" class=\"attachment-large size-large\" alt=\"\" loading=\"lazy\" aria-describedby=\"gallery-1-464\" srcset=\"http:\/\/www1.up.poznan.pl\/agrifoodlogistics\/wp-content\/uploads\/2019\/01\/1613-1024x514.jpg 1024w, http:\/\/www1.up.poznan.pl\/agrifoodlogistics\/wp-content\/uploads\/2019\/01\/1613-300x151.jpg 300w, http:\/\/www1.up.poznan.pl\/agrifoodlogistics\/wp-content\/uploads\/2019\/01\/1613-768x386.jpg 768w, http:\/\/www1.up.poznan.pl\/agrifoodlogistics\/wp-content\/uploads\/2019\/01\/1613-624x313.jpg 624w, http:\/\/www1.up.poznan.pl\/agrifoodlogistics\/wp-content\/uploads\/2019\/01\/1613-1320x663.jpg 1320w\" sizes=\"(max-width: 625px) 100vw, 625px\" \/><\/a>\n\t\t\t<\/dt>\n\t\t\t\t<dd class='wp-caption-text gallery-caption' id='gallery-1-464'>\n\t\t\t\tAutor: Grzegorz Babicz. Pozna\u0144 &#8211; AGROLOGISTYKA\n\t\t\t\t<\/dd><\/dl><dl class='gallery-item'>\n\t\t\t<dt class='gallery-icon landscape'>\n\t\t\t\t<a href='http:\/\/www1.up.poznan.pl\/agrifoodlogistics\/wp-content\/uploads\/2019\/01\/5389.jpg'><img width=\"625\" height=\"417\" src=\"http:\/\/www1.up.poznan.pl\/agrifoodlogistics\/wp-content\/uploads\/2019\/01\/5389-1024x683.jpg\" class=\"attachment-large size-large\" alt=\"\" loading=\"lazy\" aria-describedby=\"gallery-1-469\" srcset=\"http:\/\/www1.up.poznan.pl\/agrifoodlogistics\/wp-content\/uploads\/2019\/01\/5389-1024x683.jpg 1024w, http:\/\/www1.up.poznan.pl\/agrifoodlogistics\/wp-content\/uploads\/2019\/01\/5389-300x200.jpg 300w, http:\/\/www1.up.poznan.pl\/agrifoodlogistics\/wp-content\/uploads\/2019\/01\/5389-768x512.jpg 768w, http:\/\/www1.up.poznan.pl\/agrifoodlogistics\/wp-content\/uploads\/2019\/01\/5389-624x416.jpg 624w, http:\/\/www1.up.poznan.pl\/agrifoodlogistics\/wp-content\/uploads\/2019\/01\/5389-1320x880.jpg 1320w\" sizes=\"(max-width: 625px) 100vw, 625px\" \/><\/a>\n\t\t\t<\/dt>\n\t\t\t\t<dd class='wp-caption-text gallery-caption' id='gallery-1-469'>\n\t\t\t\tAutor: Zbigniew Ratajczak. Pozna\u0144 &#8211; AGROLOGISTYKA\n\t\t\t\t<\/dd><\/dl>\n\t\t\t<br style='clear: both' \/>\n\t\t<\/div>","protected":false},"excerpt":{"rendered":"<p>Pozna\u0144 znajduje si\u0119 w zachodnio-\u015brodkowej cz\u0119\u015bci Polski. Po\u0142o\u017cony jest nad rzek\u0105 Wart\u0105, w samym sercu Wielkopolski. Otoczony jest malowniczymi terenami naturalnymi z licznymi jeziorami i lasami. Liczba mieszka\u0144c\u00f3w miasta wynosi oko\u0142o 570 000 tys. Jest to jedno z najstarszych miast Polski. Pozna\u0144 jest tak\u017ce historyczn\u0105 stolic\u0105 regionu Wielkopolski, a tak\u017ce administracyjn\u0105 stolic\u0105 Wojew\u00f3dztwa Wielkopolskiego. Obecnie [&hellip;]<\/p>","protected":false},"author":1,"featured_media":0,"parent":13,"menu_order":4,"comment_status":"closed","ping_status":"closed","template":"","meta":{"_links_to":"","_links_to_target":""},"_links":{"self":[{"href":"http:\/\/www1.up.poznan.pl\/agrifoodlogistics\/en\/wp-json\/wp\/v2\/pages\/105"}],"collection":[{"href":"http:\/\/www1.up.poznan.pl\/agrifoodlogistics\/en\/wp-json\/wp\/v2\/pages"}],"about":[{"href":"http:\/\/www1.up.poznan.pl\/agrifoodlogistics\/en\/wp-json\/wp\/v2\/types\/page"}],"author":[{"embeddable":true,"href":"http:\/\/www1.up.poznan.pl\/agrifoodlogistics\/en\/wp-json\/wp\/v2\/users\/1"}],"replies":[{"embeddable":true,"href":"http:\/\/www1.up.poznan.pl\/agrifoodlogistics\/en\/wp-json\/wp\/v2\/comments?post=105"}],"version-history":[{"count":12,"href":"http:\/\/www1.up.poznan.pl\/agrifoodlogistics\/en\/wp-json\/wp\/v2\/pages\/105\/revisions"}],"predecessor-version":[{"id":946,"href":"http:\/\/www1.up.poznan.pl\/agrifoodlogistics\/en\/wp-json\/wp\/v2\/pages\/105\/revisions\/946"}],"up":[{"embeddable":true,"href":"http:\/\/www1.up.poznan.pl\/agrifoodlogistics\/en\/wp-json\/wp\/v2\/pages\/13"}],"wp:attachment":[{"href":"http:\/\/www1.up.poznan.pl\/agrifoodlogistics\/en\/wp-json\/wp\/v2\/media?parent=105"}],"curies":[{"name":"wp","href":"https:\/\/api.w.org\/{rel}","templated":true}]}}